{"id":1642,"date":"2024-06-07T12:17:49","date_gmt":"2024-06-07T11:17:49","guid":{"rendered":"https:\/\/blogsaverroes.juntadeandalucia.es\/ipephuelva\/?page_id=1642"},"modified":"2024-06-07T12:17:59","modified_gmt":"2024-06-07T11:17:59","slug":"nivel-iii","status":"publish","type":"page","link":"https:\/\/blogsaverroes.juntadeandalucia.es\/ipephuelva\/nivel-iii\/","title":{"rendered":"Nivel III"},"content":{"rendered":"<p>[et_pb_section fb_built=\u00bb1&#8243; admin_label=\u00bbsection\u00bb _builder_version=\u00bb4.16&#8243; global_colors_info=\u00bb{}\u00bb][et_pb_row admin_label=\u00bbrow\u00bb _builder_version=\u00bb4.16&#8243; background_size=\u00bbinitial\u00bb background_position=\u00bbtop_left\u00bb background_repeat=\u00bbrepeat\u00bb global_colors_info=\u00bb{}\u00bb][et_pb_column type=\u00bb4_4&#8243; _builder_version=\u00bb4.16&#8243; custom_padding=\u00bb|||\u00bb global_colors_info=\u00bb{}\u00bb custom_padding__hover=\u00bb|||\u00bb][et_pb_text _builder_version=\u00bb4.24.2&#8243; _module_preset=\u00bbdefault\u00bb hover_enabled=\u00bb0&#8243; global_colors_info=\u00bb{}\u00bb sticky_enabled=\u00bb0&#8243;]<\/p>\n<h2>Nivel III<\/h2>\n<p>[\/et_pb_text][et_pb_text _builder_version=\u00bb4.24.2&#8243; _module_preset=\u00bbdefault\u00bb hover_enabled=\u00bb0&#8243; sticky_enabled=\u00bb0&#8243;]<\/p>\n<p>Los certificados de profesionalidad son el instrumento de acreditaci\u00f3n oficial de las cualificaciones profesionales del&nbsp;<a href=\"https:\/\/incual.educacion.gob.es\/\" target=\"_blank\" rel=\"noopener noreferrer\">Cat\u00e1logo Nacional de Cualificaciones Profesionales<\/a>&nbsp;en el \u00e1mbito de la administraci\u00f3n laboral. Se ordenan en 26 familias profesionales y tres niveles de cualificaci\u00f3n (1, 2 o 3)<\/p>\n<p>Un certificado de profesionalidad se puede obtener por dos v\u00edas:<\/p>\n<p><strong>1 \u2013 Acreditando la experiencia profesional o la formaci\u00f3n no formal<\/strong>, proceso del que se encarga el&nbsp;<a href=\"https:\/\/www.juntadeandalucia.es\/educacion\/portals\/web\/iacp\" target=\"_blank\" rel=\"noopener noreferrer\">Instituto Andaluz de Cualificaciones Profesionales (IACP).<\/a>&nbsp;Para conseguir la acreditaci\u00f3n por esta v\u00eda&nbsp;<strong>no es necesario ning\u00fan requisito acad\u00e9mico<\/strong>. En la p\u00e1gina del IACP y en la del&nbsp;<a href=\"https:\/\/www.sepe.es\/HomeSepe\/Personas\/formacion\/certifica-tu-experiencia-laboral.html\" target=\"_blank\" rel=\"noopener noreferrer\">Servicio P\u00fablico de Empleo Estatal (SEPE)&nbsp;<\/a>se explica qu\u00e9 es una cualificaci\u00f3n profesional, una unidad de competencia, etc. y se describe el procedimiento de acreditaci\u00f3n, as\u00ed como los requisitos laborales o formativos necesarios.<\/p>\n<p><strong>2 \u2013 Formaci\u00f3n formal<\/strong>: superando todos los m\u00f3dulos correspondientes al certificado. Estos cursos pueden estar organizados por organismos p\u00fablicos (ayuntamientos, diputaciones\u2026) o privados. Para acceder a los cursos, s\u00ed es necesario cumplir una serie de&nbsp;<strong>requisitos acad\u00e9micos<\/strong>, como se describe en&nbsp;<a href=\"https:\/\/www.juntadeandalucia.es\/export\/drupaljda\/Requisitos%20Acceso%20por%20Niveles%20de%20Cualificaci%C3%B3n.pdf\" target=\"_blank\" rel=\"noopener noreferrer\">este enlace<\/a>.&nbsp;Como se puede observar, una opci\u00f3n para quien no presenta los requisitos, es superar una Prueba de Evaluaci\u00f3n de Competencias Clave, que se supone que se convocar\u00e1 anualmente.<\/p>\n<p>El IPEP imparte el Plan Educativo&nbsp;<strong>Preparaci\u00f3n para la Prueba de Evaluaci\u00f3n de Competencias Clave \u2013 Nivel 3<\/strong>.&nbsp; La preparaci\u00f3n para la Prueba de Nivel 2 no se imparte en el IPEP, pero s\u00ed en otros centros de la provincia, como se puede ver en&nbsp;<a href=\"https:\/\/www.juntadeandalucia.es\/educacion\/portals\/delegate\/content\/3873eaef-1b2d-4be9-8038-b71323fcb764\/Centros%20que%20imparten%20planes%20educativos%20de%20preparaci%C3%B3n%20para%20la%20adquisici%C3%B3n%20de%20competencias%20clave\" target=\"_blank\" rel=\"noopener noreferrer\">este listado<\/a>.<\/p>\n<p>En&nbsp;<a href=\"https:\/\/www.juntadeandalucia.es\/organismos\/empleoformacionytrabajoautonomo\/areas\/formacion-empleo\/quiero-formarme.html#toc-competencias-clave\">este enlace<\/a>&nbsp;se pueden ver ejemplos de examen, aunque son de 2015, que son las que est\u00e1n disponibles en Andaluc\u00eda.<\/p>\n<p>&nbsp;<\/p>\n<p><strong>M\u00e1s informaci\u00f3n sobre los certificados en los siguientes enlaces:<\/strong><\/p>\n<ul>\n<li><a href=\"https:\/\/www.juntadeandalucia.es\/educacion\/portals\/delegate\/content\/f7da7514-880b-4a93-83a0-f951aa7dea08\/Correos%20y%20tel%C3%A9fonos%20Puntos%20Informaci%C3%B3n%202021%20(actualizado%2009\/04\/2021)\" target=\"_blank\" rel=\"noopener noreferrer\">Puntos de Informaci\u00f3n sobre la Acreditaci\u00f3n de Competencias<\/a>&nbsp; en Andaluc\u00eda<\/li>\n<li><a href=\"https:\/\/www.todofp.es\/acreditacion-de-competencias\/espacio-orientadores-asesores-evaluadores.html\" target=\"_blank\" rel=\"noopener noreferrer\">Todo FP<\/a>&nbsp;(Portal del Ministerio de Educaci\u00f3n que puede servir de orientaci\u00f3n para ver qu\u00e9 certificado es el m\u00e1s adecuado seg\u00fan la experiencia profesional del aspirante)<\/li>\n<li><a href=\"https:\/\/sede.sepe.gob.es\/especialidadesformativas\/RXBuscadorEFRED\/EntradaBuscadorCertificadosFormDual.do\" target=\"_blank\" rel=\"noopener noreferrer\">Buscador de Certificados de Profesionalidad<\/a><\/li>\n<li><a href=\"https:\/\/www.juntadeandalucia.es\/organismos\/empleoformacionytrabajoautonomo\/areas\/formacion-empleo\/quiero-formarme.html#toc-competencias-clave\" target=\"_blank\" rel=\"noopener noreferrer\">Portal de Empleo de la Junta de Andaluc\u00eda<\/a><\/li>\n<li><a href=\"https:\/\/elorienta.com\/ipepgranada\/index.php?id=prueba-para-la-evaluacion-de-competencias-clave-nivel-iii\">P\u00e1gina Elorienta (de Granada) con muchos enlaces y presentaciones interesantes.<\/a><\/li>\n<li><a href=\"https:\/\/blogsaverroes.juntadeandalucia.es\/ceperalmaden\/que-son-los-certificados-de-profesionalidad\/\" target=\"_blank\" rel=\"noopener noreferrer\">Blog del CEPER Almad\u00e9n<\/a>. Una p\u00e1gina muy completa donde se explica qu\u00e9 son los certificados, tipos, niveles, requisitos, etc.<\/li>\n<li>\n<p class=\"panel-title\"><a href=\"https:\/\/www.juntadeandalucia.es\/educacion\/secretariavirtual\/consulta\/unidadesCompetenciasAcreditables\/\" target=\"_blank\" rel=\"noopener noreferrer\">Cualificaciones profesionales que se pueden acreditar en Andaluc\u00eda<\/a><\/p>\n<\/li>\n<li><a href=\"https:\/\/www.juntadeandalucia.es\/empleoformacionytrabajoautonomo\/oficinavirtualFPE\/ov-fpe\/#!welcome\" target=\"_blank\" rel=\"noopener noreferrer\">Buscador de acciones formativas de la Consejer\u00eda de Empleo<\/a><\/li>\n<\/ul>\n<p><strong>M\u00e1s informaci\u00f3n sobre la prueba de evaluaci\u00f3n de competencias clave:<\/strong><\/p>\n<ul>\n<li><a href=\"https:\/\/www.juntadeandalucia.es\/organismos\/empleoempresaytrabajoautonomo\/areas\/formacion-empleo\/quiero-formarme\/competencias-clave.html\" target=\"_blank\" rel=\"noopener noreferrer\">P\u00e1gina de la Consejer\u00eda de Empleo sobre las Competencias Clave, con enlaces a los contenidos y a las pruebas ya realizadas<\/a><\/li>\n<li><a href=\"https:\/\/blogsaverroes.juntadeandalucia.es\/ipepcordoba\/files\/2023\/09\/DipticoPECompClave2023_2024_v01.pdf\" target=\"_blank\" rel=\"noopener noreferrer\">D\u00edptico informativo sobre las Pruebas de Evaluaci\u00f3n de Competencias Clave<\/a><\/li>\n<li><a href=\"https:\/\/drive.google.com\/file\/d\/1-riyj8lK--36CTUAAsekSMGZOx1Jruq6\/view?usp=sharing\" target=\"_blank\" rel=\"noopener noreferrer\">Presentaci\u00f3n de la Consejer\u00eda sobre las Pruebas de Evaluaci\u00f3n de Competencias Clave de 2024<\/a><\/li>\n<li><a href=\"https:\/\/www.juntadeandalucia.es\/educacion\/portals\/web\/educacion-permanente\/planes\/preparacion-para-la-adquisicion-de-competencias-clave\" target=\"_blank\" rel=\"noopener noreferrer\">Portal de Educaci\u00f3n Permanente de la Junta de Andaluc\u00eda: Preparaci\u00f3n para las pruebas<\/a><\/li>\n<\/ul>\n<p>&nbsp;<\/p>\n<p>Presentaci\u00f3n sobre la preparaci\u00f3n para las Pruebas de Evaluaci\u00f3n de Competencias Clave:<\/p>\n<p><iframe class=\"wp-embedded-content\" sandbox=\"allow-scripts\" security=\"restricted\" title=\"PECC 23\/24\" frameborder='0' width='1200' height='675' src='https:\/\/view.genially.com\/6166a83c8814ce0dc1d144a1#?secret=vLinFAwKAa' data-secret='vLinFAwKAa' scrolling='yes'><\/iframe><\/p>\n<p>[\/et_pb_text][\/et_pb_column][\/et_pb_row][\/et_pb_section]<\/p>\n","protected":false},"excerpt":{"rendered":"<p>Nivel III Los certificados de profesionalidad son el instrumento de acreditaci\u00f3n oficial de las cualificaciones profesionales del&nbsp;Cat\u00e1logo Nacional de Cualificaciones Profesionales&nbsp;en el \u00e1mbito de la administraci\u00f3n laboral. Se ordenan en 26 familias profesionales y tres niveles de cualificaci\u00f3n (1, 2 o 3) Un certificado de profesionalidad se puede obtener por dos v\u00edas: 1 \u2013 Acreditando [&hellip;]<\/p>\n","protected":false},"author":17579,"featured_media":0,"parent":0,"menu_order":0,"comment_status":"closed","ping_status":"closed","template":"","meta":{"_et_pb_use_builder":"on","_et_pb_old_content":"","_et_gb_content_width":"","ngg_post_thumbnail":0,"footnotes":""},"aioseo_notices":[],"_links":{"self":[{"href":"https:\/\/blogsaverroes.juntadeandalucia.es\/ipephuelva\/wp-json\/wp\/v2\/pages\/1642"}],"collection":[{"href":"https:\/\/blogsaverroes.juntadeandalucia.es\/ipephuelva\/wp-json\/wp\/v2\/pages"}],"about":[{"href":"https:\/\/blogsaverroes.juntadeandalucia.es\/ipephuelva\/wp-json\/wp\/v2\/types\/page"}],"author":[{"embeddable":true,"href":"https:\/\/blogsaverroes.juntadeandalucia.es\/ipephuelva\/wp-json\/wp\/v2\/users\/17579"}],"replies":[{"embeddable":true,"href":"https:\/\/blogsaverroes.juntadeandalucia.es\/ipephuelva\/wp-json\/wp\/v2\/comments?post=1642"}],"version-history":[{"count":4,"href":"https:\/\/blogsaverroes.juntadeandalucia.es\/ipephuelva\/wp-json\/wp\/v2\/pages\/1642\/revisions"}],"predecessor-version":[{"id":1674,"href":"https:\/\/blogsaverroes.juntadeandalucia.es\/ipephuelva\/wp-json\/wp\/v2\/pages\/1642\/revisions\/1674"}],"wp:attachment":[{"href":"https:\/\/blogsaverroes.juntadeandalucia.es\/ipephuelva\/wp-json\/wp\/v2\/media?parent=1642"}],"curies":[{"name":"wp","href":"https:\/\/api.w.org\/{rel}","templated":true}]}}