{"id":591,"date":"2023-02-17T12:56:54","date_gmt":"2023-02-17T11:56:54","guid":{"rendered":"https:\/\/blogsaverroes.juntadeandalucia.es\/ipephuelva\/?page_id=591"},"modified":"2025-10-30T11:05:34","modified_gmt":"2025-10-30T10:05:34","slug":"actividades-del-centro","status":"publish","type":"page","link":"https:\/\/blogsaverroes.juntadeandalucia.es\/ipephuelva\/actividades-del-centro\/","title":{"rendered":"Actividades del Centro"},"content":{"rendered":"<p>[et_pb_section admin_label=\u00bbsection\u00bb]<br \/>\n\t\t\t[et_pb_row admin_label=\u00bbrow\u00bb]<br \/>\n\t\t\t\t[et_pb_column type=\u00bb4_4&#8243;][et_pb_text admin_label=\u00bbText\u00bb]<a href='https:\/\/sites.google.com\/view\/curso2022-2023\/noviembre' class='icon-button download-icon' target=\"_blank\">Actividades Centro Site de Google<span class='et-icon'><\/span><\/a><\/p>\n<p>\n\t\t\t<div class='et-tabs-container et_sliderfx_slide et_sliderauto_false et_sliderauto_speed_5000 et_slidertype_top_tabs'>\n\t\t\t\t<ul class='et-tabs-control'>\n\t\t\t<li><a href='#'>\n\t\t\tActividades General\n\t\t<\/a><\/li> \n\t\t<li><a href='#'>\n\t\t\tSeptiembre\n\t\t<\/a><\/li> \n\t\t<li><a href='#'>\n\t\t\tOctubre\n\t\t<\/a><\/li> \n\t\t<li><a href='#'>\n\t\t\tNoviembre\n\t\t<\/a><\/li> \n\t\t<li><a href='#'>\n\t\t\tEnero\n\t\t<\/a><\/li> \n\t\t<li><a href='#'>\n\t\t\tFebrero\n\t\t<\/a><\/li> \n\t\t<li><a href='#'>\n\t\t\tMarzo\n\t\t<\/a><\/li> \n\t\t<li><a href='#'>\n\t\t\tAbril\n\t\t<\/a><\/li> \n\t\t<li><a href='#'>\n\t\t\tMayo\n\t\t<\/a><\/li> \n\t\t<li><a href='#'>\n\t\t\tJunio\n\t\t<\/a><\/li>\n\t\t<\/ul> \n\t\t<div class='et-tabs-content'>\n\t\t\t<div class='et-tabs-content-main-wrap'>\n\t\t\t\t<div class='et-tabs-content-wrapper'>\n\t\t\t\t\t<div class='et_slidecontent'>\n\t\t\tAlgunos departamentos tienen programadas actividades que se prolongan a lo largo de todo el curso acad\u00e9mico: El Dpto. de Ingl\u00e9s va a establecer una correspondencia escrita con el alumnado alem\u00e1n del Helene Weber Schule. La tarea interdisciplinar de \u00abLos trabajos de Heracles\u00bb, propuesta para el 2\u00ba trimestre, ser\u00e1 llevada a cabo por las asignaturas de Lat\u00edn y Griego, presencial y semipresencial. La tarea interdisciplinar de \u00abLa econom\u00eda circular\u00bb, propuesta para el primer y segundo trimestre, ser\u00e1 llevada a cabo por las asignaturas de Econom\u00eda 1, Filosof\u00eda, Ciencias de la tierra y Griego 1.\n\t\t<\/div> \n\t\t<div class='et_slidecontent'>\n\t\t\t\n\t\t<\/div> \n\t\t<div class='et_slidecontent'>\n\t\t\t\n\t\t<\/div> \n\t\t<div class='et_slidecontent'>\n\t\t\t\n\t\t<\/div> \n\t\t<div class='et_slidecontent'>\n\t\t\t\n\t\t<\/div> \n\t\t<div class='et_slidecontent'>\n\t\t\t\n\t\t<\/div> \n\t\t<div class='et_slidecontent'>\n\t\t\t\n\t\t<\/div> \n\t\t<div class='et_slidecontent'>\n\t\t\t\n\t\t<\/div> \n\t\t<div class='et_slidecontent'>\n\t\t\t\n\t\t<\/div> \n\t\t<div class='et_slidecontent'>\n\t\t\t\n\t\t<\/div>\n\t\t\t\t<\/div>\n\t\t\t<\/div>\n\t\t<\/div>\n\t\t\t<\/div>[\/et_pb_text][\/et_pb_column]<br \/>\n\t\t\t[\/et_pb_row]<br \/>\n\t\t[\/et_pb_section]<\/p>\n","protected":false},"excerpt":{"rendered":"<p><a href='https:\/\/sites.google.com\/view\/curso2022-2023\/noviembre' class='icon-button download-icon' target=\"_blank\">Actividades Centro Site de Google<span class='et-icon'><\/span><\/a> \n\t\t\t<div class='et-tabs-container et_sliderfx_slide et_sliderauto_false et_sliderauto_speed_5000 et_slidertype_top_tabs'>\n\t\t\t\t\n\t\t\t<\/div> \n\t\t<ul class='et-tabs-control'>\n\t\t\t<li><a href='#'>\n\t\t\tActividades General\n\t\t<\/a><\/li> \n\t\t<li><a href='#'>\n\t\t\tSeptiembre\n\t\t<\/a><\/li> \n\t\t<li><a href='#'>\n\t\t\tOctubre\n\t\t<\/a><\/li> \n\t\t<li><a href='#'>\n\t\t\tNoviembre\n\t\t<\/a><\/li> \n\t\t<li><a href='#'>\n\t\t\tEnero\n\t\t<\/a><\/li> \n\t\t<li><a href='#'>\n\t\t\tFebrero\n\t\t<\/a><\/li> \n\t\t<li><a href='#'>\n\t\t\tMarzo\n\t\t<\/a><\/li> \n\t\t<li><a href='#'>\n\t\t\tAbril\n\t\t<\/a><\/li> \n\t\t<li><a href='#'>\n\t\t\tMayo\n\t\t<\/a><\/li> \n\t\t<li><a href='#'>\n\t\t\tJunio\n\t\t<\/a><\/li>\n\t\t<\/ul> \n\t\t<div class='et-tabs-content'>\n\t\t\t<div class='et-tabs-content-main-wrap'>\n\t\t\t\t<div class='et-tabs-content-wrapper'>\n\t\t\t\t\t\n\t\t\t\t<\/div>\n\t\t\t<\/div>\n\t\t<\/div> \n\t\t<div class='et_slidecontent'>\n\t\t\t\n\t\t<\/div>Algunos departamentos tienen programadas actividades que se prolongan a lo largo de todo el curso acad\u00e9mico: El Dpto. de Ingl\u00e9s va a establecer una correspondencia escrita con el [&hellip;]<\/p>\n","protected":false},"author":14354,"featured_media":0,"parent":0,"menu_order":0,"comment_status":"closed","ping_status":"closed","template":"","meta":{"_et_pb_use_builder":"on","_et_pb_old_content":"[button link=\"https:\/\/sites.google.com\/view\/curso2022-2023\/noviembre\" type=\"icon\" newwindow=\"yes\"] Actividades Centro Site de Google[\/button]\r\n\r\n[tabs slidertype=\"top tabs\" fx=\"slide\"] [tabcontainer] [tabtext]Actividades General[\/tabtext] [tabtext]Septiembre[\/tabtext] [tabtext]Octubre[\/tabtext] [tabtext]Noviembre[\/tabtext] [tabtext]Enero[\/tabtext] [tabtext]Febrero[\/tabtext] [tabtext]Marzo[\/tabtext] [tabtext]Abril[\/tabtext] [tabtext]Mayo[\/tabtext] [tabtext]Junio[\/tabtext] [\/tabcontainer] [tabcontent] [tab]Algunos departamentos tienen programadas actividades que se prolongan a lo largo de todo el curso acad\u00e9mico: El Dpto. de Ingl\u00e9s va a establecer una correspondencia escrita con el alumnado alem\u00e1n del Helene Weber Schule. La tarea interdisciplinar de \"Los trabajos de Heracles\", propuesta para el 2\u00ba trimestre, ser\u00e1 llevada a cabo por las asignaturas de Lat\u00edn y Griego, presencial y semipresencial. La tarea interdisciplinar de \"La econom\u00eda circular\", propuesta para el primer y segundo trimestre, ser\u00e1 llevada a cabo por las asignaturas de Econom\u00eda 1, Filosof\u00eda, Ciencias de la tierra y Griego 1. [\/tab] [tab][\/tab] [tab][\/tab] [tab][\/tab] [tab][\/tab] [tab][\/tab] [tab] [\/tab] [tab][\/tab] [tab] [\/tab] [tab][\/tab] [\/tabcontent] [\/tabs]","_et_gb_content_width":"","ngg_post_thumbnail":0,"footnotes":""},"aioseo_notices":[],"_links":{"self":[{"href":"https:\/\/blogsaverroes.juntadeandalucia.es\/ipephuelva\/wp-json\/wp\/v2\/pages\/591"}],"collection":[{"href":"https:\/\/blogsaverroes.juntadeandalucia.es\/ipephuelva\/wp-json\/wp\/v2\/pages"}],"about":[{"href":"https:\/\/blogsaverroes.juntadeandalucia.es\/ipephuelva\/wp-json\/wp\/v2\/types\/page"}],"author":[{"embeddable":true,"href":"https:\/\/blogsaverroes.juntadeandalucia.es\/ipephuelva\/wp-json\/wp\/v2\/users\/14354"}],"replies":[{"embeddable":true,"href":"https:\/\/blogsaverroes.juntadeandalucia.es\/ipephuelva\/wp-json\/wp\/v2\/comments?post=591"}],"version-history":[{"count":9,"href":"https:\/\/blogsaverroes.juntadeandalucia.es\/ipephuelva\/wp-json\/wp\/v2\/pages\/591\/revisions"}],"predecessor-version":[{"id":1926,"href":"https:\/\/blogsaverroes.juntadeandalucia.es\/ipephuelva\/wp-json\/wp\/v2\/pages\/591\/revisions\/1926"}],"wp:attachment":[{"href":"https:\/\/blogsaverroes.juntadeandalucia.es\/ipephuelva\/wp-json\/wp\/v2\/media?parent=591"}],"curies":[{"name":"wp","href":"https:\/\/api.w.org\/{rel}","templated":true}]}}