{"id":717,"date":"2023-05-02T18:13:53","date_gmt":"2023-05-02T17:13:53","guid":{"rendered":"https:\/\/blogsaverroes.juntadeandalucia.es\/ipephuelva\/?page_id=717"},"modified":"2026-01-22T11:06:52","modified_gmt":"2026-01-22T10:06:52","slug":"administracion","status":"publish","type":"page","link":"https:\/\/blogsaverroes.juntadeandalucia.es\/ipephuelva\/administracion\/","title":{"rendered":"Secretar\u00eda"},"content":{"rendered":"<h3>Horario de Atenci\u00f3n al P\u00fablico<\/h3>\n<ul>\n<li>Ma\u00f1anas: martes y jueves de 9:30 a 13:30 horas.<\/li>\n<li>Tardes: martes de 16:00 a 18:00 horas<\/li>\n<\/ul>\n<h3>&nbsp;<\/h3>\n<h3>Otros Cauces de Comunicaci\u00f3n<\/h3>\n<ul>\n<li>Mail: 21700046.info@g.educaand.es<\/li>\n<li>Tel\u00e9fono: 671 53 32 25&nbsp;<\/li>\n<\/ul>\n<h3>&nbsp;<\/h3>\n<h3>Proceso de Escolarizaci\u00f3n<\/h3>\n<p><iframe class=\"wp-embedded-content\" sandbox=\"allow-scripts\" security=\"restricted\" title=\"Admisi\u00f3n IPEP Huelva\" frameborder='0' width='1200' height='675' src='https:\/\/view.genially.com\/6450fb622b973100126fbb7a#?secret=J4JZgVYpm9' data-secret='J4JZgVYpm9' scrolling='yes'><\/iframe><\/p>\n<p>&nbsp;<\/p>\n<p>&nbsp;<\/p>\n<hr>\n<h3>&nbsp;<\/h3>\n<h3>Certificados y Expedici\u00f3n de T\u00edtulos de Bachillerato<\/h3>\n<div class='et-box et-shadow'>\n\t\t\t\t\t<div class='et-box-content'><a href='https:\/\/forms.gle\/WBkVt4gctNTZTvW3A' class='small-button smallblue' target=\"_blank\">Certificados<\/a><a href='https:\/\/www.juntadeandalucia.es\/servicios\/sede\/tramites\/procedimientos\/detalle\/2188.html' class='small-button smallblue' target=\"_blank\">Expedici\u00f3n T\u00edtulo Bachillerato<\/a><\/div><\/div>\n<p>&nbsp;<\/p>\n<hr>\n<h3>&nbsp;<\/h3>\n<h3>Expedici\u00f3n T\u00edtulo de ESPA<\/h3>\n<p>Una vez termines tus estudios de&nbsp;<strong>Secundaria<\/strong>&nbsp;con nosotros, el t\u00edtulo ser\u00e1 expedido autom\u00e1ticamente, no tienes que hacer nada, tarda en llegar unos 3 a\u00f1os a nuestro centro, mientras llega el t\u00edtulo puedes solicitar un certificado de expedici\u00f3n de t\u00edtulo a trav\u00e9s de la secretar\u00eda del centro, dicho certificado podr\u00e1s solicitarlo aproximadamente un mes despu\u00e9s de terminar el curso.<\/p>\n","protected":false},"excerpt":{"rendered":"<p>Horario de Atenci\u00f3n al P\u00fablico Ma\u00f1anas: martes y jueves de 9:30 a 13:30 horas. Tardes: martes de 16:00 a 18:00 horas &nbsp; Otros Cauces de Comunicaci\u00f3n Mail: 21700046.info@g.educaand.es Tel\u00e9fono: 671 53 32 25&nbsp; &nbsp; Proceso de Escolarizaci\u00f3n &nbsp; &nbsp; &nbsp; Certificados y Expedici\u00f3n de T\u00edtulos de Bachillerato &nbsp; &nbsp; &nbsp; Expedici\u00f3n T\u00edtulo de ESPA Una [&hellip;]<\/p>\n","protected":false},"author":17579,"featured_media":0,"parent":0,"menu_order":0,"comment_status":"closed","ping_status":"closed","template":"","meta":{"_et_pb_use_builder":"","_et_pb_old_content":"","_et_gb_content_width":"","ngg_post_thumbnail":0,"footnotes":""},"aioseo_notices":[],"_links":{"self":[{"href":"https:\/\/blogsaverroes.juntadeandalucia.es\/ipephuelva\/wp-json\/wp\/v2\/pages\/717"}],"collection":[{"href":"https:\/\/blogsaverroes.juntadeandalucia.es\/ipephuelva\/wp-json\/wp\/v2\/pages"}],"about":[{"href":"https:\/\/blogsaverroes.juntadeandalucia.es\/ipephuelva\/wp-json\/wp\/v2\/types\/page"}],"author":[{"embeddable":true,"href":"https:\/\/blogsaverroes.juntadeandalucia.es\/ipephuelva\/wp-json\/wp\/v2\/users\/17579"}],"replies":[{"embeddable":true,"href":"https:\/\/blogsaverroes.juntadeandalucia.es\/ipephuelva\/wp-json\/wp\/v2\/comments?post=717"}],"version-history":[{"count":13,"href":"https:\/\/blogsaverroes.juntadeandalucia.es\/ipephuelva\/wp-json\/wp\/v2\/pages\/717\/revisions"}],"predecessor-version":[{"id":1983,"href":"https:\/\/blogsaverroes.juntadeandalucia.es\/ipephuelva\/wp-json\/wp\/v2\/pages\/717\/revisions\/1983"}],"wp:attachment":[{"href":"https:\/\/blogsaverroes.juntadeandalucia.es\/ipephuelva\/wp-json\/wp\/v2\/media?parent=717"}],"curies":[{"name":"wp","href":"https:\/\/api.w.org\/{rel}","templated":true}]}}