{"id":744,"date":"2023-05-03T18:43:56","date_gmt":"2023-05-03T17:43:56","guid":{"rendered":"https:\/\/blogsaverroes.juntadeandalucia.es\/ipephuelva\/?page_id=744"},"modified":"2026-05-08T09:40:18","modified_gmt":"2026-05-08T08:40:18","slug":"calendario-examenes","status":"publish","type":"page","link":"https:\/\/blogsaverroes.juntadeandalucia.es\/ipephuelva\/calendario-examenes\/","title":{"rendered":"Calendario Ex\u00e1menes"},"content":{"rendered":"<p>[et_pb_section fb_built=\u00bb1&#8243; _builder_version=\u00bb4.16&#8243; hover_enabled=\u00bb0&#8243; global_colors_info=\u00bb{}\u00bb sticky_enabled=\u00bb0&#8243;][et_pb_row _builder_version=\u00bb4.16&#8243; background_size=\u00bbinitial\u00bb background_position=\u00bbtop_left\u00bb background_repeat=\u00bbrepeat\u00bb hover_enabled=\u00bb0&#8243; global_colors_info=\u00bb{}\u00bb sticky_enabled=\u00bb0&#8243;][et_pb_column type=\u00bb4_4&#8243; _builder_version=\u00bb4.16&#8243; custom_padding=\u00bb|||\u00bb global_colors_info=\u00bb{}\u00bb custom_padding__hover=\u00bb|||\u00bb][et_pb_text _builder_version=\u00bb4.24.2&#8243; background_size=\u00bbinitial\u00bb background_position=\u00bbtop_left\u00bb background_repeat=\u00bbrepeat\u00bb hover_enabled=\u00bb0&#8243; global_colors_info=\u00bb{}\u00bb sticky_enabled=\u00bb0&#8243;][\/et_pb_text][et_pb_accordion disabled_on=\u00bbon|on|on\u00bb _builder_version=\u00bb4.24.2&#8243; _module_preset=\u00bbdefault\u00bb disabled=\u00bbon\u00bb global_colors_info=\u00bb{}\u00bb][et_pb_accordion_item title=\u00bbCALENDARIO DE EX\u00c1MENES 1\u00aa EVALUACI\u00d3N &#8211; 1\u00ba BACHILLERATO\u00bb open=\u00bbon\u00bb _builder_version=\u00bb4.24.2&#8243; _module_preset=\u00bbdefault\u00bb hover_enabled=\u00bb0&#8243; global_colors_info=\u00bb{}\u00bb sticky_enabled=\u00bb0&#8243;]<\/p>\n<p>&nbsp;<\/p>\n<p><a href=\"https:\/\/drive.google.com\/file\/d\/1Dq2U80kUmhXxj_CiCjUWflx8zTgcWh9R\/view?usp=sharing\"><span style=\"font-weight: 400\">PRIMERO DE BACHILLERATO presencial<\/span><\/a><\/p>\n<p><a href=\"https:\/\/drive.google.com\/file\/d\/10xa_Q-RZiYwvJC2yLTvTwBy5v9y2ciUw\/view?usp=sharing\"><span style=\"font-weight: 400\">PRIMERO DE BACHILLERATO semipresencial turno de ma\u00f1ana<\/span><\/a><\/p>\n<p><a href=\"https:\/\/drive.google.com\/file\/d\/1qgUJKHYrxlW3qFAjIr9pkYxQA5kGduNT\/view?usp=sharing\"><span style=\"font-weight: 400\">PRIMERO DE BACHILLERATO semipresencial turno de tarde<\/span><\/a><\/p>\n<p>[\/et_pb_accordion_item][et_pb_accordion_item title=\u00bbCALENDARIO DE EX\u00c1MENES 1\u00aa EVALUACI\u00d3N &#8211; 2\u00ba BACHILLERATO\u00bb _builder_version=\u00bb4.24.2&#8243; _module_preset=\u00bbdefault\u00bb global_colors_info=\u00bb{}\u00bb open=\u00bboff\u00bb]<\/p>\n<p>&nbsp;<\/p>\n<p><a href=\"https:\/\/drive.google.com\/file\/d\/1agGMO2Lkc_IArJQ70XtSi2JAunjoC2dp\/view?usp=sharing\"><span style=\"font-weight: 400\">SEGUNDO DE BACHILLERATO presencial<\/span><\/a><\/p>\n<p><a href=\"https:\/\/drive.google.com\/file\/d\/1GYWXwmz6AkvP2YRmjUqNBmgNeCKgUR2-\/view?usp=sharing\"><span style=\"font-weight: 400\">SEGUNDO DE BACHILLERATO semipresencial turno de ma\u00f1ana<\/span><\/a><\/p>\n<p><a href=\"https:\/\/drive.google.com\/file\/d\/1M_QJOYsdHaCYCkgVF5VeWaWUwHjtiil5\/view?usp=sharing\"><span style=\"font-weight: 400\">SEGUNDO DE BACHILLERATO semipresencial turno de tarde<\/span><\/a><\/p>\n<p>[\/et_pb_accordion_item][et_pb_accordion_item title=\u00bbCALENDARIO DE EX\u00c1MENES 1\u00aa EVALUACI\u00d3N &#8211; ESPA I Y ESPA II\u00bb _builder_version=\u00bb4.24.2&#8243; _module_preset=\u00bbdefault\u00bb global_colors_info=\u00bb{}\u00bb open=\u00bboff\u00bb]<\/p>\n<p>&nbsp;<\/p>\n<p><a href=\"https:\/\/drive.google.com\/file\/d\/18Z5QlpEz434TKdAsUlD_M7ruTq0y-N4S\/view?usp=sharing\"><span style=\"font-weight: 400\">ESPA I semipresencial<\/span><\/a><\/p>\n<p><a href=\"https:\/\/drive.google.com\/file\/d\/1w852_Amtk199e2EW8sx7SPQnViXku6oO\/view?usp=sharing\"><span style=\"font-weight: 400\">ESPA II semipresencial<\/span><\/a><\/p>\n<p><a href=\"https:\/\/drive.google.com\/file\/d\/1ipu95sB4Jlv-bEP5bQ3zYFOqRHHJK5pV\/view?usp=sharing\"><span style=\"font-weight: 400\">ESPA II presencial<\/span><\/a><\/p>\n<p><a href=\"https:\/\/drive.google.com\/file\/d\/1lAIFvcEXLtV-0B9UaTA8JIwERpGwPgex\/view?usp=sharing\"><span style=\"font-weight: 400\">ESPA II distancia<\/span><\/a><\/p>\n<p>[\/et_pb_accordion_item][et_pb_accordion_item title=\u00bbCALENDARIO DE EX\u00c1MENES 1\u00aa EVALUACI\u00d3N PARA ALUMNADO PROCEDENTE DE OTRAS SEDES\u00bb _builder_version=\u00bb4.24.2&#8243; _module_preset=\u00bbdefault\u00bb global_colors_info=\u00bb{}\u00bb open=\u00bboff\u00bb]<\/p>\n<p>&nbsp;<\/p>\n<p>\u00danicamente para alumnado que est\u00e9 matriculado en otros IPEP que elijan realizar los ex\u00e1menes en HUELVA.<\/p>\n<p><a href=\"https:\/\/drive.google.com\/file\/d\/1wpMN6NgbdljbPS3wjKxzCh-37-XU1vuA\/view?usp=sharing\"><span style=\"font-weight: 400\">ESPA I y II procedentes de otras sedes<\/span><\/a><\/p>\n<p><a href=\"https:\/\/drive.google.com\/file\/d\/1AQreuoeaPIGjy28Mg18gfK-snOg-6UOE\/view?usp=sharing\"><span style=\"font-weight: 400\">1\u00ba BACHILLERATO distancia procedentes de otras sedes<\/span><\/a><\/p>\n<p><a href=\"https:\/\/drive.google.com\/file\/d\/1nvx9tAUsUDK7i63p0p-fU-ybBUUFqTSq\/view?usp=sharing\"><span style=\"font-weight: 400\">2\u00ba BACHILLERATO distancia procedentes de otras sedes<\/span><\/a><\/p>\n<p><a href=\"https:\/\/drive.google.com\/drive\/folders\/1FgSdfy51CyC0bAouGa1hcCoaA9n4ickq\"><span style=\"font-weight: 400\">ACCESO A CICLOS FORMATIVOS DE GRADO SUPERIOR procedentes de otras sedes<\/span><\/a><\/p>\n<p><a href=\"https:\/\/drive.google.com\/file\/d\/14sBH1WMscjP5N2w74Jpk7Egbkz5-DNqL\/view?usp=sharing\"><span style=\"font-weight: 400\">ACCESO A CICLOS FORMATIVOS DE GRADO SUPERIOR procedentes de otras sedes (horario desglosado) <\/span><\/a><\/p>\n<p>[\/et_pb_accordion_item][\/et_pb_accordion][\/et_pb_column][\/et_pb_row][et_pb_row _builder_version=\u00bb4.16&#8243; background_size=\u00bbinitial\u00bb background_position=\u00bbtop_left\u00bb background_repeat=\u00bbrepeat\u00bb hover_enabled=\u00bb0&#8243; global_colors_info=\u00bb{}\u00bb sticky_enabled=\u00bb0&#8243;][et_pb_column type=\u00bb4_4&#8243; _builder_version=\u00bb4.16&#8243; custom_padding=\u00bb|||\u00bb global_colors_info=\u00bb{}\u00bb custom_padding__hover=\u00bb|||\u00bb][et_pb_text _builder_version=\u00bb4.24.2&#8243; background_size=\u00bbinitial\u00bb background_position=\u00bbtop_left\u00bb background_repeat=\u00bbrepeat\u00bb hover_enabled=\u00bb0&#8243; global_colors_info=\u00bb{}\u00bb admin_label=\u00bbTexto\u00bb sticky_enabled=\u00bb0&#8243;][\/et_pb_text][et_pb_accordion disabled_on=\u00bboff|off|off\u00bb _builder_version=\u00bb4.24.2&#8243; _module_preset=\u00bbdefault\u00bb hover_enabled=\u00bb0&#8243; global_colors_info=\u00bb{}\u00bb sticky_enabled=\u00bb0&#8243;][et_pb_accordion_item title=\u00bbCALENDARIO DE EX\u00c1MENES 2\u00ba BACHILLERATO\u00bb open=\u00bbon\u00bb _builder_version=\u00bb4.24.2&#8243; _module_preset=\u00bbdefault\u00bb hover_enabled=\u00bb0&#8243; global_colors_info=\u00bb{}\u00bb sticky_enabled=\u00bb0&#8243;]<\/p>\n<p>&nbsp;<\/p>\n<p><strong>CALENDARIO DE EX\u00c1MENES SEMANA DEL 4-7 DE MAYO DE 2026<\/strong><\/p>\n<p><a href=\"https:\/\/blogsaverroes.juntadeandalucia.es\/ipephuelva\/files\/2026\/04\/calendario-examenes-alumnado-2o-bachillerato-con-asignaturas-pendientes-de-1o.jpg\"><img loading=\"lazy\" decoding=\"async\" class=\"wp-image-2119 aligncenter size-full\" src=\"https:\/\/blogsaverroes.juntadeandalucia.es\/ipephuelva\/files\/2026\/04\/calendario-examenes-alumnado-2o-bachillerato-con-asignaturas-pendientes-de-1o.jpg\" alt=\"\" width=\"1108\" height=\"596\" srcset=\"https:\/\/blogsaverroes.juntadeandalucia.es\/ipephuelva\/files\/2026\/04\/calendario-examenes-alumnado-2o-bachillerato-con-asignaturas-pendientes-de-1o.jpg 1108w, https:\/\/blogsaverroes.juntadeandalucia.es\/ipephuelva\/files\/2026\/04\/calendario-examenes-alumnado-2o-bachillerato-con-asignaturas-pendientes-de-1o-980x527.jpg 980w, https:\/\/blogsaverroes.juntadeandalucia.es\/ipephuelva\/files\/2026\/04\/calendario-examenes-alumnado-2o-bachillerato-con-asignaturas-pendientes-de-1o-480x258.jpg 480w\" sizes=\"(min-width: 0px) and (max-width: 480px) 480px, (min-width: 481px) and (max-width: 980px) 980px, (min-width: 981px) 1108px, 100vw\" \/><\/a><\/p>\n<p><strong>CALENDARIO DE EX\u00c1MENES SEMANA DEL 11-14 DE MAYO DE 2026<\/strong><\/p>\n<p><a href=\"https:\/\/blogsaverroes.juntadeandalucia.es\/ipephuelva\/files\/2026\/04\/calendario-examenes-alumnado-2o-bachillerato.jpg\"><img loading=\"lazy\" decoding=\"async\" class=\"wp-image-2120 aligncenter size-full\" src=\"https:\/\/blogsaverroes.juntadeandalucia.es\/ipephuelva\/files\/2026\/04\/calendario-examenes-alumnado-2o-bachillerato.jpg\" alt=\"\" width=\"1108\" height=\"645\" srcset=\"https:\/\/blogsaverroes.juntadeandalucia.es\/ipephuelva\/files\/2026\/04\/calendario-examenes-alumnado-2o-bachillerato.jpg 1108w, https:\/\/blogsaverroes.juntadeandalucia.es\/ipephuelva\/files\/2026\/04\/calendario-examenes-alumnado-2o-bachillerato-980x570.jpg 980w, https:\/\/blogsaverroes.juntadeandalucia.es\/ipephuelva\/files\/2026\/04\/calendario-examenes-alumnado-2o-bachillerato-480x279.jpg 480w\" sizes=\"(min-width: 0px) and (max-width: 480px) 480px, (min-width: 481px) and (max-width: 980px) 980px, (min-width: 981px) 1108px, 100vw\" \/><\/a><\/p>\n<p>[\/et_pb_accordion_item][\/et_pb_accordion][\/et_pb_column][\/et_pb_row][\/et_pb_section]<\/p>\n","protected":false},"excerpt":{"rendered":"<p>[et_pb_section fb_built=\u00bb1&#8243; _builder_version=\u00bb4.16&#8243; hover_enabled=\u00bb0&#8243; global_colors_info=\u00bb{}\u00bb sticky_enabled=\u00bb0&#8243;][et_pb_row _builder_version=\u00bb4.16&#8243; background_size=\u00bbinitial\u00bb background_position=\u00bbtop_left\u00bb background_repeat=\u00bbrepeat\u00bb hover_enabled=\u00bb0&#8243; global_colors_info=\u00bb{}\u00bb sticky_enabled=\u00bb0&#8243;][et_pb_column type=\u00bb4_4&#8243; _builder_version=\u00bb4.16&#8243; custom_padding=\u00bb|||\u00bb global_colors_info=\u00bb{}\u00bb custom_padding__hover=\u00bb|||\u00bb][et_pb_text _builder_version=\u00bb4.24.2&#8243; background_size=\u00bbinitial\u00bb background_position=\u00bbtop_left\u00bb background_repeat=\u00bbrepeat\u00bb hover_enabled=\u00bb0&#8243; global_colors_info=\u00bb{}\u00bb sticky_enabled=\u00bb0&#8243;][\/et_pb_text][et_pb_accordion disabled_on=\u00bbon|on|on\u00bb _builder_version=\u00bb4.24.2&#8243; _module_preset=\u00bbdefault\u00bb disabled=\u00bbon\u00bb global_colors_info=\u00bb{}\u00bb][et_pb_accordion_item title=\u00bbCALENDARIO DE EX\u00c1MENES 1\u00aa EVALUACI\u00d3N &#8211; 1\u00ba BACHILLERATO\u00bb open=\u00bbon\u00bb _builder_version=\u00bb4.24.2&#8243; _module_preset=\u00bbdefault\u00bb hover_enabled=\u00bb0&#8243; global_colors_info=\u00bb{}\u00bb sticky_enabled=\u00bb0&#8243;] &nbsp; PRIMERO DE BACHILLERATO presencial PRIMERO DE BACHILLERATO semipresencial turno de [&hellip;]<\/p>\n","protected":false},"author":17579,"featured_media":0,"parent":0,"menu_order":0,"comment_status":"closed","ping_status":"closed","template":"","meta":{"_et_pb_use_builder":"off","_et_pb_old_content":"","_et_gb_content_width":"","ngg_post_thumbnail":0,"footnotes":""},"aioseo_notices":[],"_links":{"self":[{"href":"https:\/\/blogsaverroes.juntadeandalucia.es\/ipephuelva\/wp-json\/wp\/v2\/pages\/744"}],"collection":[{"href":"https:\/\/blogsaverroes.juntadeandalucia.es\/ipephuelva\/wp-json\/wp\/v2\/pages"}],"about":[{"href":"https:\/\/blogsaverroes.juntadeandalucia.es\/ipephuelva\/wp-json\/wp\/v2\/types\/page"}],"author":[{"embeddable":true,"href":"https:\/\/blogsaverroes.juntadeandalucia.es\/ipephuelva\/wp-json\/wp\/v2\/users\/17579"}],"replies":[{"embeddable":true,"href":"https:\/\/blogsaverroes.juntadeandalucia.es\/ipephuelva\/wp-json\/wp\/v2\/comments?post=744"}],"version-history":[{"count":144,"href":"https:\/\/blogsaverroes.juntadeandalucia.es\/ipephuelva\/wp-json\/wp\/v2\/pages\/744\/revisions"}],"predecessor-version":[{"id":2138,"href":"https:\/\/blogsaverroes.juntadeandalucia.es\/ipephuelva\/wp-json\/wp\/v2\/pages\/744\/revisions\/2138"}],"wp:attachment":[{"href":"https:\/\/blogsaverroes.juntadeandalucia.es\/ipephuelva\/wp-json\/wp\/v2\/media?parent=744"}],"curies":[{"name":"wp","href":"https:\/\/api.w.org\/{rel}","templated":true}]}}