{"id":993,"date":"2023-05-19T08:40:34","date_gmt":"2023-05-19T07:40:34","guid":{"rendered":"https:\/\/blogsaverroes.juntadeandalucia.es\/ipephuelva\/?page_id=993"},"modified":"2025-01-10T11:14:04","modified_gmt":"2025-01-10T10:14:04","slug":"expedicion-de-titulos","status":"publish","type":"page","link":"https:\/\/blogsaverroes.juntadeandalucia.es\/ipephuelva\/expedicion-de-titulos\/","title":{"rendered":"Expedici\u00f3n de T\u00edtulos"},"content":{"rendered":"<p><strong>INSTRUCCIONES PARA SOLICITAR EL T\u00cdTULO DE BACHILLERATO<\/strong><\/p>\n<p>Hay dos v\u00edas para solicitar el t\u00edtulo de Bachillerato, se recomienda a trav\u00e9s de la Secretar\u00eda Virtual de la Junta de Andaluc\u00eda.<\/p>\n<ul style=\"list-style-type: square\">\n<li><strong>A TRAV\u00c9S DE LA SECRETAR\u00cdA VIRTUAL DE LOS CENTROS DOCENTES ANDALUCES:<\/strong> Todo el tr\u00e1mite se realiza de manera telem\u00e1tica, tanto la cumplimentaci\u00f3n y env\u00edo de la solicitud como el pago de las tasas.<\/li>\n<\/ul>\n<p>&nbsp;<\/p>\n<p>Secretar\u00eda Virtual de los Centros Educativos &gt; Solicitudes &gt; Tr\u00e1mites Generales &gt; <span style=\"color: #339966\"><a style=\"color: #339966\" href=\"https:\/\/www.juntadeandalucia.es\/educacion\/secretariavirtual\/accesoTramite\/302\/\" target=\"_blank\" rel=\"noopener noreferrer\">Solicitud de expedici\u00f3n de t\u00edtulos del alumnado<\/a><\/span><\/p>\n<p>Para acceder a la misma debe identificarse por uno de estos tres medios:<\/p>\n<ul>\n<li style=\"list-style-type: none\">\n<ul style=\"list-style-type: circle\">\n<li>Clave iANDE, Identificador Educativo Andaluz.<\/li>\n<li>CL@VE-PIN o CL@AVE-PERMANENTE.<\/li>\n<li>Certificado digital de la FNMT o DNI-e.<\/li>\n<\/ul>\n<\/li>\n<\/ul>\n<p>&nbsp;<\/p>\n<p>Si no dispone de ninguno de ellos, puede obtener la clave iANDE acudiendo presencialmente al centro educativo, debidamente identificado.<\/p>\n<ul style=\"list-style-type: square\">\n<li><strong>PRESENTACI\u00d3N EN EL CENTRO: <\/strong>Se presenta en el centro la solicitud de t\u00edtulo junto al modelo 046 de pago de las tasas.<\/li>\n<\/ul>\n<p>&nbsp;<\/p>\n<ul style=\"list-style-type: square\">\n<li><span style=\"color: #339966\"><a style=\"color: #339966\" href=\"https:\/\/blogsaverroes.juntadeandalucia.es\/ipephuelva\/files\/2023\/05\/Solicitud-de-t\u00edtulo-no-universitario.pdf\" target=\"_blank\" rel=\"noopener noreferrer\">Solicitud de t\u00edtulo no universitario<\/a><\/span><\/li>\n<li><span style=\"color: #339966\"><a style=\"color: #339966\" href=\"https:\/\/www.juntadeandalucia.es\/economiayhacienda\/apl\/surweb\/modelos\/modelo046\/046.jsp\" target=\"_blank\" rel=\"noopener noreferrer\">Pago tasas Modelo 046<\/a><\/span><\/li>\n<\/ul>\n<hr>\n<p>&nbsp;<\/p>\n<p><strong>EXENCIONES DEL PAGO DE LAS TASAS<\/strong><\/p>\n<ul style=\"list-style-type: square\">\n<li>El alumnado miembro de familias numerosas de la categor\u00eda especial.<\/li>\n<li>El alumnado que, como consecuencia de actos terroristas, haya sufrido da\u00f1os personales que sean de especial transcendencia, o que lo inhabiliten para el ejercicio de su profesi\u00f3n habitual, o cuyos familiares hasta segundo grado de consanguinidad, tutores o guardadores hayan sufrido dichos da\u00f1os.<\/li>\n<li>Las v\u00edctimas de violencia de g\u00e9nero, dom\u00e9stica o de ambas.<\/li>\n<li>Las personas con discapacidad, en un grado igual o superior al 33%.<\/li>\n<li>Las personas beneficiarias de la prestaci\u00f3n del Ingreso M\u00ednimo Vital, de la Renta M\u00ednima de Inserci\u00f3n Social en Andaluc\u00eda o de ambas prestaciones.<\/li>\n<li>Por rectificaci\u00f3n de la menci\u00f3n del sexo en el Registro Civil.<\/li>\n<\/ul>\n<p>&nbsp;<\/p>\n<p><strong>BONIFICACI\u00d3N DEL 50%<\/strong><\/p>\n<ul style=\"list-style-type: square\">\n<li>El alumnado miembro de familias numerosas de categor\u00eda general que tenga reconocida su condici\u00f3n, siempre que quede acreditado de conformidad con la normativa aplicable.<\/li>\n<\/ul>\n<p>&nbsp;<\/p>\n<p>Debe adjuntar la documentaci\u00f3n acreditativa de la circunstancia declarada.<\/p>\n<hr>\n<p>&nbsp;<\/p>\n<p><strong>INSTRUCCIONES PARA CUMPLIMENTAR EL MODELO 046<\/strong><\/p>\n<p>En datos generales:<\/p>\n<ul style=\"list-style-type: square\">\n<li>Marcar \u00ab<strong>Autoliquidaci\u00f3n<\/strong>\u00ab.<\/li>\n<li>Concepto: \u00ab<strong>Expedici\u00f3n del t\u00edtulo de bachillerato<\/strong>\u00ab.<\/li>\n<li>Fecha de devengo: el d\u00eda de pago de las tasas.<\/li>\n<li>Total a ingresar: el importe de las tasas para el curso escolar&nbsp;57,19 euros para el T\u00edtulo de Bachiller, pudiendo marcar la casilla de bonificaci\u00f3n sobre la tasa por la utilizaci\u00f3n de medios electr\u00f3nicos para su presentaci\u00f3n y pago seg\u00fan el Art\u00edculo 12.2 de la Ley 10\/2021, de 28 de diciembre, de tasas y precios p\u00fablicos de la Comunidad Aut\u00f3noma de Andaluc\u00eda (<strong>deducci\u00f3n del 10% por hacer el pago telem\u00e1tico<\/strong>).<\/li>\n<li>C\u00f3digo Territorial: ED21C5.<\/li>\n<\/ul>\n<p>&nbsp;<\/p>\n<p><a href=\"https:\/\/blogsaverroes.juntadeandalucia.es\/ipephuelva\/files\/2024\/01\/Modelo-046-Captura.jpg\" target=\"_blank\" rel=\"noopener noreferrer\"><img loading=\"lazy\" decoding=\"async\" class=\"aligncenter wp-image-1408\" src=\"https:\/\/blogsaverroes.juntadeandalucia.es\/ipephuelva\/files\/2024\/01\/Modelo-046-Captura.jpg\" alt=\"\" width=\"308\" height=\"153\"><\/a><\/p>\n<p>&nbsp;<\/p>\n<hr>\n<p>&nbsp;<\/p>\n<p><strong>INSTRUCCIONES PARA LA CUMPLIMENTAR LA SOLICITUD<\/strong><\/p>\n<p>Hay que consignar en la solicitud el n\u00famero de validaci\u00f3n del modelo 046 de autoliquidaci\u00f3n de tasas. El c\u00f3digo de centro del I.P.E.P. Huelva es el 21700046.<\/p>\n<p><a href=\"https:\/\/blogsaverroes.juntadeandalucia.es\/ipephuelva\/files\/2023\/05\/Datos-del-centro.png\" target=\"_blank\" rel=\"noopener noreferrer\"><img loading=\"lazy\" decoding=\"async\" class=\"aligncenter wp-image-1013 size-medium\" src=\"https:\/\/blogsaverroes.juntadeandalucia.es\/ipephuelva\/files\/2023\/05\/Datos-del-centro-300x162.png\" alt=\"\" width=\"300\" height=\"162\"><\/a><\/p>\n<p>&nbsp;<\/p>\n<p>&nbsp;<\/p>\n","protected":false},"excerpt":{"rendered":"<p>INSTRUCCIONES PARA SOLICITAR EL T\u00cdTULO DE BACHILLERATO Hay dos v\u00edas para solicitar el t\u00edtulo de Bachillerato, se recomienda a trav\u00e9s de la Secretar\u00eda Virtual de la Junta de Andaluc\u00eda. A TRAV\u00c9S DE LA SECRETAR\u00cdA VIRTUAL DE LOS CENTROS DOCENTES ANDALUCES: Todo el tr\u00e1mite se realiza de manera telem\u00e1tica, tanto la cumplimentaci\u00f3n y env\u00edo de la [&hellip;]<\/p>\n","protected":false},"author":17579,"featured_media":0,"parent":0,"menu_order":0,"comment_status":"closed","ping_status":"closed","template":"","meta":{"_et_pb_use_builder":"","_et_pb_old_content":"","_et_gb_content_width":"","ngg_post_thumbnail":0,"footnotes":""},"aioseo_notices":[],"_links":{"self":[{"href":"https:\/\/blogsaverroes.juntadeandalucia.es\/ipephuelva\/wp-json\/wp\/v2\/pages\/993"}],"collection":[{"href":"https:\/\/blogsaverroes.juntadeandalucia.es\/ipephuelva\/wp-json\/wp\/v2\/pages"}],"about":[{"href":"https:\/\/blogsaverroes.juntadeandalucia.es\/ipephuelva\/wp-json\/wp\/v2\/types\/page"}],"author":[{"embeddable":true,"href":"https:\/\/blogsaverroes.juntadeandalucia.es\/ipephuelva\/wp-json\/wp\/v2\/users\/17579"}],"replies":[{"embeddable":true,"href":"https:\/\/blogsaverroes.juntadeandalucia.es\/ipephuelva\/wp-json\/wp\/v2\/comments?post=993"}],"version-history":[{"count":32,"href":"https:\/\/blogsaverroes.juntadeandalucia.es\/ipephuelva\/wp-json\/wp\/v2\/pages\/993\/revisions"}],"predecessor-version":[{"id":1470,"href":"https:\/\/blogsaverroes.juntadeandalucia.es\/ipephuelva\/wp-json\/wp\/v2\/pages\/993\/revisions\/1470"}],"wp:attachment":[{"href":"https:\/\/blogsaverroes.juntadeandalucia.es\/ipephuelva\/wp-json\/wp\/v2\/media?parent=993"}],"curies":[{"name":"wp","href":"https:\/\/api.w.org\/{rel}","templated":true}]}}