{"id":198,"date":"2023-07-18T15:50:17","date_gmt":"2023-07-18T15:50:17","guid":{"rendered":"https:\/\/blogsaverroes.juntadeandalucia.es\/is2022\/?page_id=198"},"modified":"2023-07-18T16:34:15","modified_gmt":"2023-07-18T16:34:15","slug":"resumen","status":"publish","type":"page","link":"https:\/\/blogsaverroes.juntadeandalucia.es\/is2022\/","title":{"rendered":"RESUMEN"},"content":{"rendered":"<p class=\"CDt4Ke zfr3Q\" dir=\"ltr\">Este m\u00f3dulo desarrolla las funciones de montaje y conexionado del equipamiento de sonido en las distintas tipolog\u00edas de instalaci\u00f3n: instalaciones de sonorizaci\u00f3n en vivo, sistemas de estudio, instalaciones fijas y ef\u00edmeras de radio, audiovisuales y espect\u00e1culos, referidas todas ellas a los procesos de los sectores de la radio, audiovisuales, espect\u00e1culos y eventos y montaje de infraestructuras fijas de sonorizaci\u00f3n. Asimismo, para conseguir que el alumnado adquiera la polivalencia necesaria en este m\u00f3dulo, es conveniente que se trabajen las t\u00e9cnicas de adaptaci\u00f3n del espacio ac\u00fastico, el montaje y la conexi\u00f3n de los equipos, la puesta en funcionamiento de la instalaci\u00f3n, el desmontaje, almacenamiento y mantenimiento del equipamiento, que est\u00e1n vinculadas fundamentalmente a las actividades de ense\u00f1anza aprendizaje de:<\/p>\n<p class=\"CDt4Ke zfr3Q\" dir=\"ltr\"><strong>\u2013 Adecuaci\u00f3n de la ac\u00fastica del espacio que hay que instalar.<\/strong><\/p>\n<p class=\"CDt4Ke zfr3Q\" dir=\"ltr\"><strong>\u2013 Procesos de montaje y desmontaje de equipamientos de sonido.<\/strong><\/p>\n<p class=\"CDt4Ke zfr3Q\" dir=\"ltr\"><strong>\u2013 Procesos de conexionado y puesta en funcionamiento de instalaciones de sonido.<\/strong><\/p>\n<p class=\"CDt4Ke zfr3Q\" dir=\"ltr\"><strong>\u2013 Mantenimiento preventivo del equipamiento de sonido.<\/strong><\/p>\n","protected":false},"excerpt":{"rendered":"<p>Este m\u00f3dulo desarrolla las funciones de montaje y conexionado del equipamiento de sonido en las distintas tipolog\u00edas de instalaci\u00f3n: instalaciones de sonorizaci\u00f3n en vivo, sistemas de estudio, instalaciones fijas y ef\u00edmeras de radio, audiovisuales&#46;&#46;&#46;<\/p>\n","protected":false},"author":11363,"featured_media":0,"parent":201,"menu_order":0,"comment_status":"closed","ping_status":"closed","template":"","meta":{"ngg_post_thumbnail":0,"footnotes":""},"aioseo_notices":[],"_links":{"self":[{"href":"https:\/\/blogsaverroes.juntadeandalucia.es\/is2022\/wp-json\/wp\/v2\/pages\/198"}],"collection":[{"href":"https:\/\/blogsaverroes.juntadeandalucia.es\/is2022\/wp-json\/wp\/v2\/pages"}],"about":[{"href":"https:\/\/blogsaverroes.juntadeandalucia.es\/is2022\/wp-json\/wp\/v2\/types\/page"}],"author":[{"embeddable":true,"href":"https:\/\/blogsaverroes.juntadeandalucia.es\/is2022\/wp-json\/wp\/v2\/users\/11363"}],"replies":[{"embeddable":true,"href":"https:\/\/blogsaverroes.juntadeandalucia.es\/is2022\/wp-json\/wp\/v2\/comments?post=198"}],"version-history":[{"count":3,"href":"https:\/\/blogsaverroes.juntadeandalucia.es\/is2022\/wp-json\/wp\/v2\/pages\/198\/revisions"}],"predecessor-version":[{"id":205,"href":"https:\/\/blogsaverroes.juntadeandalucia.es\/is2022\/wp-json\/wp\/v2\/pages\/198\/revisions\/205"}],"up":[{"embeddable":true,"href":"https:\/\/blogsaverroes.juntadeandalucia.es\/is2022\/wp-json\/wp\/v2\/pages\/201"}],"wp:attachment":[{"href":"https:\/\/blogsaverroes.juntadeandalucia.es\/is2022\/wp-json\/wp\/v2\/media?parent=198"}],"curies":[{"name":"wp","href":"https:\/\/api.w.org\/{rel}","templated":true}]}}