{"id":117,"date":"2020-07-05T15:58:31","date_gmt":"2020-07-05T13:58:31","guid":{"rendered":"https:\/\/blogsaverroes.juntadeandalucia.es\/isabelfernandezanta\/?page_id=117"},"modified":"2022-12-17T18:28:19","modified_gmt":"2022-12-17T17:28:19","slug":"blogs-curso-17-18","status":"publish","type":"page","link":"https:\/\/blogsaverroes.juntadeandalucia.es\/isabelfernandezanta\/blogs-curso-17-18\/","title":{"rendered":"Blogs Curso 17\/18"},"content":{"rendered":"<h2 style=\"text-align: center\"><span style=\"font-size: 24pt\"><em><strong>Blogs del Alumnado &#8211; Curso 17\/18<\/strong><\/em><\/span><\/h2>\n<table style=\"width: 540.4px\">\n<tbody>\n<tr style=\"height: 1px\">\n<td style=\"width: 10px;height: 1px;text-align: left\"><span style=\"font-size: 18pt\"><strong>4\u00ba ESO<\/strong><\/span><\/td>\n<\/tr>\n<tr style=\"height: 504px\">\n<td style=\"width: 10px;height: 504px;vertical-align: top\">\n<ul>\n<li><a class=\" link\" href=\"https:\/\/tic4esolauraar.blogspot.com.es\/\" target=\"_blank\" rel=\"noopener noreferrer\">Laura Juliana Agudelo Rojas<\/a><\/li>\n<li><a class=\" link\" href=\"https:\/\/tic4esohalimach.blogspot.com.es\/\" target=\"_blank\" rel=\"noopener noreferrer\">Halima Chaib<\/a><\/li>\n<li><a class=\" link\" href=\"http:\/\/tic4esosantiagogl.blogspot.com.es\/2017\/10\/este-blog-me-va-servir-como-diario-de.html\" target=\"_blank\" rel=\"noopener noreferrer\">Santiago Gonz\u00e1lez L\u00f3pez<\/a><\/li>\n<li><a class=\" link\" href=\"https:\/\/tic4esolourdeshc.blogspot.com.es\/\" target=\"_blank\" rel=\"noopener noreferrer\">Lourdes Herrero Centurion<\/a><\/li>\n<li><a class=\" link\" href=\"https:\/\/tic4esoivanjg.blogspot.com.es\/\" target=\"_blank\" rel=\"noopener noreferrer\">Iv\u00e1n Jim\u00e9nez Garc\u00eda<\/a><\/li>\n<li><a class=\" link\" href=\"http:\/\/tic4esosmillarl.blogspot.com.es\/\" target=\"_blank\" rel=\"noopener noreferrer\">Smila Larsen<\/a><\/li>\n<li><a class=\" link\" href=\"https:\/\/tic4esonicolc.blogspot.com.es\/\" target=\"_blank\" rel=\"noopener noreferrer\">Nicol\u00e1s Launay Cid<\/a><\/li>\n<li><a class=\" link\" href=\"https:\/\/tic4esoaitanamc.blogspot.com.es\/\" target=\"_blank\" rel=\"noopener noreferrer\">Aitana Mart\u00edn Casanova<\/a><\/li>\n<li><a class=\" link\" href=\"https:\/\/tic4esobelenmm.blogspot.com.es\/\" target=\"_blank\" rel=\"noopener noreferrer\">Mar\u00eda Belen Mart\u00edn Moyano<\/a><\/li>\n<li><a class=\" link\" href=\"https:\/\/tic4esodavidmc.blogspot.com.es\/\" target=\"_blank\" rel=\"noopener noreferrer\">David Moreno Cerezo<\/a><\/li>\n<li><a class=\" link\" href=\"https:\/\/tic4esoangelaml.blogspot.com.es\/\" target=\"_blank\" rel=\"noopener noreferrer\">\u00c1ngela Moyano Linares<\/a><\/li>\n<li><a class=\" link\" href=\"https:\/\/tic4esomariotnr.blogspot.com.es\/\" target=\"_blank\" rel=\"noopener noreferrer\">Mario Thor Nielsen Rojo<\/a><\/li>\n<li><a class=\" link\" href=\"https:\/\/tic4esoalepa.blogspot.com.es\/\" target=\"_blank\" rel=\"noopener noreferrer\">Jos\u00e9 Alejandro Palma Armijo<\/a><\/li>\n<li><a class=\" link\" href=\"https:\/\/tic4esosalvapm.blogspot.com.es\/\" target=\"_blank\" rel=\"noopener noreferrer\">Salvador Plana Medina<\/a><\/li>\n<li><a class=\" link\" href=\"https:\/\/tic4esopablopr.blogspot.com.es\/\" target=\"_blank\" rel=\"noopener noreferrer\">Pablo Platero Rodriguez<\/a><\/li>\n<li><a class=\" link\" href=\"https:\/\/tic4esoalejandross.blogspot.com.es\/\" target=\"_blank\" rel=\"noopener noreferrer\">Alejandro S\u00e1nchez S\u00e1nchez<\/a><\/li>\n<li><a class=\" link\" href=\"https:\/\/tic4esojasonsm.blogspot.com.es\/\" target=\"_blank\" rel=\"noopener noreferrer\">Jason Derek Sutcliffe Mart\u00edn<\/a><\/li>\n<li><a class=\" link\" href=\"https:\/\/tic4esojavivg.blogspot.com.es\/\" target=\"_blank\" rel=\"noopener noreferrer\">Javier Valverde Gallardo<\/a><\/li>\n<li><a class=\" link\" href=\"http:\/\/ivanchapariltic.blogspot.com\/\" target=\"_blank\" rel=\"noopener noreferrer\">Iv\u00e1n Ventura<\/a><\/li>\n<li><a class=\" link\" href=\"https:\/\/tic4esosamuelez.blogspot.com.es\/\" target=\"_blank\" rel=\"noopener noreferrer\">Samuele Zampiere<\/a><\/li>\n<\/ul>\n<\/td>\n<\/tr>\n<tr style=\"height: 44px\">\n<td style=\"width: 10px;height: 44px;vertical-align: top\"><span style=\"font-size: 18pt\"><strong>1\u00ba BACHILLERATO &#8211; GRUPO A<\/strong><\/span><\/td>\n<\/tr>\n<tr style=\"height: 374px\">\n<td style=\"width: 10px;height: 374px;vertical-align: top\">\n<ul>\n<li><a class=\" link\" href=\"http:\/\/ticantoniojavieracostagallardo.blogspot.com.es\/\" target=\"_blank\" rel=\"noopener noreferrer\">Antonio Javier Acosta Gallardo<\/a><\/li>\n<li><a class=\" link\" href=\"https:\/\/mariadr24.blogspot.com.es\/\" target=\"_blank\" rel=\"noopener noreferrer\">Mar\u00eda Antelo Del Rosal<\/a>&nbsp;<\/li>\n<li><a class=\" link\" href=\"https:\/\/informaticaenelchaparil1bachillerato.blogspot.com.es\/\" target=\"_blank\" rel=\"noopener noreferrer\">Adrian Arrabal Garc\u00eda<\/a><\/li>\n<li><a class=\" link\" href=\"https:\/\/tic1rodrigo2017.blogspot.com.es\/\" target=\"_blank\" rel=\"noopener noreferrer\">Rodrigo Corrales Rueda<\/a><\/li>\n<li><a class=\" link\" href=\"https:\/\/tic1alef.blogspot.com.es\/\" target=\"_blank\" rel=\"noopener noreferrer\">Alejandro del Fresno Ortega<\/a><\/li>\n<li><a class=\" link\" href=\"https:\/\/pfm3.blogspot.com.es\/\" target=\"_blank\" rel=\"noopener noreferrer\">Pablo Fern\u00e1ndez Medina<\/a><\/li>\n<li><a class=\" link\" href=\"https:\/\/tic1salva.blogspot.com.es\/\" target=\"_blank\" rel=\"noopener noreferrer\">Salvador Fern\u00e1ndez Medina<\/a><\/li>\n<li><a class=\" link\" href=\"https:\/\/tic1carmenpg04.blogspot.com.es\/\" target=\"_blank\" rel=\"noopener noreferrer\">Carmen Padial G\u00e1lvez<\/a><\/li>\n<li><a class=\" link\" href=\"https:\/\/tic1lidia.blogspot.com.es\/\" target=\"_blank\" rel=\"noopener noreferrer\">Lidia G\u00f3mez Paloma<\/a><\/li>\n<li><a class=\" link\" href=\"https:\/\/tic1ivanthe1.blogspot.com.es\/\" target=\"_blank\" rel=\"noopener noreferrer\">Ivan Gonz\u00e1lez Rodr\u00edguez<\/a><\/li>\n<li><a class=\" link\" href=\"https:\/\/elblogdepaulamontero.blogspot.com.es\/\" target=\"_blank\" rel=\"noopener noreferrer\">Paula Montero Pelaez<\/a><\/li>\n<li><a class=\" link\" href=\"https:\/\/blogdemarta1311.blogspot.com.es\/\" target=\"_blank\" rel=\"noopener noreferrer\">Marta Nogu\u00e9s \u00c1lvarez<\/a><\/li>\n<li><a class=\" link\" href=\"https:\/\/tic1davidp.blogspot.com.es\/\" target=\"_blank\" rel=\"noopener noreferrer\">David P\u00e9rez \u00c1guila<\/a><\/li>\n<li><a class=\" link\" href=\"https:\/\/informatica1bachillerchaparil.blogspot.com.es\/\" target=\"_blank\" rel=\"noopener noreferrer\">Laura Pino Tirado<\/a><\/li>\n<li><a class=\" link\" href=\"https:\/\/martapm4.blogspot.com.es\/\" target=\"_blank\" rel=\"noopener noreferrer\">Marta Puentes Mui\u00f1os<\/a><\/li>\n<\/ul>\n<\/td>\n<\/tr>\n<tr style=\"height: 42px\">\n<td style=\"width: 10px;height: 42px;text-align: center\">\n<div style=\"text-align: left\"><span style=\"font-size: 18pt\"><strong><em>1\u00ba BACHILLERATO &#8211; GRUPO B<\/em><\/strong><\/span><\/div>\n<\/td>\n<\/tr>\n<tr style=\"height: 618px\">\n<td style=\"width: 10px;height: 618px;vertical-align: top\">\n<ul>\n<li><a class=\" link\" href=\"https:\/\/tic1mariaau.blogspot.com.es\/\" target=\"_blank\" rel=\"noopener noreferrer\">Mar\u00eda Alba Urdiales<\/a><\/li>\n<li><a class=\" link\" href=\"https:\/\/tic1hannah.blogspot.com.es\/\" target=\"_blank\" rel=\"noopener noreferrer\">Hannah Allebone Ruiz<\/a><\/li>\n<li><a class=\" link\" href=\"http:\/\/tic1melany.blogspot.com.es\/\" target=\"_blank\" rel=\"noopener noreferrer\">Melany Almendras Rocha<\/a><\/li>\n<li><a class=\" link\" href=\"https:\/\/tic1ariadnaalvarez.blogspot.com.es\/\" target=\"_blank\" rel=\"noopener noreferrer\">Ariadna \u00c1lvarez Rodriguez<\/a><\/li>\n<li><a class=\" link\" href=\"https:\/\/tic1abraham.blogspot.com.es\/\" target=\"_blank\" rel=\"noopener noreferrer\">Abraham Arias Ordo\u00f1ez<\/a><\/li>\n<li><a class=\" link\" href=\"https:\/\/tic1albaarmijo.blogspot.com.es\/2017\/10\/este-blog-me-va-servir-como-diario-de.html\" target=\"_blank\" rel=\"noopener noreferrer\">Alba Armijo Garc\u00eda<\/a><\/li>\n<li><a class=\" link\" href=\"https:\/\/ticanthonyrafael.blogspot.com.es\/\" target=\"_blank\" rel=\"noopener noreferrer\">Anthony Rafael Canelon Mendoza<\/a><\/li>\n<li><a class=\" link\" href=\"https:\/\/chaymaechaib.blogspot.com.es\/\" target=\"_blank\" rel=\"noopener noreferrer\">Chaymae Chaib El Attaouy<\/a><\/li>\n<li><a class=\" link\" href=\"https:\/\/tic1albacoll.blogspot.com.es\/\" target=\"_blank\" rel=\"noopener noreferrer\">Alba Coll Barranco<\/a><\/li>\n<li><a class=\" link\" href=\"http:\/\/fernandezoficial.blogspot.com.es\/\" target=\"_blank\" rel=\"noopener noreferrer\">Nicol\u00e1s Fern\u00e1ndez Jim\u00e9nez<\/a><\/li>\n<li><a class=\" link\" href=\"https:\/\/tic1arianna.blogspot.com.es\/\" target=\"_blank\" rel=\"noopener noreferrer\">Arianna Franco Saborito<\/a><\/li>\n<li><a class=\" link\" href=\"https:\/\/frangaru-4.blogspot.com.es\/\" target=\"_blank\" rel=\"noopener noreferrer\">Francisco Garc\u00eda Ruiz<\/a><\/li>\n<li><a class=\" link\" href=\"https:\/\/nicolasgouiricpaez.blogspot.com.es\/\" target=\"_blank\" rel=\"noopener noreferrer\">Nicol\u00e1s Gouiric Paez<\/a><\/li>\n<li><a class=\" link\" href=\"https:\/\/tic1violeta.blogspot.com.es\/\" target=\"_blank\" rel=\"noopener noreferrer\">Violeta Guerrero Barbero<\/a><\/li>\n<li><a class=\" link\" href=\"https:\/\/tic1angela.blogspot.com.es\/\" target=\"_blank\" rel=\"noopener noreferrer\">\u00c1ngela Guzm\u00e1n Gaspar<\/a><\/li>\n<li><a class=\" link\" href=\"https:\/\/tic1nuria.blogspot.com.es\/\" target=\"_blank\" rel=\"noopener noreferrer\">Nuria Jim\u00e9nez Urdiales<\/a><\/li>\n<li><a class=\" link\" href=\"https:\/\/tic1desiree.blogspot.com.es\/\" target=\"_blank\" rel=\"noopener noreferrer\">Desiree L\u00f3pez Fern\u00e1ndez<\/a><\/li>\n<li><a class=\" link\" href=\"https:\/\/tic1eva.blogspot.com.es\/\" target=\"_blank\" rel=\"noopener noreferrer\">Eva Mar\u00eda Mudarra Torcuato<\/a><\/li>\n<li><a class=\" link\" href=\"https:\/\/chaparilticivan.blogspot.com.es\/\" target=\"_blank\" rel=\"noopener noreferrer\">Iv\u00e1n Mu\u00f1oz Bobadilla<\/a><\/li>\n<li><a class=\" link\" href=\"https:\/\/miblogmisreglas18.blogspot.com.es\/\" target=\"_blank\" rel=\"noopener noreferrer\">Pablo Jesus Mu\u00f1oz Carrasco<\/a><\/li>\n<li><a class=\" link\" href=\"https:\/\/tic1rosa.blogspot.com.es\/\" target=\"_blank\" rel=\"noopener noreferrer\">Rosa Mu\u00f1oz Ruiz<\/a><\/li>\n<li><a class=\" link\" href=\"https:\/\/tic1jimena.blogspot.com.es\/\" target=\"_blank\" rel=\"noopener noreferrer\">Jimena Pardillo Zhu<\/a><\/li>\n<li><a class=\" link\" href=\"https:\/\/tic1mluisa22.blogspot.com.es\/\" target=\"_blank\" rel=\"noopener noreferrer\">Mar\u00eda Luisa Prieto Guerrero<\/a><\/li>\n<li><a class=\" link\" href=\"https:\/\/tic1antoniofficial.blogspot.com.es\/\" target=\"_blank\" rel=\"noopener noreferrer\">Antonio Carlos Rico Carmona<\/a><\/li>\n<li><a class=\" link\" href=\"https:\/\/tic1andreeaur.blogspot.com.es\/\" target=\"_blank\" rel=\"noopener noreferrer\">Andreea Urecheanu<\/a><\/li>\n<\/ul>\n<\/td>\n<\/tr>\n<tr style=\"height: 6px\">\n<td style=\"width: 10px;height: 6px;vertical-align: top;text-align: left\"><span style=\"font-size: 18pt\"><strong>2\u00ba BACHILLERATO<\/strong><\/span><\/td>\n<\/tr>\n<tr style=\"height: 166.6px\">\n<td style=\"width: 10px;height: 166.6px;vertical-align: top\">\n<ul>\n<li><a class=\" link\" href=\"http:\/\/blogticmanu.wordpress.com\/\" target=\"_blank\" rel=\"noopener noreferrer\">Manuel G\u00e1lvez Prados<\/a><\/li>\n<li><a class=\" link\" href=\"https:\/\/rubenggtic.wordpress.com\/\" target=\"_blank\" rel=\"noopener noreferrer\">Rub\u00e9n Gonz\u00e1lez Garc\u00eda<\/a><\/li>\n<li><a class=\" link\" href=\"https:\/\/tic2robertogm2000.wordpress.com\/\" target=\"_blank\" rel=\"noopener noreferrer\">Roberto Guerrero Mart\u00edn<\/a><\/li>\n<li><a class=\" link\" href=\"https:\/\/ticjade.wordpress.com\/\" target=\"_blank\" rel=\"noopener noreferrer\">Jade Marie Lafaurie<\/a><\/li>\n<li><a class=\" link\" href=\"http:\/\/chaparilrodrigotic.wordpress.com\/\" target=\"_blank\" rel=\"noopener noreferrer\">Rodrigo Nogu\u00e9s Mart\u00edn<\/a><\/li>\n<li><a class=\" link\" href=\"https:\/\/blogticedoardo.wordpress.com\/\" target=\"_blank\" rel=\"noopener noreferrer\">Edoardo Ridolfi<\/a><\/li>\n<\/ul>\n<\/td>\n<\/tr>\n<\/tbody>\n<\/table>\n","protected":false},"excerpt":{"rendered":"<p>Blogs del Alumnado &#8211; Curso 17\/18 4\u00ba ESO Laura Juliana Agudelo Rojas Halima Chaib Santiago Gonz\u00e1lez L\u00f3pez Lourdes Herrero Centurion Iv\u00e1n Jim\u00e9nez Garc\u00eda Smila Larsen&hellip;<\/p>\n","protected":false},"author":9805,"featured_media":0,"parent":0,"menu_order":0,"comment_status":"closed","ping_status":"closed","template":"","meta":{"ngg_post_thumbnail":0,"footnotes":""},"aioseo_notices":[],"_links":{"self":[{"href":"https:\/\/blogsaverroes.juntadeandalucia.es\/isabelfernandezanta\/wp-json\/wp\/v2\/pages\/117"}],"collection":[{"href":"https:\/\/blogsaverroes.juntadeandalucia.es\/isabelfernandezanta\/wp-json\/wp\/v2\/pages"}],"about":[{"href":"https:\/\/blogsaverroes.juntadeandalucia.es\/isabelfernandezanta\/wp-json\/wp\/v2\/types\/page"}],"author":[{"embeddable":true,"href":"https:\/\/blogsaverroes.juntadeandalucia.es\/isabelfernandezanta\/wp-json\/wp\/v2\/users\/9805"}],"replies":[{"embeddable":true,"href":"https:\/\/blogsaverroes.juntadeandalucia.es\/isabelfernandezanta\/wp-json\/wp\/v2\/comments?post=117"}],"version-history":[{"count":6,"href":"https:\/\/blogsaverroes.juntadeandalucia.es\/isabelfernandezanta\/wp-json\/wp\/v2\/pages\/117\/revisions"}],"predecessor-version":[{"id":797,"href":"https:\/\/blogsaverroes.juntadeandalucia.es\/isabelfernandezanta\/wp-json\/wp\/v2\/pages\/117\/revisions\/797"}],"wp:attachment":[{"href":"https:\/\/blogsaverroes.juntadeandalucia.es\/isabelfernandezanta\/wp-json\/wp\/v2\/media?parent=117"}],"curies":[{"name":"wp","href":"https:\/\/api.w.org\/{rel}","templated":true}]}}