{"id":123,"date":"2020-07-05T15:59:00","date_gmt":"2020-07-05T13:59:00","guid":{"rendered":"https:\/\/blogsaverroes.juntadeandalucia.es\/isabelfernandezanta\/?page_id=123"},"modified":"2022-12-18T12:28:37","modified_gmt":"2022-12-18T11:28:37","slug":"blogs-19-20","status":"publish","type":"page","link":"https:\/\/blogsaverroes.juntadeandalucia.es\/isabelfernandezanta\/blogs-19-20\/","title":{"rendered":"Blogs Curso 19\/20"},"content":{"rendered":"<h2 style=\"text-align: center\"><span style=\"font-size: 24pt\"><strong><em>Blogs del Alumnado &#8211; Curso 2019\/2020<\/em><\/strong><\/span><\/h2>\n<table style=\"width: 58.8667%;height: 1374px\">\n<tbody>\n<tr style=\"height: 15px\">\n<td style=\"width: 113.8px;height: 15px\"><span style=\"font-size: 18pt\"><em><strong>4\u00ba ESO<\/strong><\/em><\/span><\/td>\n<\/tr>\n<tr style=\"height: 410px\">\n<td style=\"width: 113.8px;height: 209px;vertical-align: top\">\n<ul>\n<li><a class=\" link\" href=\"http:\/\/ticleandro1920.blogspot.com\/\" target=\"_blank\" rel=\"noopener noreferrer\">Leandro Nahuel Cuevas Ramos<\/a><\/li>\n<li><a class=\" link\" href=\"https:\/\/ticivandilme1920.blogspot.com\/\" target=\"_blank\" rel=\"noopener noreferrer\">Iv\u00e1n Dilme Visiedo<\/a><\/li>\n<li><a class=\" link\" href=\"https:\/\/ticella1920.blogspot.com\/\" target=\"_blank\" rel=\"noopener noreferrer\">Ella Edmead Knowles<\/a><\/li>\n<li><a class=\" link\" href=\"http:\/\/ticmohamedelamine20.blogspot.com\/\" target=\"_blank\" rel=\"noopener noreferrer\">Mohammed el Amine El Hassini<\/a><\/li>\n<li><a class=\" link\" href=\"https:\/\/ticpaola1920.blogspot.com\/\" target=\"_blank\" rel=\"noopener noreferrer\">Paola Fern\u00e1ndez Mu\u00f1oz<\/a><\/li>\n<li><a class=\" link\" href=\"https:\/\/ticalejandro1920.blogspot.com\/\" target=\"_blank\" rel=\"noopener noreferrer\">Alejandro Fern\u00e1ndez Saborito<\/a><\/li>\n<li><a class=\" link\" href=\"https:\/\/ticmiguel1920.blogspot.com\/\" target=\"_blank\" rel=\"noopener noreferrer\">Miguel G\u00e1lvez Mart\u00edn<\/a><\/li>\n<li><a class=\" link\" href=\"https:\/\/ticpablogarcia1920.blogspot.com\/\" target=\"_blank\" rel=\"noopener noreferrer\">Pablo Garc\u00eda Gallego<\/a><\/li>\n<li><a class=\" link\" href=\"https:\/\/ticmarina20.blogspot.com\/\" target=\"_blank\" rel=\"noopener noreferrer\">Marina Gonz\u00e1lez Garc\u00eda<\/a><\/li>\n<li><a class=\" link\" href=\"https:\/\/ticjavilc1920.blogspot.com\/\" target=\"_blank\" rel=\"noopener noreferrer\">Javier L\u00f3pez Cuenca<\/a><\/li>\n<li><a class=\" link\" href=\"https:\/\/ticalejandra1920.blogspot.com\/\" target=\"_blank\" rel=\"noopener noreferrer\">Alejandra L\u00f3pez Guerrero<\/a><\/li>\n<li><a class=\" link\" href=\"https:\/\/ticsergio1920.blogspot.com\/\" target=\"_blank\" rel=\"noopener noreferrer\">Sergio Mart\u00edn Mart\u00edn<\/a><\/li>\n<li><a class=\" link\" href=\"http:\/\/ticalejandrosanchez1920.blogspot.com\/\" target=\"_blank\" rel=\"noopener noreferrer\">Alejandro S\u00e1nchez Acosta<\/a><\/li>\n<li><a class=\" link\" href=\"https:\/\/ticaakash2019.blogspot.com\/\" target=\"_blank\" rel=\"noopener noreferrer\">Aakash Shrestha<\/a><\/li>\n<li><a class=\" link\" href=\"https:\/\/ticoscar1920.blogspot.com\/\" target=\"_blank\" rel=\"noopener noreferrer\">Oscar Urdiales Grillo<\/a><\/li>\n<\/ul>\n<\/td>\n<\/tr>\n<tr style=\"height: 18px\">\n<td style=\"width: 113.8px;height: 18px\"><em><strong><span style=\"font-size: 18pt\">1\u00ba BACHILLERATO A<\/span><\/strong><\/em><\/td>\n<\/tr>\n<tr style=\"height: 460px\">\n<td style=\"width: 113.8px;height: 436px;vertical-align: top\">\n<ul>\n<li><a class=\" link\" href=\"https:\/\/tic1oscar1920.blogspot.com\/\" target=\"_blank\" rel=\"noopener noreferrer\">Oscar Raul Acosta Arrabal<\/a><\/li>\n<li><a class=\" link\" href=\"https:\/\/tic1daniel1920.blogspot.com\/\" target=\"_blank\" rel=\"noopener noreferrer\">Daniel Bacas Fern\u00e1ndez<\/a><\/li>\n<li><a class=\" link\" href=\"https:\/\/tic1manuelkei1920.blogspot.com\/\" target=\"_blank\" rel=\"noopener noreferrer\">Manuel Kei Cabello Sakao<\/a><\/li>\n<li><a class=\" link\" href=\"https:\/\/tic1nico1920.blogspot.com\/\" target=\"_blank\" rel=\"noopener noreferrer\">Nicol\u00e1s C\u00e1rdenas Chaves<\/a><\/li>\n<li><a class=\" link\" href=\"https:\/\/tic1bienve1920.blogspot.com\/\" target=\"_blank\" rel=\"noopener noreferrer\">Bienvenido Casanova Ortega<\/a><\/li>\n<li><a class=\" link\" href=\"https:\/\/tic1rosalia1920.blogspot.com\/\" target=\"_blank\" rel=\"noopener noreferrer\">Rosalia Castillo Arias<\/a><\/li>\n<li><a class=\" link\" href=\"https:\/\/tic1gabriel1920.blogspot.com\/\" target=\"_blank\" rel=\"noopener noreferrer\">Gabriel Boris Cuevas Ramos<\/a><\/li>\n<li><a class=\" link\" href=\"https:\/\/tic1antonio1920.blogspot.com\/\" target=\"_blank\" rel=\"noopener noreferrer\">Antonio Joaquin D\u00edaz Rico<\/a><\/li>\n<li><a class=\" link\" href=\"https:\/\/tic1marina1920.blogspot.com\/\" target=\"_blank\" rel=\"noopener noreferrer\">Marina Gonzalez Flamit<\/a><\/li>\n<li><a class=\" link\" href=\"https:\/\/tic1ainhoa1920.blogspot.com\/\" target=\"_blank\" rel=\"noopener noreferrer\">Ainhoa Guti\u00e9rrez Pozo<\/a><\/li>\n<li><a class=\" link\" href=\"https:\/\/tic1david1920.blogspot.com\/\" target=\"_blank\" rel=\"noopener noreferrer\">David Mart\u00edn O\u00f1ate<\/a><\/li>\n<li><a class=\" link\" href=\"https:\/\/tic1adrian1920.blogspot.com\/\" target=\"_blank\" rel=\"noopener noreferrer\">Adri\u00e1n N\u00fa\u00f1ez Jimena<\/a><\/li>\n<li><a class=\" link\" href=\"https:\/\/tic1amets1920.blogspot.com\/\" target=\"_blank\" rel=\"noopener noreferrer\">Amets Ortega Aparicio<\/a><\/li>\n<li><a class=\" link\" href=\"https:\/\/tic1juanma1920.blogspot.com\/\" target=\"_blank\" rel=\"noopener noreferrer\">Juan Mateo Pascual L\u00f3pez<\/a><\/li>\n<li><a class=\" link\" href=\"https:\/\/tic1davidpino1920.blogspot.com\/\" target=\"_blank\" rel=\"noopener noreferrer\">David Pino Tirado<\/a><\/li>\n<li><a class=\" link\" href=\"https:\/\/tic1paula1920.blogspot.com\/\" target=\"_blank\" rel=\"noopener noreferrer\">Paula Platero Fern\u00e1ndez<\/a><\/li>\n<li><a class=\" link\" href=\"https:\/\/tic1paola1920.blogspot.com\/\" target=\"_blank\" rel=\"noopener noreferrer\">Paola Torres L\u00f3pez<\/a><\/li>\n<\/ul>\n<\/td>\n<\/tr>\n<tr style=\"height: 10px\">\n<td style=\"width: 113.8px;height: 10px;vertical-align: top\"><span style=\"font-size: 18pt\"><em><strong>1\u00ba BACHILLERATO B<\/strong><\/em><\/span><\/td>\n<\/tr>\n<tr style=\"height: 460px\">\n<td style=\"width: 113.8px;height: 434px;vertical-align: top\">\n<ul>\n<li><a class=\" link\" href=\"https:\/\/tic1alvaro1920.blogspot.com\/\" target=\"_blank\" rel=\"noopener noreferrer\">\u00c1lvaro Broncano L\u00f3pez<\/a><\/li>\n<li><a class=\" link\" href=\"https:\/\/tic1isabel1920.blogspot.com\/\" target=\"_blank\" rel=\"noopener noreferrer\">Isabel Fossi S\u00e1nchez<\/a><\/li>\n<li><a class=\" link\" href=\"https:\/\/tic1ana1920.blogspot.com\/\" target=\"_blank\" rel=\"noopener noreferrer\">Ana Isabel Garciolo Palomas<\/a><\/li>\n<li><a class=\" link\" href=\"https:\/\/tic1francisco1920.blogspot.com\/\" target=\"_blank\" rel=\"noopener noreferrer\">Francisco Salvador Gonz\u00e1lez Rico<\/a><\/li>\n<li><a class=\" link\" href=\"https:\/\/tic1martairanzo1920.blogspot.com\/\" target=\"_blank\" rel=\"noopener noreferrer\">Marta Iranzo L\u00f3pez<\/a><\/li>\n<li><a class=\" link\" href=\"https:\/\/tic1elena1920.blogspot.com\/\" target=\"_blank\" rel=\"noopener noreferrer\">Elena Jaime Oliva<\/a><\/li>\n<li><a class=\" link\" href=\"https:\/\/tic1cristobal1920.blogspot.com\/\" target=\"_blank\" rel=\"noopener noreferrer\">Cristobal Jim\u00e9nez Mart\u00edn<\/a><\/li>\n<li><a class=\" link\" href=\"https:\/\/tic1pablo1920.blogspot.com\/\" target=\"_blank\" rel=\"noopener noreferrer\">Pablo Mateo Fern\u00e1ndez<\/a><\/li>\n<li><a class=\" link\" href=\"https:\/\/tic1julia1920.blogspot.com\/\" target=\"_blank\" rel=\"noopener noreferrer\">Julia Moris<\/a><\/li>\n<li><a class=\" link\" href=\"https:\/\/tic1davidnepeliak1920.blogspot.com\/\" target=\"_blank\" rel=\"noopener noreferrer\">David Nepeliak Cherkes<\/a><\/li>\n<li><a class=\" link\" href=\"https:\/\/tic1roberto1920.blogspot.com\/\" target=\"_blank\" rel=\"noopener noreferrer\">Roberto Ortol\u00e1 Mart\u00edn<\/a><\/li>\n<li><a class=\" link\" href=\"https:\/\/tic1paulapadial1920.blogspot.com\/\" target=\"_blank\" rel=\"noopener noreferrer\">Paula Padial Ripoll<\/a><\/li>\n<li><a class=\" link\" href=\"https:\/\/tic1enrique1920.blogspot.com\/\" target=\"_blank\" rel=\"noopener noreferrer\">Enrique Parra Casanova<\/a><\/li>\n<li><a class=\" link\" href=\"https:\/\/tic1domininique1920.blogspot.com\/\" target=\"_blank\" rel=\"noopener noreferrer\">Dominique Alejandro Poehlmann<\/a><\/li>\n<li><a class=\" link\" href=\"https:\/\/tic1nadia1920.blogspot.com\/\" target=\"_blank\" rel=\"noopener noreferrer\">Nadia Ramsden<\/a><\/li>\n<li><a class=\" link\" href=\"https:\/\/tic1bianca1920.blogspot.com\/\" target=\"_blank\" rel=\"noopener noreferrer\">Bianca Reyes Casanova<\/a><\/li>\n<li><a class=\" link\" href=\"https:\/\/tic1nicolas1920.blogspot.com\/\" target=\"_blank\" rel=\"noopener noreferrer\">Nicol\u00e1s Vi\u00f1olo Portillo<\/a><\/li>\n<\/ul>\n<\/td>\n<\/tr>\n<tr style=\"height: 1px\">\n<td style=\"width: 113.8px;height: 1px;vertical-align: top\"><span style=\"font-size: 18pt\"><em><strong>2\u00ba BACHILLERATO<\/strong><\/em><\/span><\/td>\n<\/tr>\n<tr style=\"height: 260.6px\">\n<td style=\"width: 113.8px;height: 247px;vertical-align: top\">\n<ul>\n<li><a class=\" link\" href=\"https:\/\/eldiaadia835457013.wordpress.com\/\" target=\"_blank\" rel=\"noopener noreferrer\">Antonio Javier Acosta Gallardo<\/a><\/li>\n<li><a class=\" link\" href=\"https:\/\/pycrodrigo.wordpress.com\/\" target=\"_blank\" rel=\"noopener noreferrer\">Rodrigo Corrales Rueda<\/a><\/li>\n<li><a class=\" link\" href=\"https:\/\/programacion233692695.wordpress.com\/\" target=\"_blank\" rel=\"noopener noreferrer\">\u00c1ngel Iranzo Acevedo<\/a><\/li>\n<li><a class=\" link\" href=\"https:\/\/programacion148701361.wordpress.com\/\" target=\"_blank\" rel=\"noopener noreferrer\">Jos\u00e9 Adri\u00e1n L\u00f3pez Arellano<\/a><\/li>\n<li><a class=\" link\" href=\"https:\/\/pycvioleta.wordpress.com\/\" target=\"_blank\" rel=\"noopener noreferrer\">Violeta Mu\u00f1oz Ayuso<\/a><\/li>\n<li><a class=\" link\" href=\"https:\/\/programacion564602780.wordpress.com\/\" target=\"_blank\" rel=\"noopener noreferrer\">Bernardo Rodriguez Mu\u00f1oz<\/a><\/li>\n<li><a class=\" link\" href=\"https:\/\/programacion394793732.wordpress.com\/\" target=\"_blank\" rel=\"noopener noreferrer\">Sebasti\u00e1n Rojas Torres<\/a><\/li>\n<li><a class=\" link\" href=\"https:\/\/programacion743548419.wordpress.com\/\" target=\"_blank\" rel=\"noopener noreferrer\">Jairo Alexandro Saborito Franco<\/a><\/li>\n<li><a class=\" link\" href=\"https:\/\/programacionweber.wordpress.com\/\" target=\"_blank\" rel=\"noopener noreferrer\">Christian Weber Pezzi<\/a><\/li>\n<\/ul>\n<\/td>\n<\/tr>\n<\/tbody>\n<\/table>\n","protected":false},"excerpt":{"rendered":"<p>Blogs del Alumnado &#8211; Curso 2019\/2020 4\u00ba ESO Leandro Nahuel Cuevas Ramos Iv\u00e1n Dilme Visiedo Ella Edmead Knowles Mohammed el Amine El Hassini Paola Fern\u00e1ndez&hellip;<\/p>\n","protected":false},"author":9805,"featured_media":0,"parent":0,"menu_order":0,"comment_status":"closed","ping_status":"closed","template":"","meta":{"ngg_post_thumbnail":0,"footnotes":""},"aioseo_notices":[],"_links":{"self":[{"href":"https:\/\/blogsaverroes.juntadeandalucia.es\/isabelfernandezanta\/wp-json\/wp\/v2\/pages\/123"}],"collection":[{"href":"https:\/\/blogsaverroes.juntadeandalucia.es\/isabelfernandezanta\/wp-json\/wp\/v2\/pages"}],"about":[{"href":"https:\/\/blogsaverroes.juntadeandalucia.es\/isabelfernandezanta\/wp-json\/wp\/v2\/types\/page"}],"author":[{"embeddable":true,"href":"https:\/\/blogsaverroes.juntadeandalucia.es\/isabelfernandezanta\/wp-json\/wp\/v2\/users\/9805"}],"replies":[{"embeddable":true,"href":"https:\/\/blogsaverroes.juntadeandalucia.es\/isabelfernandezanta\/wp-json\/wp\/v2\/comments?post=123"}],"version-history":[{"count":17,"href":"https:\/\/blogsaverroes.juntadeandalucia.es\/isabelfernandezanta\/wp-json\/wp\/v2\/pages\/123\/revisions"}],"predecessor-version":[{"id":914,"href":"https:\/\/blogsaverroes.juntadeandalucia.es\/isabelfernandezanta\/wp-json\/wp\/v2\/pages\/123\/revisions\/914"}],"wp:attachment":[{"href":"https:\/\/blogsaverroes.juntadeandalucia.es\/isabelfernandezanta\/wp-json\/wp\/v2\/media?parent=123"}],"curies":[{"name":"wp","href":"https:\/\/api.w.org\/{rel}","templated":true}]}}