{"id":135,"date":"2020-07-05T16:16:45","date_gmt":"2020-07-05T14:16:45","guid":{"rendered":"https:\/\/blogsaverroes.juntadeandalucia.es\/isabelfernandezanta\/?page_id=135"},"modified":"2023-03-05T12:25:11","modified_gmt":"2023-03-05T11:25:11","slug":"reglas-y-normas","status":"publish","type":"page","link":"https:\/\/blogsaverroes.juntadeandalucia.es\/isabelfernandezanta\/reglas-y-normas\/","title":{"rendered":"Normas del Aula"},"content":{"rendered":"<p><span style=\"font-size: 18pt\"><img loading=\"lazy\" decoding=\"async\" class=\"wp-image-352 size-thumbnail alignleft\" style=\"font-size: 24px\" src=\"https:\/\/blogsaverroes.juntadeandalucia.es\/isabelfernandezanta\/files\/2022\/09\/concepto-normas-150x150.jpg\" alt=\"\" width=\"150\" height=\"150\" srcset=\"https:\/\/blogsaverroes.juntadeandalucia.es\/isabelfernandezanta\/files\/2022\/09\/concepto-normas-150x150.jpg 150w, https:\/\/blogsaverroes.juntadeandalucia.es\/isabelfernandezanta\/files\/2022\/09\/concepto-normas-246x246.jpg 246w, https:\/\/blogsaverroes.juntadeandalucia.es\/isabelfernandezanta\/files\/2022\/09\/concepto-normas-520x520.jpg 520w, https:\/\/blogsaverroes.juntadeandalucia.es\/isabelfernandezanta\/files\/2022\/09\/concepto-normas-185x185.jpg 185w, https:\/\/blogsaverroes.juntadeandalucia.es\/isabelfernandezanta\/files\/2022\/09\/concepto-normas-220x220.jpg 220w, https:\/\/blogsaverroes.juntadeandalucia.es\/isabelfernandezanta\/files\/2022\/09\/concepto-normas-60x60.jpg 60w, https:\/\/blogsaverroes.juntadeandalucia.es\/isabelfernandezanta\/files\/2022\/09\/concepto-normas-384x384.jpg 384w\" sizes=\"(max-width: 150px) 100vw, 150px\" \/>El aula de <strong><em>inform\u00e1tica<\/em><\/strong> es utilizada cada d\u00eda por un elevado n\u00famero de profesores y alumnado. Se trata por t<\/span><span style=\"font-size: 18pt\">anto, de un espacio de trabajo <em>compartido<\/em> que se debe cuidar, evitando as\u00ed desperfectos y aver\u00edas que perjudican a todos.<\/span><\/p>\n<p>&nbsp;<\/p>\n<p><span style=\"font-size: 18pt\"><strong><em>Deb\u00e9is recordar las siguientes normas:<\/em><\/strong><\/span><\/p>\n<ul>\n<li><span style=\"font-size: 14pt\">En todo momento el aula estar\u00e1 <strong><em>supervisada<\/em><\/strong> por la profesora. Por lo tanto, no se autoriza el acceso ni la permanencia del alumnado solo en el aula.&nbsp;<\/span><\/li>\n<\/ul>\n<ul>\n<li><span style=\"font-size: 14pt\">Los medios inform\u00e1ticos se usar\u00e1n exclusivamente con <strong><em>fines educativos,<\/em><\/strong> evit\u00e1ndose que las aulas sean utilizadas para juegos de ordenador, programas de mensajer\u00eda, descarga de archivos no autorizados, etc.<\/span><\/li>\n<\/ul>\n<ul>\n<li><span style=\"font-size: 14pt\">Cada alumno\/a tendr\u00e1 asignado un <em><strong>puesto de trabajo<\/strong><\/em> hasta fin de curso. No se permite que el alumnado cambie su puesto a no ser que lo autorice la profesora. El alumnado ser\u00e1 el <em>m\u00e1ximo responsable<\/em> de su puesto.<\/span><\/li>\n<\/ul>\n<ul>\n<li><span style=\"font-size: 14pt\">Si un alumno o una alumna detecta una aver\u00eda o fallo en su puesto deber\u00e1 <em>comunicarlo<\/em> inmediatamente a la profesora.<\/span><\/li>\n<\/ul>\n<ul>\n<li><span style=\"font-size: 14pt\">Si el alumnado necesita guardar su trabajo deber\u00e1 utilizar una memoria externa o la nube.<\/span><\/li>\n<\/ul>\n<ul>\n<li><span style=\"font-size: 14pt\">Queda prohibido entrar en Internet sin previo aviso a la profesora. El alumnado que est\u00e9 jugando o conectado a sitios Web indebidos ser\u00e1 <strong><em>sancionado<\/em><\/strong>.<\/span><\/li>\n<\/ul>\n<ul>\n<li><span style=\"font-size: 14pt\">El alumnado no debe tocar la parte trasera de la CPU para conectar o desconectar cables, salvo que lo autorice la profesora.<\/span><\/li>\n<\/ul>\n<ul>\n<li><span style=\"font-size: 14pt\">Al finalizar la clase el ordenador debe <em><strong>apagarse correctamente<\/strong> <\/em>(nunca con el bot\u00f3n de encendido\/apagado).<\/span><\/li>\n<\/ul>\n<ul>\n<li><span style=\"font-size: 14pt\">Las <em>sillas deben colocarse correctamente<\/em> debajo de la mesa y no olvidar papeles o fotocopias encima de las mesas.<\/span><\/li>\n<\/ul>\n<ul>\n<li><span style=\"font-size: 14pt\">El alumnado que cause una aver\u00eda por mal uso o de forma intencionada ser\u00e1 <strong><em>sancionado<\/em><\/strong> inmediatamente y tendr\u00e1 que reemplazar o costear el material.<\/span><\/li>\n<\/ul>\n<ul>\n<li><span style=\"font-size: 14pt\">Cada alumno\/a debe llegar con <strong><em>puntualidad<\/em><\/strong> a clase.<\/span><\/li>\n<\/ul>\n<ul>\n<li><span style=\"font-size: 14pt\">No se tolerar\u00e1 ning\u00fan comportamiento que ponga en <em>riesgo<\/em> la seguridad de los dem\u00e1s, tales como el acoso, el hostigamiento o cualquier otra actividad ilegal.<\/span><\/li>\n<\/ul>\n","protected":false},"excerpt":{"rendered":"<p>El aula de inform\u00e1tica es utilizada cada d\u00eda por un elevado n\u00famero de profesores y alumnado. Se trata por tanto, de un espacio de trabajo&hellip;<\/p>\n","protected":false},"author":9805,"featured_media":0,"parent":0,"menu_order":0,"comment_status":"closed","ping_status":"closed","template":"","meta":{"ngg_post_thumbnail":0,"footnotes":""},"aioseo_notices":[],"_links":{"self":[{"href":"https:\/\/blogsaverroes.juntadeandalucia.es\/isabelfernandezanta\/wp-json\/wp\/v2\/pages\/135"}],"collection":[{"href":"https:\/\/blogsaverroes.juntadeandalucia.es\/isabelfernandezanta\/wp-json\/wp\/v2\/pages"}],"about":[{"href":"https:\/\/blogsaverroes.juntadeandalucia.es\/isabelfernandezanta\/wp-json\/wp\/v2\/types\/page"}],"author":[{"embeddable":true,"href":"https:\/\/blogsaverroes.juntadeandalucia.es\/isabelfernandezanta\/wp-json\/wp\/v2\/users\/9805"}],"replies":[{"embeddable":true,"href":"https:\/\/blogsaverroes.juntadeandalucia.es\/isabelfernandezanta\/wp-json\/wp\/v2\/comments?post=135"}],"version-history":[{"count":5,"href":"https:\/\/blogsaverroes.juntadeandalucia.es\/isabelfernandezanta\/wp-json\/wp\/v2\/pages\/135\/revisions"}],"predecessor-version":[{"id":1260,"href":"https:\/\/blogsaverroes.juntadeandalucia.es\/isabelfernandezanta\/wp-json\/wp\/v2\/pages\/135\/revisions\/1260"}],"wp:attachment":[{"href":"https:\/\/blogsaverroes.juntadeandalucia.es\/isabelfernandezanta\/wp-json\/wp\/v2\/media?parent=135"}],"curies":[{"name":"wp","href":"https:\/\/api.w.org\/{rel}","templated":true}]}}