{"id":259,"date":"2022-08-09T20:11:48","date_gmt":"2022-08-09T18:11:48","guid":{"rendered":"https:\/\/blogsaverroes.juntadeandalucia.es\/isabelfernandezanta\/?page_id=259"},"modified":"2022-12-18T12:36:10","modified_gmt":"2022-12-18T11:36:10","slug":"blogs-curso-21-22","status":"publish","type":"page","link":"https:\/\/blogsaverroes.juntadeandalucia.es\/isabelfernandezanta\/blogs-curso-21-22\/","title":{"rendered":"Blogs Curso 21\/22"},"content":{"rendered":"<h2 style=\"text-align: center\"><span style=\"font-size: 24pt\"><em><strong>Blogs Curso 2021\/2022<\/strong><\/em><\/span><\/h2>\n<table style=\"border-collapse: collapse;width: 92.9323%\">\n<tbody>\n<tr>\n<td style=\"width: 100%;text-align: center\">\n<h2><strong>4\u00ba ESO<\/strong><\/h2>\n<\/td>\n<\/tr>\n<tr>\n<td style=\"width: 100%\">\n<ul class=\"n8H08c UVNKR\">\n<li class=\"TYR86d wXCUfe zfr3Q\">\n<p class=\"CDt4Ke zfr3Q\" dir=\"ltr\"><span class=\" aw5Odc\"><a class=\"XqQF9c\" href=\"https:\/\/www.google.com\/url?q=https%3A%2F%2Fsites.google.com%2Fg.educaand.es%2Ftic4esoiar%2Finicio&amp;sa=D&amp;sntz=1&amp;usg=AOvVaw0a-eRrD3choyNsDphUrroU\" target=\"_blank\" rel=\"noopener noreferrer\">Iker Alonso Rueda<\/a><\/span><\/p>\n<\/li>\n<li class=\"TYR86d wXCUfe zfr3Q\">\n<p class=\"CDt4Ke zfr3Q\" dir=\"ltr\"><span class=\" aw5Odc\"><a class=\"XqQF9c\" href=\"https:\/\/www.google.com\/url?q=https%3A%2F%2Fsites.google.com%2Fg.educaand.es%2Fadam%2Finicio&amp;sa=D&amp;sntz=1&amp;usg=AOvVaw0wZUpj_4b5tbXrTh8LrzQM\" target=\"_blank\" rel=\"noopener noreferrer\">Adam Boussouf Agzara<\/a><\/span><\/p>\n<\/li>\n<li class=\"TYR86d wXCUfe zfr3Q\">\n<p class=\"CDt4Ke zfr3Q\" dir=\"ltr\"><span class=\" aw5Odc\"><a class=\"XqQF9c\" href=\"https:\/\/www.google.com\/url?q=https%3A%2F%2Fsites.google.com%2Fg.educaand.es%2Ftic-4-eso-jacl%2Finicio&amp;sa=D&amp;sntz=1&amp;usg=AOvVaw2yhs9-sOiyJpi9Ha65UMkG\" target=\"_blank\" rel=\"noopener noreferrer\">Jos\u00e9 Alberto Cerezo L\u00f3pez<\/a><\/span><\/p>\n<\/li>\n<li class=\"TYR86d wXCUfe zfr3Q\">\n<p class=\"CDt4Ke zfr3Q\" dir=\"ltr\"><span class=\" aw5Odc\"><a class=\"XqQF9c\" href=\"https:\/\/www.google.com\/url?q=https%3A%2F%2Fsites.google.com%2Fg.educaand.es%2Ftic-4eso-dcj%2Finicio&amp;sa=D&amp;sntz=1&amp;usg=AOvVaw3u3Eb6bQJtee1vCTEh9vhw\" target=\"_blank\" rel=\"noopener noreferrer\">Diego Cubo Jimena<\/a><\/span><\/p>\n<\/li>\n<li class=\"TYR86d wXCUfe zfr3Q\">\n<p class=\"CDt4Ke zfr3Q\" dir=\"ltr\"><span class=\" aw5Odc\"><a class=\"XqQF9c\" href=\"https:\/\/www.google.com\/url?q=https%3A%2F%2Fsites.google.com%2Fg.educaand.es%2Ffrancisco-e-p%2Finicio&amp;sa=D&amp;sntz=1&amp;usg=AOvVaw0ztt3aAvOClzojk8F2dxel\" target=\"_blank\" rel=\"noopener noreferrer\">Francisco Escobar Portillo<\/a><\/span><\/p>\n<\/li>\n<li class=\"TYR86d wXCUfe zfr3Q\">\n<p class=\"CDt4Ke zfr3Q\" dir=\"ltr\"><span class=\" aw5Odc\"><a class=\"XqQF9c\" href=\"https:\/\/www.google.com\/url?q=https%3A%2F%2Fsites.google.com%2Fg.educaand.es%2Ftic-4eso-jfs%2Finicio&amp;sa=D&amp;sntz=1&amp;usg=AOvVaw3-mYlHQvxipJ_ms-6nx2w1\" target=\"_blank\" rel=\"noopener noreferrer\">Johann Franco Saborito<\/a><\/span><\/p>\n<\/li>\n<li class=\"TYR86d wXCUfe zfr3Q\">\n<p class=\"CDt4Ke zfr3Q\" dir=\"ltr\"><span class=\" aw5Odc\"><a class=\"XqQF9c\" href=\"https:\/\/www.google.com\/url?q=https%3A%2F%2Fsites.google.com%2Fg.educaand.es%2Ftic4eso-pgr%2Finicio&amp;sa=D&amp;sntz=1&amp;usg=AOvVaw3JOBGT-gOzkyXHg0pV3IoL\" target=\"_blank\" rel=\"noopener noreferrer\">Pablo G\u00f3mez Rodr\u00edguez<\/a><\/span><\/p>\n<\/li>\n<li class=\"TYR86d wXCUfe zfr3Q\">\n<p class=\"CDt4Ke zfr3Q\" dir=\"ltr\"><span class=\" aw5Odc\"><a class=\"XqQF9c\" href=\"https:\/\/www.google.com\/url?q=https%3A%2F%2Fsites.google.com%2Fg.educaand.es%2Ftic4esoni&amp;sa=D&amp;sntz=1&amp;usg=AOvVaw3D8CuhNGHWPHluLC0_u63v\" target=\"_blank\" rel=\"noopener noreferrer\">Nina Nadira Ishmael<\/a><\/span><\/p>\n<\/li>\n<li class=\"TYR86d wXCUfe zfr3Q\">\n<p class=\"CDt4Ke zfr3Q\" dir=\"ltr\"><span class=\" aw5Odc\"><a class=\"XqQF9c\" href=\"https:\/\/www.google.com\/url?q=https%3A%2F%2Fsites.google.com%2Fg.educaand.es%2Ftic4esojjm%2Finicio&amp;sa=D&amp;sntz=1&amp;usg=AOvVaw1mRWc-dIptsPmIuwr2M6GE\" target=\"_blank\" rel=\"noopener noreferrer\">Juan Antonio Jim\u00e9nez Montalvo<\/a><\/span><\/p>\n<\/li>\n<li class=\"TYR86d wXCUfe zfr3Q\">\n<p class=\"CDt4Ke zfr3Q\" dir=\"ltr\"><span class=\" aw5Odc\"><a class=\"XqQF9c\" href=\"https:\/\/www.google.com\/url?q=https%3A%2F%2Fsites.google.com%2Fg.educaand.es%2Ftic4esomaycol%2Finicio&amp;sa=D&amp;sntz=1&amp;usg=AOvVaw1wJELjK8z-GmnES-lUJa7z\" target=\"_blank\" rel=\"noopener noreferrer\">Maycol Leonel Lira \u00c1lvarez<\/a><\/span><\/p>\n<\/li>\n<li class=\"TYR86d wXCUfe zfr3Q\">\n<p class=\"CDt4Ke zfr3Q\" dir=\"ltr\"><span class=\" aw5Odc\"><a class=\"XqQF9c\" href=\"https:\/\/www.google.com\/url?q=https%3A%2F%2Fsites.google.com%2Fg.educaand.es%2Ftic-4-e-s-o%2Finicio&amp;sa=D&amp;sntz=1&amp;usg=AOvVaw2qauGo22PkBuXTIrhFJw5U\" target=\"_blank\" rel=\"noopener noreferrer\">Alejandro Mart\u00edn Platero<\/a><\/span><\/p>\n<\/li>\n<li class=\"TYR86d wXCUfe zfr3Q\">\n<p class=\"CDt4Ke zfr3Q\" dir=\"ltr\"><span class=\" aw5Odc\"><a class=\"XqQF9c\" href=\"https:\/\/www.google.com\/url?q=https%3A%2F%2Fsites.google.com%2Fg.educaand.es%2Ftic4esoim%2Finicio&amp;sa=D&amp;sntz=1&amp;usg=AOvVaw39oGnBmzaDEkVKJjkuwSqB\" target=\"_blank\" rel=\"noopener noreferrer\">Ignacio Tom\u00e1s M\u00e9ndez<\/a><\/span><\/p>\n<\/li>\n<li class=\"TYR86d wXCUfe zfr3Q\">\n<p class=\"CDt4Ke zfr3Q\" dir=\"ltr\"><span class=\" aw5Odc\"><a class=\"XqQF9c\" href=\"https:\/\/www.google.com\/url?q=https%3A%2F%2Fsites.google.com%2Fg.educaand.es%2Ftic-eso&amp;sa=D&amp;sntz=1&amp;usg=AOvVaw0yPU5_Vtd-Dt1ao7YnoeIc\" target=\"_blank\" rel=\"noopener noreferrer\">Ra\u00fal Moreno P\u00e9rez<\/a><\/span><\/p>\n<\/li>\n<li class=\"TYR86d wXCUfe zfr3Q\">\n<p class=\"CDt4Ke zfr3Q\" dir=\"ltr\"><span class=\" aw5Odc\"><a class=\"XqQF9c\" href=\"https:\/\/www.google.com\/url?q=https%3A%2F%2Fsites.google.com%2Fg.educaand.es%2Fpof%2Finicio&amp;sa=D&amp;sntz=1&amp;usg=AOvVaw1WcO11PymuSqYn1f3kFogQ\" target=\"_blank\" rel=\"noopener noreferrer\">Pablo Ortega Fern\u00e1ndez<\/a><\/span><\/p>\n<\/li>\n<li class=\"TYR86d wXCUfe zfr3Q\">\n<p class=\"CDt4Ke zfr3Q\" dir=\"ltr\"><span class=\" aw5Odc\"><a class=\"XqQF9c\" href=\"https:\/\/www.google.com\/url?q=https%3A%2F%2Fsites.google.com%2Fg.educaand.es%2Ftic4esospm%2Finicio&amp;sa=D&amp;sntz=1&amp;usg=AOvVaw1yY5HjEcJPBABNAgm8P89r\" target=\"_blank\" rel=\"noopener noreferrer\">Sergio P\u00e9rez Montalvo<\/a><\/span><\/p>\n<\/li>\n<li class=\"TYR86d wXCUfe zfr3Q\">\n<p class=\"CDt4Ke zfr3Q\" dir=\"ltr\"><span class=\" aw5Odc\"><a class=\"XqQF9c\" href=\"https:\/\/www.google.com\/url?q=https%3A%2F%2Fsites.google.com%2Fg.educaand.es%2Ftic4esolreycas%2Finicio&amp;sa=D&amp;sntz=1&amp;usg=AOvVaw1W8nQjhfJFfTEJLFfQh0ux\" target=\"_blank\" rel=\"noopener noreferrer\">Leandro Reyes Casanova<\/a><\/span><\/p>\n<\/li>\n<li class=\"TYR86d wXCUfe zfr3Q\">\n<p class=\"CDt4Ke zfr3Q\" dir=\"ltr\"><span class=\" aw5Odc\"><a class=\"XqQF9c\" href=\"https:\/\/www.google.com\/url?q=https%3A%2F%2Fsites.google.com%2Fg.educaand.es%2Ftic-4eso-cr&amp;sa=D&amp;sntz=1&amp;usg=AOvVaw2x0_cHnOMtGjdJqwL1xAKE\" target=\"_blank\" rel=\"noopener noreferrer\">Cristian Ruiz Romero<\/a><\/span><\/p>\n<\/li>\n<li class=\"TYR86d wXCUfe zfr3Q\">\n<p class=\"CDt4Ke zfr3Q\" dir=\"ltr\"><span class=\" aw5Odc\"><a class=\"XqQF9c\" href=\"https:\/\/www.google.com\/url?q=https%3A%2F%2Fsites.google.com%2Fg.educaand.es%2F4eso-tic%2Finicio&amp;sa=D&amp;sntz=1&amp;usg=AOvVaw2AILgmg8vGnDXelzGw75uO\" target=\"_blank\" rel=\"noopener noreferrer\">Sof\u00eda Solano Ruiz<\/a><\/span><\/p>\n<\/li>\n<li class=\"TYR86d wXCUfe zfr3Q\">\n<p class=\"CDt4Ke zfr3Q\" dir=\"ltr\"><span class=\" aw5Odc\"><a class=\"XqQF9c\" href=\"https:\/\/www.google.com\/url?q=https%3A%2F%2Fsites.google.com%2Fg.educaand.es%2Ftic-4eso&amp;sa=D&amp;sntz=1&amp;usg=AOvVaw3sVEAu-1jq8wsZvOuYFUXe\" target=\"_blank\" rel=\"noopener noreferrer\">David Villanueva Bartolom\u00e9<\/a><\/span><\/p>\n<\/li>\n<li class=\"TYR86d wXCUfe zfr3Q\">\n<p class=\"CDt4Ke zfr3Q\" dir=\"ltr\"><span class=\" aw5Odc\"><a class=\"XqQF9c\" href=\"https:\/\/www.google.com\/url?q=https%3A%2F%2Fsites.google.com%2Fg.educaand.es%2Fj-v-k%2Finicio&amp;sa=D&amp;sntz=1&amp;usg=AOvVaw1NbWUbAewafRMl6xy2Vs7x\" target=\"_blank\" rel=\"noopener noreferrer\">Jos\u00e9 Eduardo Vidal Kobeling<\/a><\/span><\/p>\n<\/li>\n<\/ul>\n<\/td>\n<\/tr>\n<\/tbody>\n<\/table>\n<p>&nbsp;<\/p>\n<table style=\"border-collapse: collapse;width: 93.5867%\">\n<tbody>\n<tr>\n<td style=\"width: 100%\">\n<h2 style=\"text-align: center\"><em><strong>1\u00ba BACHILLERATO A y B<\/strong><\/em><\/h2>\n<\/td>\n<\/tr>\n<tr>\n<td style=\"width: 100%\">\n<ul class=\"n8H08c UVNKR\">\n<li class=\"TYR86d wXCUfe zfr3Q\">\n<p class=\"CDt4Ke zfr3Q\" dir=\"ltr\" style=\"text-align: left\"><span class=\" aw5Odc\"><a class=\"XqQF9c\" href=\"https:\/\/www.google.com\/url?q=https%3A%2F%2Ftic1bachilleratojaj.wordpress.com%2F&amp;sa=D&amp;sntz=1&amp;usg=AOvVaw2hBr5CiK96qtSbhWI-hhJz\" target=\"_blank\" rel=\"noopener noreferrer\">Jos\u00e9 Aguilar Jimena<\/a><\/span><\/p>\n<\/li>\n<li class=\"TYR86d wXCUfe zfr3Q\" style=\"text-align: left\">\n<p class=\"CDt4Ke zfr3Q\" dir=\"ltr\"><span class=\" aw5Odc\"><a class=\"XqQF9c\" href=\"https:\/\/www.google.com\/url?q=https%3A%2F%2Ftic1bachilleratokar.wordpress.com%2F&amp;sa=D&amp;sntz=1&amp;usg=AOvVaw3khyFQFiRHaJtNFAaUFay7\" target=\"_blank\" rel=\"noopener noreferrer\">Kevin Almendras Rocha<\/a><\/span><\/p>\n<\/li>\n<li class=\"TYR86d wXCUfe zfr3Q\" style=\"text-align: left\">\n<p class=\"CDt4Ke zfr3Q\" dir=\"ltr\"><span class=\" aw5Odc\"><a class=\"XqQF9c\" href=\"https:\/\/www.google.com\/url?q=https%3A%2F%2Ftic1bachilleratodag.wordpress.com&amp;sa=D&amp;sntz=1&amp;usg=AOvVaw0wdqvQGrZRc_AK3W_8zegp\" target=\"_blank\" rel=\"noopener noreferrer\">Daniel \u00c1lvarez Godoy<\/a><\/span><\/p>\n<\/li>\n<li class=\"TYR86d wXCUfe zfr3Q\" style=\"text-align: left\">\n<p class=\"CDt4Ke zfr3Q\" dir=\"ltr\"><span class=\" aw5Odc\"><a class=\"XqQF9c\" href=\"http:\/\/www.google.com\/url?q=http%3A%2F%2Ftic1bachilleratotac.wordpress.com&amp;sa=D&amp;sntz=1&amp;usg=AOvVaw23p1xSFhU3kHKPEvvdIQyH\" target=\"_blank\" rel=\"noopener noreferrer\">Tania Antelo Castillo<\/a><\/span><\/p>\n<\/li>\n<li class=\"TYR86d wXCUfe zfr3Q\" style=\"text-align: left\">\n<p class=\"CDt4Ke zfr3Q\" dir=\"ltr\"><span class=\" aw5Odc\"><a class=\"XqQF9c\" href=\"https:\/\/www.google.com\/url?q=https%3A%2F%2Ftic1bachilleratojb.wordpress.com%2F&amp;sa=D&amp;sntz=1&amp;usg=AOvVaw0Of6bzEtfQa64i0vWR3uzy\" target=\"_blank\" rel=\"noopener noreferrer\">Joaqu\u00edn Bravo Acosta<\/a><\/span><\/p>\n<\/li>\n<li class=\"TYR86d wXCUfe zfr3Q\" style=\"text-align: left\">\n<p class=\"CDt4Ke zfr3Q\" dir=\"ltr\"><span class=\" aw5Odc\"><a class=\"XqQF9c\" href=\"https:\/\/www.google.com\/url?q=https%3A%2F%2Ftic1bachilleratowcar.wordpress.com%2F&amp;sa=D&amp;sntz=1&amp;usg=AOvVaw3aB1x6xnnJT-v7YZLzu0jp\" target=\"_blank\" rel=\"noopener noreferrer\">Williams Joel Cardozo<\/a><\/span><\/p>\n<\/li>\n<li class=\"TYR86d wXCUfe zfr3Q\" style=\"text-align: left\">\n<p class=\"CDt4Ke zfr3Q\" dir=\"ltr\"><span class=\" aw5Odc\"><a class=\"XqQF9c\" href=\"https:\/\/www.google.com\/url?q=https%3A%2F%2Ftic1bachilleratolch.wordpress.com%2F&amp;sa=D&amp;sntz=1&amp;usg=AOvVaw3BIDbuHzzQzAMkFRC7UIXH\" target=\"_blank\" rel=\"noopener noreferrer\">Luis Cobos Hidalga<\/a><\/span><\/p>\n<\/li>\n<li class=\"TYR86d wXCUfe zfr3Q\" style=\"text-align: left\">\n<p class=\"CDt4Ke zfr3Q\" dir=\"ltr\"><span class=\" aw5Odc\"><a class=\"XqQF9c\" href=\"http:\/\/www.google.com\/url?q=http%3A%2F%2Ftic1bachilleratoard.wordpress.com&amp;sa=D&amp;sntz=1&amp;usg=AOvVaw08o7CRqKr_XTDdJcpb_yV3\" target=\"_blank\" rel=\"noopener noreferrer\">Arman D\u00edaz Fenina<\/a><\/span><\/p>\n<\/li>\n<li class=\"TYR86d wXCUfe zfr3Q\" style=\"text-align: left\">\n<p class=\"CDt4Ke zfr3Q\" dir=\"ltr\"><span class=\" aw5Odc\"><a class=\"XqQF9c\" href=\"https:\/\/www.google.com\/url?q=https%3A%2F%2Ftic1bachilleratodds.wordpress.com%2F&amp;sa=D&amp;sntz=1&amp;usg=AOvVaw2zDSUg5aHVdBuV7XVqb0do\" target=\"_blank\" rel=\"noopener noreferrer\">David D\u00edaz S\u00e1nchez<\/a><\/span><\/p>\n<\/li>\n<li class=\"TYR86d wXCUfe zfr3Q\" style=\"text-align: left\">\n<p class=\"CDt4Ke zfr3Q\" dir=\"ltr\"><span class=\" aw5Odc\"><a class=\"XqQF9c\" href=\"http:\/\/www.google.com\/url?q=http%3A%2F%2Ftic1bachilleratongg.wordpress.com&amp;sa=D&amp;sntz=1&amp;usg=AOvVaw3nxp74aFjFwWVqmhtWd71g\" target=\"_blank\" rel=\"noopener noreferrer\">Nicol\u00e1s G\u00f3mez Gonz\u00e1lez<\/a><\/span><\/p>\n<\/li>\n<li class=\"TYR86d wXCUfe zfr3Q\" style=\"text-align: left\">\n<p class=\"CDt4Ke zfr3Q\" dir=\"ltr\"><span class=\" aw5Odc\"><a class=\"XqQF9c\" href=\"https:\/\/www.google.com\/url?q=https%3A%2F%2Ftic1bachilleratodotlgp.wordpress.com%2F&amp;sa=D&amp;sntz=1&amp;usg=AOvVaw1VefnVrnP58FIVWiWM_oNC\" target=\"_blank\" rel=\"noopener noreferrer\">Luc\u00eda G\u00f3mez Paloma<\/a><\/span><\/p>\n<\/li>\n<li class=\"TYR86d wXCUfe zfr3Q\" style=\"text-align: left\">\n<p class=\"CDt4Ke zfr3Q\" dir=\"ltr\"><span class=\" aw5Odc\"><a class=\"XqQF9c\" href=\"http:\/\/www.google.com\/url?q=http%3A%2F%2Ftic1bachilleratoagb.wordpress.com&amp;sa=D&amp;sntz=1&amp;usg=AOvVaw2sJVQGk9DfoBzRXPQDEAeF\" target=\"_blank\" rel=\"noopener noreferrer\">Aitana Gonz\u00e1lez Bernal<\/a><\/span><\/p>\n<\/li>\n<li class=\"TYR86d wXCUfe zfr3Q\" style=\"text-align: left\">\n<p class=\"CDt4Ke zfr3Q\" dir=\"ltr\"><span class=\" aw5Odc\"><a class=\"XqQF9c\" href=\"https:\/\/www.google.com\/url?q=https%3A%2F%2Ftic1bachilleratojngg.wordpress.com%2F&amp;sa=D&amp;sntz=1&amp;usg=AOvVaw0EBh16w7pumjpJa4YJZ_Tv\" target=\"_blank\" rel=\"noopener noreferrer\">Jos\u00e9 No\u00e9 Gonz\u00e1lez Grelaud<\/a><\/span><\/p>\n<\/li>\n<li class=\"TYR86d wXCUfe zfr3Q\" style=\"text-align: left\">\n<p class=\"CDt4Ke zfr3Q\" dir=\"ltr\"><span class=\" aw5Odc\"><a class=\"XqQF9c\" href=\"http:\/\/www.google.com\/url?q=http%3A%2F%2Ftic1bachilleratomgo.wordpress.com&amp;sa=D&amp;sntz=1&amp;usg=AOvVaw24GD_p6lecJDh_w0igcJXY\" target=\"_blank\" rel=\"noopener noreferrer\">Mathew Grisales Osorio<\/a><\/span><\/p>\n<\/li>\n<li class=\"TYR86d wXCUfe zfr3Q\" style=\"text-align: left\">\n<p class=\"CDt4Ke zfr3Q\" dir=\"ltr\"><span class=\" aw5Odc\"><a class=\"XqQF9c\" href=\"https:\/\/www.google.com\/url?q=https%3A%2F%2Ftic1bachilleratoagj.wordpress.com%2F&amp;sa=D&amp;sntz=1&amp;usg=AOvVaw2CvdIu_ypWSi0SgMofdYtj\" target=\"_blank\" rel=\"noopener noreferrer\">Alberto Guerra Jimena<\/a><\/span><\/p>\n<\/li>\n<li class=\"TYR86d wXCUfe zfr3Q\" style=\"text-align: left\">\n<p class=\"CDt4Ke zfr3Q\" dir=\"ltr\"><span class=\" aw5Odc\"><a class=\"XqQF9c\" href=\"https:\/\/www.google.com\/url?q=https%3A%2F%2Ftic1bachilleratoafhd.wordpress.com%2F&amp;sa=D&amp;sntz=1&amp;usg=AOvVaw07Iv-YUv1lEEDWnuB-xXLe\" target=\"_blank\" rel=\"noopener noreferrer\">Andrea Florencia Heredia Delcoro<\/a><\/span><\/p>\n<\/li>\n<li class=\"TYR86d wXCUfe zfr3Q\" style=\"text-align: left\">\n<p class=\"CDt4Ke zfr3Q\" dir=\"ltr\"><span class=\" aw5Odc\"><a class=\"XqQF9c\" href=\"http:\/\/www.google.com\/url?q=http%3A%2F%2Ftic1bachilleratopla.wordpress.com&amp;sa=D&amp;sntz=1&amp;usg=AOvVaw1ObCJ3msouRzeHFCNwJsKn\" target=\"_blank\" rel=\"noopener noreferrer\">Paula L\u00f3pez Antelo<\/a><\/span><\/p>\n<\/li>\n<li class=\"TYR86d wXCUfe zfr3Q\" style=\"text-align: left\">\n<p class=\"CDt4Ke zfr3Q\" dir=\"ltr\"><span class=\" aw5Odc\"><a class=\"XqQF9c\" href=\"https:\/\/www.google.com\/url?q=https%3A%2F%2Ftic1bachilleratollr.wordpress.com%2F&amp;sa=D&amp;sntz=1&amp;usg=AOvVaw359Je7kjEA1DxYUnXQZo-W\" target=\"_blank\" rel=\"noopener noreferrer\">Luc\u00eda L\u00f3pez Ruiz<\/a><\/span><\/p>\n<\/li>\n<li class=\"TYR86d wXCUfe zfr3Q\" style=\"text-align: left\">\n<p class=\"CDt4Ke zfr3Q\" dir=\"ltr\"><span class=\" aw5Odc\"><a class=\"XqQF9c\" href=\"https:\/\/www.google.com\/url?q=https%3A%2F%2Ftic1bachilleratoinicial.wordpress.com%2F&amp;sa=D&amp;sntz=1&amp;usg=AOvVaw1Nh3Wpln54D7PxISiELu9C\" target=\"_blank\" rel=\"noopener noreferrer\">Pedro Mart\u00edn Mart\u00edn<\/a><\/span><\/p>\n<\/li>\n<li class=\"TYR86d wXCUfe zfr3Q\" style=\"text-align: left\">\n<p class=\"CDt4Ke zfr3Q\" dir=\"ltr\"><span class=\" aw5Odc\"><a class=\"XqQF9c\" href=\"http:\/\/www.google.com\/url?q=http%3A%2F%2Ftic1bachilleratoy.wordpress.com&amp;sa=D&amp;sntz=1&amp;usg=AOvVaw34pCdZ_lLhw0CeZnE6cUwg\" target=\"_blank\" rel=\"noopener noreferrer\">Yeray Ortega Fern\u00e1ndez<\/a><\/span><\/p>\n<\/li>\n<li class=\"TYR86d wXCUfe zfr3Q\" style=\"text-align: left\">\n<p class=\"CDt4Ke zfr3Q\" dir=\"ltr\"><span class=\" aw5Odc\"><a class=\"XqQF9c\" href=\"https:\/\/www.google.com\/url?q=https%3A%2F%2Ftic1bachilleratolro.wordpress.com%2Fhome%2F&amp;sa=D&amp;sntz=1&amp;usg=AOvVaw0Mn0Og_9-8lSaoWAiT-_fG\" target=\"_blank\" rel=\"noopener noreferrer\">Luna Rico Ortega<\/a><\/span><\/p>\n<\/li>\n<li class=\"TYR86d wXCUfe zfr3Q\" style=\"text-align: left\">\n<p class=\"CDt4Ke zfr3Q\" dir=\"ltr\"><span class=\" aw5Odc\"><a class=\"XqQF9c\" href=\"https:\/\/www.google.com\/url?q=https%3A%2F%2Fticbachilleratofr.wordpress.com%2F&amp;sa=D&amp;sntz=1&amp;usg=AOvVaw3sZp_YHJWfNrCaP_l4sNTh\" target=\"_blank\" rel=\"noopener noreferrer\">Francisco Ru\u00edz Atencia<\/a><\/span><\/p>\n<\/li>\n<li class=\"TYR86d wXCUfe zfr3Q\" style=\"text-align: left\">\n<p class=\"CDt4Ke zfr3Q\" dir=\"ltr\"><span class=\" aw5Odc\"><a class=\"XqQF9c\" href=\"http:\/\/www.google.com\/url?q=http%3A%2F%2Ftic1bachilleratorss.wordpress.com&amp;sa=D&amp;sntz=1&amp;usg=AOvVaw0Qac06ru0aEfhoAPvtI-Yz\" target=\"_blank\" rel=\"noopener noreferrer\">Rub\u00e9n S\u00e1nchez S\u00e1nchez<\/a><\/span><\/p>\n<\/li>\n<li class=\"TYR86d wXCUfe zfr3Q\" style=\"text-align: left\">\n<p class=\"CDt4Ke zfr3Q\" dir=\"ltr\"><span class=\" aw5Odc\"><a class=\"XqQF9c\" href=\"https:\/\/www.google.com\/url?q=https%3A%2F%2Ftic1bachilleratotsrc.wordpress.com%2F&amp;sa=D&amp;sntz=1&amp;usg=AOvVaw0K5VRdd04qzS0kmPuoJXaK\" target=\"_blank\" rel=\"noopener noreferrer\">Theo Sampietro-Rodrigues<\/a><\/span><\/p>\n<\/li>\n<li class=\"TYR86d wXCUfe zfr3Q\" style=\"text-align: left\">\n<p class=\"CDt4Ke zfr3Q\" dir=\"ltr\"><span class=\" aw5Odc\"><a class=\"XqQF9c\" href=\"https:\/\/www.google.com\/url?q=https%3A%2F%2Ftic1bachilleratoas.wordpress.com%2F&amp;sa=D&amp;sntz=1&amp;usg=AOvVaw11tXE7LXZ8gSAA2wAkOOn9\" target=\"_blank\" rel=\"noopener noreferrer\">Andre<\/a><\/span><span class=\" aw5Odc\"><a class=\"XqQF9c\" href=\"https:\/\/www.google.com\/url?q=https%3A%2F%2Ftic1bachilleratoas.wordpress.com%2F&amp;sa=D&amp;sntz=1&amp;usg=AOvVaw11tXE7LXZ8gSAA2wAkOOn9\" target=\"_blank\" rel=\"noopener noreferrer\">i<\/a><\/span><span class=\" aw5Odc\"><a class=\"XqQF9c\" href=\"https:\/\/www.google.com\/url?q=https%3A%2F%2Ftic1bachilleratoas.wordpress.com%2F&amp;sa=D&amp;sntz=1&amp;usg=AOvVaw11tXE7LXZ8gSAA2wAkOOn9\" target=\"_blank\" rel=\"noopener noreferrer\"> Javier Ste<\/a><\/span><span class=\" aw5Odc\"><a class=\"XqQF9c\" href=\"https:\/\/www.google.com\/url?q=https%3A%2F%2Ftic1bachilleratoas.wordpress.com%2F&amp;sa=D&amp;sntz=1&amp;usg=AOvVaw11tXE7LXZ8gSAA2wAkOOn9\" target=\"_blank\" rel=\"noopener noreferrer\">t<\/a><\/span><span class=\" aw5Odc\"><a class=\"XqQF9c\" href=\"https:\/\/www.google.com\/url?q=https%3A%2F%2Ftic1bachilleratoas.wordpress.com%2F&amp;sa=D&amp;sntz=1&amp;usg=AOvVaw11tXE7LXZ8gSAA2wAkOOn9\" target=\"_blank\" rel=\"noopener noreferrer\"> Mois<\/a><\/span><\/p>\n<\/li>\n<li class=\"TYR86d wXCUfe zfr3Q\">\n<p class=\"CDt4Ke zfr3Q\" dir=\"ltr\" style=\"text-align: left\"><span class=\" aw5Odc\"><a class=\"XqQF9c\" href=\"http:\/\/www.google.com\/url?q=http%3A%2F%2Ftic1bachileratofjtg.wordpress.com&amp;sa=D&amp;sntz=1&amp;usg=AOvVaw1PXrD6j9cOd63fQFIz6DZK\" target=\"_blank\" rel=\"noopener noreferrer\">Francisco Jos\u00e9 Torres Garc\u00eda<\/a><\/span><\/p>\n<\/li>\n<\/ul>\n<\/td>\n<\/tr>\n<\/tbody>\n<\/table>\n<p>&nbsp;<\/p>\n<table style=\"border-collapse: collapse;width: 100%\">\n<tbody>\n<tr>\n<td style=\"width: 100%;text-align: center\">\n<h2><em><strong>2\u00ba BACHILLERATO<\/strong><\/em><\/h2>\n<\/td>\n<\/tr>\n<tr>\n<td style=\"width: 100%\">\n<ul class=\"n8H08c UVNKR\">\n<li class=\"TYR86d wXCUfe zfr3Q\">\n<p class=\"CDt4Ke zfr3Q\" dir=\"ltr\" style=\"text-align: left\"><span class=\" aw5Odc\"><a class=\"XqQF9c\" href=\"https:\/\/www.google.com\/url?q=https%3A%2F%2Fticchaparillncr.wordpress.com&amp;sa=D&amp;sntz=1&amp;usg=AOvVaw2AKaq66qEqMhAVPe8TSatG\" target=\"_blank\" rel=\"noopener noreferrer\">Leandro Nahuel Cuevas Ramos<\/a><\/span><\/p>\n<\/li>\n<li class=\"TYR86d wXCUfe zfr3Q\" style=\"text-align: left\">\n<p class=\"CDt4Ke zfr3Q\" dir=\"ltr\"><span class=\" aw5Odc\"><a class=\"XqQF9c\" href=\"https:\/\/www.google.com\/url?q=https%3A%2F%2Ftic2bachilleratoadg2021.wordpress.com&amp;sa=D&amp;sntz=1&amp;usg=AOvVaw1Vbt4ufTVBXHHnjXARWXbV\" target=\"_blank\" rel=\"noopener noreferrer\">Alejandro D\u00edez Gonz\u00e1lez<\/a><\/span><\/p>\n<\/li>\n<li class=\"TYR86d wXCUfe zfr3Q\" style=\"text-align: left\">\n<p class=\"CDt4Ke zfr3Q\" dir=\"ltr\"><span class=\" aw5Odc\"><a class=\"XqQF9c\" href=\"http:\/\/www.google.com\/url?q=http%3A%2F%2Fticchaparileef.wordpress.com&amp;sa=D&amp;sntz=1&amp;usg=AOvVaw0MeJhJWCZw9yiwhbldgkhL\" target=\"_blank\" rel=\"noopener noreferrer\">Ella Edmead Knowles Fern\u00e1ndez<\/a><\/span><\/p>\n<\/li>\n<li class=\"TYR86d wXCUfe zfr3Q\" style=\"text-align: left\">\n<p class=\"CDt4Ke zfr3Q\" dir=\"ltr\"><span class=\" aw5Odc\"><a class=\"XqQF9c\" href=\"https:\/\/www.google.com\/url?q=https%3A%2F%2Fchaparilcbgdctic.wordpress.com&amp;sa=D&amp;sntz=1&amp;usg=AOvVaw3YwT7zBu5lx7Jz66vYvM5D\" target=\"_blank\" rel=\"noopener noreferrer\">C\u00e9sar Bautista Garc\u00eda D\u00edaz<\/a><\/span><\/p>\n<\/li>\n<li class=\"TYR86d wXCUfe zfr3Q\" style=\"text-align: left\">\n<p class=\"CDt4Ke zfr3Q\" dir=\"ltr\"><span class=\" aw5Odc\"><a class=\"XqQF9c\" href=\"http:\/\/www.google.com\/url?q=http%3A%2F%2Fticchaparilpgg.wordpress.com&amp;sa=D&amp;sntz=1&amp;usg=AOvVaw161r_S12z2CtaVJV0iX1Nz\" target=\"_blank\" rel=\"noopener noreferrer\">Pablo Garc\u00eda Gallego<\/a><\/span><\/p>\n<\/li>\n<li class=\"TYR86d wXCUfe zfr3Q\" style=\"text-align: left\">\n<p class=\"CDt4Ke zfr3Q\" dir=\"ltr\"><span class=\" aw5Odc\"><a class=\"XqQF9c\" href=\"http:\/\/www.google.com\/url?q=http%3A%2F%2Fcuadernodigitaltic292197470.wordpress.com&amp;sa=D&amp;sntz=1&amp;usg=AOvVaw3z2fHP0swtfhrYT5nnBxvn\" target=\"_blank\" rel=\"noopener noreferrer\">Sergio Mart\u00edn Mart\u00edn<\/a><\/span><\/p>\n<\/li>\n<li class=\"TYR86d wXCUfe zfr3Q\">\n<p class=\"CDt4Ke zfr3Q\" dir=\"ltr\" style=\"text-align: left\"><span class=\" aw5Odc\"><a class=\"XqQF9c\" href=\"https:\/\/www.google.com\/url?q=https%3A%2F%2Fticchaparilatv.wordpress.com&amp;sa=D&amp;sntz=1&amp;usg=AOvVaw1wJX4NNkwqz3iPllWBuNOT\" target=\"_blank\" rel=\"noopener noreferrer\">Alberto Tom\u00e9 Valero<\/a><\/span><\/p>\n<\/li>\n<\/ul>\n<\/td>\n<\/tr>\n<\/tbody>\n<\/table>\n","protected":false},"excerpt":{"rendered":"<p>Blogs Curso 2021\/2022 4\u00ba ESO Iker Alonso Rueda Adam Boussouf Agzara Jos\u00e9 Alberto Cerezo L\u00f3pez Diego Cubo Jimena Francisco Escobar Portillo Johann Franco Saborito Pablo&hellip;<\/p>\n","protected":false},"author":9805,"featured_media":0,"parent":0,"menu_order":0,"comment_status":"closed","ping_status":"closed","template":"","meta":{"ngg_post_thumbnail":0,"footnotes":""},"aioseo_notices":[],"_links":{"self":[{"href":"https:\/\/blogsaverroes.juntadeandalucia.es\/isabelfernandezanta\/wp-json\/wp\/v2\/pages\/259"}],"collection":[{"href":"https:\/\/blogsaverroes.juntadeandalucia.es\/isabelfernandezanta\/wp-json\/wp\/v2\/pages"}],"about":[{"href":"https:\/\/blogsaverroes.juntadeandalucia.es\/isabelfernandezanta\/wp-json\/wp\/v2\/types\/page"}],"author":[{"embeddable":true,"href":"https:\/\/blogsaverroes.juntadeandalucia.es\/isabelfernandezanta\/wp-json\/wp\/v2\/users\/9805"}],"replies":[{"embeddable":true,"href":"https:\/\/blogsaverroes.juntadeandalucia.es\/isabelfernandezanta\/wp-json\/wp\/v2\/comments?post=259"}],"version-history":[{"count":8,"href":"https:\/\/blogsaverroes.juntadeandalucia.es\/isabelfernandezanta\/wp-json\/wp\/v2\/pages\/259\/revisions"}],"predecessor-version":[{"id":926,"href":"https:\/\/blogsaverroes.juntadeandalucia.es\/isabelfernandezanta\/wp-json\/wp\/v2\/pages\/259\/revisions\/926"}],"wp:attachment":[{"href":"https:\/\/blogsaverroes.juntadeandalucia.es\/isabelfernandezanta\/wp-json\/wp\/v2\/media?parent=259"}],"curies":[{"name":"wp","href":"https:\/\/api.w.org\/{rel}","templated":true}]}}