{"id":305,"date":"2022-08-31T13:05:41","date_gmt":"2022-08-31T11:05:41","guid":{"rendered":"https:\/\/blogsaverroes.juntadeandalucia.es\/isabelfernandezanta\/?page_id=305"},"modified":"2023-09-16T12:13:34","modified_gmt":"2023-09-16T10:13:34","slug":"inicio-curso-2o","status":"publish","type":"page","link":"https:\/\/blogsaverroes.juntadeandalucia.es\/isabelfernandezanta\/inicio-curso-2o\/","title":{"rendered":"Inicio Curso &#8211; 2\u00ba"},"content":{"rendered":"<h1><em>Criterios de Evaluaci\u00f3n<\/em><\/h1>\n<p align=\"center\"><iframe loading=\"lazy\" src=\"https:\/\/drive.google.com\/file\/d\/18ktBJIOdEUlY9AibKaa1GZkxZa1jv5KC\/preview\" width=\"640\" height=\"480\"><\/iframe><\/p>\n<p>&nbsp;<\/p>\n<h1><em>Cuestionario Inicial<\/em><\/h1>\n<p align=\"center\"><iframe loading=\"lazy\" src=\"https:\/\/docs.google.com\/forms\/d\/e\/1FAIpQLSdLQ4CQ64WODBdIWV0Sw230-soo4afXYjNN4soLdyu5BRa5NA\/viewform?embedded=true\" width=\"640\" height=\"2093\" frameborder=\"0\" marginwidth=\"0\" marginheight=\"0\">Cargando\u2026<\/iframe><\/p>\n<h1><em>Evaluaci\u00f3n Inicial<\/em><\/h1>\n<p>Se publicar\u00e1 pr\u00f3ximamente.<\/p>\n","protected":false},"excerpt":{"rendered":"<p>Criterios de Evaluaci\u00f3n &nbsp; Cuestionario Inicial Cargando\u2026 Evaluaci\u00f3n Inicial Se publicar\u00e1 pr\u00f3ximamente.<\/p>\n","protected":false},"author":9805,"featured_media":0,"parent":0,"menu_order":0,"comment_status":"closed","ping_status":"closed","template":"","meta":{"ngg_post_thumbnail":0,"footnotes":""},"aioseo_notices":[],"_links":{"self":[{"href":"https:\/\/blogsaverroes.juntadeandalucia.es\/isabelfernandezanta\/wp-json\/wp\/v2\/pages\/305"}],"collection":[{"href":"https:\/\/blogsaverroes.juntadeandalucia.es\/isabelfernandezanta\/wp-json\/wp\/v2\/pages"}],"about":[{"href":"https:\/\/blogsaverroes.juntadeandalucia.es\/isabelfernandezanta\/wp-json\/wp\/v2\/types\/page"}],"author":[{"embeddable":true,"href":"https:\/\/blogsaverroes.juntadeandalucia.es\/isabelfernandezanta\/wp-json\/wp\/v2\/users\/9805"}],"replies":[{"embeddable":true,"href":"https:\/\/blogsaverroes.juntadeandalucia.es\/isabelfernandezanta\/wp-json\/wp\/v2\/comments?post=305"}],"version-history":[{"count":6,"href":"https:\/\/blogsaverroes.juntadeandalucia.es\/isabelfernandezanta\/wp-json\/wp\/v2\/pages\/305\/revisions"}],"predecessor-version":[{"id":1398,"href":"https:\/\/blogsaverroes.juntadeandalucia.es\/isabelfernandezanta\/wp-json\/wp\/v2\/pages\/305\/revisions\/1398"}],"wp:attachment":[{"href":"https:\/\/blogsaverroes.juntadeandalucia.es\/isabelfernandezanta\/wp-json\/wp\/v2\/media?parent=305"}],"curies":[{"name":"wp","href":"https:\/\/api.w.org\/{rel}","templated":true}]}}