{"id":489,"date":"2022-10-13T11:17:04","date_gmt":"2022-10-13T09:17:04","guid":{"rendered":"https:\/\/blogsaverroes.juntadeandalucia.es\/isabelfernandezanta\/?page_id=489"},"modified":"2023-03-23T11:31:55","modified_gmt":"2023-03-23T10:31:55","slug":"curso-22-23","status":"publish","type":"page","link":"https:\/\/blogsaverroes.juntadeandalucia.es\/isabelfernandezanta\/curso-22-23\/","title":{"rendered":"Blogs Curso 22\/23"},"content":{"rendered":"<h1 style=\"text-align: center\"><span style=\"font-size: 24pt\">BLOGS CURSO 22\/23<\/span><\/h1>\n<table style=\"width: 100%;border-collapse: collapse;border-style: outset;border-color: #949ea1;height: 600px\" border=\"0\" cellpadding=\"1\">\n<tbody>\n<tr style=\"height: 60px\">\n<td style=\"width: 32.161%;text-align: center;height: 60px\">\n<h2><em><strong><span style=\"font-size: 18pt\">4\u00ba ESO <\/span><\/strong><\/em><em style=\"font-family: inherit;font-size: inherit\"><strong><span style=\"font-size: 18pt\">TIC<\/span><\/strong><\/em><\/h2>\n<\/td>\n<\/tr>\n<tr style=\"height: 540px\">\n<td style=\"width: 32.161%;height: 540px\">\n<ul>\n<li style=\"text-align: left\"><span style=\"font-family: georgia, palatino, serif;font-size: 12pt\"><a href=\"https:\/\/sites.google.com\/g.educaand.es\/4esomaa\/inicio\">Alvarez Armijo, Marco<\/a><\/span><\/li>\n<li style=\"text-align: left\"><span style=\"font-family: georgia, palatino, serif;font-size: 12pt\"><a href=\"https:\/\/sites.google.com\/g.educaand.es\/cuaderno-de-clase\/inicio\">Antelo Valencia, Samuel<\/a><\/span><\/li>\n<li style=\"text-align: left\"><span style=\"font-family: georgia, palatino, serif;font-size: 12pt\"><a href=\"https:\/\/sites.google.com\/g.educaand.es\/4esosao\/inicio\">Arias Ordo\u00f1ez, Sa\u00fal<\/a><\/span><\/li>\n<li style=\"text-align: left\"><span style=\"font-family: georgia, palatino, serif;font-size: 12pt\"><a href=\"https:\/\/sites.google.com\/g.educaand.es\/4esopcl\/inicio\">Cerezo L\u00f3pez, Pablo<\/a><\/span><\/li>\n<li style=\"text-align: left\"><span style=\"font-family: georgia, palatino, serif;font-size: 12pt\"><a href=\"https:\/\/sites.google.com\/g.educaand.es\/tic4eso-chal\/inicio\">Halsberghe Gysenlinck, Christophe<img loading=\"lazy\" decoding=\"async\" class=\"size-medium wp-image-483 alignright\" src=\"https:\/\/blogsaverroes.juntadeandalucia.es\/isabelfernandezanta\/files\/2022\/10\/Blog_1-300x225.jpg\" alt=\"\" width=\"300\" height=\"225\" srcset=\"https:\/\/blogsaverroes.juntadeandalucia.es\/isabelfernandezanta\/files\/2022\/10\/Blog_1-300x225.jpg 300w, https:\/\/blogsaverroes.juntadeandalucia.es\/isabelfernandezanta\/files\/2022\/10\/Blog_1.jpg 400w\" sizes=\"(max-width: 300px) 100vw, 300px\" \/><\/a><\/span><\/li>\n<li style=\"text-align: left\"><span style=\"font-family: georgia, palatino, serif;font-size: 12pt\"><a href=\"https:\/\/sites.google.com\/g.educaand.es\/4esoehc\/inicio\">Herrera Casanova, El\u00edas Francisco<\/a><\/span><\/li>\n<li style=\"text-align: left\"><span style=\"font-family: georgia, palatino, serif;font-size: 12pt\"><a href=\"https:\/\/sites.google.com\/g.educaand.es\/hjptic4eso\/inicio\">Jimena Pino, Hugo<\/a><\/span><\/li>\n<li style=\"text-align: left\"><span style=\"font-family: georgia, palatino, serif;font-size: 12pt\"><a href=\"https:\/\/sites.google.com\/g.educaand.es\/cuaderno-de-clase-4eso-rjc\">Jim\u00e9nez Casanova, Roberto<\/a><\/span><\/li>\n<li style=\"text-align: left\"><span style=\"font-family: georgia, palatino, serif;font-size: 12pt\"><a href=\"https:\/\/sites.google.com\/g.educaand.es\/4esoamc\/\">Marin Coll, Andr\u00e9s<\/a><\/span><\/li>\n<li style=\"text-align: left\"><span style=\"font-family: georgia, palatino, serif;font-size: 12pt\"><a href=\"https:\/\/sites.google.com\/g.educaand.es\/4esoaml\/inicio\">Mar\u00edn Lozano, Alberto<\/a><\/span><\/li>\n<li style=\"text-align: left\"><span style=\"font-family: georgia, palatino, serif;font-size: 12pt\"><a href=\"https:\/\/sites.google.com\/g.educaand.es\/4esoamn\/inicio\">Mart\u00edn Navas, \u00c1lvaro<\/a><\/span><\/li>\n<li style=\"text-align: left\"><span style=\"font-family: georgia, palatino, serif;font-size: 12pt\"><a href=\"https:\/\/sites.google.com\/g.educaand.es\/4esormz\/inicio\">Moyano Zarco, Rolando<\/a><\/span><\/li>\n<li style=\"text-align: left\"><span style=\"font-family: georgia, palatino, serif;font-size: 12pt\"><a href=\"https:\/\/sites.google.com\/g.educaand.es\/4esosnj\/inicio\">Navas Jimena, Saul<\/a><\/span><\/li>\n<li style=\"text-align: left\"><span style=\"font-family: georgia, palatino, serif;font-size: 12pt\"><a href=\"https:\/\/sites.google.com\/g.educaand.es\/4esocnl\/inicio\">Noguera L\u00f3pez, Carlo<\/a><\/span><\/li>\n<li style=\"text-align: left\"><span style=\"font-family: georgia, palatino, serif;font-size: 12pt\"><a href=\"https:\/\/sites.google.com\/g.educaand.es\/tic4esojpa\/inicio\">Palmero Arrabal, Jes\u00fas<\/a><\/span><\/li>\n<li style=\"text-align: left\"><span style=\"font-family: georgia, palatino, serif;font-size: 12pt\"><a href=\"https:\/\/sites.google.com\/g.educaand.es\/4esoapm\">Puentes Mui\u00f1os, Alejandro<\/a><\/span><\/li>\n<li style=\"text-align: left\"><span style=\"font-family: georgia, palatino, serif;font-size: 12pt\"><a href=\"https:\/\/sites.google.com\/g.educaand.es\/cuaderno-de-clase-prl\/inicio\">Rodr\u00edguez L\u00f3pez, Francisco<\/a><\/span><\/li>\n<li style=\"text-align: left\"><span style=\"font-family: georgia, palatino, serif;font-size: 12pt\"><a href=\"https:\/\/sites.google.com\/g.educaand.es\/tic4esoemrj\/inicio\">Rueda Jaime, Esther Mar\u00eda<\/a><\/span><\/li>\n<li style=\"text-align: left\"><span style=\"font-family: georgia, palatino, serif;font-size: 12pt\"><a href=\"https:\/\/sites.google.com\/g.educaand.es\/tic4esomso\/\">Santamar\u00eda O\u00f1ate, Mat\u00edas<\/a><\/span><\/li>\n<li style=\"text-align: left\"><a href=\"https:\/\/sites.google.com\/ieselchaparil.org\/4esoasg\/inicio\"><span style=\"font-size: 14pt\"><span style=\"font-family: georgia, palatino, serif;font-size: 12pt\">Santaolalla Garc\u00eda, Antonio<\/span><\/span><\/a><\/li>\n<\/ul>\n<\/td>\n<\/tr>\n<\/tbody>\n<\/table>\n<table style=\"border-collapse: collapse;width: 100%\">\n<tbody>\n<tr>\n<td style=\"width: 100%\">\n<h2 style=\"text-align: center\"><em><strong>1\u00ba BACHILLERATO TIC<\/strong><\/em><\/h2>\n<\/td>\n<\/tr>\n<tr>\n<td style=\"width: 100%\">\n<ul style=\"list-style-type: circle\">\n<li style=\"text-align: left\"><a href=\"https:\/\/sites.google.com\/g.educaand.es\/bachilleratoiar\"><span style=\"font-size: 14pt\"><span style=\"font-size: 12pt\">Alonso Rueda, Iker<\/span><\/span><\/a><\/li>\n<li style=\"text-align: left\"><a href=\"https:\/\/sites.google.com\/g.educaand.es\/cuaderno-clase-d-a-b\/\" target=\"_blank\" rel=\"noopener noreferrer\"><span style=\"font-size: 12pt\">Arrabal Baena, Dar\u00edo<\/span><\/a><\/li>\n<li><a href=\"https:\/\/sites.google.com\/g.educaand.es\/adamboussouf\/inicio\" target=\"_blank\" rel=\"noopener noreferrer\">Boussouf Azgara, Adam<\/a><\/li>\n<li style=\"text-align: left\"><a href=\"https:\/\/sites.google.com\/g.educaand.es\/cuadernoclasencr\/inicio\" target=\"_blank\" rel=\"noopener noreferrer\"><span style=\"font-size: 12pt\">Cano Ruiz, Nadia<\/span><\/a><\/li>\n<li style=\"text-align: left\"><span style=\"font-size: 12pt\"><a href=\"https:\/\/sites.google.com\/g.educaand.es\/cuaderno-clase-1bach\">Cast\u00e1n Medina, Carlos<\/a><\/span><\/li>\n<li style=\"text-align: left\"><a href=\"https:\/\/sites.google.com\/g.educaand.es\/bachilleratojcerlop\/inicio\" target=\"_blank\" rel=\"noopener noreferrer\"><span style=\"font-size: 12pt\">Cerezo L\u00f3pez, Jos\u00e9 Alberto<\/span><\/a><\/li>\n<li style=\"text-align: left\"><span style=\"font-size: 12pt\"><a href=\"https:\/\/sites.google.com\/g.educaand.es\/cuadero-clase1-bach\/inicio\">D\u00edaz Fenina, Arman<\/a><\/span><\/li>\n<li style=\"text-align: left\"><span style=\"font-size: 12pt\"><a href=\"https:\/\/sites.google.com\/u\/0\/d\/13d7TTQUscDnLx1jieat4ESIAZFMRIcbN\/preview\" target=\"_blank\" rel=\"noopener noreferrer\">Giordano, Ilaria<\/a><\/span><\/li>\n<li style=\"text-align: left\"><span style=\"font-size: 12pt\"><a href=\"https:\/\/sites.google.com\/g.educaand.es\/cuaderno-clase-1-bach\">G\u00f3mez Orozco, Xavier<img loading=\"lazy\" decoding=\"async\" class=\"size-medium wp-image-483 alignright\" src=\"https:\/\/blogsaverroes.juntadeandalucia.es\/isabelfernandezanta\/files\/2022\/10\/Blog_1-300x225.jpg\" alt=\"\" width=\"300\" height=\"225\" srcset=\"https:\/\/blogsaverroes.juntadeandalucia.es\/isabelfernandezanta\/files\/2022\/10\/Blog_1-300x225.jpg 300w, https:\/\/blogsaverroes.juntadeandalucia.es\/isabelfernandezanta\/files\/2022\/10\/Blog_1.jpg 400w\" sizes=\"(max-width: 300px) 100vw, 300px\" \/><\/a><\/span><\/li>\n<li style=\"text-align: left\"><span style=\"font-size: 12pt\"><a href=\"https:\/\/sites.google.com\/g.educaand.es\/cuadernotic1bach\">G\u00f3mez Rodr\u00edguez, Pablo<\/a><\/span><\/li>\n<li style=\"text-align: left\"><a href=\"https:\/\/sites.google.com\/g.educaand.es\/tic1bachillerato\/inicio\" target=\"_blank\" rel=\"noopener noreferrer\"><span style=\"font-size: 12pt\">Jaime Campos, Pablo<\/span><\/a><\/li>\n<li style=\"text-align: left\"><a href=\"https:\/\/sites.google.com\/g.educaand.es\/cuadernoclasepjimrui\/inicio\" target=\"_blank\" rel=\"noopener noreferrer\"><span style=\"font-size: 12pt\">Jimena Ruiz, Pablo<\/span><\/a><\/li>\n<li style=\"text-align: left\"><a href=\"https:\/\/sites.google.com\/g.educaand.es\/cuadernoclaseflm\" target=\"_blank\" rel=\"noopener noreferrer\"><span style=\"font-size: 12pt\">L\u00f3pez Mayor, Fabiola<\/span><\/a><\/li>\n<li style=\"text-align: left\"><a href=\"https:\/\/sites.google.com\/g.educaand.es\/cuaderno-clase-alosaco\/inicio\" target=\"_blank\" rel=\"noopener noreferrer\"><span style=\"font-size: 12pt\">Losada Acosta, Arancha<\/span><\/a><\/li>\n<li style=\"text-align: left\"><span style=\"font-size: 12pt\"><a href=\"https:\/\/sites.google.com\/g.educaand.es\/bachilleratojl\/inicio\">Lot, Julia<\/a><\/span><\/li>\n<li style=\"text-align: left\"><a href=\"https:\/\/sites.google.com\/g.educaand.es\/cuaderno-clase-jmg\/inicio\" target=\"_blank\" rel=\"noopener noreferrer\"><span style=\"font-size: 12pt\">Maga\u00f1a G\u00e1lvez, Juan<\/span><\/a><\/li>\n<li style=\"text-align: left\"><span style=\"font-size: 12pt\"><a href=\"https:\/\/sites.google.com\/g.educaand.es\/bachilleratoamp\/inicio\">Mart\u00edn Platero, Alejandro<\/a><\/span><\/li>\n<li style=\"text-align: left\"><a href=\"https:\/\/sites.google.com\/g.educaand.es\/cuadernoclase1bach\/inicio\" target=\"_blank\" rel=\"noopener noreferrer\"><span style=\"font-size: 12pt\">Mena Mu\u00f1oz, Lorenzo<\/span><\/a><\/li>\n<li style=\"text-align: left\"><span style=\"font-size: 12pt\"><a href=\"https:\/\/sites.google.com\/g.educaand.es\/bachillerato-rmp\/inicio\">Moreno P\u00e9rez, Ra\u00fal<\/a><\/span><\/li>\n<li style=\"text-align: left\"><span style=\"font-size: 12pt\"><a href=\"https:\/\/sites.google.com\/g.educaand.es\/bachillerato-pof\">Ortega Fern\u00e1ndez, Pablo<\/a><\/span><\/li>\n<li style=\"text-align: left\"><span style=\"font-size: 12pt\"><a href=\"https:\/\/sites.google.com\/g.educaand.es\/bachilleratosop\/inicio\">Ortega Platero, Santiago<\/a><\/span><\/li>\n<li style=\"text-align: left\"><span style=\"font-size: 12pt\"><a href=\"https:\/\/sites.google.com\/g.educaand.es\/bachillerato1spm\/temas\/tema-3?authuser=0\" target=\"_blank\" rel=\"noopener noreferrer\">P\u00e9rez Montalvo, Sergio<\/a><\/span><\/li>\n<li style=\"text-align: left\"><span style=\"font-size: 12pt\"><a href=\"https:\/\/sites.google.com\/g.educaand.es\/bachilleratonpr\/inicio\">Platero Rivas, Nicol\u00e1s<\/a><\/span><\/li>\n<li style=\"text-align: left\"><a href=\"https:\/\/sites.google.com\/g.educaand.es\/bachilleratolreycas\/inicio\" target=\"_blank\" rel=\"noopener noreferrer\"><span style=\"font-size: 12pt\">Reyes Casanova, Leandro<\/span><\/a><\/li>\n<li style=\"text-align: left\"><span style=\"font-size: 12pt\"><a href=\"https:\/\/sites.google.com\/g.educaand.es\/bachilleratosrr\/inicio\">Rivas Ramos, Sarah<\/a><\/span><\/li>\n<li style=\"text-align: left\"><a href=\"https:\/\/sites.google.com\/g.educaand.es\/bachilleratofra\/inicio\" target=\"_blank\" rel=\"noopener noreferrer\"><span style=\"font-size: 12pt\">Ruiz Atencia, Francisco<\/span><\/a><\/li>\n<li style=\"text-align: left\"><a href=\"https:\/\/sites.google.com\/g.educaand.es\/bachilleratojnvg\/inicio\" target=\"_blank\" rel=\"noopener noreferrer\"><span style=\"font-size: 12pt\">Valverde Gallardo, Jos\u00e9 Nicol\u00e1s<\/span><\/a><\/li>\n<li style=\"text-align: left\"><span style=\"font-size: 12pt\"><a href=\"https:\/\/sites.google.com\/g.educaand.es\/bachillerato-1a-eduardo\">Vital Kobeling, Jos\u00e9 Eduardo<\/a><\/span><\/li>\n<\/ul>\n<\/td>\n<\/tr>\n<\/tbody>\n<\/table>\n<table style=\"border-collapse: collapse;width: 100%\">\n<tbody>\n<tr>\n<td style=\"width: 100%\">\n<h2 style=\"text-align: center\"><em><strong>2\u00ba BACHILLERATO TIC<\/strong><\/em><\/h2>\n<\/td>\n<\/tr>\n<tr>\n<td style=\"width: 100%\">\n<ul>\n<li style=\"text-align: left\"><a href=\"https:\/\/tic2bachjaj.wordpress.com\/\"><span style=\"font-size: 14pt\"><span style=\"font-size: 12pt\">Aguilar Jimena, Jos\u00e9<\/span><\/span><\/a><\/li>\n<li style=\"text-align: left\"><span style=\"font-size: 12pt\"><a href=\"http:\/\/tic2bachlgp.wordpress.com\"><img loading=\"lazy\" decoding=\"async\" class=\"size-medium wp-image-483 alignright\" src=\"https:\/\/blogsaverroes.juntadeandalucia.es\/isabelfernandezanta\/files\/2022\/10\/Blog_1-300x225.jpg\" alt=\"\" width=\"300\" height=\"225\" srcset=\"https:\/\/blogsaverroes.juntadeandalucia.es\/isabelfernandezanta\/files\/2022\/10\/Blog_1-300x225.jpg 300w, https:\/\/blogsaverroes.juntadeandalucia.es\/isabelfernandezanta\/files\/2022\/10\/Blog_1.jpg 400w\" sizes=\"(max-width: 300px) 100vw, 300px\" \/><\/a><a href=\"http:\/\/tic2bachkar.wordpress.com\">Almendras Rocha, Kevin<\/a><\/span><\/li>\n<li style=\"text-align: left\"><span style=\"font-size: 12pt\"><a href=\"https:\/\/tic1bachilleratolch.wordpress.com\/\">Cobos Hidalga, Luis<\/a><\/span><\/li>\n<li style=\"text-align: left\"><span style=\"font-size: 12pt\"><a href=\"http:\/\/tic2bachdds.wordpress.com\">D\u00edaz S\u00e1nchez, David<\/a><\/span><\/li>\n<li style=\"text-align: left\"><span style=\"font-size: 12pt\"><a href=\"http:\/\/tic2bachlgp.wordpress.com\">G\u00f3mez Paloma, Luc\u00eda<\/a><\/span><\/li>\n<li style=\"text-align: left\"><span style=\"font-size: 12pt\"><a href=\"http:\/\/tic2bachagb.wordpress.com\">Gonz\u00e1lez Bernal, Aitana<\/a><\/span><\/li>\n<li style=\"text-align: left\"><span style=\"font-size: 12pt\"><a href=\"https:\/\/tic2bachngg.wordpress.com\/\">Gonz\u00e1lez Grelaud, Jos\u00e9 No\u00e9<\/a><\/span><\/li>\n<li style=\"text-align: left\"><span style=\"font-size: 12pt\"><a href=\"https:\/\/tic2bachmgo.wordpress.com\/\">Grisales Osorio, Mathew<\/a><\/span><\/li>\n<li style=\"text-align: left\"><span style=\"font-size: 12pt\"><a href=\"http:\/\/tic2bachagj.wordpress.com\">Guerra Jimena, Alberto<\/a><\/span><\/li>\n<\/ul>\n<\/td>\n<\/tr>\n<\/tbody>\n<\/table>\n","protected":false},"excerpt":{"rendered":"<p>BLOGS CURSO 22\/23 4\u00ba ESO TIC Alvarez Armijo, Marco Antelo Valencia, Samuel Arias Ordo\u00f1ez, Sa\u00fal Cerezo L\u00f3pez, Pablo Halsberghe Gysenlinck, Christophe Herrera Casanova, El\u00edas Francisco&hellip;<\/p>\n","protected":false},"author":9805,"featured_media":0,"parent":0,"menu_order":0,"comment_status":"closed","ping_status":"closed","template":"","meta":{"ngg_post_thumbnail":0,"footnotes":""},"aioseo_notices":[],"_links":{"self":[{"href":"https:\/\/blogsaverroes.juntadeandalucia.es\/isabelfernandezanta\/wp-json\/wp\/v2\/pages\/489"}],"collection":[{"href":"https:\/\/blogsaverroes.juntadeandalucia.es\/isabelfernandezanta\/wp-json\/wp\/v2\/pages"}],"about":[{"href":"https:\/\/blogsaverroes.juntadeandalucia.es\/isabelfernandezanta\/wp-json\/wp\/v2\/types\/page"}],"author":[{"embeddable":true,"href":"https:\/\/blogsaverroes.juntadeandalucia.es\/isabelfernandezanta\/wp-json\/wp\/v2\/users\/9805"}],"replies":[{"embeddable":true,"href":"https:\/\/blogsaverroes.juntadeandalucia.es\/isabelfernandezanta\/wp-json\/wp\/v2\/comments?post=489"}],"version-history":[{"count":43,"href":"https:\/\/blogsaverroes.juntadeandalucia.es\/isabelfernandezanta\/wp-json\/wp\/v2\/pages\/489\/revisions"}],"predecessor-version":[{"id":1350,"href":"https:\/\/blogsaverroes.juntadeandalucia.es\/isabelfernandezanta\/wp-json\/wp\/v2\/pages\/489\/revisions\/1350"}],"wp:attachment":[{"href":"https:\/\/blogsaverroes.juntadeandalucia.es\/isabelfernandezanta\/wp-json\/wp\/v2\/media?parent=489"}],"curies":[{"name":"wp","href":"https:\/\/api.w.org\/{rel}","templated":true}]}}