{"id":268,"date":"2023-06-25T18:22:08","date_gmt":"2023-06-25T16:22:08","guid":{"rendered":"https:\/\/blogsaverroes.juntadeandalucia.es\/isabeltecnologia\/?page_id=268"},"modified":"2023-06-25T18:45:39","modified_gmt":"2023-06-25T16:45:39","slug":"video","status":"publish","type":"page","link":"https:\/\/blogsaverroes.juntadeandalucia.es\/isabeltecnologia\/video\/","title":{"rendered":"V\u00cdDEO"},"content":{"rendered":"<p style=\"text-align: center\"><strong><span style=\"font-size: 14pt\">V\u00cdDEO PROGRAMA STEAM ROB\u00d3TICA&nbsp;<\/span><\/strong><\/p>\n<p>Pulsa <a href=\"https:\/\/drive.google.com\/file\/d\/1YS8yBmk0HNLROxgQKwnsN1gXcToeGQo8\/view?usp=sharing\" target=\"_blank\" rel=\"noopener noreferrer\">aqu\u00ed<\/a> para acceder al v\u00eddeo.<\/p>\n<p><img loading=\"lazy\" decoding=\"async\" class=\"wp-image-320 alignnone\" src=\"https:\/\/blogsaverroes.juntadeandalucia.es\/isabeltecnologia\/files\/2023\/06\/Imagen-v\u00eddeo-300x166.png\" alt=\"\" width=\"289\" height=\"160\" srcset=\"https:\/\/blogsaverroes.juntadeandalucia.es\/isabeltecnologia\/files\/2023\/06\/Imagen-v\u00eddeo-300x166.png 300w, https:\/\/blogsaverroes.juntadeandalucia.es\/isabeltecnologia\/files\/2023\/06\/Imagen-v\u00eddeo-1024x567.png 1024w, https:\/\/blogsaverroes.juntadeandalucia.es\/isabeltecnologia\/files\/2023\/06\/Imagen-v\u00eddeo-768x425.png 768w, https:\/\/blogsaverroes.juntadeandalucia.es\/isabeltecnologia\/files\/2023\/06\/Imagen-v\u00eddeo-700x388.png 700w, https:\/\/blogsaverroes.juntadeandalucia.es\/isabeltecnologia\/files\/2023\/06\/Imagen-v\u00eddeo-332x184.png 332w, https:\/\/blogsaverroes.juntadeandalucia.es\/isabeltecnologia\/files\/2023\/06\/Imagen-v\u00eddeo.png 1381w\" sizes=\"(max-width: 289px) 100vw, 289px\" \/><\/p>\n<p>&nbsp;<\/p>\n<p>&nbsp;<\/p>\n","protected":false},"excerpt":{"rendered":"<p>V\u00cdDEO PROGRAMA STEAM ROB\u00d3TICA&nbsp; Pulsa aqu\u00ed para acceder al v\u00eddeo. &nbsp; &nbsp;<\/p>\n","protected":false},"author":7059,"featured_media":0,"parent":0,"menu_order":0,"comment_status":"closed","ping_status":"closed","template":"","meta":{"ngg_post_thumbnail":0,"footnotes":""},"aioseo_notices":[],"_links":{"self":[{"href":"https:\/\/blogsaverroes.juntadeandalucia.es\/isabeltecnologia\/wp-json\/wp\/v2\/pages\/268"}],"collection":[{"href":"https:\/\/blogsaverroes.juntadeandalucia.es\/isabeltecnologia\/wp-json\/wp\/v2\/pages"}],"about":[{"href":"https:\/\/blogsaverroes.juntadeandalucia.es\/isabeltecnologia\/wp-json\/wp\/v2\/types\/page"}],"author":[{"embeddable":true,"href":"https:\/\/blogsaverroes.juntadeandalucia.es\/isabeltecnologia\/wp-json\/wp\/v2\/users\/7059"}],"replies":[{"embeddable":true,"href":"https:\/\/blogsaverroes.juntadeandalucia.es\/isabeltecnologia\/wp-json\/wp\/v2\/comments?post=268"}],"version-history":[{"count":6,"href":"https:\/\/blogsaverroes.juntadeandalucia.es\/isabeltecnologia\/wp-json\/wp\/v2\/pages\/268\/revisions"}],"predecessor-version":[{"id":323,"href":"https:\/\/blogsaverroes.juntadeandalucia.es\/isabeltecnologia\/wp-json\/wp\/v2\/pages\/268\/revisions\/323"}],"wp:attachment":[{"href":"https:\/\/blogsaverroes.juntadeandalucia.es\/isabeltecnologia\/wp-json\/wp\/v2\/media?parent=268"}],"curies":[{"name":"wp","href":"https:\/\/api.w.org\/{rel}","templated":true}]}}