{"id":434,"date":"2024-07-25T18:18:02","date_gmt":"2024-07-25T16:18:02","guid":{"rendered":"https:\/\/blogsaverroes.juntadeandalucia.es\/ismo\/?page_id=434"},"modified":"2025-04-02T18:22:43","modified_gmt":"2025-04-02T16:22:43","slug":"inicio","status":"publish","type":"page","link":"https:\/\/blogsaverroes.juntadeandalucia.es\/ismo\/","title":{"rendered":"Inicio"},"content":{"rendered":"<h1 style=\"text-align: center\">Bienvenidos a la p\u00e1gina web de Ismael<\/h1>\n<p>Buenas soy Ismael Ponce Gordillo, y este blog es para tener las cosillas relacionadas con el mi trabajo como profesor de Inform\u00e1tica para junta de Andaluc\u00eda. Soy Ingeniero Inform\u00e1tico y me gusta la Inform\u00e1tica.<\/p>\n<p><img loading=\"lazy\" decoding=\"async\" class=\"wp-image-501 aligncenter\" src=\"https:\/\/blogsaverroes.juntadeandalucia.es\/ismo\/files\/2025\/04\/image.jpeg\" alt=\"\" width=\"400\" height=\"30\"><\/p>\n","protected":false},"excerpt":{"rendered":"<p>Bienvenidos a la p\u00e1gina web de Ismael Buenas soy Ismael Ponce Gordillo, y este blog es para tener las cosillas relacionadas con el mi trabajo como profesor de Inform\u00e1tica para junta de Andaluc\u00eda. Soy Ingeniero Inform\u00e1tico y me gusta la Inform\u00e1tica.<\/p>\n","protected":false},"author":5479,"featured_media":0,"parent":0,"menu_order":0,"comment_status":"closed","ping_status":"closed","template":"","meta":{"ngg_post_thumbnail":0,"footnotes":""},"aioseo_notices":[],"_links":{"self":[{"href":"https:\/\/blogsaverroes.juntadeandalucia.es\/ismo\/wp-json\/wp\/v2\/pages\/434"}],"collection":[{"href":"https:\/\/blogsaverroes.juntadeandalucia.es\/ismo\/wp-json\/wp\/v2\/pages"}],"about":[{"href":"https:\/\/blogsaverroes.juntadeandalucia.es\/ismo\/wp-json\/wp\/v2\/types\/page"}],"author":[{"embeddable":true,"href":"https:\/\/blogsaverroes.juntadeandalucia.es\/ismo\/wp-json\/wp\/v2\/users\/5479"}],"replies":[{"embeddable":true,"href":"https:\/\/blogsaverroes.juntadeandalucia.es\/ismo\/wp-json\/wp\/v2\/comments?post=434"}],"version-history":[{"count":3,"href":"https:\/\/blogsaverroes.juntadeandalucia.es\/ismo\/wp-json\/wp\/v2\/pages\/434\/revisions"}],"predecessor-version":[{"id":502,"href":"https:\/\/blogsaverroes.juntadeandalucia.es\/ismo\/wp-json\/wp\/v2\/pages\/434\/revisions\/502"}],"wp:attachment":[{"href":"https:\/\/blogsaverroes.juntadeandalucia.es\/ismo\/wp-json\/wp\/v2\/media?parent=434"}],"curies":[{"name":"wp","href":"https:\/\/api.w.org\/{rel}","templated":true}]}}