{"id":36,"date":"2015-03-11T21:17:40","date_gmt":"2015-03-11T20:17:40","guid":{"rendered":"http:\/\/blogsaverroes.juntadeandalucia.es\/italianoperte\/?page_id=36"},"modified":"2022-09-03T12:44:25","modified_gmt":"2022-09-03T10:44:25","slug":"la-lingua-italiana-oggi","status":"publish","type":"page","link":"https:\/\/blogsaverroes.juntadeandalucia.es\/italianoperte\/chi-sono\/la-lingua-italiana-oggi\/","title":{"rendered":"La lingua italiana"},"content":{"rendered":"<p>Oggi la lingua italiana \u00e8 la quarta fra le lingue pi\u00f9 studiate al mondo!!! incredibile ma vero. L&#8217;italiano \u00e8 una lingua che interessa per tanti motivi&#8230;.<\/p>\n<p><a href=\"http:\/\/blogsaverroes.juntadeandalucia.es\/italianoperte\/files\/2015\/03\/cropped-studiaitaliano_1338225922_Maxthumb.png.jpeg\"><img loading=\"lazy\" decoding=\"async\" class=\"wp-image-90 size-medium aligncenter\" src=\"http:\/\/blogsaverroes.juntadeandalucia.es\/italianoperte\/files\/2015\/03\/cropped-studiaitaliano_1338225922_Maxthumb.png-300x75.jpeg\" alt=\"immagine libera presa da internet\" width=\"300\" height=\"75\" srcset=\"https:\/\/blogsaverroes.juntadeandalucia.es\/italianoperte\/files\/2015\/03\/cropped-studiaitaliano_1338225922_Maxthumb.png-300x75.jpeg 300w, https:\/\/blogsaverroes.juntadeandalucia.es\/italianoperte\/files\/2015\/03\/cropped-studiaitaliano_1338225922_Maxthumb.png.jpeg 814w\" sizes=\"(max-width: 300px) 100vw, 300px\" \/><\/a><\/p>\n<p><span style=\"color: #000080\"><strong>PERCH\u00c9 STUDIARE ITALIANO?<\/strong><\/span><\/p>\n<p>Perch\u00e9 oggi tante persone studiano italiano? Malgrado l\u2019importanza politica ed economica di altre lingue, il numero di persone che studia l\u2019italiano cresce continuamente anche in Paesi che non hanno conosciuto l\u2019immigrazione italiana.<br \/>\nLa motivazione pi\u00f9 comune \u00e8 l\u2019<strong>arricchimento culturale<\/strong>, seguita da esigenze di studio, di lavoro, per turismo o per ragioni affettive.<\/p>\n<p>L\u2019italiano \u00e8 una lingua di cultura, \u00e8 la lingua di&nbsp;<strong>Dante<\/strong>, del&nbsp;<strong>bel canto<\/strong>, della&nbsp;<strong>lirica<\/strong>. E\u2019 la lingua di grandi&nbsp;<strong>artisti<\/strong>,&nbsp;<strong>pittori<\/strong>,&nbsp;<strong>poeti<\/strong>,&nbsp;<strong>scrittori<\/strong>,&nbsp;<strong>filosofi<\/strong>. E\u2019 inoltre la lingua del<strong>Papa<\/strong>, essendo la lingua ufficiale, insieme al latino, della Citt\u00e0 del Vaticano.<br \/>\nLa lingua italiana \u00e8 una lingua musicale, aperta, varia e ridondante, per cui comprendere in italiano \u00e8 pi\u00f9 facile che in altre lingue ed \u00e8 anche pi\u00f9 piacevole.<br \/>\nMa l\u2019italiano \u00e8 anche la lingua che accompagna il&nbsp;<em>Made-in-Italy<\/em>: \u00e8 la lingua della&nbsp;<strong>moda<\/strong>, della&nbsp;<strong>cucina<\/strong> e delle&nbsp;<strong>automobili<\/strong>. Tutto questo \u00e8 sinonimo di&nbsp;<strong>qualit\u00e0<\/strong>, di&nbsp;<strong>stile<\/strong> e&nbsp;<strong>saper vivere<\/strong>. L\u2019italiano \u00e8 anche&nbsp;<em>Dolce vita<\/em>.<\/p>\n<p>L\u2019italiano \u00e8 una parte importante di quell\u2019Italia piena di tesori d\u2019<strong>arte<\/strong>, di&nbsp;<strong>paesaggi<\/strong>, di<strong>magia<\/strong>. E gli italiani sono un popolo creativo, simpatico, caloroso.<br \/>\nParlare italiano \u00e8 una risorsa per crescere dal punto di vista umano, culturale e professionale. L\u2019<strong>industria italiana<\/strong> rimane una delle pi\u00f9 importanti al mondo.<\/p>\n<p>E TU? &nbsp; PERCH\u00c9 STUDI L&#8217;ITALIANO?<\/p>\n<p>&nbsp;<\/p>\n","protected":false},"excerpt":{"rendered":"<p>Oggi la lingua italiana \u00e8 la quarta fra le lingue pi\u00f9 studiate al mondo!!! incredibile ma vero. L&#8217;italiano \u00e8 una lingua che interessa per tanti motivi&#8230;. PERCH\u00c9 STUDIARE ITALIANO? Perch\u00e9 oggi tante persone studiano&#46;&#46;&#46;<\/p>\n","protected":false},"author":1581,"featured_media":0,"parent":32,"menu_order":1,"comment_status":"open","ping_status":"open","template":"","meta":{"ngg_post_thumbnail":0,"footnotes":""},"aioseo_notices":[],"_links":{"self":[{"href":"https:\/\/blogsaverroes.juntadeandalucia.es\/italianoperte\/wp-json\/wp\/v2\/pages\/36"}],"collection":[{"href":"https:\/\/blogsaverroes.juntadeandalucia.es\/italianoperte\/wp-json\/wp\/v2\/pages"}],"about":[{"href":"https:\/\/blogsaverroes.juntadeandalucia.es\/italianoperte\/wp-json\/wp\/v2\/types\/page"}],"author":[{"embeddable":true,"href":"https:\/\/blogsaverroes.juntadeandalucia.es\/italianoperte\/wp-json\/wp\/v2\/users\/1581"}],"replies":[{"embeddable":true,"href":"https:\/\/blogsaverroes.juntadeandalucia.es\/italianoperte\/wp-json\/wp\/v2\/comments?post=36"}],"version-history":[{"count":9,"href":"https:\/\/blogsaverroes.juntadeandalucia.es\/italianoperte\/wp-json\/wp\/v2\/pages\/36\/revisions"}],"predecessor-version":[{"id":2150,"href":"https:\/\/blogsaverroes.juntadeandalucia.es\/italianoperte\/wp-json\/wp\/v2\/pages\/36\/revisions\/2150"}],"up":[{"embeddable":true,"href":"https:\/\/blogsaverroes.juntadeandalucia.es\/italianoperte\/wp-json\/wp\/v2\/pages\/32"}],"wp:attachment":[{"href":"https:\/\/blogsaverroes.juntadeandalucia.es\/italianoperte\/wp-json\/wp\/v2\/media?parent=36"}],"curies":[{"name":"wp","href":"https:\/\/api.w.org\/{rel}","templated":true}]}}