{"id":176,"date":"2020-10-07T23:54:30","date_gmt":"2020-10-07T22:54:30","guid":{"rendered":"https:\/\/blogsaverroes.juntadeandalucia.es\/javidelestal\/?page_id=176"},"modified":"2020-10-08T01:04:07","modified_gmt":"2020-10-08T00:04:07","slug":"funcion-directiva","status":"publish","type":"page","link":"https:\/\/blogsaverroes.juntadeandalucia.es\/javidelestal\/funcion-directiva\/","title":{"rendered":"Funci\u00f3n directiva"},"content":{"rendered":"<div class=\"pt-cv-wrapper\"><div class=\"pt-cv-view pt-cv-grid pt-cv-colsys\" id=\"pt-cv-view-dafdd1236v\"><div data-id=\"pt-cv-page-1\" class=\"pt-cv-page\" data-cvc=\"2\"><div class=\"col-md-6 col-sm-6 col-xs-12 pt-cv-content-item pt-cv-1-col\" ><div class='pt-cv-ifield'><a href=\"https:\/\/blogsaverroes.juntadeandalucia.es\/javidelestal\/2018\/11\/18\/plan-de-dinamizacion-biblioteca-escolar\/\" class=\"_self pt-cv-href-thumbnail pt-cv-thumb-default\" target=\"_self\" ><\/a>\n<h4 class=\"pt-cv-title\"><a href=\"https:\/\/blogsaverroes.juntadeandalucia.es\/javidelestal\/2018\/11\/18\/plan-de-dinamizacion-biblioteca-escolar\/\" class=\"_self\" target=\"_self\" >Plan de dinamizaci\u00f3n Biblioteca escolar<\/a><\/h4>\n<div class=\"pt-cv-content\">En el siguiente enlace podr\u00e9is acceder al un plan de la biblioteca escolar Plan de dinamizaci\u00f3n ...<br \/><div class=\"pt-cv-rmwrap\"><a href=\"https:\/\/blogsaverroes.juntadeandalucia.es\/javidelestal\/2018\/11\/18\/plan-de-dinamizacion-biblioteca-escolar\/\" class=\"_self pt-cv-readmore btn btn-success\" target=\"_self\">Leer M\u00e1s<\/a><\/div><\/div><\/div><\/div>\n<div class=\"col-md-6 col-sm-6 col-xs-12 pt-cv-content-item pt-cv-1-col\" ><div class='pt-cv-ifield'><a href=\"https:\/\/blogsaverroes.juntadeandalucia.es\/javidelestal\/2018\/05\/29\/proyecto-de-direccion\/\" class=\"_self pt-cv-href-thumbnail pt-cv-thumb-default\" target=\"_self\" ><\/a>\n<h4 class=\"pt-cv-title\"><a href=\"https:\/\/blogsaverroes.juntadeandalucia.es\/javidelestal\/2018\/05\/29\/proyecto-de-direccion\/\" class=\"_self\" target=\"_self\" >PROYECTO DE DIRECCI\u00d3N<\/a><\/h4>\n<div class=\"pt-cv-content\">PROYECTO DE DIRECCION intef ...<br \/><div class=\"pt-cv-rmwrap\"><a href=\"https:\/\/blogsaverroes.juntadeandalucia.es\/javidelestal\/2018\/05\/29\/proyecto-de-direccion\/\" class=\"_self pt-cv-readmore btn btn-success\" target=\"_self\">Leer M\u00e1s<\/a><\/div><\/div><\/div><\/div>\n<div class=\"col-md-6 col-sm-6 col-xs-12 pt-cv-content-item pt-cv-1-col\" ><div class='pt-cv-ifield'><a href=\"https:\/\/blogsaverroes.juntadeandalucia.es\/javidelestal\/2018\/05\/19\/plan-de-mejora-educalab\/\" class=\"_self pt-cv-href-thumbnail pt-cv-thumb-default\" target=\"_self\" ><\/a>\n<h4 class=\"pt-cv-title\"><a href=\"https:\/\/blogsaverroes.juntadeandalucia.es\/javidelestal\/2018\/05\/19\/plan-de-mejora-educalab\/\" class=\"_self\" target=\"_self\" >PLAN DE MEJORA EDUCALAB<\/a><\/h4>\n<div class=\"pt-cv-content\">A continuaci\u00f3n os presento un plan de mejora con sus correspondientes acciones para los 6 objetivos formulados. A su vez, ...<br \/><div class=\"pt-cv-rmwrap\"><a href=\"https:\/\/blogsaverroes.juntadeandalucia.es\/javidelestal\/2018\/05\/19\/plan-de-mejora-educalab\/\" class=\"_self pt-cv-readmore btn btn-success\" target=\"_self\">Leer M\u00e1s<\/a><\/div><\/div><\/div><\/div>\n<div class=\"col-md-6 col-sm-6 col-xs-12 pt-cv-content-item pt-cv-1-col\" ><div class='pt-cv-ifield'><a href=\"https:\/\/blogsaverroes.juntadeandalucia.es\/javidelestal\/2018\/05\/15\/analisis-de-los-resultados-sobre-la-evolucion-interna\/\" class=\"_self pt-cv-href-thumbnail pt-cv-thumb-default\" target=\"_self\" ><\/a>\n<h4 class=\"pt-cv-title\"><a href=\"https:\/\/blogsaverroes.juntadeandalucia.es\/javidelestal\/2018\/05\/15\/analisis-de-los-resultados-sobre-la-evolucion-interna\/\" class=\"_self\" target=\"_self\" >AN\u00c1LISIS DE LOS RESULTADOS SOBRE LA EVOLUCI\u00d3N INTERNA<\/a><\/h4>\n<div class=\"pt-cv-content\">AN\u00c1LISIS DE LOS RESULTADOS SOBRE LA EVOLUCI\u00d3N INTERNA Este instrumento de evaluaci\u00f3n interna nos va a permitir conocer que espacios ...<br \/><div class=\"pt-cv-rmwrap\"><a href=\"https:\/\/blogsaverroes.juntadeandalucia.es\/javidelestal\/2018\/05\/15\/analisis-de-los-resultados-sobre-la-evolucion-interna\/\" class=\"_self pt-cv-readmore btn btn-success\" target=\"_self\">Leer M\u00e1s<\/a><\/div><\/div><\/div><\/div>\n<div class=\"col-md-6 col-sm-6 col-xs-12 pt-cv-content-item pt-cv-1-col\" ><div class='pt-cv-ifield'><a href=\"https:\/\/blogsaverroes.juntadeandalucia.es\/javidelestal\/2018\/04\/25\/symbaloo-una-grata-sorpresa\/\" class=\"_self pt-cv-href-thumbnail pt-cv-thumb-default\" target=\"_self\" ><\/a>\n<h4 class=\"pt-cv-title\"><a href=\"https:\/\/blogsaverroes.juntadeandalucia.es\/javidelestal\/2018\/04\/25\/symbaloo-una-grata-sorpresa\/\" class=\"_self\" target=\"_self\" >Symbaloo, una grata sorpresa!<\/a><\/h4>\n<div class=\"pt-cv-content\">Symbaloo es un escritorio on line que nos permite organizar en un tablero los recursos que deseemos tener accesibles. Este ...<br \/><div class=\"pt-cv-rmwrap\"><a href=\"https:\/\/blogsaverroes.juntadeandalucia.es\/javidelestal\/2018\/04\/25\/symbaloo-una-grata-sorpresa\/\" class=\"_self pt-cv-readmore btn btn-success\" target=\"_self\">Leer M\u00e1s<\/a><\/div><\/div><\/div><\/div>\n<div class=\"col-md-6 col-sm-6 col-xs-12 pt-cv-content-item pt-cv-1-col\" ><div class='pt-cv-ifield'><a href=\"https:\/\/blogsaverroes.juntadeandalucia.es\/javidelestal\/2018\/04\/22\/gestion-del-tiempo\/\" class=\"_self pt-cv-href-thumbnail pt-cv-thumb-default\" target=\"_self\" ><\/a>\n<h4 class=\"pt-cv-title\"><a href=\"https:\/\/blogsaverroes.juntadeandalucia.es\/javidelestal\/2018\/04\/22\/gestion-del-tiempo\/\" class=\"_self\" target=\"_self\" >Gesti\u00f3n del tiempo<\/a><\/h4>\n<div class=\"pt-cv-content\">A traves de este enlace os dejo la infograf\u00eda realizada Gesti\u00f3n del tiempo infograf\u00eda ...<br \/><div class=\"pt-cv-rmwrap\"><a href=\"https:\/\/blogsaverroes.juntadeandalucia.es\/javidelestal\/2018\/04\/22\/gestion-del-tiempo\/\" class=\"_self pt-cv-readmore btn btn-success\" target=\"_self\">Leer M\u00e1s<\/a><\/div><\/div><\/div><\/div>\n<div class=\"col-md-6 col-sm-6 col-xs-12 pt-cv-content-item pt-cv-1-col\" ><div class='pt-cv-ifield'><a href=\"https:\/\/blogsaverroes.juntadeandalucia.es\/javidelestal\/2018\/04\/22\/gestion-de-recursos-humanos-habilidades-tecnicas-y-personales\/\" class=\"_self pt-cv-href-thumbnail pt-cv-thumb-default\" target=\"_self\" ><\/a>\n<h4 class=\"pt-cv-title\"><a href=\"https:\/\/blogsaverroes.juntadeandalucia.es\/javidelestal\/2018\/04\/22\/gestion-de-recursos-humanos-habilidades-tecnicas-y-personales\/\" class=\"_self\" target=\"_self\" >Gesti\u00f3n de recursos humanos. Habilidades t\u00e9cnicas y personales<\/a><\/h4>\n<div class=\"pt-cv-content\">La diana de evaluaci\u00f3n es una herramienta sencilla y visual con la que podemos evaluar varios items (seg\u00fan el n\u00famero ...<br \/><div class=\"pt-cv-rmwrap\"><a href=\"https:\/\/blogsaverroes.juntadeandalucia.es\/javidelestal\/2018\/04\/22\/gestion-de-recursos-humanos-habilidades-tecnicas-y-personales\/\" class=\"_self pt-cv-readmore btn btn-success\" target=\"_self\">Leer M\u00e1s<\/a><\/div><\/div><\/div><\/div>\n<div class=\"col-md-6 col-sm-6 col-xs-12 pt-cv-content-item pt-cv-1-col\" ><div class='pt-cv-ifield'><a href=\"https:\/\/blogsaverroes.juntadeandalucia.es\/javidelestal\/2018\/04\/07\/plan-de-comunicacion-externainterna-de-un-centro-educativo\/\" class=\"_self pt-cv-href-thumbnail pt-cv-thumb-default\" target=\"_self\" ><\/a>\n<h4 class=\"pt-cv-title\"><a href=\"https:\/\/blogsaverroes.juntadeandalucia.es\/javidelestal\/2018\/04\/07\/plan-de-comunicacion-externainterna-de-un-centro-educativo\/\" class=\"_self\" target=\"_self\" >PLAN DE COMUNICACI\u00d3N EXTERNA\/INTERNA DE UN CENTRO EDUCATIVO<\/a><\/h4>\n<div class=\"pt-cv-content\">PLAN DE COMUNICACI\u00d3N EXTERNA\/INTERNA DE UN CENTRO EDUCATIVO Objetivos El objetivo principal ser\u00e1 el de mantener una comunicaci\u00f3n multidireccional y ...<br \/><div class=\"pt-cv-rmwrap\"><a href=\"https:\/\/blogsaverroes.juntadeandalucia.es\/javidelestal\/2018\/04\/07\/plan-de-comunicacion-externainterna-de-un-centro-educativo\/\" class=\"_self pt-cv-readmore btn btn-success\" target=\"_self\">Leer M\u00e1s<\/a><\/div><\/div><\/div><\/div>\n<div class=\"col-md-6 col-sm-6 col-xs-12 pt-cv-content-item pt-cv-1-col\" ><div class='pt-cv-ifield'><a href=\"https:\/\/blogsaverroes.juntadeandalucia.es\/javidelestal\/2018\/04\/06\/analisis-dafo\/\" class=\"_self pt-cv-href-thumbnail pt-cv-thumb-default\" target=\"_self\" ><\/a>\n<h4 class=\"pt-cv-title\"><a href=\"https:\/\/blogsaverroes.juntadeandalucia.es\/javidelestal\/2018\/04\/06\/analisis-dafo\/\" class=\"_self\" target=\"_self\" >An\u00e1lisis DAFO<\/a><\/h4>\n<div class=\"pt-cv-content\">An\u00e1lisis DAFO DEBILIDADES AMENAZAS \u2022 Plantilla inestable. \u2022 Imposibilidad de gestionar todas las etapas . \u2022 Falta de Perfiles Administrativos ...<br \/><div class=\"pt-cv-rmwrap\"><a href=\"https:\/\/blogsaverroes.juntadeandalucia.es\/javidelestal\/2018\/04\/06\/analisis-dafo\/\" class=\"_self pt-cv-readmore btn btn-success\" target=\"_self\">Leer M\u00e1s<\/a><\/div><\/div><\/div><\/div>\n<div class=\"col-md-6 col-sm-6 col-xs-12 pt-cv-content-item pt-cv-1-col\" ><div class='pt-cv-ifield'><a href=\"https:\/\/blogsaverroes.juntadeandalucia.es\/javidelestal\/2018\/03\/24\/expectativas-sobre-el-curso-funcion-directiva\/\" class=\"_self pt-cv-href-thumbnail pt-cv-thumb-default\" target=\"_self\" ><\/a>\n<h4 class=\"pt-cv-title\"><a href=\"https:\/\/blogsaverroes.juntadeandalucia.es\/javidelestal\/2018\/03\/24\/expectativas-sobre-el-curso-funcion-directiva\/\" class=\"_self\" target=\"_self\" >Expectativas sobre el curso Funci\u00f3n directiva<\/a><\/h4>\n<div class=\"pt-cv-content\">Mis expectativas en este curso es la de iniciarme en el campo de la funci\u00f3n directiva, ya que por distintas ...<br \/><div class=\"pt-cv-rmwrap\"><a href=\"https:\/\/blogsaverroes.juntadeandalucia.es\/javidelestal\/2018\/03\/24\/expectativas-sobre-el-curso-funcion-directiva\/\" class=\"_self pt-cv-readmore btn btn-success\" target=\"_self\">Leer M\u00e1s<\/a><\/div><\/div><\/div><\/div><\/div><\/div><\/div>\n","protected":false},"excerpt":{"rendered":"","protected":false},"author":6066,"featured_media":0,"parent":0,"menu_order":0,"comment_status":"closed","ping_status":"closed","template":"","meta":{"ngg_post_thumbnail":0,"footnotes":""},"aioseo_notices":[],"_links":{"self":[{"href":"https:\/\/blogsaverroes.juntadeandalucia.es\/javidelestal\/wp-json\/wp\/v2\/pages\/176"}],"collection":[{"href":"https:\/\/blogsaverroes.juntadeandalucia.es\/javidelestal\/wp-json\/wp\/v2\/pages"}],"about":[{"href":"https:\/\/blogsaverroes.juntadeandalucia.es\/javidelestal\/wp-json\/wp\/v2\/types\/page"}],"author":[{"embeddable":true,"href":"https:\/\/blogsaverroes.juntadeandalucia.es\/javidelestal\/wp-json\/wp\/v2\/users\/6066"}],"replies":[{"embeddable":true,"href":"https:\/\/blogsaverroes.juntadeandalucia.es\/javidelestal\/wp-json\/wp\/v2\/comments?post=176"}],"version-history":[{"count":2,"href":"https:\/\/blogsaverroes.juntadeandalucia.es\/javidelestal\/wp-json\/wp\/v2\/pages\/176\/revisions"}],"predecessor-version":[{"id":192,"href":"https:\/\/blogsaverroes.juntadeandalucia.es\/javidelestal\/wp-json\/wp\/v2\/pages\/176\/revisions\/192"}],"wp:attachment":[{"href":"https:\/\/blogsaverroes.juntadeandalucia.es\/javidelestal\/wp-json\/wp\/v2\/media?parent=176"}],"curies":[{"name":"wp","href":"https:\/\/api.w.org\/{rel}","templated":true}]}}