{"id":178,"date":"2020-10-07T23:54:54","date_gmt":"2020-10-07T22:54:54","guid":{"rendered":"https:\/\/blogsaverroes.juntadeandalucia.es\/javidelestal\/?page_id=178"},"modified":"2020-10-08T01:02:27","modified_gmt":"2020-10-08T00:02:27","slug":"bnescolar","status":"publish","type":"page","link":"https:\/\/blogsaverroes.juntadeandalucia.es\/javidelestal\/bnescolar\/","title":{"rendered":"BNEscolar"},"content":{"rendered":"<div class=\"pt-cv-wrapper\"><div class=\"pt-cv-view pt-cv-grid pt-cv-colsys\" id=\"pt-cv-view-6535f22nf4\"><div data-id=\"pt-cv-page-1\" class=\"pt-cv-page\" data-cvc=\"2\"><div class=\"col-md-6 col-sm-6 col-xs-12 pt-cv-content-item pt-cv-1-col\" ><div class='pt-cv-ifield'><a href=\"https:\/\/blogsaverroes.juntadeandalucia.es\/javidelestal\/2020\/11\/04\/evaluacion-sobre-la-guia-docente-de-la-secuencia-didactica-el-descubrimiento-de-america-y-cristobal-colon\/\" class=\"_self pt-cv-href-thumbnail pt-cv-thumb-default\" target=\"_self\" ><img fetchpriority=\"high\" decoding=\"async\" width=\"219\" height=\"230\" src=\"https:\/\/blogsaverroes.juntadeandalucia.es\/javidelestal\/files\/2020\/11\/aa.jpg\" class=\"pt-cv-thumbnail\" alt=\"\" srcset=\"https:\/\/blogsaverroes.juntadeandalucia.es\/javidelestal\/files\/2020\/11\/aa.jpg 219w, https:\/\/blogsaverroes.juntadeandalucia.es\/javidelestal\/files\/2020\/11\/aa-24x24.jpg 24w, https:\/\/blogsaverroes.juntadeandalucia.es\/javidelestal\/files\/2020\/11\/aa-34x36.jpg 34w, https:\/\/blogsaverroes.juntadeandalucia.es\/javidelestal\/files\/2020\/11\/aa-46x48.jpg 46w\" sizes=\"(max-width: 219px) 100vw, 219px\" \/><\/a>\n<h4 class=\"pt-cv-title\"><a href=\"https:\/\/blogsaverroes.juntadeandalucia.es\/javidelestal\/2020\/11\/04\/evaluacion-sobre-la-guia-docente-de-la-secuencia-didactica-el-descubrimiento-de-america-y-cristobal-colon\/\" class=\"_self\" target=\"_self\" >EVALUACI\u00d3N SOBRE LA GUIA DOCENTE DE LA SECUENCIA DID\u00c1CTICA \u201cEL DESCUBRIMIENTO DE AM\u00c9RICA Y CRISTOBAL COL\u00d3N\u201d<\/a><\/h4>\n<div class=\"pt-cv-content\">EVALUACI\u00d3N SOBRE LA GUIA DOCENTE DE LA SECUENCIA DID\u00c1CTICA \u201cEL DESCUBRIMIENTO DE AM\u00c9RICA Y CRISTOBAL COL\u00d3N\u201d La evaluaci\u00f3n la han ...<br \/><div class=\"pt-cv-rmwrap\"><a href=\"https:\/\/blogsaverroes.juntadeandalucia.es\/javidelestal\/2020\/11\/04\/evaluacion-sobre-la-guia-docente-de-la-secuencia-didactica-el-descubrimiento-de-america-y-cristobal-colon\/\" class=\"_self pt-cv-readmore btn btn-success\" target=\"_self\">Leer M\u00e1s<\/a><\/div><\/div><\/div><\/div>\n<div class=\"col-md-6 col-sm-6 col-xs-12 pt-cv-content-item pt-cv-1-col\" ><div class='pt-cv-ifield'><a href=\"https:\/\/blogsaverroes.juntadeandalucia.es\/javidelestal\/2020\/11\/02\/guia-docente-el-descubrimiento-de-america-y-cristobal-colon\/\" class=\"_self pt-cv-href-thumbnail pt-cv-thumb-default\" target=\"_self\" ><img decoding=\"async\" width=\"300\" height=\"141\" src=\"https:\/\/blogsaverroes.juntadeandalucia.es\/javidelestal\/files\/2020\/11\/dd-300x141.jpg\" class=\"pt-cv-thumbnail\" alt=\"\" srcset=\"https:\/\/blogsaverroes.juntadeandalucia.es\/javidelestal\/files\/2020\/11\/dd-300x141.jpg 300w, https:\/\/blogsaverroes.juntadeandalucia.es\/javidelestal\/files\/2020\/11\/dd-24x11.jpg 24w, https:\/\/blogsaverroes.juntadeandalucia.es\/javidelestal\/files\/2020\/11\/dd-36x17.jpg 36w, https:\/\/blogsaverroes.juntadeandalucia.es\/javidelestal\/files\/2020\/11\/dd-48x23.jpg 48w, https:\/\/blogsaverroes.juntadeandalucia.es\/javidelestal\/files\/2020\/11\/dd.jpg 327w\" sizes=\"(max-width: 300px) 100vw, 300px\" \/><\/a>\n<h4 class=\"pt-cv-title\"><a href=\"https:\/\/blogsaverroes.juntadeandalucia.es\/javidelestal\/2020\/11\/02\/guia-docente-el-descubrimiento-de-america-y-cristobal-colon\/\" class=\"_self\" target=\"_self\" >Gu\u00eda docente \u00abEl descubrimiento de Am\u00e9rica y Cristobal Col\u00f3n\u00bb<\/a><\/h4>\n<div class=\"pt-cv-content\">La actividad propuesta en el reto 4 \"Crea y comparte tu experiencia de aprendizaje\" es el desarrollo de una GU\u00cdA ...<br \/><div class=\"pt-cv-rmwrap\"><a href=\"https:\/\/blogsaverroes.juntadeandalucia.es\/javidelestal\/2020\/11\/02\/guia-docente-el-descubrimiento-de-america-y-cristobal-colon\/\" class=\"_self pt-cv-readmore btn btn-success\" target=\"_self\">Leer M\u00e1s<\/a><\/div><\/div><\/div><\/div>\n<div class=\"col-md-6 col-sm-6 col-xs-12 pt-cv-content-item pt-cv-1-col\" ><div class='pt-cv-ifield'><a href=\"https:\/\/blogsaverroes.juntadeandalucia.es\/javidelestal\/2020\/10\/24\/secuencia-didactica-cristobal-colon-bloque-3-bnescolar\/\" class=\"_self pt-cv-href-thumbnail pt-cv-thumb-default\" target=\"_self\" ><img decoding=\"async\" width=\"300\" height=\"168\" src=\"https:\/\/blogsaverroes.juntadeandalucia.es\/javidelestal\/files\/2020\/10\/sd.jpg\" class=\"pt-cv-thumbnail\" alt=\"\" srcset=\"https:\/\/blogsaverroes.juntadeandalucia.es\/javidelestal\/files\/2020\/10\/sd.jpg 300w, https:\/\/blogsaverroes.juntadeandalucia.es\/javidelestal\/files\/2020\/10\/sd-24x13.jpg 24w, https:\/\/blogsaverroes.juntadeandalucia.es\/javidelestal\/files\/2020\/10\/sd-36x20.jpg 36w, https:\/\/blogsaverroes.juntadeandalucia.es\/javidelestal\/files\/2020\/10\/sd-48x27.jpg 48w\" sizes=\"(max-width: 300px) 100vw, 300px\" \/><\/a>\n<h4 class=\"pt-cv-title\"><a href=\"https:\/\/blogsaverroes.juntadeandalucia.es\/javidelestal\/2020\/10\/24\/secuencia-didactica-cristobal-colon-bloque-3-bnescolar\/\" class=\"_self\" target=\"_self\" >Secuencia did\u00e1ctica: Cristobal Col\u00f3n. Bloque 3 BNEscolar<\/a><\/h4>\n<div class=\"pt-cv-content\"> ...<br \/><div class=\"pt-cv-rmwrap\"><a href=\"https:\/\/blogsaverroes.juntadeandalucia.es\/javidelestal\/2020\/10\/24\/secuencia-didactica-cristobal-colon-bloque-3-bnescolar\/\" class=\"_self pt-cv-readmore btn btn-success\" target=\"_self\">Leer M\u00e1s<\/a><\/div><\/div><\/div><\/div>\n<div class=\"col-md-6 col-sm-6 col-xs-12 pt-cv-content-item pt-cv-1-col\" ><div class='pt-cv-ifield'><a href=\"https:\/\/blogsaverroes.juntadeandalucia.es\/javidelestal\/2020\/10\/15\/los-desastres-de-la-guerra-realidades-cruzadas\/\" class=\"_self pt-cv-href-thumbnail pt-cv-thumb-default\" target=\"_self\" ><img loading=\"lazy\" decoding=\"async\" width=\"284\" height=\"177\" src=\"https:\/\/blogsaverroes.juntadeandalucia.es\/javidelestal\/files\/2020\/10\/kkk.jpg\" class=\"pt-cv-thumbnail\" alt=\"\" srcset=\"https:\/\/blogsaverroes.juntadeandalucia.es\/javidelestal\/files\/2020\/10\/kkk.jpg 284w, https:\/\/blogsaverroes.juntadeandalucia.es\/javidelestal\/files\/2020\/10\/kkk-24x15.jpg 24w, https:\/\/blogsaverroes.juntadeandalucia.es\/javidelestal\/files\/2020\/10\/kkk-36x22.jpg 36w, https:\/\/blogsaverroes.juntadeandalucia.es\/javidelestal\/files\/2020\/10\/kkk-48x30.jpg 48w\" sizes=\"(max-width: 284px) 100vw, 284px\" \/><\/a>\n<h4 class=\"pt-cv-title\"><a href=\"https:\/\/blogsaverroes.juntadeandalucia.es\/javidelestal\/2020\/10\/15\/los-desastres-de-la-guerra-realidades-cruzadas\/\" class=\"_self\" target=\"_self\" >Los desastres de la guerra: Realidades cruzadas<\/a><\/h4>\n<div class=\"pt-cv-content\">Esta actividad que hemos llevado a cabo esta englobada en el Reto 2. Puesta en pr\u00e1ctica de una de las ...<br \/><div class=\"pt-cv-rmwrap\"><a href=\"https:\/\/blogsaverroes.juntadeandalucia.es\/javidelestal\/2020\/10\/15\/los-desastres-de-la-guerra-realidades-cruzadas\/\" class=\"_self pt-cv-readmore btn btn-success\" target=\"_self\">Leer M\u00e1s<\/a><\/div><\/div><\/div><\/div>\n<div class=\"col-md-6 col-sm-6 col-xs-12 pt-cv-content-item pt-cv-1-col\" ><div class='pt-cv-ifield'><a href=\"https:\/\/blogsaverroes.juntadeandalucia.es\/javidelestal\/2020\/10\/07\/microproyecto-colaborativo-bnescolar\/\" class=\"_self pt-cv-href-thumbnail pt-cv-thumb-default\" target=\"_self\" ><img loading=\"lazy\" decoding=\"async\" width=\"300\" height=\"114\" src=\"https:\/\/blogsaverroes.juntadeandalucia.es\/javidelestal\/files\/2020\/10\/bnn-300x114.png\" class=\"pt-cv-thumbnail\" alt=\"\" srcset=\"https:\/\/blogsaverroes.juntadeandalucia.es\/javidelestal\/files\/2020\/10\/bnn-300x114.png 300w, https:\/\/blogsaverroes.juntadeandalucia.es\/javidelestal\/files\/2020\/10\/bnn-24x9.png 24w, https:\/\/blogsaverroes.juntadeandalucia.es\/javidelestal\/files\/2020\/10\/bnn-36x14.png 36w, https:\/\/blogsaverroes.juntadeandalucia.es\/javidelestal\/files\/2020\/10\/bnn-48x18.png 48w, https:\/\/blogsaverroes.juntadeandalucia.es\/javidelestal\/files\/2020\/10\/bnn.png 364w\" sizes=\"(max-width: 300px) 100vw, 300px\" \/><\/a>\n<h4 class=\"pt-cv-title\"><a href=\"https:\/\/blogsaverroes.juntadeandalucia.es\/javidelestal\/2020\/10\/07\/microproyecto-colaborativo-bnescolar\/\" class=\"_self\" target=\"_self\" >Microproyecto colaborativo BNEscolar<\/a><\/h4>\n<div class=\"pt-cv-content\">La obra que he seleccionado en un libro que representa la historia sobre la importancia de la ciudad de Guadix, ...<br \/><div class=\"pt-cv-rmwrap\"><a href=\"https:\/\/blogsaverroes.juntadeandalucia.es\/javidelestal\/2020\/10\/07\/microproyecto-colaborativo-bnescolar\/\" class=\"_self pt-cv-readmore btn btn-success\" target=\"_self\">Leer M\u00e1s<\/a><\/div><\/div><\/div><\/div>\n<div class=\"col-md-6 col-sm-6 col-xs-12 pt-cv-content-item pt-cv-1-col\" ><div class='pt-cv-ifield'><a href=\"https:\/\/blogsaverroes.juntadeandalucia.es\/javidelestal\/2020\/10\/07\/creamos-nuestro-perfil-en-bnescolar\/\" class=\"_self pt-cv-href-thumbnail pt-cv-thumb-default\" target=\"_self\" ><img loading=\"lazy\" decoding=\"async\" width=\"300\" height=\"116\" src=\"https:\/\/blogsaverroes.juntadeandalucia.es\/javidelestal\/files\/2020\/10\/cv-300x116.jpg\" class=\"pt-cv-thumbnail\" alt=\"\" srcset=\"https:\/\/blogsaverroes.juntadeandalucia.es\/javidelestal\/files\/2020\/10\/cv-300x116.jpg 300w, https:\/\/blogsaverroes.juntadeandalucia.es\/javidelestal\/files\/2020\/10\/cv-332x129.jpg 332w, https:\/\/blogsaverroes.juntadeandalucia.es\/javidelestal\/files\/2020\/10\/cv-24x9.jpg 24w, https:\/\/blogsaverroes.juntadeandalucia.es\/javidelestal\/files\/2020\/10\/cv-36x14.jpg 36w, https:\/\/blogsaverroes.juntadeandalucia.es\/javidelestal\/files\/2020\/10\/cv-48x19.jpg 48w, https:\/\/blogsaverroes.juntadeandalucia.es\/javidelestal\/files\/2020\/10\/cv.jpg 361w\" sizes=\"(max-width: 300px) 100vw, 300px\" \/><\/a>\n<h4 class=\"pt-cv-title\"><a href=\"https:\/\/blogsaverroes.juntadeandalucia.es\/javidelestal\/2020\/10\/07\/creamos-nuestro-perfil-en-bnescolar\/\" class=\"_self\" target=\"_self\" >Creamos nuestro perfil en BNEscolar<\/a><\/h4>\n<div class=\"pt-cv-content\">Los recursos que m\u00e1s me han llamado la atenci\u00f3n entre todas las que he visitado en BNEscolar son los desaf\u00edos ...<br \/><div class=\"pt-cv-rmwrap\"><a href=\"https:\/\/blogsaverroes.juntadeandalucia.es\/javidelestal\/2020\/10\/07\/creamos-nuestro-perfil-en-bnescolar\/\" class=\"_self pt-cv-readmore btn btn-success\" target=\"_self\">Leer M\u00e1s<\/a><\/div><\/div><\/div><\/div>\n<div class=\"col-md-6 col-sm-6 col-xs-12 pt-cv-content-item pt-cv-1-col\" ><div class='pt-cv-ifield'><a href=\"https:\/\/blogsaverroes.juntadeandalucia.es\/javidelestal\/2020\/10\/06\/mi-presentacion-de-bnescolar\/\" class=\"_self pt-cv-href-thumbnail pt-cv-thumb-default\" target=\"_self\" ><img loading=\"lazy\" decoding=\"async\" width=\"300\" height=\"300\" src=\"https:\/\/blogsaverroes.juntadeandalucia.es\/javidelestal\/files\/2020\/10\/yyyy-300x300.png\" class=\"pt-cv-thumbnail\" alt=\"\" srcset=\"https:\/\/blogsaverroes.juntadeandalucia.es\/javidelestal\/files\/2020\/10\/yyyy-300x300.png 300w, https:\/\/blogsaverroes.juntadeandalucia.es\/javidelestal\/files\/2020\/10\/yyyy-150x150.png 150w, https:\/\/blogsaverroes.juntadeandalucia.es\/javidelestal\/files\/2020\/10\/yyyy-100x100.png 100w, https:\/\/blogsaverroes.juntadeandalucia.es\/javidelestal\/files\/2020\/10\/yyyy-332x332.png 332w, https:\/\/blogsaverroes.juntadeandalucia.es\/javidelestal\/files\/2020\/10\/yyyy-268x268.png 268w, https:\/\/blogsaverroes.juntadeandalucia.es\/javidelestal\/files\/2020\/10\/yyyy-24x24.png 24w, https:\/\/blogsaverroes.juntadeandalucia.es\/javidelestal\/files\/2020\/10\/yyyy-36x36.png 36w, https:\/\/blogsaverroes.juntadeandalucia.es\/javidelestal\/files\/2020\/10\/yyyy-48x48.png 48w, https:\/\/blogsaverroes.juntadeandalucia.es\/javidelestal\/files\/2020\/10\/yyyy-e1602055864747.png 200w\" sizes=\"(max-width: 300px) 100vw, 300px\" \/><\/a>\n<h4 class=\"pt-cv-title\"><a href=\"https:\/\/blogsaverroes.juntadeandalucia.es\/javidelestal\/2020\/10\/06\/mi-presentacion-de-bnescolar\/\" class=\"_self\" target=\"_self\" >Mi presentaci\u00f3n de BNEscolar<\/a><\/h4>\n<div class=\"pt-cv-content\">\u00a1Hola! para realizar la formaci\u00f3n en el MOOC voy a utilizar el Blog \"La docencia con Del Estal\". Conoc\u00ed la ...<br \/><div class=\"pt-cv-rmwrap\"><a href=\"https:\/\/blogsaverroes.juntadeandalucia.es\/javidelestal\/2020\/10\/06\/mi-presentacion-de-bnescolar\/\" class=\"_self pt-cv-readmore btn btn-success\" target=\"_self\">Leer M\u00e1s<\/a><\/div><\/div><\/div><\/div><\/div><\/div><\/div>\n","protected":false},"excerpt":{"rendered":"","protected":false},"author":6066,"featured_media":0,"parent":0,"menu_order":0,"comment_status":"closed","ping_status":"closed","template":"","meta":{"ngg_post_thumbnail":0,"footnotes":""},"aioseo_notices":[],"_links":{"self":[{"href":"https:\/\/blogsaverroes.juntadeandalucia.es\/javidelestal\/wp-json\/wp\/v2\/pages\/178"}],"collection":[{"href":"https:\/\/blogsaverroes.juntadeandalucia.es\/javidelestal\/wp-json\/wp\/v2\/pages"}],"about":[{"href":"https:\/\/blogsaverroes.juntadeandalucia.es\/javidelestal\/wp-json\/wp\/v2\/types\/page"}],"author":[{"embeddable":true,"href":"https:\/\/blogsaverroes.juntadeandalucia.es\/javidelestal\/wp-json\/wp\/v2\/users\/6066"}],"replies":[{"embeddable":true,"href":"https:\/\/blogsaverroes.juntadeandalucia.es\/javidelestal\/wp-json\/wp\/v2\/comments?post=178"}],"version-history":[{"count":2,"href":"https:\/\/blogsaverroes.juntadeandalucia.es\/javidelestal\/wp-json\/wp\/v2\/pages\/178\/revisions"}],"predecessor-version":[{"id":190,"href":"https:\/\/blogsaverroes.juntadeandalucia.es\/javidelestal\/wp-json\/wp\/v2\/pages\/178\/revisions\/190"}],"wp:attachment":[{"href":"https:\/\/blogsaverroes.juntadeandalucia.es\/javidelestal\/wp-json\/wp\/v2\/media?parent=178"}],"curies":[{"name":"wp","href":"https:\/\/api.w.org\/{rel}","templated":true}]}}