{"id":1023,"date":"2023-10-31T15:40:13","date_gmt":"2023-10-31T15:40:13","guid":{"rendered":"https:\/\/blogsaverroes.juntadeandalucia.es\/jbaloni\/?page_id=1023"},"modified":"2025-09-08T09:52:50","modified_gmt":"2025-09-08T09:52:50","slug":"cert-exams","status":"publish","type":"page","link":"https:\/\/blogsaverroes.juntadeandalucia.es\/jbaloni\/cert-exams\/","title":{"rendered":"Exams PEC"},"content":{"rendered":"<p><a href=\"https:\/\/www.juntadeandalucia.es\/educacion\/portals\/web\/ced\/idiomas\/pruebas-de-certificacion\/modelos-convocatoria-anterior\" target=\"_blank\" rel=\"noopener noreferrer\">Modelos de ex\u00e1menes convocatorias anteriores<\/a><\/p>\n<p><a href=\"https:\/\/blogsaverroes.juntadeandalucia.es\/jbaloni\/files\/2023\/11\/Orientaciones-PEC-JB.docx\">Orientaciones PEC JB<\/a><\/p>\n<p id=\"detalle_tablas-de-evaluacion-y-calificacion-para-las-pec\" class=\"titulo\"><a href=\"https:\/\/www.juntadeandalucia.es\/educacion\/portals\/web\/ced\/contenidos\/-\/contenidos\/detalle\/tablas-de-evaluacion-y-calificacion-para-las-pec\" target=\"_blank\" rel=\"noopener noreferrer\">Tablas de evaluaci\u00f3n y calificaci\u00f3n para las PEC<\/a><\/p>\n<p>&nbsp;<\/p>\n","protected":false},"excerpt":{"rendered":"<p>Modelos de ex\u00e1menes convocatorias anteriores Orientaciones PEC JB Tablas de evaluaci\u00f3n y calificaci\u00f3n para las PEC &nbsp;<\/p>\n","protected":false},"author":5711,"featured_media":0,"parent":0,"menu_order":0,"comment_status":"closed","ping_status":"closed","template":"","meta":{"ngg_post_thumbnail":0,"footnotes":""},"aioseo_notices":[],"_links":{"self":[{"href":"https:\/\/blogsaverroes.juntadeandalucia.es\/jbaloni\/wp-json\/wp\/v2\/pages\/1023"}],"collection":[{"href":"https:\/\/blogsaverroes.juntadeandalucia.es\/jbaloni\/wp-json\/wp\/v2\/pages"}],"about":[{"href":"https:\/\/blogsaverroes.juntadeandalucia.es\/jbaloni\/wp-json\/wp\/v2\/types\/page"}],"author":[{"embeddable":true,"href":"https:\/\/blogsaverroes.juntadeandalucia.es\/jbaloni\/wp-json\/wp\/v2\/users\/5711"}],"replies":[{"embeddable":true,"href":"https:\/\/blogsaverroes.juntadeandalucia.es\/jbaloni\/wp-json\/wp\/v2\/comments?post=1023"}],"version-history":[{"count":12,"href":"https:\/\/blogsaverroes.juntadeandalucia.es\/jbaloni\/wp-json\/wp\/v2\/pages\/1023\/revisions"}],"predecessor-version":[{"id":1099,"href":"https:\/\/blogsaverroes.juntadeandalucia.es\/jbaloni\/wp-json\/wp\/v2\/pages\/1023\/revisions\/1099"}],"wp:attachment":[{"href":"https:\/\/blogsaverroes.juntadeandalucia.es\/jbaloni\/wp-json\/wp\/v2\/media?parent=1023"}],"curies":[{"name":"wp","href":"https:\/\/api.w.org\/{rel}","templated":true}]}}