{"id":13,"date":"2024-11-11T12:34:13","date_gmt":"2024-11-11T11:34:13","guid":{"rendered":"https:\/\/blogsaverroes.juntadeandalucia.es\/jeanineprofesorafrances\/?page_id=13"},"modified":"2024-11-11T12:34:13","modified_gmt":"2024-11-11T11:34:13","slug":"quien-soy","status":"publish","type":"page","link":"https:\/\/blogsaverroes.juntadeandalucia.es\/jeanineprofesorafrances\/","title":{"rendered":"\u00bfQui\u00e9n soy?"},"content":{"rendered":"<p>\u00a1Hola!<\/p>\n<p>Me llamo Jeanine Parrilla P\u00e9rez y actualmente soy profesora de Franc\u00e9s en el Instituto B\u00fbry al-Hamma de Ba\u00f1os de la Encina (Ja\u00e9n). Como bien indica mi nombre, nac\u00ed en Francia y viv\u00ed all\u00ed durante 16 a\u00f1os. Ya instalada en Espa\u00f1a, \u00bfqu\u00e9 mejor que utilizar la ventaja de ser biling\u00fce? Y aqu\u00ed estoy, intentando ense\u00f1ar mi primera lengua materna.<\/p>\n<p>En este Blog encontrar\u00e9is un poco de todo pero siempre relacionado con el Franc\u00e9s o con las actividades que realizo con mi alumnado.<\/p>\n<p>Espero que os sirva.<\/p>\n<p>Jeanine<\/p>\n","protected":false},"excerpt":{"rendered":"<p>\u00a1Hola! Me llamo Jeanine Parrilla P\u00e9rez y actualmente soy profesora de Franc\u00e9s en el Instituto B\u00fbry al-Hamma de Ba\u00f1os de la Encina (Ja\u00e9n). Como bien indica mi nombre, nac\u00ed en Francia y viv\u00ed all\u00ed&#46;&#46;&#46;<\/p>\n","protected":false},"author":19956,"featured_media":0,"parent":0,"menu_order":0,"comment_status":"closed","ping_status":"closed","template":"","meta":{"footnotes":""},"aioseo_notices":[],"_links":{"self":[{"href":"https:\/\/blogsaverroes.juntadeandalucia.es\/jeanineprofesorafrances\/wp-json\/wp\/v2\/pages\/13"}],"collection":[{"href":"https:\/\/blogsaverroes.juntadeandalucia.es\/jeanineprofesorafrances\/wp-json\/wp\/v2\/pages"}],"about":[{"href":"https:\/\/blogsaverroes.juntadeandalucia.es\/jeanineprofesorafrances\/wp-json\/wp\/v2\/types\/page"}],"author":[{"embeddable":true,"href":"https:\/\/blogsaverroes.juntadeandalucia.es\/jeanineprofesorafrances\/wp-json\/wp\/v2\/users\/19956"}],"replies":[{"embeddable":true,"href":"https:\/\/blogsaverroes.juntadeandalucia.es\/jeanineprofesorafrances\/wp-json\/wp\/v2\/comments?post=13"}],"version-history":[{"count":1,"href":"https:\/\/blogsaverroes.juntadeandalucia.es\/jeanineprofesorafrances\/wp-json\/wp\/v2\/pages\/13\/revisions"}],"predecessor-version":[{"id":14,"href":"https:\/\/blogsaverroes.juntadeandalucia.es\/jeanineprofesorafrances\/wp-json\/wp\/v2\/pages\/13\/revisions\/14"}],"wp:attachment":[{"href":"https:\/\/blogsaverroes.juntadeandalucia.es\/jeanineprofesorafrances\/wp-json\/wp\/v2\/media?parent=13"}],"curies":[{"name":"wp","href":"https:\/\/api.w.org\/{rel}","templated":true}]}}