{"id":1185,"date":"2021-09-08T19:29:12","date_gmt":"2021-09-08T18:29:12","guid":{"rendered":"https:\/\/blogsaverroes.juntadeandalucia.es\/jhalcausa\/?page_id=1185"},"modified":"2021-10-05T10:59:04","modified_gmt":"2021-10-05T09:59:04","slug":"plan-de-apertura","status":"publish","type":"page","link":"https:\/\/blogsaverroes.juntadeandalucia.es\/jhalcausa\/plan-de-apertura\/","title":{"rendered":"Plan de Apertura"},"content":{"rendered":"<p>[et_pb_section fb_built=&#8221;1&#8243; _builder_version=&#8221;3.22&#8243;][et_pb_row column_structure=&#8221;1_3,1_3,1_3&#8243; _builder_version=&#8221;4.5.0&#8243; background_size=&#8221;initial&#8221; background_position=&#8221;top_left&#8221; background_repeat=&#8221;repeat&#8221;][et_pb_column type=&#8221;1_3&#8243; _builder_version=&#8221;3.25&#8243; custom_padding=&#8221;|||&#8221; custom_padding__hover=&#8221;|||&#8221;][et_pb_image src=&#8221;https:\/\/blogsaverroes.juntadeandalucia.es\/jhalcausa\/files\/2021\/09\/AULA-MATINAL-1024&#215;623-1.png&#8221; title_text=&#8221;AULA-MATINAL-1024&#215;623&#8243; url=&#8221;https:\/\/blogsaverroes.juntadeandalucia.es\/jhalcausa\/aula-matinal\/&#8221; url_new_window=&#8221;on&#8221; _builder_version=&#8221;4.5.0&#8243; _module_preset=&#8221;default&#8221;][\/et_pb_image][\/et_pb_column][et_pb_column type=&#8221;1_3&#8243; _builder_version=&#8221;3.25&#8243; custom_padding=&#8221;|||&#8221; custom_padding__hover=&#8221;|||&#8221;][et_pb_image src=&#8221;https:\/\/blogsaverroes.juntadeandalucia.es\/jhalcausa\/files\/2021\/09\/comedor-escolar-4.jpeg&#8221; title_text=&#8221;comedor-escolar-4&#8243; url=&#8221;https:\/\/blogsaverroes.juntadeandalucia.es\/jhalcausa\/planes-y-proyectos\/comedor-escolar\/&#8221; url_new_window=&#8221;on&#8221; _builder_version=&#8221;4.5.0&#8243; _module_preset=&#8221;default&#8221;][\/et_pb_image][\/et_pb_column][et_pb_column type=&#8221;1_3&#8243; _builder_version=&#8221;3.25&#8243; custom_padding=&#8221;|||&#8221; custom_padding__hover=&#8221;|||&#8221;][et_pb_image src=&#8221;https:\/\/blogsaverroes.juntadeandalucia.es\/jhalcausa\/files\/2021\/09\/extraescolares.png&#8221; title_text=&#8221;extraescolares&#8221; url=&#8221;https:\/\/blogsaverroes.juntadeandalucia.es\/jhalcausa\/actividades-extraescolares\/&#8221; url_new_window=&#8221;on&#8221; _builder_version=&#8221;4.5.0&#8243; _module_preset=&#8221;default&#8221;][\/et_pb_image][\/et_pb_column][\/et_pb_row][et_pb_row _builder_version=&#8221;4.5.0&#8243; _module_preset=&#8221;default&#8221;][et_pb_column type=&#8221;4_4&#8243; _builder_version=&#8221;4.5.0&#8243; _module_preset=&#8221;default&#8221;][et_pb_text _builder_version=&#8221;4.5.0&#8243; _module_preset=&#8221;default&#8221;]<\/p>\n<p>Los servicios conexos a la ense\u00f1anza son de gran relevancia para la conciliaci\u00f3n de la vida laboral y familiar, por tanto, los servicios complementarios de aula matinal, comedor escolar y actividades extraescolares se han ido manteniendo dentro del Sistema P\u00fablico Educativo Andaluz desde su implantaci\u00f3n.<\/p>\n<p>Los centros de ense\u00f1anza que imparten educaci\u00f3n primaria y secundaria pueden ofrecer algunos servicios escolares complementarios. Saber de qu\u00e9 servicios dispone un centro puede ser un criterio importante en el momento de elegir la preferencia por uno u otro para solicitar la admisi\u00f3n.<\/p>\n<p>Dentro del Plan de Apoyo a las Familias Andaluzas, la Consejer\u00eda de Educaci\u00f3n persigue que los centros docentes, m\u00e1s all\u00e1 de la jornada lectiva tradicional, sean capaces de ofrecer al alumnado y sus familias una oferta de jornada escolar completa, de forma que encuentren en sus centros las actividades que necesitan para completar su formaci\u00f3n y para utilizar de una manera educativa su tiempo libre.<\/p>\n<p>[\/et_pb_text][\/et_pb_column][\/et_pb_row][et_pb_row _builder_version=&#8221;4.5.0&#8243; _module_preset=&#8221;default&#8221; column_structure=&#8221;2_5,3_5&#8243; collapsed=&#8221;off&#8221; admin_label=&#8221;Solicitud de baja&#8221; hover_enabled=&#8221;0&#8243;][et_pb_column _builder_version=&#8221;4.5.0&#8243; _module_preset=&#8221;default&#8221; type=&#8221;2_5&#8243;][et_pb_blurb _builder_version=&#8221;4.5.0&#8243; _module_preset=&#8221;default&#8221; hover_enabled=&#8221;0&#8243; title=&#8221;Solicitud de Baja de los Servicios Complementarios&#8221; header_text_color=&#8221;#e02b20&#8243; header_text_align=&#8221;center&#8221;]<\/p>\n<p>Recuerda que puedes solicitar tu baja tambi\u00e9n telem\u00e1ticamente, rellenando el documento que est\u00e1s viendo, firm\u00e1ndolo y envi\u00e1ndolo a nuestro correo electr\u00f3nico: administracion@ceipjuanherreraalcausa.es<\/p>\n<p><span style=\"font-size: 10pt\"><b>Nota informativa:<\/b><\/span><\/p>\n<p><span style=\"font-size: 10pt\"><span style=\"font-weight: 400\">De acuerdo con lo dispuesto en los arti\u0301culos 6.3, 8.5 y 16.5 de la Orden de 17 de abril de 2017 (BOJA 78, de 16 de abril de 2017), la solicitud de baja en el servicio correspondiente debe comunicarse antes del u\u0301ltimo di\u0301a lectivo<\/span> <span style=\"font-weight: 400\">de la semana anterior a aquella en la que se pretenda hacer efectiva la baja en el caso de los servicios de aula matinal y comedor escolar, y con una antelacio\u0301n de, al menos, una semana al inicio del mes en que se pretenda hacer efectiva la baja en el caso de las actividades extraescolares.<\/span><\/span><\/p>\n<p>[\/et_pb_blurb][\/et_pb_column][et_pb_column _builder_version=&#8221;4.5.0&#8243; _module_preset=&#8221;default&#8221; type=&#8221;3_5&#8243;][et_pb_code _builder_version=&#8221;4.5.0&#8243; _module_preset=&#8221;default&#8221; admin_label=&#8221;Documento de baja&#8221; hover_enabled=&#8221;0&#8243;]<iframe loading=\"lazy\" src=\"https:\/\/drive.google.com\/file\/d\/1hmey65sp3NdgIKZR7upR6lzargczHu-O\/preview\" width=\"640\" height=\"480\"><\/iframe>[\/et_pb_code][\/et_pb_column][\/et_pb_row][\/et_pb_section]<\/p>\n","protected":false},"excerpt":{"rendered":"<p>Los servicios conexos a la ense\u00f1anza son de gran relevancia para la conciliaci\u00f3n de la vida laboral y familiar, por tanto, los servicios complementarios de aula matinal, comedor escolar y actividades extraescolares se han ido manteniendo dentro del Sistema P\u00fablico Educativo Andaluz desde su implantaci\u00f3n. Los centros de ense\u00f1anza que imparten educaci\u00f3n primaria y secundaria [&hellip;]<\/p>\n","protected":false},"author":13306,"featured_media":0,"parent":0,"menu_order":0,"comment_status":"closed","ping_status":"closed","template":"","meta":{"_et_pb_use_builder":"on","_et_pb_old_content":"","_et_gb_content_width":"","ngg_post_thumbnail":0,"footnotes":""},"aioseo_notices":[],"_links":{"self":[{"href":"https:\/\/blogsaverroes.juntadeandalucia.es\/jhalcausa\/wp-json\/wp\/v2\/pages\/1185"}],"collection":[{"href":"https:\/\/blogsaverroes.juntadeandalucia.es\/jhalcausa\/wp-json\/wp\/v2\/pages"}],"about":[{"href":"https:\/\/blogsaverroes.juntadeandalucia.es\/jhalcausa\/wp-json\/wp\/v2\/types\/page"}],"author":[{"embeddable":true,"href":"https:\/\/blogsaverroes.juntadeandalucia.es\/jhalcausa\/wp-json\/wp\/v2\/users\/13306"}],"replies":[{"embeddable":true,"href":"https:\/\/blogsaverroes.juntadeandalucia.es\/jhalcausa\/wp-json\/wp\/v2\/comments?post=1185"}],"version-history":[{"count":6,"href":"https:\/\/blogsaverroes.juntadeandalucia.es\/jhalcausa\/wp-json\/wp\/v2\/pages\/1185\/revisions"}],"predecessor-version":[{"id":1270,"href":"https:\/\/blogsaverroes.juntadeandalucia.es\/jhalcausa\/wp-json\/wp\/v2\/pages\/1185\/revisions\/1270"}],"wp:attachment":[{"href":"https:\/\/blogsaverroes.juntadeandalucia.es\/jhalcausa\/wp-json\/wp\/v2\/media?parent=1185"}],"curies":[{"name":"wp","href":"https:\/\/api.w.org\/{rel}","templated":true}]}}