{"id":1287,"date":"2021-10-27T00:18:04","date_gmt":"2021-10-26T23:18:04","guid":{"rendered":"https:\/\/blogsaverroes.juntadeandalucia.es\/jhalcausa\/?page_id=1287"},"modified":"2023-10-03T10:21:47","modified_gmt":"2023-10-03T09:21:47","slug":"sirena-musical","status":"publish","type":"page","link":"https:\/\/blogsaverroes.juntadeandalucia.es\/jhalcausa\/sirena-musical\/","title":{"rendered":"Sirena Musical"},"content":{"rendered":"<p>[et_pb_section fb_built=&#8221;1&#8243; admin_label=&#8221;section&#8221; _builder_version=&#8221;3.22&#8243; global_colors_info=&#8221;{}&#8221;][et_pb_row admin_label=&#8221;row&#8221; _builder_version=&#8221;3.25&#8243; background_size=&#8221;initial&#8221; background_position=&#8221;top_left&#8221; background_repeat=&#8221;repeat&#8221; global_colors_info=&#8221;{}&#8221;][et_pb_column type=&#8221;4_4&#8243; _builder_version=&#8221;3.25&#8243; custom_padding=&#8221;|||&#8221; global_colors_info=&#8221;{}&#8221; custom_padding__hover=&#8221;|||&#8221;][et_pb_image src=&#8221;https:\/\/blogsaverroes.juntadeandalucia.es\/jhalcausa\/files\/2021\/10\/Sirena-musical.png&#8221; title_text=&#8221;Sirena musical&#8221; force_fullwidth=&#8221;on&#8221; _builder_version=&#8221;4.5.0&#8243; _module_preset=&#8221;default&#8221; module_alignment=&#8221;center&#8221; height=&#8221;157px&#8221; global_colors_info=&#8221;{}&#8221;][\/et_pb_image][et_pb_text admin_label=&#8221;Texto&#8221; _builder_version=&#8221;4.14.5&#8243; _module_preset=&#8221;default&#8221; text_orientation=&#8221;center&#8221; animation_style=&#8221;bounce&#8221; text_text_shadow_style=&#8221;preset5&#8243; text_text_shadow_color=&#8221;#0c71c3&#8243; global_colors_info=&#8221;{}&#8221;]<\/p>\n<p style=\"text-align: center\"><span style=\"font-size: 18pt;font-family: 'trebuchet ms', geneva, sans-serif\">&#8220;Sirena Musical del CEIP Juan Herrera Alcausa&#8221;<\/span><\/p>\n<p>[\/et_pb_text][et_pb_text _builder_version=&#8221;4.14.5&#8243; _module_preset=&#8221;default&#8221; global_colors_info=&#8221;{}&#8221;]<\/p>\n<p>Desde el programa <strong>Escuela espacio de paz<\/strong> se puso en marcha la actividad \u00ab Sirena musical : CEIP Juan Herrera Alcausa \u00bb. A trav\u00e9s de dicha actividad se permitir\u00e1 al alumnado y al personal del centro la entrada y salida del colegio con una canci\u00f3n, que ir\u00e1 cambiando.<\/p>\n<p>Dichas canciones est\u00e1n elegidas para difundir otro tipo de m\u00fasica diferente al que est\u00e1n acostumbrados a escuchar nuestros alumnos, sobretodo en niveles superiores. Con ello se pretende crear un buen clima de convivencia y hacer de nuestra escuela un lugar c\u00e1lido y acogedor, potenciando todos los beneficios que tiene la m\u00fasica en el estado de \u00e1nimo de todos y todas.<\/p>\n<p>Adem\u00e1s, nuestras sinton\u00edas musicales buscan eliminar la \u201ccontaminaci\u00f3n ac\u00fastica\u201d que generan las \u201ct\u00edpicas sirenas\u201d, la molestia que genera el ruido de las mismas a parte de nuestro alumnado y borrar tambi\u00e9n, esa imagen de escuela=f\u00e1brica contra la que tanto se ha encargado de luchar el gran pedadogo y \u201cni\u00f1\u00f3logo\u201d, Francesco Tonucci.<\/p>\n<p>[\/et_pb_text][et_pb_post_slider include_categories=&#8221;17&#8243; _builder_version=&#8221;4.5.0&#8243; _module_preset=&#8221;default&#8221; animation_style=&#8221;slide&#8221; auto=&#8221;on&#8221; hover_transition_delay=&#8221;50ms&#8221; scroll_fade_enable=&#8221;on&#8221; global_colors_info=&#8221;{}&#8221;][\/et_pb_post_slider][et_pb_text admin_label=&#8221;Texto&#8221; _builder_version=&#8221;4.14.5&#8243; _module_preset=&#8221;default&#8221; background_color=&#8221;#7CEE63&#8243; text_orientation=&#8221;center&#8221; animation_style=&#8221;bounce&#8221; text_text_shadow_style=&#8221;preset5&#8243; text_text_shadow_color=&#8221;#0c71c3&#8243; global_colors_info=&#8221;{}&#8221;]<\/p>\n<p style=\"text-align: center\"><span style=\"font-size: 14pt\">\u00a1Pincha en el bot\u00f3n para acceder al muro de nuestra sirena musical y no te pierdas ninguna canci\u00f3n!<\/span><\/p>\n<p>[\/et_pb_text][et_pb_button button_url=&#8221;https:\/\/padlet.com\/rafaleiva\/sirena-musical-2023-2024-k5jzj4tbluxuzyrg&#8221; url_new_window=&#8221;on&#8221; button_text=&#8221;Nuestro muro de la Sirena Musical 23\/24&#8243; button_alignment=&#8221;center&#8221; admin_label=&#8221;Bot\u00f3n enlace al muro&#8221; _builder_version=&#8221;4.14.5&#8243; _module_preset=&#8221;default&#8221; hover_enabled=&#8221;0&#8243; global_colors_info=&#8221;{}&#8221; sticky_enabled=&#8221;0&#8243;][\/et_pb_button][et_pb_button button_url=&#8221;https:\/\/padlet.com\/rafaleiva\/tlumuzlg2a382fo0&#8243; url_new_window=&#8221;on&#8221; button_text=&#8221;Nuestro muro de la Sirena Musical 22\/23&#8243; button_alignment=&#8221;center&#8221; admin_label=&#8221;Bot\u00f3n enlace al muro&#8221; _builder_version=&#8221;4.14.5&#8243; _module_preset=&#8221;default&#8221; hover_enabled=&#8221;0&#8243; global_colors_info=&#8221;{}&#8221; sticky_enabled=&#8221;0&#8243;][\/et_pb_button][\/et_pb_column][\/et_pb_row][et_pb_row _builder_version=&#8221;4.5.0&#8243; _module_preset=&#8221;default&#8221; global_colors_info=&#8221;{}&#8221;][et_pb_column type=&#8221;4_4&#8243; _builder_version=&#8221;4.5.0&#8243; _module_preset=&#8221;default&#8221; global_colors_info=&#8221;{}&#8221;][et_pb_text _builder_version=&#8221;4.14.5&#8243; _module_preset=&#8221;default&#8221; background_color=&#8221;#7CDA24&#8243; global_colors_info=&#8221;{}&#8221;]<\/p>\n<p style=\"text-align: center\"><span style=\"font-size: 14pt\">\u2b07\ufe0f\u200b Curso 2021-2022 \u2b07\ufe0f\u200b<\/span><\/p>\n<p>[\/et_pb_text][et_pb_code _builder_version=&#8221;4.5.0&#8243; _module_preset=&#8221;default&#8221; width=&#8221;74%&#8221; global_colors_info=&#8221;{}&#8221;]<\/p>\n<div style=\"width: 100%\"><!-- [et_pb_line_break_holder] --><\/p>\n<div style=\"padding-bottom: 56.25%;padding-top: 0;height: 0\"><iframe loading=\"lazy\" src=\"https:\/\/view.genial.ly\/6178842f1411560dcd870a0c\" width=\"1200\" height=\"675\" frameborder=\"0\" scrolling=\"yes\"><\/iframe><\/div>\n<p><!-- [et_pb_line_break_holder] --><\/div>\n<p><!-- [et_pb_line_break_holder] -->[\/et_pb_code][\/et_pb_column][\/et_pb_row][\/et_pb_section]<\/p>\n","protected":false},"excerpt":{"rendered":"<p>&#8220;Sirena Musical del CEIP Juan Herrera Alcausa&#8221;Desde el programa Escuela espacio de paz se puso en marcha la actividad \u00ab Sirena musical : CEIP Juan Herrera Alcausa \u00bb. A trav\u00e9s de dicha actividad se permitir\u00e1 al alumnado y al personal del centro la entrada y salida del colegio con una canci\u00f3n, que ir\u00e1 cambiando. Dichas [&hellip;]<\/p>\n","protected":false},"author":13306,"featured_media":0,"parent":0,"menu_order":0,"comment_status":"closed","ping_status":"closed","template":"","meta":{"_et_pb_use_builder":"on","_et_pb_old_content":"","_et_gb_content_width":"","ngg_post_thumbnail":0,"footnotes":""},"aioseo_notices":[],"_links":{"self":[{"href":"https:\/\/blogsaverroes.juntadeandalucia.es\/jhalcausa\/wp-json\/wp\/v2\/pages\/1287"}],"collection":[{"href":"https:\/\/blogsaverroes.juntadeandalucia.es\/jhalcausa\/wp-json\/wp\/v2\/pages"}],"about":[{"href":"https:\/\/blogsaverroes.juntadeandalucia.es\/jhalcausa\/wp-json\/wp\/v2\/types\/page"}],"author":[{"embeddable":true,"href":"https:\/\/blogsaverroes.juntadeandalucia.es\/jhalcausa\/wp-json\/wp\/v2\/users\/13306"}],"replies":[{"embeddable":true,"href":"https:\/\/blogsaverroes.juntadeandalucia.es\/jhalcausa\/wp-json\/wp\/v2\/comments?post=1287"}],"version-history":[{"count":28,"href":"https:\/\/blogsaverroes.juntadeandalucia.es\/jhalcausa\/wp-json\/wp\/v2\/pages\/1287\/revisions"}],"predecessor-version":[{"id":2024,"href":"https:\/\/blogsaverroes.juntadeandalucia.es\/jhalcausa\/wp-json\/wp\/v2\/pages\/1287\/revisions\/2024"}],"wp:attachment":[{"href":"https:\/\/blogsaverroes.juntadeandalucia.es\/jhalcausa\/wp-json\/wp\/v2\/media?parent=1287"}],"curies":[{"name":"wp","href":"https:\/\/api.w.org\/{rel}","templated":true}]}}