{"id":840,"date":"2020-12-18T08:38:52","date_gmt":"2020-12-18T07:38:52","guid":{"rendered":"https:\/\/blogsaverroes.juntadeandalucia.es\/pre\/plantilla-pencil\/?page_id=840"},"modified":"2022-08-30T12:00:19","modified_gmt":"2022-08-30T11:00:19","slug":"ampa","status":"publish","type":"page","link":"https:\/\/blogsaverroes.juntadeandalucia.es\/jhalcausa\/ampa\/","title":{"rendered":"AMPA"},"content":{"rendered":"<p>[et_pb_section fb_built=&#8221;1&#8243; _builder_version=&#8221;3.23.3&#8243; custom_padding=&#8221;0px||0px|&#8221; z_index_tablet=&#8221;500&#8243; box_shadow_horizontal_tablet=&#8221;0px&#8221; box_shadow_vertical_tablet=&#8221;0px&#8221; box_shadow_blur_tablet=&#8221;40px&#8221; box_shadow_spread_tablet=&#8221;0px&#8221; global_colors_info=&#8221;{}&#8221;][et_pb_row _builder_version=&#8221;3.25&#8243; background_size=&#8221;initial&#8221; background_position=&#8221;top_left&#8221; background_repeat=&#8221;repeat&#8221; global_colors_info=&#8221;{}&#8221;][et_pb_column type=&#8221;4_4&#8243; _builder_version=&#8221;3.25&#8243; custom_padding=&#8221;|||&#8221; global_colors_info=&#8221;{}&#8221; custom_padding__hover=&#8221;|||&#8221;][et_pb_image src=&#8221;https:\/\/blogsaverroes.juntadeandalucia.es\/jhalcausa\/files\/2022\/08\/Logo-cole.png&#8221; title_text=&#8221;Logo cole&#8221; align=&#8221;center&#8221; admin_label=&#8221;Imagen de la portada&#8221; _builder_version=&#8221;4.14.5&#8243; min_height=&#8221;200px&#8221; height=&#8221;200px&#8221; max_height=&#8221;200px&#8221; animation_style=&#8221;bounce&#8221; hover_enabled=&#8221;0&#8243; z_index_tablet=&#8221;500&#8243; box_shadow_horizontal_tablet=&#8221;0px&#8221; box_shadow_vertical_tablet=&#8221;0px&#8221; box_shadow_blur_tablet=&#8221;40px&#8221; box_shadow_spread_tablet=&#8221;0px&#8221; global_colors_info=&#8221;{}&#8221; sticky_enabled=&#8221;0&#8243;][\/et_pb_image][\/et_pb_column][\/et_pb_row][et_pb_row column_structure=&#8221;1_2,1_2&#8243; _builder_version=&#8221;4.5.0&#8243; background_size=&#8221;initial&#8221; background_position=&#8221;top_left&#8221; background_repeat=&#8221;repeat&#8221; global_colors_info=&#8221;{}&#8221;][et_pb_column type=&#8221;1_2&#8243; _builder_version=&#8221;3.25&#8243; custom_padding=&#8221;|||&#8221; global_colors_info=&#8221;{}&#8221; custom_padding__hover=&#8221;|||&#8221;][et_pb_blurb title=&#8221;Bienvenida al curso 22\/23&#8243; _builder_version=&#8221;4.14.5&#8243; _module_preset=&#8221;default&#8221; header_level=&#8221;h5&#8243; header_font=&#8221;|800|||||||&#8221; header_text_align=&#8221;center&#8221; hover_enabled=&#8221;0&#8243; global_colors_info=&#8221;{}&#8221; sticky_enabled=&#8221;0&#8243;]<\/p>\n<p>Desde el AMPA &#8220;Los Olivos&#8221; queremos daros la bienvenida a todas las familias a este nuevo curso.<\/p>\n<p>Este nuevo curso volvemos a una esperada normalidad despu\u00e9s de unos cursos at\u00edpicos.<\/p>\n<p>Animamos a todas las familias a que se hagan SOCIOS del AMPA, recordando que todo lo que recaudamos siempre es para el alumnado del centro y para su mejora.<\/p>\n<p>La cuota del AMPA es de 15\u20ac por familia y se le entregar\u00e1 camisetas para los de infantil y agenda para los de 1\u00ba en adelante.<br \/>Nuestro horario ser\u00e1 los <strong>MARTES de 9:30 a 10:30<\/strong>&nbsp;<\/p>\n<p>Trabajaremos con El Equipo Directivo para poder ofrecerles este a\u00f1o al alumnado algunas actividades complementarias o extraescolares, dentro de lo que nos permitan las circunstancias y siempre respetando las normas COVID.<\/p>\n<p>Sin m\u00e1s, os damos las GRACIAS y os esperamos de 9:30 a 10:30.<\/p>\n<p>Para aquella familias que lo prefieran, pueden realizar el abono de la cuota del AMPA por transferencia bancaria al n\u00famero de cuenta:<\/p>\n<p style=\"text-align: center\"><span style=\"color: #00ff00\">ES83 2103 0236 5000 1007 0901<\/span><\/p>\n<p>&nbsp;IMPORTANTE: indicar nombre del alumnado y curso\/s en el concepto. Gracias!!!<\/p>\n<p>[\/et_pb_blurb][\/et_pb_column][et_pb_column type=&#8221;1_2&#8243; _builder_version=&#8221;3.25&#8243; custom_padding=&#8221;|||&#8221; global_colors_info=&#8221;{}&#8221; custom_padding__hover=&#8221;|||&#8221;][et_pb_social_media_follow follow_button=&#8221;on&#8221; _builder_version=&#8221;4.5.0&#8243; _module_preset=&#8221;default&#8221; global_colors_info=&#8221;{}&#8221;][et_pb_social_media_follow_network social_network=&#8221;facebook&#8221; url=&#8221;https:\/\/www.facebook.com\/ampa.losolivos.1&#8243; _builder_version=&#8221;4.5.0&#8243; _module_preset=&#8221;default&#8221; background_color=&#8221;#3b5998&#8243; global_colors_info=&#8221;{}&#8221; follow_button=&#8221;on&#8221; url_new_window=&#8221;on&#8221;]facebook[\/et_pb_social_media_follow_network][\/et_pb_social_media_follow][\/et_pb_column][\/et_pb_row][et_pb_row _builder_version=&#8221;3.25&#8243; background_size=&#8221;initial&#8221; background_position=&#8221;top_left&#8221; background_repeat=&#8221;repeat&#8221; global_colors_info=&#8221;{}&#8221;][et_pb_column type=&#8221;4_4&#8243; _builder_version=&#8221;3.25&#8243; custom_padding=&#8221;|||&#8221; global_colors_info=&#8221;{}&#8221; custom_padding__hover=&#8221;|||&#8221;][et_pb_text admin_label=&#8221;Texto descriptivo&#8221; _builder_version=&#8221;4.14.5&#8243; hover_enabled=&#8221;0&#8243; z_index_tablet=&#8221;500&#8243; text_text_shadow_horizontal_length_tablet=&#8221;0px&#8221; text_text_shadow_vertical_length_tablet=&#8221;0px&#8221; text_text_shadow_blur_strength_tablet=&#8221;1px&#8221; link_text_shadow_horizontal_length_tablet=&#8221;0px&#8221; link_text_shadow_vertical_length_tablet=&#8221;0px&#8221; link_text_shadow_blur_strength_tablet=&#8221;1px&#8221; ul_text_shadow_horizontal_length_tablet=&#8221;0px&#8221; ul_text_shadow_vertical_length_tablet=&#8221;0px&#8221; ul_text_shadow_blur_strength_tablet=&#8221;1px&#8221; ol_text_shadow_horizontal_length_tablet=&#8221;0px&#8221; ol_text_shadow_vertical_length_tablet=&#8221;0px&#8221; ol_text_shadow_blur_strength_tablet=&#8221;1px&#8221; quote_text_shadow_horizontal_length_tablet=&#8221;0px&#8221; quote_text_shadow_vertical_length_tablet=&#8221;0px&#8221; quote_text_shadow_blur_strength_tablet=&#8221;1px&#8221; header_text_shadow_horizontal_length_tablet=&#8221;0px&#8221; header_text_shadow_vertical_length_tablet=&#8221;0px&#8221; header_text_shadow_blur_strength_tablet=&#8221;1px&#8221; header_2_text_shadow_horizontal_length_tablet=&#8221;0px&#8221; header_2_text_shadow_vertical_length_tablet=&#8221;0px&#8221; header_2_text_shadow_blur_strength_tablet=&#8221;1px&#8221; header_3_text_shadow_horizontal_length_tablet=&#8221;0px&#8221; header_3_text_shadow_vertical_length_tablet=&#8221;0px&#8221; header_3_text_shadow_blur_strength_tablet=&#8221;1px&#8221; header_4_text_shadow_horizontal_length_tablet=&#8221;0px&#8221; header_4_text_shadow_vertical_length_tablet=&#8221;0px&#8221; header_4_text_shadow_blur_strength_tablet=&#8221;1px&#8221; header_5_text_shadow_horizontal_length_tablet=&#8221;0px&#8221; header_5_text_shadow_vertical_length_tablet=&#8221;0px&#8221; header_5_text_shadow_blur_strength_tablet=&#8221;1px&#8221; header_6_text_shadow_horizontal_length_tablet=&#8221;0px&#8221; header_6_text_shadow_vertical_length_tablet=&#8221;0px&#8221; header_6_text_shadow_blur_strength_tablet=&#8221;1px&#8221; box_shadow_horizontal_tablet=&#8221;0px&#8221; box_shadow_vertical_tablet=&#8221;0px&#8221; box_shadow_blur_tablet=&#8221;40px&#8221; box_shadow_spread_tablet=&#8221;0px&#8221; global_colors_info=&#8221;{}&#8221; sticky_enabled=&#8221;0&#8243;]<\/p>\n<h2>AMPA<\/h2>\n<p class=\"Estilo13 Estilo109 Estilo256 Estilo261\" align=\"justify\"><span class=\"color\"><strong>\u00bfQUE ES EL AMPA?<br \/><\/strong><\/span><span class=\"Estilo13\"><span class=\"Estilo140\"><strong><br \/><\/strong><\/span><span class=\"Estilo403\">Es una asociaci\u00f3n integrada por los padres y madres del alumnado perteneciente al colegio en el que se encuentren sus hijos. La inscripci\u00f3n en la misma es voluntaria y se puede permanecer como asociado durante el tiempo en que los hijos permanezcan en el Centro.&nbsp;<\/span><\/span><\/p>\n<p class=\"Estilo403\" align=\"justify\"><span class=\"Estilo13\">La A.M.P.A. es el cauce natural de participaci\u00f3n de los padres y madres del alumnado en lo concerniente a la educaci\u00f3n de nuestros hij@s.<\/span><\/p>\n<p class=\"Estilo13 Estilo109 Estilo261 Estilo140\" align=\"justify\">\u2022&nbsp;&nbsp;<strong>FINALIDADES:<\/strong><\/p>\n<p align=\"justify\"><span class=\"negro\">Colaborar en las actividades educativas de los centros docentes.<\/span><br \/><span class=\"negro\">Organizar actividades formativas complementarias en beneficio de padres y alumnos.<br \/><\/span><span class=\"negro\">Asistir a los padres y madres de alumnos en todo aquello que concierne a la educaci\u00f3n de sus hijos.<br \/><\/span><span class=\"negro\">Representar a los padres y madres en el consejo escolar.<br \/><\/span><span class=\"negro\">Informar y asesorar a los padres y madres de las actividades propias de la AMPA.<br \/><\/span><span class=\"negro\">Potenciar la participaci\u00f3n de la familia en la vida del centro.<br \/><\/span><span class=\"negro\">Promover la calidad educativa.<br \/><\/span><span class=\"negro\">Colaborar con el profesorado y el alumnado para el buen funcionamiento del centro.<br \/><\/span><span class=\"negro\">Fomentar la convivencia entre la comunidad educativa.<\/span><\/p>\n<p class=\"Estilo13 Estilo109 Estilo261 Estilo140\" align=\"justify\"><strong>\u00bfQUI\u00c9NES SOMOS?<\/strong><\/p>\n<p class=\"Estilo109 Estilo404\" align=\"justify\"><span class=\"negro\">La AMPA. del C.E.I.P Juan Herrera Alcausa \u201cLos Olivos\u201d es una asociaci\u00f3n independiente, en la que todos podemos participar. Se financia mediante las cuotas de sus socios y funciona gracias a la dedicaci\u00f3n de los padres y madres.<br \/>Que el nuestro sea un gran centro educativo es labor de todos, y por ello os animamos a participar y colaborar.<\/span><\/p>\n<p class=\"Estilo109 Estilo27 Estilo261 Estilo140\" align=\"justify\"><strong><span class=\"Estilo405\">JUNTA DIRECTIVA:<\/span><\/strong><\/p>\n<p>&nbsp;<\/p>\n<p><span class=\"negro\">\u2022&nbsp; Presidenta: Mar\u00eda Geraldine Boza Chabaili<br \/>\u2022&nbsp; Vicepresidenta: Fiama Mar\u00eda Fern\u00e1ndez D\u00edaz<br \/>\u2022&nbsp; Secretaria: J\u00e9ssyca Guerra Ortigosa<br \/>\u2022&nbsp; Tesorera: Roc\u00edo Frutos L\u00f3pez<br \/><\/span><\/p>\n<p class=\"Estilo109 Estilo27 Estilo261 Estilo140\" align=\"justify\">&nbsp;<\/p>\n<p class=\"Estilo409\" align=\"justify\">&nbsp;<\/p>\n<p class=\"Estilo109 Estilo27 Estilo261 Estilo140\" align=\"justify\"><strong><span class=\"Estilo410\">COMO PARTICIPAR CON EL AMPA:<\/span><\/strong><\/p>\n<p>&nbsp;<\/p>\n<p><span class=\"negro\">\u2022&nbsp; Haci\u00e9ndose socios.<br \/>\u2022&nbsp; Asistiendo a las actividades, actos y reuniones que se convocan.<br \/>\u2022&nbsp; Formando parte de la Junta Directiva.<\/span><\/p>\n<p class=\"negro\" align=\"justify\">El Ampa es la interlocutora para tratar temas que afectan a todo el colectivo de las familias transmitiendo las opiniones y las reflexiones de las madres y padres sobre temas educativos y del funcionamiento cotidiano del centro.<\/p>\n<p class=\"negro\" align=\"justify\">\u00a1\u00a1\u00a1Participa en la toma de decisiones del centro!!!<\/p>\n<p class=\"negro\" align=\"justify\">La Junta Directiva se escoge democr\u00e1ticamente en la asamblea de socios y hace una labor voluntaria y desinteresada con la que nos beneficiamos todo.<\/p>\n<p class=\"negro\" align=\"justify\"><strong>IMPORTANTE: PUEDE UD. ABONAR EL RECIBO ANUAL, DURANTE CUALQUIER MES DEL A\u00d1O, EN LA SECRETARIA DE LA ASOCIACI\u00d3N.<\/strong><\/p>\n<p>[\/et_pb_text][\/et_pb_column][\/et_pb_row][\/et_pb_section]<\/p>\n","protected":false},"excerpt":{"rendered":"<p>Desde el AMPA &#8220;Los Olivos&#8221; queremos daros la bienvenida a todas las familias a este nuevo curso. Este nuevo curso volvemos a una esperada normalidad despu\u00e9s de unos cursos at\u00edpicos. Animamos a todas las familias a que se hagan SOCIOS del AMPA, recordando que todo lo que recaudamos siempre es para el alumnado del centro [&hellip;]<\/p>\n","protected":false},"author":13306,"featured_media":0,"parent":0,"menu_order":0,"comment_status":"closed","ping_status":"closed","template":"","meta":{"_et_pb_use_builder":"on","_et_pb_old_content":"","_et_gb_content_width":"","ngg_post_thumbnail":0,"footnotes":""},"aioseo_notices":[],"_links":{"self":[{"href":"https:\/\/blogsaverroes.juntadeandalucia.es\/jhalcausa\/wp-json\/wp\/v2\/pages\/840"}],"collection":[{"href":"https:\/\/blogsaverroes.juntadeandalucia.es\/jhalcausa\/wp-json\/wp\/v2\/pages"}],"about":[{"href":"https:\/\/blogsaverroes.juntadeandalucia.es\/jhalcausa\/wp-json\/wp\/v2\/types\/page"}],"author":[{"embeddable":true,"href":"https:\/\/blogsaverroes.juntadeandalucia.es\/jhalcausa\/wp-json\/wp\/v2\/users\/13306"}],"replies":[{"embeddable":true,"href":"https:\/\/blogsaverroes.juntadeandalucia.es\/jhalcausa\/wp-json\/wp\/v2\/comments?post=840"}],"version-history":[{"count":6,"href":"https:\/\/blogsaverroes.juntadeandalucia.es\/jhalcausa\/wp-json\/wp\/v2\/pages\/840\/revisions"}],"predecessor-version":[{"id":1813,"href":"https:\/\/blogsaverroes.juntadeandalucia.es\/jhalcausa\/wp-json\/wp\/v2\/pages\/840\/revisions\/1813"}],"wp:attachment":[{"href":"https:\/\/blogsaverroes.juntadeandalucia.es\/jhalcausa\/wp-json\/wp\/v2\/media?parent=840"}],"curies":[{"name":"wp","href":"https:\/\/api.w.org\/{rel}","templated":true}]}}