{"id":845,"date":"2020-12-18T08:40:01","date_gmt":"2020-12-18T07:40:01","guid":{"rendered":"https:\/\/blogsaverroes.juntadeandalucia.es\/pre\/plantilla-pencil\/?page_id=845"},"modified":"2025-09-10T23:47:56","modified_gmt":"2025-09-10T22:47:56","slug":"aula-matinal","status":"publish","type":"page","link":"https:\/\/blogsaverroes.juntadeandalucia.es\/jhalcausa\/aula-matinal\/","title":{"rendered":"Aula matinal"},"content":{"rendered":"<p>[et_pb_section fb_built=&#8221;1&#8243; _builder_version=&#8221;4.16&#8243; custom_padding=&#8221;0px||0px|&#8221; z_index_tablet=&#8221;500&#8243; box_shadow_horizontal_tablet=&#8221;0px&#8221; box_shadow_vertical_tablet=&#8221;0px&#8221; box_shadow_blur_tablet=&#8221;40px&#8221; box_shadow_spread_tablet=&#8221;0px&#8221; global_colors_info=&#8221;{}&#8221;][et_pb_row _builder_version=&#8221;4.16&#8243; background_size=&#8221;initial&#8221; background_position=&#8221;top_left&#8221; background_repeat=&#8221;repeat&#8221; global_colors_info=&#8221;{}&#8221;][et_pb_column type=&#8221;4_4&#8243; _builder_version=&#8221;4.16&#8243; custom_padding=&#8221;|||&#8221; global_colors_info=&#8221;{}&#8221; custom_padding__hover=&#8221;|||&#8221;][et_pb_image src=&#8221;https:\/\/blogsaverroes.juntadeandalucia.es\/jhalcausa\/files\/2020\/01\/cabecera-interior-2-1.jpg&#8221; title_text=&#8221;cabecera-interior-2-1&#8243; admin_label=&#8221;Imagen de la portada&#8221; _builder_version=&#8221;4.16&#8243; z_index_tablet=&#8221;500&#8243; box_shadow_horizontal_tablet=&#8221;0px&#8221; box_shadow_vertical_tablet=&#8221;0px&#8221; box_shadow_blur_tablet=&#8221;40px&#8221; box_shadow_spread_tablet=&#8221;0px&#8221; global_colors_info=&#8221;{}&#8221;][\/et_pb_image][et_pb_text admin_label=&#8221;Texto descriptivo&#8221; _builder_version=&#8221;4.24.2&#8243; z_index_tablet=&#8221;500&#8243; text_text_shadow_horizontal_length_tablet=&#8221;0px&#8221; text_text_shadow_vertical_length_tablet=&#8221;0px&#8221; text_text_shadow_blur_strength_tablet=&#8221;1px&#8221; link_text_shadow_horizontal_length_tablet=&#8221;0px&#8221; link_text_shadow_vertical_length_tablet=&#8221;0px&#8221; link_text_shadow_blur_strength_tablet=&#8221;1px&#8221; ul_text_shadow_horizontal_length_tablet=&#8221;0px&#8221; ul_text_shadow_vertical_length_tablet=&#8221;0px&#8221; ul_text_shadow_blur_strength_tablet=&#8221;1px&#8221; ol_text_shadow_horizontal_length_tablet=&#8221;0px&#8221; ol_text_shadow_vertical_length_tablet=&#8221;0px&#8221; ol_text_shadow_blur_strength_tablet=&#8221;1px&#8221; quote_text_shadow_horizontal_length_tablet=&#8221;0px&#8221; quote_text_shadow_vertical_length_tablet=&#8221;0px&#8221; quote_text_shadow_blur_strength_tablet=&#8221;1px&#8221; header_text_shadow_horizontal_length_tablet=&#8221;0px&#8221; header_text_shadow_vertical_length_tablet=&#8221;0px&#8221; header_text_shadow_blur_strength_tablet=&#8221;1px&#8221; header_2_text_shadow_horizontal_length_tablet=&#8221;0px&#8221; header_2_text_shadow_vertical_length_tablet=&#8221;0px&#8221; header_2_text_shadow_blur_strength_tablet=&#8221;1px&#8221; header_3_text_shadow_horizontal_length_tablet=&#8221;0px&#8221; header_3_text_shadow_vertical_length_tablet=&#8221;0px&#8221; header_3_text_shadow_blur_strength_tablet=&#8221;1px&#8221; header_4_text_shadow_horizontal_length_tablet=&#8221;0px&#8221; header_4_text_shadow_vertical_length_tablet=&#8221;0px&#8221; header_4_text_shadow_blur_strength_tablet=&#8221;1px&#8221; header_5_text_shadow_horizontal_length_tablet=&#8221;0px&#8221; header_5_text_shadow_vertical_length_tablet=&#8221;0px&#8221; header_5_text_shadow_blur_strength_tablet=&#8221;1px&#8221; header_6_text_shadow_horizontal_length_tablet=&#8221;0px&#8221; header_6_text_shadow_vertical_length_tablet=&#8221;0px&#8221; header_6_text_shadow_blur_strength_tablet=&#8221;1px&#8221; box_shadow_horizontal_tablet=&#8221;0px&#8221; box_shadow_vertical_tablet=&#8221;0px&#8221; box_shadow_blur_tablet=&#8221;40px&#8221; box_shadow_spread_tablet=&#8221;0px&#8221; global_colors_info=&#8221;{}&#8221;]<\/p>\n<h2>Aula matinal<\/h2>\n<p class=\"Estilo48\" align=\"left\"><span class=\"Estilo140\">Nuestra escuela posibilita la asistencia educativa a sus hijos en horarios en el que no pueden ser atendidos.<br \/><strong><br \/>Para ello ofertamos<\/strong>:<br \/>-Vigilancia y atenci\u00f3n educativa.<br \/>-Impulsar valores, actitudes y h\u00e1bitos.<br \/>-Fomentar el juego en grupo.<br \/>-Motivar para las clases posteriores.<\/span><\/p>\n<p><strong>Todo ello desarrollado a trav\u00e9s de las siguientes actividades:<br \/><\/strong>-Recepci\u00f3n y cuidado de los alumnos.<br \/>-Desayuno.<br \/>-Proyecci\u00f3n de pel\u00edculas de v\u00eddeo.<br \/>-Ludoteca.<br \/>-Descanso o relax en las hamacas.<br \/>-Taller l\u00fadico de salud e higiene.<br \/>-Desplazamiento de alumnos a sus respectivas filas.<\/p>\n<p><strong><span class=\"Estilo140\">Calendario:<\/span><br \/><\/strong><span class=\"Estilo140\">Desde el primer d\u00eda de clase lectivo hasta el \u00faltimo.<br \/><\/span><strong><br \/><span class=\"Estilo140\">Horario:<\/span><br \/><\/strong>De 7:30 a 9:00 horas.<\/p>\n<p class=\"Estilo48\" align=\"left\"><strong><span class=\"Estilo140\">Precio:<\/span><br \/><\/strong><span class=\"Estilo70\">17,51 <\/span>Euros mensuales, del cual se reduce el tanto por ciento por bonificaci\u00f3n una vez concedido o 1,33 \u20ac\/d\u00eda.<\/p>\n<p class=\"Estilo48\" align=\"justify\"><strong><span class=\"Estilo140\">El desayuno:<br \/><\/span><\/strong><span class=\"Estilo140\">No se ofrecer\u00e1 desayuno a los alumnos\/as. Las monitoras servir\u00e1n el que traigan de casa.<\/span><\/p>\n<div id=\"C5405CF8_CD94_A1E5_2349_7F0F4B3843B3\">&nbsp;<\/div>\n<p>[\/et_pb_text][\/et_pb_column][\/et_pb_row][et_pb_row admin_label=&#8221;Solicitud de baja&#8221; _builder_version=&#8221;4.16&#8243; _module_preset=&#8221;default&#8221; collapsed=&#8221;off&#8221; global_colors_info=&#8221;{}&#8221;][et_pb_column type=&#8221;4_4&#8243; _builder_version=&#8221;4.16&#8243; _module_preset=&#8221;default&#8221; global_colors_info=&#8221;{}&#8221;][et_pb_blurb title=&#8221;Solicitud de Baja de los Servicios Complementarios&#8221; _builder_version=&#8221;4.16&#8243; _module_preset=&#8221;default&#8221; header_text_align=&#8221;center&#8221; header_text_color=&#8221;#e02b20&#8243; global_colors_info=&#8221;{}&#8221;]<\/p>\n<p>Recuerda que puedes solicitar tu baja tambi\u00e9n telem\u00e1ticamente, rellenando <span style=\"color: #339966\"><a style=\"color: #339966\" href=\"https:\/\/docs.google.com\/document\/d\/1Gd_3J836cmKThfJUsKL5PIwTaHUb69njURScC35UB40\/edit?usp=sharing\">este documento<\/a><\/span>, firm\u00e1ndolo y envi\u00e1ndolo a nuestro correo electr\u00f3nico: administracion@ceipjuanherreraalcausa.es<\/p>\n<p><span style=\"font-size: 10pt\"><b>Nota informativa:<\/b><\/span><\/p>\n<p><span style=\"font-size: 10pt\"><span style=\"font-weight: 400\">De acuerdo con lo dispuesto en los arti\u0301culos 6.3, 8.5 y 16.5 de la Orden de 17 de abril de 2017 (BOJA 78, de 16 de abril de 2017), la solicitud de baja en el servicio correspondiente debe comunicarse antes del u\u0301ltimo di\u0301a lectivo<\/span> <span style=\"font-weight: 400\">de la semana anterior a aquella en la que se pretenda hacer efectiva la baja en el caso de los servicios de aula matinal y comedor escolar, y con una antelacio\u0301n de, al menos, una semana al inicio del mes en que se pretenda hacer efectiva la baja en el caso de las actividades extraescolares.<\/span><\/span><\/p>\n<p>[\/et_pb_blurb][\/et_pb_column][\/et_pb_row][\/et_pb_section]<\/p>\n","protected":false},"excerpt":{"rendered":"<p>Aula matinal Nuestra escuela posibilita la asistencia educativa a sus hijos en horarios en el que no pueden ser atendidos.Para ello ofertamos:-Vigilancia y atenci\u00f3n educativa.-Impulsar valores, actitudes y h\u00e1bitos.-Fomentar el juego en grupo.-Motivar para las clases posteriores. Todo ello desarrollado a trav\u00e9s de las siguientes actividades:-Recepci\u00f3n y cuidado de los alumnos.-Desayuno.-Proyecci\u00f3n de pel\u00edculas de v\u00eddeo.-Ludoteca.-Descanso [&hellip;]<\/p>\n","protected":false},"author":13306,"featured_media":0,"parent":0,"menu_order":0,"comment_status":"closed","ping_status":"closed","template":"","meta":{"_et_pb_use_builder":"on","_et_pb_old_content":"","_et_gb_content_width":"","ngg_post_thumbnail":0,"footnotes":""},"aioseo_notices":[],"_links":{"self":[{"href":"https:\/\/blogsaverroes.juntadeandalucia.es\/jhalcausa\/wp-json\/wp\/v2\/pages\/845"}],"collection":[{"href":"https:\/\/blogsaverroes.juntadeandalucia.es\/jhalcausa\/wp-json\/wp\/v2\/pages"}],"about":[{"href":"https:\/\/blogsaverroes.juntadeandalucia.es\/jhalcausa\/wp-json\/wp\/v2\/types\/page"}],"author":[{"embeddable":true,"href":"https:\/\/blogsaverroes.juntadeandalucia.es\/jhalcausa\/wp-json\/wp\/v2\/users\/13306"}],"replies":[{"embeddable":true,"href":"https:\/\/blogsaverroes.juntadeandalucia.es\/jhalcausa\/wp-json\/wp\/v2\/comments?post=845"}],"version-history":[{"count":9,"href":"https:\/\/blogsaverroes.juntadeandalucia.es\/jhalcausa\/wp-json\/wp\/v2\/pages\/845\/revisions"}],"predecessor-version":[{"id":2086,"href":"https:\/\/blogsaverroes.juntadeandalucia.es\/jhalcausa\/wp-json\/wp\/v2\/pages\/845\/revisions\/2086"}],"wp:attachment":[{"href":"https:\/\/blogsaverroes.juntadeandalucia.es\/jhalcausa\/wp-json\/wp\/v2\/media?parent=845"}],"curies":[{"name":"wp","href":"https:\/\/api.w.org\/{rel}","templated":true}]}}