{"id":163,"date":"2024-07-03T10:51:47","date_gmt":"2024-07-03T08:51:47","guid":{"rendered":"https:\/\/blogsaverroes.juntadeandalucia.es\/joaquinmartin\/?page_id=163"},"modified":"2025-05-27T18:40:03","modified_gmt":"2025-05-27T16:40:03","slug":"proyectos","status":"publish","type":"page","link":"https:\/\/blogsaverroes.juntadeandalucia.es\/joaquinmartin\/proyectos\/","title":{"rendered":"Blender contra el olvido"},"content":{"rendered":"<h3>Blender contra el olvido<a href=\"https:\/\/blogsaverroes.juntadeandalucia.es\/joaquinmartin\/files\/2024\/07\/14429355331187.jpg\"><img loading=\"lazy\" decoding=\"async\" class=\"size-medium wp-image-191 alignright\" src=\"https:\/\/blogsaverroes.juntadeandalucia.es\/joaquinmartin\/files\/2024\/07\/14429355331187-201x300.jpg\" alt=\"\" width=\"201\" height=\"300\" srcset=\"https:\/\/blogsaverroes.juntadeandalucia.es\/joaquinmartin\/files\/2024\/07\/14429355331187-201x300.jpg 201w, https:\/\/blogsaverroes.juntadeandalucia.es\/joaquinmartin\/files\/2024\/07\/14429355331187-332x495.jpg 332w, https:\/\/blogsaverroes.juntadeandalucia.es\/joaquinmartin\/files\/2024\/07\/14429355331187.jpg 660w\" sizes=\"(max-width: 201px) 100vw, 201px\" \/><\/a><\/h3>\n<p>En esta secci\u00f3n tengo la intenci\u00f3n de realizar proyectos que muestren inventos olvidados, que quedaron atrapados en el tiempo y apenas se conocen en la actualidad.<\/p>\n<p>El 3D, a trav\u00e9s del programa Blender (que es el que yo uso), es una v\u00eda ideal para ello. Siempre lo he pensado. Hay muchos creadores espa\u00f1oles que apenas se conocen en la actualidad y que contribuyeron de manera decisiva a que se pudieran conseguir retos importantes para la humanidad, como los submarinos, los helic\u00f3pteros o los trajes espaciales. Esto no quita que me pueda interesar tambi\u00e9n por inventos e inventores de otros pa\u00edses. El genio es una de las capacidades mejor repartidas por el mundo.<\/p>\n<p>A ver qu\u00e9 consigo.<\/p>\n","protected":false},"excerpt":{"rendered":"<p>Blender contra el olvido En esta secci\u00f3n tengo la intenci\u00f3n de realizar proyectos que muestren inventos olvidados, que quedaron atrapados en el tiempo y apenas&hellip;<\/p>\n","protected":false},"author":2144,"featured_media":0,"parent":0,"menu_order":0,"comment_status":"closed","ping_status":"closed","template":"","meta":{"ngg_post_thumbnail":0,"footnotes":""},"aioseo_notices":[],"_links":{"self":[{"href":"https:\/\/blogsaverroes.juntadeandalucia.es\/joaquinmartin\/wp-json\/wp\/v2\/pages\/163"}],"collection":[{"href":"https:\/\/blogsaverroes.juntadeandalucia.es\/joaquinmartin\/wp-json\/wp\/v2\/pages"}],"about":[{"href":"https:\/\/blogsaverroes.juntadeandalucia.es\/joaquinmartin\/wp-json\/wp\/v2\/types\/page"}],"author":[{"embeddable":true,"href":"https:\/\/blogsaverroes.juntadeandalucia.es\/joaquinmartin\/wp-json\/wp\/v2\/users\/2144"}],"replies":[{"embeddable":true,"href":"https:\/\/blogsaverroes.juntadeandalucia.es\/joaquinmartin\/wp-json\/wp\/v2\/comments?post=163"}],"version-history":[{"count":16,"href":"https:\/\/blogsaverroes.juntadeandalucia.es\/joaquinmartin\/wp-json\/wp\/v2\/pages\/163\/revisions"}],"predecessor-version":[{"id":441,"href":"https:\/\/blogsaverroes.juntadeandalucia.es\/joaquinmartin\/wp-json\/wp\/v2\/pages\/163\/revisions\/441"}],"wp:attachment":[{"href":"https:\/\/blogsaverroes.juntadeandalucia.es\/joaquinmartin\/wp-json\/wp\/v2\/media?parent=163"}],"curies":[{"name":"wp","href":"https:\/\/api.w.org\/{rel}","templated":true}]}}