{"id":234,"date":"2024-09-05T17:56:03","date_gmt":"2024-09-05T15:56:03","guid":{"rendered":"https:\/\/blogsaverroes.juntadeandalucia.es\/joaquinmartin\/?page_id=234"},"modified":"2025-04-24T18:23:28","modified_gmt":"2025-04-24T16:23:28","slug":"un-banco-moebius","status":"publish","type":"page","link":"https:\/\/blogsaverroes.juntadeandalucia.es\/joaquinmartin\/modelos-3d\/un-banco-moebius\/","title":{"rendered":"Un banco \u00abmoebius\u00bb."},"content":{"rendered":"<p><img loading=\"lazy\" decoding=\"async\" class=\"size-medium wp-image-235 aligncenter\" src=\"https:\/\/blogsaverroes.juntadeandalucia.es\/joaquinmartin\/files\/2024\/09\/banco-moebius-300x225.jpeg\" alt=\"\" width=\"300\" height=\"225\" srcset=\"https:\/\/blogsaverroes.juntadeandalucia.es\/joaquinmartin\/files\/2024\/09\/banco-moebius-300x225.jpeg 300w, https:\/\/blogsaverroes.juntadeandalucia.es\/joaquinmartin\/files\/2024\/09\/banco-moebius-1024x768.jpeg 1024w, https:\/\/blogsaverroes.juntadeandalucia.es\/joaquinmartin\/files\/2024\/09\/banco-moebius-768x576.jpeg 768w, https:\/\/blogsaverroes.juntadeandalucia.es\/joaquinmartin\/files\/2024\/09\/banco-moebius-1536x1152.jpeg 1536w, https:\/\/blogsaverroes.juntadeandalucia.es\/joaquinmartin\/files\/2024\/09\/banco-moebius-700x525.jpeg 700w, https:\/\/blogsaverroes.juntadeandalucia.es\/joaquinmartin\/files\/2024\/09\/banco-moebius-332x249.jpeg 332w, https:\/\/blogsaverroes.juntadeandalucia.es\/joaquinmartin\/files\/2024\/09\/banco-moebius.jpeg 1600w\" sizes=\"(max-width: 300px) 100vw, 300px\" \/><\/p>\n<p>Vi este curioso banco paseando por la r\u00eda de un pueblo onubense y me llam\u00f3 la atenci\u00f3n. Est\u00e1 hecho con pl\u00e1stico reciclado del fondo del mar (bueno, al menos en parte). Iba a ser curioso modelarlo en Blender. Ten\u00eda forma de banda de Moebius (o M\u00f6bius), pero abierta por los extremos. En la <a href=\"https:\/\/es.wikipedia.org\/wiki\/Banda_de_M%C3%B6bius\" target=\"_blank\" rel=\"noopener\">banda de Moebius<\/a> matem\u00e1tica, siempre se \u00abcamina\u00bb por la misma cara y es una curva cerrada.<\/p>\n<p>Al principio, me pareci\u00f3 f\u00e1cil, pero ten\u00eda sus dificultades. Pensaba que podr\u00eda hacerlo con un array y un modificador curva, pero no sal\u00eda bien, ya que la curva deformaba las \u00abtablillas\u00bb de las que est\u00e1 formado. Y todas son iguales y rectas.<\/p>\n<p>Tuve que cambiar de estrategia y hacerlo de otra manera. Al final, s\u00f3lo us\u00e9 el modificador Array. As\u00ed qued\u00f3:<\/p>\n<p><a href=\"https:\/\/blogsaverroes.juntadeandalucia.es\/joaquinmartin\/files\/2024\/09\/Imagen_02.png\"><img loading=\"lazy\" decoding=\"async\" class=\"size-medium wp-image-236 aligncenter\" src=\"https:\/\/blogsaverroes.juntadeandalucia.es\/joaquinmartin\/files\/2024\/09\/Imagen_02-300x169.png\" alt=\"\" width=\"300\" height=\"169\" srcset=\"https:\/\/blogsaverroes.juntadeandalucia.es\/joaquinmartin\/files\/2024\/09\/Imagen_02-300x169.png 300w, https:\/\/blogsaverroes.juntadeandalucia.es\/joaquinmartin\/files\/2024\/09\/Imagen_02-1024x576.png 1024w, https:\/\/blogsaverroes.juntadeandalucia.es\/joaquinmartin\/files\/2024\/09\/Imagen_02-768x432.png 768w, https:\/\/blogsaverroes.juntadeandalucia.es\/joaquinmartin\/files\/2024\/09\/Imagen_02-1536x864.png 1536w, https:\/\/blogsaverroes.juntadeandalucia.es\/joaquinmartin\/files\/2024\/09\/Imagen_02-700x393.png 700w, https:\/\/blogsaverroes.juntadeandalucia.es\/joaquinmartin\/files\/2024\/09\/Imagen_02-332x187.png 332w, https:\/\/blogsaverroes.juntadeandalucia.es\/joaquinmartin\/files\/2024\/09\/Imagen_02.png 1600w\" sizes=\"(max-width: 300px) 100vw, 300px\" \/><\/a><\/p>\n<p>&nbsp;<\/p>\n<p>Aqu\u00ed ten\u00e9is otras vistas sin materiales:<\/p>\n<p>&nbsp;<\/p>\n<p><a href=\"https:\/\/blogsaverroes.juntadeandalucia.es\/joaquinmartin\/files\/2024\/09\/Captura-de-pantalla-2024-09-05-175041.png\"><img loading=\"lazy\" decoding=\"async\" class=\"alignnone size-medium wp-image-237\" src=\"https:\/\/blogsaverroes.juntadeandalucia.es\/joaquinmartin\/files\/2024\/09\/Captura-de-pantalla-2024-09-05-175041-262x300.png\" alt=\"\" width=\"262\" height=\"300\" srcset=\"https:\/\/blogsaverroes.juntadeandalucia.es\/joaquinmartin\/files\/2024\/09\/Captura-de-pantalla-2024-09-05-175041-262x300.png 262w, https:\/\/blogsaverroes.juntadeandalucia.es\/joaquinmartin\/files\/2024\/09\/Captura-de-pantalla-2024-09-05-175041-332x380.png 332w, https:\/\/blogsaverroes.juntadeandalucia.es\/joaquinmartin\/files\/2024\/09\/Captura-de-pantalla-2024-09-05-175041.png 674w\" sizes=\"(max-width: 262px) 100vw, 262px\" \/><\/a> <a href=\"https:\/\/blogsaverroes.juntadeandalucia.es\/joaquinmartin\/files\/2024\/09\/Captura-de-pantalla-2024-09-05-175053.png\"><img loading=\"lazy\" decoding=\"async\" class=\"alignnone size-medium wp-image-238\" src=\"https:\/\/blogsaverroes.juntadeandalucia.es\/joaquinmartin\/files\/2024\/09\/Captura-de-pantalla-2024-09-05-175053-300x114.png\" alt=\"\" width=\"300\" height=\"114\" srcset=\"https:\/\/blogsaverroes.juntadeandalucia.es\/joaquinmartin\/files\/2024\/09\/Captura-de-pantalla-2024-09-05-175053-300x114.png 300w, https:\/\/blogsaverroes.juntadeandalucia.es\/joaquinmartin\/files\/2024\/09\/Captura-de-pantalla-2024-09-05-175053-1024x389.png 1024w, https:\/\/blogsaverroes.juntadeandalucia.es\/joaquinmartin\/files\/2024\/09\/Captura-de-pantalla-2024-09-05-175053-768x291.png 768w, https:\/\/blogsaverroes.juntadeandalucia.es\/joaquinmartin\/files\/2024\/09\/Captura-de-pantalla-2024-09-05-175053-1536x583.png 1536w, https:\/\/blogsaverroes.juntadeandalucia.es\/joaquinmartin\/files\/2024\/09\/Captura-de-pantalla-2024-09-05-175053-700x266.png 700w, https:\/\/blogsaverroes.juntadeandalucia.es\/joaquinmartin\/files\/2024\/09\/Captura-de-pantalla-2024-09-05-175053-332x126.png 332w, https:\/\/blogsaverroes.juntadeandalucia.es\/joaquinmartin\/files\/2024\/09\/Captura-de-pantalla-2024-09-05-175053.png 1539w\" sizes=\"(max-width: 300px) 100vw, 300px\" \/><\/a> <a href=\"https:\/\/blogsaverroes.juntadeandalucia.es\/joaquinmartin\/files\/2024\/09\/Captura-de-pantalla-2024-09-05-175121.png\"><img loading=\"lazy\" decoding=\"async\" class=\"alignnone size-medium wp-image-239\" src=\"https:\/\/blogsaverroes.juntadeandalucia.es\/joaquinmartin\/files\/2024\/09\/Captura-de-pantalla-2024-09-05-175121-300x178.png\" alt=\"\" width=\"300\" height=\"178\" srcset=\"https:\/\/blogsaverroes.juntadeandalucia.es\/joaquinmartin\/files\/2024\/09\/Captura-de-pantalla-2024-09-05-175121-300x178.png 300w, https:\/\/blogsaverroes.juntadeandalucia.es\/joaquinmartin\/files\/2024\/09\/Captura-de-pantalla-2024-09-05-175121-1024x609.png 1024w, https:\/\/blogsaverroes.juntadeandalucia.es\/joaquinmartin\/files\/2024\/09\/Captura-de-pantalla-2024-09-05-175121-768x457.png 768w, https:\/\/blogsaverroes.juntadeandalucia.es\/joaquinmartin\/files\/2024\/09\/Captura-de-pantalla-2024-09-05-175121-700x416.png 700w, https:\/\/blogsaverroes.juntadeandalucia.es\/joaquinmartin\/files\/2024\/09\/Captura-de-pantalla-2024-09-05-175121-332x197.png 332w, https:\/\/blogsaverroes.juntadeandalucia.es\/joaquinmartin\/files\/2024\/09\/Captura-de-pantalla-2024-09-05-175121.png 1460w\" sizes=\"(max-width: 300px) 100vw, 300px\" \/><\/a> <a href=\"https:\/\/blogsaverroes.juntadeandalucia.es\/joaquinmartin\/files\/2024\/09\/Captura-de-pantalla-2024-09-05-175130.png\"><img loading=\"lazy\" decoding=\"async\" class=\"alignnone size-medium wp-image-240\" src=\"https:\/\/blogsaverroes.juntadeandalucia.es\/joaquinmartin\/files\/2024\/09\/Captura-de-pantalla-2024-09-05-175130-115x300.png\" alt=\"\" width=\"115\" height=\"300\" srcset=\"https:\/\/blogsaverroes.juntadeandalucia.es\/joaquinmartin\/files\/2024\/09\/Captura-de-pantalla-2024-09-05-175130-115x300.png 115w, https:\/\/blogsaverroes.juntadeandalucia.es\/joaquinmartin\/files\/2024\/09\/Captura-de-pantalla-2024-09-05-175130-332x868.png 332w, https:\/\/blogsaverroes.juntadeandalucia.es\/joaquinmartin\/files\/2024\/09\/Captura-de-pantalla-2024-09-05-175130.png 354w\" sizes=\"(max-width: 115px) 100vw, 115px\" \/><\/a> <a href=\"https:\/\/blogsaverroes.juntadeandalucia.es\/joaquinmartin\/files\/2024\/09\/Captura-de-pantalla-2024-09-05-175145.png\"><img loading=\"lazy\" decoding=\"async\" class=\"alignnone size-medium wp-image-241\" src=\"https:\/\/blogsaverroes.juntadeandalucia.es\/joaquinmartin\/files\/2024\/09\/Captura-de-pantalla-2024-09-05-175145-300x203.png\" alt=\"\" width=\"300\" height=\"203\" srcset=\"https:\/\/blogsaverroes.juntadeandalucia.es\/joaquinmartin\/files\/2024\/09\/Captura-de-pantalla-2024-09-05-175145-300x203.png 300w, https:\/\/blogsaverroes.juntadeandalucia.es\/joaquinmartin\/files\/2024\/09\/Captura-de-pantalla-2024-09-05-175145-1024x692.png 1024w, https:\/\/blogsaverroes.juntadeandalucia.es\/joaquinmartin\/files\/2024\/09\/Captura-de-pantalla-2024-09-05-175145-768x519.png 768w, https:\/\/blogsaverroes.juntadeandalucia.es\/joaquinmartin\/files\/2024\/09\/Captura-de-pantalla-2024-09-05-175145-700x473.png 700w, https:\/\/blogsaverroes.juntadeandalucia.es\/joaquinmartin\/files\/2024\/09\/Captura-de-pantalla-2024-09-05-175145-332x224.png 332w, https:\/\/blogsaverroes.juntadeandalucia.es\/joaquinmartin\/files\/2024\/09\/Captura-de-pantalla-2024-09-05-175145.png 1500w\" sizes=\"(max-width: 300px) 100vw, 300px\" \/><\/a><\/p>\n<p>Y la malla, que es muy simple:<\/p>\n<p><a href=\"https:\/\/blogsaverroes.juntadeandalucia.es\/joaquinmartin\/files\/2024\/09\/Captura-de-pantalla-2024-09-05-175159.png\"><img loading=\"lazy\" decoding=\"async\" class=\"alignnone size-medium wp-image-242\" src=\"https:\/\/blogsaverroes.juntadeandalucia.es\/joaquinmartin\/files\/2024\/09\/Captura-de-pantalla-2024-09-05-175159-300x217.png\" alt=\"\" width=\"300\" height=\"217\" srcset=\"https:\/\/blogsaverroes.juntadeandalucia.es\/joaquinmartin\/files\/2024\/09\/Captura-de-pantalla-2024-09-05-175159-300x217.png 300w, https:\/\/blogsaverroes.juntadeandalucia.es\/joaquinmartin\/files\/2024\/09\/Captura-de-pantalla-2024-09-05-175159-1024x740.png 1024w, https:\/\/blogsaverroes.juntadeandalucia.es\/joaquinmartin\/files\/2024\/09\/Captura-de-pantalla-2024-09-05-175159-768x555.png 768w, https:\/\/blogsaverroes.juntadeandalucia.es\/joaquinmartin\/files\/2024\/09\/Captura-de-pantalla-2024-09-05-175159-700x506.png 700w, https:\/\/blogsaverroes.juntadeandalucia.es\/joaquinmartin\/files\/2024\/09\/Captura-de-pantalla-2024-09-05-175159-332x240.png 332w, https:\/\/blogsaverroes.juntadeandalucia.es\/joaquinmartin\/files\/2024\/09\/Captura-de-pantalla-2024-09-05-175159.png 1484w\" sizes=\"(max-width: 300px) 100vw, 300px\" \/><\/a> <a href=\"https:\/\/blogsaverroes.juntadeandalucia.es\/joaquinmartin\/files\/2024\/09\/Captura-de-pantalla-2024-09-05-175211.png\"><img loading=\"lazy\" decoding=\"async\" class=\"alignnone size-medium wp-image-243\" src=\"https:\/\/blogsaverroes.juntadeandalucia.es\/joaquinmartin\/files\/2024\/09\/Captura-de-pantalla-2024-09-05-175211-300x205.png\" alt=\"\" width=\"300\" height=\"205\" srcset=\"https:\/\/blogsaverroes.juntadeandalucia.es\/joaquinmartin\/files\/2024\/09\/Captura-de-pantalla-2024-09-05-175211-300x205.png 300w, https:\/\/blogsaverroes.juntadeandalucia.es\/joaquinmartin\/files\/2024\/09\/Captura-de-pantalla-2024-09-05-175211-1024x700.png 1024w, https:\/\/blogsaverroes.juntadeandalucia.es\/joaquinmartin\/files\/2024\/09\/Captura-de-pantalla-2024-09-05-175211-768x525.png 768w, https:\/\/blogsaverroes.juntadeandalucia.es\/joaquinmartin\/files\/2024\/09\/Captura-de-pantalla-2024-09-05-175211-700x478.png 700w, https:\/\/blogsaverroes.juntadeandalucia.es\/joaquinmartin\/files\/2024\/09\/Captura-de-pantalla-2024-09-05-175211-332x227.png 332w, https:\/\/blogsaverroes.juntadeandalucia.es\/joaquinmartin\/files\/2024\/09\/Captura-de-pantalla-2024-09-05-175211.png 1519w\" sizes=\"(max-width: 300px) 100vw, 300px\" \/><\/a> <a href=\"https:\/\/blogsaverroes.juntadeandalucia.es\/joaquinmartin\/files\/2024\/09\/Captura-de-pantalla-2024-09-05-175225.png\"><img loading=\"lazy\" decoding=\"async\" class=\"alignnone size-medium wp-image-244\" src=\"https:\/\/blogsaverroes.juntadeandalucia.es\/joaquinmartin\/files\/2024\/09\/Captura-de-pantalla-2024-09-05-175225-300x187.png\" alt=\"\" width=\"300\" height=\"187\" srcset=\"https:\/\/blogsaverroes.juntadeandalucia.es\/joaquinmartin\/files\/2024\/09\/Captura-de-pantalla-2024-09-05-175225-300x187.png 300w, https:\/\/blogsaverroes.juntadeandalucia.es\/joaquinmartin\/files\/2024\/09\/Captura-de-pantalla-2024-09-05-175225-1024x638.png 1024w, https:\/\/blogsaverroes.juntadeandalucia.es\/joaquinmartin\/files\/2024\/09\/Captura-de-pantalla-2024-09-05-175225-768x478.png 768w, https:\/\/blogsaverroes.juntadeandalucia.es\/joaquinmartin\/files\/2024\/09\/Captura-de-pantalla-2024-09-05-175225-1536x956.png 1536w, https:\/\/blogsaverroes.juntadeandalucia.es\/joaquinmartin\/files\/2024\/09\/Captura-de-pantalla-2024-09-05-175225-700x436.png 700w, https:\/\/blogsaverroes.juntadeandalucia.es\/joaquinmartin\/files\/2024\/09\/Captura-de-pantalla-2024-09-05-175225-332x207.png 332w, https:\/\/blogsaverroes.juntadeandalucia.es\/joaquinmartin\/files\/2024\/09\/Captura-de-pantalla-2024-09-05-175225.png 1561w\" sizes=\"(max-width: 300px) 100vw, 300px\" \/><\/a><\/p>\n","protected":false},"excerpt":{"rendered":"<p>Vi este curioso banco paseando por la r\u00eda de un pueblo onubense y me llam\u00f3 la atenci\u00f3n. Est\u00e1 hecho con pl\u00e1stico reciclado del fondo del&hellip;<\/p>\n","protected":false},"author":2144,"featured_media":0,"parent":248,"menu_order":0,"comment_status":"open","ping_status":"closed","template":"","meta":{"ngg_post_thumbnail":0,"footnotes":""},"aioseo_notices":[],"_links":{"self":[{"href":"https:\/\/blogsaverroes.juntadeandalucia.es\/joaquinmartin\/wp-json\/wp\/v2\/pages\/234"}],"collection":[{"href":"https:\/\/blogsaverroes.juntadeandalucia.es\/joaquinmartin\/wp-json\/wp\/v2\/pages"}],"about":[{"href":"https:\/\/blogsaverroes.juntadeandalucia.es\/joaquinmartin\/wp-json\/wp\/v2\/types\/page"}],"author":[{"embeddable":true,"href":"https:\/\/blogsaverroes.juntadeandalucia.es\/joaquinmartin\/wp-json\/wp\/v2\/users\/2144"}],"replies":[{"embeddable":true,"href":"https:\/\/blogsaverroes.juntadeandalucia.es\/joaquinmartin\/wp-json\/wp\/v2\/comments?post=234"}],"version-history":[{"count":4,"href":"https:\/\/blogsaverroes.juntadeandalucia.es\/joaquinmartin\/wp-json\/wp\/v2\/pages\/234\/revisions"}],"predecessor-version":[{"id":365,"href":"https:\/\/blogsaverroes.juntadeandalucia.es\/joaquinmartin\/wp-json\/wp\/v2\/pages\/234\/revisions\/365"}],"up":[{"embeddable":true,"href":"https:\/\/blogsaverroes.juntadeandalucia.es\/joaquinmartin\/wp-json\/wp\/v2\/pages\/248"}],"wp:attachment":[{"href":"https:\/\/blogsaverroes.juntadeandalucia.es\/joaquinmartin\/wp-json\/wp\/v2\/media?parent=234"}],"curies":[{"name":"wp","href":"https:\/\/api.w.org\/{rel}","templated":true}]}}