{"id":297,"date":"2024-10-19T12:57:26","date_gmt":"2024-10-19T10:57:26","guid":{"rendered":"https:\/\/blogsaverroes.juntadeandalucia.es\/joaquinmartin\/?page_id=297"},"modified":"2025-07-27T21:31:21","modified_gmt":"2025-07-27T19:31:21","slug":"antiguo-molinillo-de-cafe","status":"publish","type":"page","link":"https:\/\/blogsaverroes.juntadeandalucia.es\/joaquinmartin\/modelos-3d\/antiguo-molinillo-de-cafe\/","title":{"rendered":"Antiguo molinillo de caf\u00e9"},"content":{"rendered":"<h3>Antiguo molinillo de caf\u00e9<\/h3>\n<p style=\"text-align: center\"><a href=\"https:\/\/blogsaverroes.juntadeandalucia.es\/joaquinmartin\/files\/2024\/10\/Render000.png\"><img loading=\"lazy\" decoding=\"async\" class=\"alignnone size-medium wp-image-298\" src=\"https:\/\/blogsaverroes.juntadeandalucia.es\/joaquinmartin\/files\/2024\/10\/Render000-300x169.png\" alt=\"\" width=\"300\" height=\"169\" srcset=\"https:\/\/blogsaverroes.juntadeandalucia.es\/joaquinmartin\/files\/2024\/10\/Render000-300x169.png 300w, https:\/\/blogsaverroes.juntadeandalucia.es\/joaquinmartin\/files\/2024\/10\/Render000-1024x576.png 1024w, https:\/\/blogsaverroes.juntadeandalucia.es\/joaquinmartin\/files\/2024\/10\/Render000-768x432.png 768w, https:\/\/blogsaverroes.juntadeandalucia.es\/joaquinmartin\/files\/2024\/10\/Render000-1536x864.png 1536w, https:\/\/blogsaverroes.juntadeandalucia.es\/joaquinmartin\/files\/2024\/10\/Render000-700x393.png 700w, https:\/\/blogsaverroes.juntadeandalucia.es\/joaquinmartin\/files\/2024\/10\/Render000-332x187.png 332w, https:\/\/blogsaverroes.juntadeandalucia.es\/joaquinmartin\/files\/2024\/10\/Render000.png 1600w\" sizes=\"(max-width: 300px) 100vw, 300px\" \/><\/a><\/p>\n<p>Tenemos en casa un antiguo molinillo de caf\u00e9 manual, algo oxidado, pero con unas piezas \u00abhard surface\u00bb muy apropiadas para hacerlas en 3D. Tambi\u00e9n me parecieron muy interesantes las texturas que ten\u00eda. As\u00ed que me puse a modelar. Este es el modelo de alta definici\u00f3n con materiales \u00abplanos\u00bb:<\/p>\n<p><a href=\"https:\/\/blogsaverroes.juntadeandalucia.es\/joaquinmartin\/files\/2024\/10\/Render001.png\"><img loading=\"lazy\" decoding=\"async\" class=\"size-medium wp-image-299 aligncenter\" src=\"https:\/\/blogsaverroes.juntadeandalucia.es\/joaquinmartin\/files\/2024\/10\/Render001-300x169.png\" alt=\"\" width=\"300\" height=\"169\" srcset=\"https:\/\/blogsaverroes.juntadeandalucia.es\/joaquinmartin\/files\/2024\/10\/Render001-300x169.png 300w, https:\/\/blogsaverroes.juntadeandalucia.es\/joaquinmartin\/files\/2024\/10\/Render001-1024x576.png 1024w, https:\/\/blogsaverroes.juntadeandalucia.es\/joaquinmartin\/files\/2024\/10\/Render001-768x432.png 768w, https:\/\/blogsaverroes.juntadeandalucia.es\/joaquinmartin\/files\/2024\/10\/Render001-1536x864.png 1536w, https:\/\/blogsaverroes.juntadeandalucia.es\/joaquinmartin\/files\/2024\/10\/Render001-700x393.png 700w, https:\/\/blogsaverroes.juntadeandalucia.es\/joaquinmartin\/files\/2024\/10\/Render001-332x187.png 332w, https:\/\/blogsaverroes.juntadeandalucia.es\/joaquinmartin\/files\/2024\/10\/Render001.png 1600w\" sizes=\"(max-width: 300px) 100vw, 300px\" \/><\/a><\/p>\n<p>Modelar la chapa no ten\u00eda muchas dificultades, pero el texto \u00abELMA\u00bb lo hice con un mapa de normales.<\/p>\n<p>As\u00ed qued\u00f3 con las texturas:<\/p>\n<p><a href=\"https:\/\/blogsaverroes.juntadeandalucia.es\/joaquinmartin\/files\/2024\/10\/Render002.png\"><img loading=\"lazy\" decoding=\"async\" class=\"alignnone size-medium wp-image-300\" src=\"https:\/\/blogsaverroes.juntadeandalucia.es\/joaquinmartin\/files\/2024\/10\/Render002-300x169.png\" alt=\"\" width=\"300\" height=\"169\" srcset=\"https:\/\/blogsaverroes.juntadeandalucia.es\/joaquinmartin\/files\/2024\/10\/Render002-300x169.png 300w, https:\/\/blogsaverroes.juntadeandalucia.es\/joaquinmartin\/files\/2024\/10\/Render002-1024x576.png 1024w, https:\/\/blogsaverroes.juntadeandalucia.es\/joaquinmartin\/files\/2024\/10\/Render002-768x432.png 768w, https:\/\/blogsaverroes.juntadeandalucia.es\/joaquinmartin\/files\/2024\/10\/Render002-1536x864.png 1536w, https:\/\/blogsaverroes.juntadeandalucia.es\/joaquinmartin\/files\/2024\/10\/Render002-700x393.png 700w, https:\/\/blogsaverroes.juntadeandalucia.es\/joaquinmartin\/files\/2024\/10\/Render002-332x187.png 332w, https:\/\/blogsaverroes.juntadeandalucia.es\/joaquinmartin\/files\/2024\/10\/Render002.png 1600w\" sizes=\"(max-width: 300px) 100vw, 300px\" \/><\/a> <a href=\"https:\/\/blogsaverroes.juntadeandalucia.es\/joaquinmartin\/files\/2024\/10\/Render003.png\"><img loading=\"lazy\" decoding=\"async\" class=\"alignnone size-medium wp-image-301\" src=\"https:\/\/blogsaverroes.juntadeandalucia.es\/joaquinmartin\/files\/2024\/10\/Render003-300x169.png\" alt=\"\" width=\"300\" height=\"169\" srcset=\"https:\/\/blogsaverroes.juntadeandalucia.es\/joaquinmartin\/files\/2024\/10\/Render003-300x169.png 300w, https:\/\/blogsaverroes.juntadeandalucia.es\/joaquinmartin\/files\/2024\/10\/Render003-1024x576.png 1024w, https:\/\/blogsaverroes.juntadeandalucia.es\/joaquinmartin\/files\/2024\/10\/Render003-768x432.png 768w, https:\/\/blogsaverroes.juntadeandalucia.es\/joaquinmartin\/files\/2024\/10\/Render003-1536x864.png 1536w, https:\/\/blogsaverroes.juntadeandalucia.es\/joaquinmartin\/files\/2024\/10\/Render003-700x393.png 700w, https:\/\/blogsaverroes.juntadeandalucia.es\/joaquinmartin\/files\/2024\/10\/Render003-332x187.png 332w, https:\/\/blogsaverroes.juntadeandalucia.es\/joaquinmartin\/files\/2024\/10\/Render003.png 1600w\" sizes=\"(max-width: 300px) 100vw, 300px\" \/><\/a> <a href=\"https:\/\/blogsaverroes.juntadeandalucia.es\/joaquinmartin\/files\/2024\/10\/Render004.png\"><img loading=\"lazy\" decoding=\"async\" class=\"alignnone size-medium wp-image-302\" src=\"https:\/\/blogsaverroes.juntadeandalucia.es\/joaquinmartin\/files\/2024\/10\/Render004-300x169.png\" alt=\"\" width=\"300\" height=\"169\" srcset=\"https:\/\/blogsaverroes.juntadeandalucia.es\/joaquinmartin\/files\/2024\/10\/Render004-300x169.png 300w, https:\/\/blogsaverroes.juntadeandalucia.es\/joaquinmartin\/files\/2024\/10\/Render004-1024x576.png 1024w, https:\/\/blogsaverroes.juntadeandalucia.es\/joaquinmartin\/files\/2024\/10\/Render004-768x432.png 768w, https:\/\/blogsaverroes.juntadeandalucia.es\/joaquinmartin\/files\/2024\/10\/Render004-1536x864.png 1536w, https:\/\/blogsaverroes.juntadeandalucia.es\/joaquinmartin\/files\/2024\/10\/Render004-700x393.png 700w, https:\/\/blogsaverroes.juntadeandalucia.es\/joaquinmartin\/files\/2024\/10\/Render004-332x187.png 332w, https:\/\/blogsaverroes.juntadeandalucia.es\/joaquinmartin\/files\/2024\/10\/Render004.png 1600w\" sizes=\"(max-width: 300px) 100vw, 300px\" \/><\/a> <a href=\"https:\/\/blogsaverroes.juntadeandalucia.es\/joaquinmartin\/files\/2024\/10\/Render005.png\"><img loading=\"lazy\" decoding=\"async\" class=\"alignnone size-medium wp-image-303\" src=\"https:\/\/blogsaverroes.juntadeandalucia.es\/joaquinmartin\/files\/2024\/10\/Render005-300x169.png\" alt=\"\" width=\"300\" height=\"169\" srcset=\"https:\/\/blogsaverroes.juntadeandalucia.es\/joaquinmartin\/files\/2024\/10\/Render005-300x169.png 300w, https:\/\/blogsaverroes.juntadeandalucia.es\/joaquinmartin\/files\/2024\/10\/Render005-1024x576.png 1024w, https:\/\/blogsaverroes.juntadeandalucia.es\/joaquinmartin\/files\/2024\/10\/Render005-768x432.png 768w, https:\/\/blogsaverroes.juntadeandalucia.es\/joaquinmartin\/files\/2024\/10\/Render005-1536x864.png 1536w, https:\/\/blogsaverroes.juntadeandalucia.es\/joaquinmartin\/files\/2024\/10\/Render005-700x393.png 700w, https:\/\/blogsaverroes.juntadeandalucia.es\/joaquinmartin\/files\/2024\/10\/Render005-332x187.png 332w, https:\/\/blogsaverroes.juntadeandalucia.es\/joaquinmartin\/files\/2024\/10\/Render005.png 1600w\" sizes=\"(max-width: 300px) 100vw, 300px\" \/><\/a> <a href=\"https:\/\/blogsaverroes.juntadeandalucia.es\/joaquinmartin\/files\/2024\/10\/Render006.png\"><img loading=\"lazy\" decoding=\"async\" class=\"alignnone size-medium wp-image-304\" src=\"https:\/\/blogsaverroes.juntadeandalucia.es\/joaquinmartin\/files\/2024\/10\/Render006-300x169.png\" alt=\"\" width=\"300\" height=\"169\" srcset=\"https:\/\/blogsaverroes.juntadeandalucia.es\/joaquinmartin\/files\/2024\/10\/Render006-300x169.png 300w, https:\/\/blogsaverroes.juntadeandalucia.es\/joaquinmartin\/files\/2024\/10\/Render006-1024x576.png 1024w, https:\/\/blogsaverroes.juntadeandalucia.es\/joaquinmartin\/files\/2024\/10\/Render006-768x432.png 768w, https:\/\/blogsaverroes.juntadeandalucia.es\/joaquinmartin\/files\/2024\/10\/Render006-1536x864.png 1536w, https:\/\/blogsaverroes.juntadeandalucia.es\/joaquinmartin\/files\/2024\/10\/Render006-700x393.png 700w, https:\/\/blogsaverroes.juntadeandalucia.es\/joaquinmartin\/files\/2024\/10\/Render006-332x187.png 332w, https:\/\/blogsaverroes.juntadeandalucia.es\/joaquinmartin\/files\/2024\/10\/Render006.png 1600w\" sizes=\"(max-width: 300px) 100vw, 300px\" \/><\/a> <a href=\"https:\/\/blogsaverroes.juntadeandalucia.es\/joaquinmartin\/files\/2024\/10\/Render007.png\"><img loading=\"lazy\" decoding=\"async\" class=\"alignnone size-medium wp-image-305\" src=\"https:\/\/blogsaverroes.juntadeandalucia.es\/joaquinmartin\/files\/2024\/10\/Render007-300x169.png\" alt=\"\" width=\"300\" height=\"169\" srcset=\"https:\/\/blogsaverroes.juntadeandalucia.es\/joaquinmartin\/files\/2024\/10\/Render007-300x169.png 300w, https:\/\/blogsaverroes.juntadeandalucia.es\/joaquinmartin\/files\/2024\/10\/Render007-1024x576.png 1024w, https:\/\/blogsaverroes.juntadeandalucia.es\/joaquinmartin\/files\/2024\/10\/Render007-768x432.png 768w, https:\/\/blogsaverroes.juntadeandalucia.es\/joaquinmartin\/files\/2024\/10\/Render007-1536x864.png 1536w, https:\/\/blogsaverroes.juntadeandalucia.es\/joaquinmartin\/files\/2024\/10\/Render007-700x393.png 700w, https:\/\/blogsaverroes.juntadeandalucia.es\/joaquinmartin\/files\/2024\/10\/Render007-332x187.png 332w, https:\/\/blogsaverroes.juntadeandalucia.es\/joaquinmartin\/files\/2024\/10\/Render007.png 1600w\" sizes=\"(max-width: 300px) 100vw, 300px\" \/><\/a><\/p>\n<p>Tambi\u00e9n muestro la malla:<\/p>\nngg_shortcode_0_placeholder\n<p>Aqu\u00ed se puede interactuar con el modelo (ampliar para ver mejor):<\/p>\n<div class=\"sketchfab-embed-wrapper\">\n<p><iframe src=\"https:\/\/sketchfab.com\/models\/bb5d6092325542719b14c4a1699c1325\/embed\" frameborder=\"0\"> <\/iframe><\/p>\n<\/div>\n<p>&nbsp;<\/p>\n<p style=\"text-align: center\">_________________________________________________________________________________________<\/p>\n<p><a href=\"https:\/\/blogsaverroes.juntadeandalucia.es\/joaquinmartin\/files\/2025\/07\/Logo-blender.png\"><img loading=\"lazy\" decoding=\"async\" class=\"wp-image-563 alignnone\" src=\"https:\/\/blogsaverroes.juntadeandalucia.es\/joaquinmartin\/files\/2025\/07\/Logo-blender-300x245.png\" alt=\"\" width=\"147\" height=\"120\" srcset=\"https:\/\/blogsaverroes.juntadeandalucia.es\/joaquinmartin\/files\/2025\/07\/Logo-blender-300x245.png 300w, https:\/\/blogsaverroes.juntadeandalucia.es\/joaquinmartin\/files\/2025\/07\/Logo-blender-1024x837.png 1024w, https:\/\/blogsaverroes.juntadeandalucia.es\/joaquinmartin\/files\/2025\/07\/Logo-blender-768x628.png 768w, https:\/\/blogsaverroes.juntadeandalucia.es\/joaquinmartin\/files\/2025\/07\/Logo-blender.png 1200w\" sizes=\"(max-width: 147px) 100vw, 147px\" \/><\/a><a href=\"https:\/\/blogsaverroes.juntadeandalucia.es\/joaquinmartin\/files\/2025\/07\/ea7589be93caf435068d194d09930080a0dd4b61.png\"><img loading=\"lazy\" decoding=\"async\" class=\"wp-image-565 alignnone\" src=\"https:\/\/blogsaverroes.juntadeandalucia.es\/joaquinmartin\/files\/2025\/07\/ea7589be93caf435068d194d09930080a0dd4b61-300x300.png\" alt=\"\" width=\"117\" height=\"117\" srcset=\"https:\/\/blogsaverroes.juntadeandalucia.es\/joaquinmartin\/files\/2025\/07\/ea7589be93caf435068d194d09930080a0dd4b61-300x300.png 300w, https:\/\/blogsaverroes.juntadeandalucia.es\/joaquinmartin\/files\/2025\/07\/ea7589be93caf435068d194d09930080a0dd4b61-150x150.png 150w, https:\/\/blogsaverroes.juntadeandalucia.es\/joaquinmartin\/files\/2025\/07\/ea7589be93caf435068d194d09930080a0dd4b61-768x768.png 768w, https:\/\/blogsaverroes.juntadeandalucia.es\/joaquinmartin\/files\/2025\/07\/ea7589be93caf435068d194d09930080a0dd4b61.png 1024w\" sizes=\"(max-width: 117px) 100vw, 117px\" \/><\/a><\/p>\n<p><a href=\"https:\/\/blogsaverroes.juntadeandalucia.es\/joaquinmartin\/files\/2025\/07\/ea7589be93caf435068d194d09930080a0dd4b61.png\"><strong>T<\/strong><\/a><strong>ra<\/strong><strong>bajo realizado con Blender e Instamat<\/strong><\/p>\n<p>&nbsp;<\/p>\n","protected":false},"excerpt":{"rendered":"<p>Antiguo molinillo de caf\u00e9 Tenemos en casa un antiguo molinillo de caf\u00e9 manual, algo oxidado, pero con unas piezas \u00abhard surface\u00bb muy apropiadas para hacerlas&hellip;<\/p>\n","protected":false},"author":2144,"featured_media":0,"parent":248,"menu_order":0,"comment_status":"open","ping_status":"closed","template":"","meta":{"ngg_post_thumbnail":0,"footnotes":""},"aioseo_notices":[],"_links":{"self":[{"href":"https:\/\/blogsaverroes.juntadeandalucia.es\/joaquinmartin\/wp-json\/wp\/v2\/pages\/297"}],"collection":[{"href":"https:\/\/blogsaverroes.juntadeandalucia.es\/joaquinmartin\/wp-json\/wp\/v2\/pages"}],"about":[{"href":"https:\/\/blogsaverroes.juntadeandalucia.es\/joaquinmartin\/wp-json\/wp\/v2\/types\/page"}],"author":[{"embeddable":true,"href":"https:\/\/blogsaverroes.juntadeandalucia.es\/joaquinmartin\/wp-json\/wp\/v2\/users\/2144"}],"replies":[{"embeddable":true,"href":"https:\/\/blogsaverroes.juntadeandalucia.es\/joaquinmartin\/wp-json\/wp\/v2\/comments?post=297"}],"version-history":[{"count":9,"href":"https:\/\/blogsaverroes.juntadeandalucia.es\/joaquinmartin\/wp-json\/wp\/v2\/pages\/297\/revisions"}],"predecessor-version":[{"id":573,"href":"https:\/\/blogsaverroes.juntadeandalucia.es\/joaquinmartin\/wp-json\/wp\/v2\/pages\/297\/revisions\/573"}],"up":[{"embeddable":true,"href":"https:\/\/blogsaverroes.juntadeandalucia.es\/joaquinmartin\/wp-json\/wp\/v2\/pages\/248"}],"wp:attachment":[{"href":"https:\/\/blogsaverroes.juntadeandalucia.es\/joaquinmartin\/wp-json\/wp\/v2\/media?parent=297"}],"curies":[{"name":"wp","href":"https:\/\/api.w.org\/{rel}","templated":true}]}}