{"id":344,"date":"2024-10-31T19:02:08","date_gmt":"2024-10-31T18:02:08","guid":{"rendered":"https:\/\/blogsaverroes.juntadeandalucia.es\/joaquinmartin\/?page_id=344"},"modified":"2025-04-24T18:24:00","modified_gmt":"2025-04-24T16:24:00","slug":"taza-de-duralex","status":"publish","type":"page","link":"https:\/\/blogsaverroes.juntadeandalucia.es\/joaquinmartin\/modelos-3d\/taza-de-duralex\/","title":{"rendered":"Taza de Duralex"},"content":{"rendered":"<h3>Taza de Duralex<\/h3>\n<p>Me gustaron mucho las formas suaves y las transparencias de esta taza de cristal de la marca francesa Duralex que usamos diariamente para tomar caf\u00e9. Muchas veces en las cosas m\u00e1s sencillas en donde se encuentra lo m\u00e1s interesante.<\/p>\n<p><a href=\"https:\/\/blogsaverroes.juntadeandalucia.es\/joaquinmartin\/files\/2024\/10\/Render2.png\"><img loading=\"lazy\" decoding=\"async\" class=\"size-medium wp-image-345 aligncenter\" src=\"https:\/\/blogsaverroes.juntadeandalucia.es\/joaquinmartin\/files\/2024\/10\/Render2-300x169.png\" alt=\"\" width=\"300\" height=\"169\" srcset=\"https:\/\/blogsaverroes.juntadeandalucia.es\/joaquinmartin\/files\/2024\/10\/Render2-300x169.png 300w, https:\/\/blogsaverroes.juntadeandalucia.es\/joaquinmartin\/files\/2024\/10\/Render2-1024x576.png 1024w, https:\/\/blogsaverroes.juntadeandalucia.es\/joaquinmartin\/files\/2024\/10\/Render2-768x432.png 768w, https:\/\/blogsaverroes.juntadeandalucia.es\/joaquinmartin\/files\/2024\/10\/Render2-1536x864.png 1536w, https:\/\/blogsaverroes.juntadeandalucia.es\/joaquinmartin\/files\/2024\/10\/Render2-700x393.png 700w, https:\/\/blogsaverroes.juntadeandalucia.es\/joaquinmartin\/files\/2024\/10\/Render2-332x187.png 332w, https:\/\/blogsaverroes.juntadeandalucia.es\/joaquinmartin\/files\/2024\/10\/Render2.png 1600w\" sizes=\"(max-width: 300px) 100vw, 300px\" \/><\/a><\/p>\n<p>Esta es la malla, muy sencilla:<\/p>\n<p><a href=\"https:\/\/blogsaverroes.juntadeandalucia.es\/joaquinmartin\/files\/2024\/10\/Wireframe.png\"><img loading=\"lazy\" decoding=\"async\" class=\"size-medium wp-image-346 aligncenter\" src=\"https:\/\/blogsaverroes.juntadeandalucia.es\/joaquinmartin\/files\/2024\/10\/Wireframe-300x168.png\" alt=\"\" width=\"300\" height=\"168\" srcset=\"https:\/\/blogsaverroes.juntadeandalucia.es\/joaquinmartin\/files\/2024\/10\/Wireframe-300x168.png 300w, https:\/\/blogsaverroes.juntadeandalucia.es\/joaquinmartin\/files\/2024\/10\/Wireframe-1024x572.png 1024w, https:\/\/blogsaverroes.juntadeandalucia.es\/joaquinmartin\/files\/2024\/10\/Wireframe-768x429.png 768w, https:\/\/blogsaverroes.juntadeandalucia.es\/joaquinmartin\/files\/2024\/10\/Wireframe-1536x859.png 1536w, https:\/\/blogsaverroes.juntadeandalucia.es\/joaquinmartin\/files\/2024\/10\/Wireframe-700x393.png 700w, https:\/\/blogsaverroes.juntadeandalucia.es\/joaquinmartin\/files\/2024\/10\/Wireframe-332x186.png 332w, https:\/\/blogsaverroes.juntadeandalucia.es\/joaquinmartin\/files\/2024\/10\/Wireframe.png 1600w\" sizes=\"(max-width: 300px) 100vw, 300px\" \/><\/a><\/p>\n","protected":false},"excerpt":{"rendered":"<p>Taza de Duralex Me gustaron mucho las formas suaves y las transparencias de esta taza de cristal de la marca francesa Duralex que usamos diariamente&hellip;<\/p>\n","protected":false},"author":2144,"featured_media":0,"parent":248,"menu_order":0,"comment_status":"open","ping_status":"closed","template":"","meta":{"ngg_post_thumbnail":0,"footnotes":""},"aioseo_notices":[],"_links":{"self":[{"href":"https:\/\/blogsaverroes.juntadeandalucia.es\/joaquinmartin\/wp-json\/wp\/v2\/pages\/344"}],"collection":[{"href":"https:\/\/blogsaverroes.juntadeandalucia.es\/joaquinmartin\/wp-json\/wp\/v2\/pages"}],"about":[{"href":"https:\/\/blogsaverroes.juntadeandalucia.es\/joaquinmartin\/wp-json\/wp\/v2\/types\/page"}],"author":[{"embeddable":true,"href":"https:\/\/blogsaverroes.juntadeandalucia.es\/joaquinmartin\/wp-json\/wp\/v2\/users\/2144"}],"replies":[{"embeddable":true,"href":"https:\/\/blogsaverroes.juntadeandalucia.es\/joaquinmartin\/wp-json\/wp\/v2\/comments?post=344"}],"version-history":[{"count":2,"href":"https:\/\/blogsaverroes.juntadeandalucia.es\/joaquinmartin\/wp-json\/wp\/v2\/pages\/344\/revisions"}],"predecessor-version":[{"id":366,"href":"https:\/\/blogsaverroes.juntadeandalucia.es\/joaquinmartin\/wp-json\/wp\/v2\/pages\/344\/revisions\/366"}],"up":[{"embeddable":true,"href":"https:\/\/blogsaverroes.juntadeandalucia.es\/joaquinmartin\/wp-json\/wp\/v2\/pages\/248"}],"wp:attachment":[{"href":"https:\/\/blogsaverroes.juntadeandalucia.es\/joaquinmartin\/wp-json\/wp\/v2\/media?parent=344"}],"curies":[{"name":"wp","href":"https:\/\/api.w.org\/{rel}","templated":true}]}}