{"id":584,"date":"2025-09-15T18:11:02","date_gmt":"2025-09-15T16:11:02","guid":{"rendered":"https:\/\/blogsaverroes.juntadeandalucia.es\/joaquinmartin\/?page_id=584"},"modified":"2025-09-17T01:07:15","modified_gmt":"2025-09-16T23:07:15","slug":"los-molinos-de-jeronimo-de-ayanz","status":"publish","type":"page","link":"https:\/\/blogsaverroes.juntadeandalucia.es\/joaquinmartin\/proyectos\/los-molinos-de-jeronimo-de-ayanz\/","title":{"rendered":"Los molinos de Jer\u00f3nimo de Ayanz"},"content":{"rendered":"<p style=\"text-align: center\"><a href=\"https:\/\/blogsaverroes.juntadeandalucia.es\/joaquinmartin\/files\/2025\/09\/Render_000.png\"><img loading=\"lazy\" decoding=\"async\" class=\"wp-image-600 aligncenter\" src=\"https:\/\/blogsaverroes.juntadeandalucia.es\/joaquinmartin\/files\/2025\/09\/Render_000-300x169.png\" alt=\"\" width=\"294\" height=\"165\" srcset=\"https:\/\/blogsaverroes.juntadeandalucia.es\/joaquinmartin\/files\/2025\/09\/Render_000-300x169.png 300w, https:\/\/blogsaverroes.juntadeandalucia.es\/joaquinmartin\/files\/2025\/09\/Render_000-1024x576.png 1024w, https:\/\/blogsaverroes.juntadeandalucia.es\/joaquinmartin\/files\/2025\/09\/Render_000-768x432.png 768w, https:\/\/blogsaverroes.juntadeandalucia.es\/joaquinmartin\/files\/2025\/09\/Render_000-1536x864.png 1536w, https:\/\/blogsaverroes.juntadeandalucia.es\/joaquinmartin\/files\/2025\/09\/Render_000.png 1600w\" sizes=\"(max-width: 294px) 100vw, 294px\" \/><\/a><\/p>\n<p style=\"text-align: center\"><a href=\"https:\/\/blogsaverroes.juntadeandalucia.es\/joaquinmartin\/files\/2025\/09\/Wireframe_02.png\"><img loading=\"lazy\" decoding=\"async\" class=\"wp-image-601 aligncenter\" src=\"https:\/\/blogsaverroes.juntadeandalucia.es\/joaquinmartin\/files\/2025\/09\/Wireframe_02-300x169.png\" alt=\"\" width=\"293\" height=\"165\" srcset=\"https:\/\/blogsaverroes.juntadeandalucia.es\/joaquinmartin\/files\/2025\/09\/Wireframe_02-300x169.png 300w, https:\/\/blogsaverroes.juntadeandalucia.es\/joaquinmartin\/files\/2025\/09\/Wireframe_02-1024x576.png 1024w, https:\/\/blogsaverroes.juntadeandalucia.es\/joaquinmartin\/files\/2025\/09\/Wireframe_02-768x432.png 768w, https:\/\/blogsaverroes.juntadeandalucia.es\/joaquinmartin\/files\/2025\/09\/Wireframe_02-1536x864.png 1536w, https:\/\/blogsaverroes.juntadeandalucia.es\/joaquinmartin\/files\/2025\/09\/Wireframe_02.png 1920w\" sizes=\"(max-width: 293px) 100vw, 293px\" \/><\/a><\/p>\n<p style=\"text-align: center\"><a href=\"https:\/\/blogsaverroes.juntadeandalucia.es\/joaquinmartin\/files\/2025\/09\/Wireframe_01-1.png\"><img loading=\"lazy\" decoding=\"async\" class=\"wp-image-633 aligncenter\" src=\"https:\/\/blogsaverroes.juntadeandalucia.es\/joaquinmartin\/files\/2025\/09\/Wireframe_01-1-300x169.png\" alt=\"\" width=\"292\" height=\"165\" srcset=\"https:\/\/blogsaverroes.juntadeandalucia.es\/joaquinmartin\/files\/2025\/09\/Wireframe_01-1-300x169.png 300w, https:\/\/blogsaverroes.juntadeandalucia.es\/joaquinmartin\/files\/2025\/09\/Wireframe_01-1-1024x576.png 1024w, https:\/\/blogsaverroes.juntadeandalucia.es\/joaquinmartin\/files\/2025\/09\/Wireframe_01-1-768x432.png 768w, https:\/\/blogsaverroes.juntadeandalucia.es\/joaquinmartin\/files\/2025\/09\/Wireframe_01-1-1536x864.png 1536w, https:\/\/blogsaverroes.juntadeandalucia.es\/joaquinmartin\/files\/2025\/09\/Wireframe_01-1.png 1600w\" sizes=\"(max-width: 292px) 100vw, 292px\" \/><\/a><\/p>\n<p>Jer\u00f3nimo de Ayanz y Beaumont (1553-1613) fue un hombre con mucho talento y sus inventos fueron muy variados: una m\u00e1quina de vapor para sacar agua de las minas (muy anterior a la de James Watt) y un sistema de aire acondicionado para el duro trabajo de minero. Mejor\u00f3 mucho la instrumentaci\u00f3n cient\u00edfica. Dise\u00f1\u00f3 molinos de viento, destiladores, hornos de fundici\u00f3n, balanzas, e incluso una campana de buceo y un submarino. Todo ello con los materiales de su \u00e9poca, un aut\u00e9ntico logro. Las patentes de Ayanz datan de 1606. Esto supone que son anteriores en m\u00e1s de un siglo a la mecanizaci\u00f3n de la revoluci\u00f3n industrial.<\/p>\n<p>Por mucho que he buscado sus dise\u00f1os, solo he encontrado comprensibles y viables los de los molinos que invent\u00f3. Aunque he tenido que ver dise\u00f1os modernos basados en ellos para lograr comprender c\u00f3mo eran. Estos son los dibujos (esquemas m\u00e1s bien dibujados a vuela pluma) que me han servido de modelo para los molinos:<\/p>\n<p style=\"text-align: center\"><a href=\"https:\/\/blogsaverroes.juntadeandalucia.es\/joaquinmartin\/files\/2025\/09\/Molino_Ayanz_de_aspas_en_tornillo.jpg\"><img loading=\"lazy\" decoding=\"async\" class=\"alignnone size-medium wp-image-597\" src=\"https:\/\/blogsaverroes.juntadeandalucia.es\/joaquinmartin\/files\/2025\/09\/Molino_Ayanz_de_aspas_en_tornillo-300x167.jpg\" alt=\"\" width=\"300\" height=\"167\" srcset=\"https:\/\/blogsaverroes.juntadeandalucia.es\/joaquinmartin\/files\/2025\/09\/Molino_Ayanz_de_aspas_en_tornillo-300x167.jpg 300w, https:\/\/blogsaverroes.juntadeandalucia.es\/joaquinmartin\/files\/2025\/09\/Molino_Ayanz_de_aspas_en_tornillo-1024x570.jpg 1024w, https:\/\/blogsaverroes.juntadeandalucia.es\/joaquinmartin\/files\/2025\/09\/Molino_Ayanz_de_aspas_en_tornillo-768x428.jpg 768w, https:\/\/blogsaverroes.juntadeandalucia.es\/joaquinmartin\/files\/2025\/09\/Molino_Ayanz_de_aspas_en_tornillo.jpg 1393w\" sizes=\"(max-width: 300px) 100vw, 300px\" \/><\/a><a href=\"https:\/\/blogsaverroes.juntadeandalucia.es\/joaquinmartin\/files\/2025\/09\/InvencionesnotablesdeJernimodeAyanz.jpg\"><img loading=\"lazy\" decoding=\"async\" class=\"alignnone size-medium wp-image-598\" src=\"https:\/\/blogsaverroes.juntadeandalucia.es\/joaquinmartin\/files\/2025\/09\/InvencionesnotablesdeJernimodeAyanz-300x224.jpg\" alt=\"\" width=\"300\" height=\"224\" srcset=\"https:\/\/blogsaverroes.juntadeandalucia.es\/joaquinmartin\/files\/2025\/09\/InvencionesnotablesdeJernimodeAyanz-300x224.jpg 300w, https:\/\/blogsaverroes.juntadeandalucia.es\/joaquinmartin\/files\/2025\/09\/InvencionesnotablesdeJernimodeAyanz.jpg 440w\" sizes=\"(max-width: 300px) 100vw, 300px\" \/><\/a><\/p>\n<p style=\"text-align: left\">Adaptando un poco esos esbozos a una l\u00f3gica mec\u00e1nica m\u00ednima y teniendo en cuenta los materiales que se usaban en la \u00e9poca, he modelado y texturizado los molinos y las construcciones posibles que los albergaban.<\/p>\n<p style=\"text-align: center\"><a href=\"https:\/\/blogsaverroes.juntadeandalucia.es\/joaquinmartin\/files\/2025\/09\/Render_01.png\"><img loading=\"lazy\" decoding=\"async\" class=\"alignnone size-medium wp-image-587\" src=\"https:\/\/blogsaverroes.juntadeandalucia.es\/joaquinmartin\/files\/2025\/09\/Render_01-300x169.png\" alt=\"\" width=\"300\" height=\"169\" srcset=\"https:\/\/blogsaverroes.juntadeandalucia.es\/joaquinmartin\/files\/2025\/09\/Render_01-300x169.png 300w, https:\/\/blogsaverroes.juntadeandalucia.es\/joaquinmartin\/files\/2025\/09\/Render_01-1024x576.png 1024w, https:\/\/blogsaverroes.juntadeandalucia.es\/joaquinmartin\/files\/2025\/09\/Render_01-768x432.png 768w, https:\/\/blogsaverroes.juntadeandalucia.es\/joaquinmartin\/files\/2025\/09\/Render_01-1536x864.png 1536w, https:\/\/blogsaverroes.juntadeandalucia.es\/joaquinmartin\/files\/2025\/09\/Render_01.png 1600w\" sizes=\"(max-width: 300px) 100vw, 300px\" \/><\/a><\/p>\n<p>&nbsp;El dise\u00f1o m\u00e1s novedoso es el molino de aspas helicoidales de eje horizontal. En la actualidad, hay molinos helicoidales basados en su dise\u00f1o.<\/p>\n<p><a href=\"https:\/\/blogsaverroes.juntadeandalucia.es\/joaquinmartin\/files\/2025\/09\/Render_02.png\"><img loading=\"lazy\" decoding=\"async\" class=\"alignnone size-medium wp-image-590 aligncenter\" src=\"https:\/\/blogsaverroes.juntadeandalucia.es\/joaquinmartin\/files\/2025\/09\/Render_02-234x300.png\" alt=\"\" width=\"234\" height=\"300\" srcset=\"https:\/\/blogsaverroes.juntadeandalucia.es\/joaquinmartin\/files\/2025\/09\/Render_02-234x300.png 234w, https:\/\/blogsaverroes.juntadeandalucia.es\/joaquinmartin\/files\/2025\/09\/Render_02-800x1024.png 800w, https:\/\/blogsaverroes.juntadeandalucia.es\/joaquinmartin\/files\/2025\/09\/Render_02-768x983.png 768w, https:\/\/blogsaverroes.juntadeandalucia.es\/joaquinmartin\/files\/2025\/09\/Render_02-1200x1536.png 1200w, https:\/\/blogsaverroes.juntadeandalucia.es\/joaquinmartin\/files\/2025\/09\/Render_02.png 1500w\" sizes=\"(max-width: 234px) 100vw, 234px\" \/><\/a><\/p>\n<p>Y este es el molino de eje vertical, m\u00e1s simple pero con un dise\u00f1o muy eficaz para \u00abrecoger\u00bb el viento y transformarlo en energ\u00eda.<\/p>\n<p style=\"text-align: center\"><a href=\"https:\/\/blogsaverroes.juntadeandalucia.es\/joaquinmartin\/files\/2025\/09\/Render_03.png\"><img loading=\"lazy\" decoding=\"async\" class=\"alignnone size-medium wp-image-591\" src=\"https:\/\/blogsaverroes.juntadeandalucia.es\/joaquinmartin\/files\/2025\/09\/Render_03-234x300.png\" alt=\"\" width=\"234\" height=\"300\" srcset=\"https:\/\/blogsaverroes.juntadeandalucia.es\/joaquinmartin\/files\/2025\/09\/Render_03-234x300.png 234w, https:\/\/blogsaverroes.juntadeandalucia.es\/joaquinmartin\/files\/2025\/09\/Render_03-800x1024.png 800w, https:\/\/blogsaverroes.juntadeandalucia.es\/joaquinmartin\/files\/2025\/09\/Render_03-768x983.png 768w, https:\/\/blogsaverroes.juntadeandalucia.es\/joaquinmartin\/files\/2025\/09\/Render_03-1200x1536.png 1200w, https:\/\/blogsaverroes.juntadeandalucia.es\/joaquinmartin\/files\/2025\/09\/Render_03.png 1250w\" sizes=\"(max-width: 234px) 100vw, 234px\" \/><\/a><\/p>\n<p>Me cost\u00f3 comprender que el dibujo de Ayanz se correspond\u00eda con unas aspas helicoidales como las del tornillo de Arqu\u00edmedes. \u00c9stas se mov\u00edan dentro de un cilindro muy ajustado que aprovechaba perfectamente la corriente de aire. Como una especie de \u00abturbina\u00bb, salvando las diferencias.<\/p>\n<p style=\"text-align: center\"><a href=\"https:\/\/blogsaverroes.juntadeandalucia.es\/joaquinmartin\/files\/2025\/09\/Render_04.png\">.<img loading=\"lazy\" decoding=\"async\" class=\"alignnone size-medium wp-image-581\" src=\"https:\/\/blogsaverroes.juntadeandalucia.es\/joaquinmartin\/files\/2025\/09\/Render_04-300x169.png\" alt=\"\" width=\"300\" height=\"169\" srcset=\"https:\/\/blogsaverroes.juntadeandalucia.es\/joaquinmartin\/files\/2025\/09\/Render_04-300x169.png 300w, https:\/\/blogsaverroes.juntadeandalucia.es\/joaquinmartin\/files\/2025\/09\/Render_04-1024x576.png 1024w, https:\/\/blogsaverroes.juntadeandalucia.es\/joaquinmartin\/files\/2025\/09\/Render_04-768x432.png 768w, https:\/\/blogsaverroes.juntadeandalucia.es\/joaquinmartin\/files\/2025\/09\/Render_04-1536x864.png 1536w, https:\/\/blogsaverroes.juntadeandalucia.es\/joaquinmartin\/files\/2025\/09\/Render_04.png 1600w\" sizes=\"(max-width: 300px) 100vw, 300px\" \/><\/a><\/p>\n<p>Ambos artilugios se conectaban directamente con una maquinaria t\u00edpica de molienda de grano, como la que podemos ver en la siguiente imagen.<\/p>\n<p style=\"text-align: center\"><a href=\"https:\/\/blogsaverroes.juntadeandalucia.es\/joaquinmartin\/files\/2025\/09\/Render_05.png\"><img loading=\"lazy\" decoding=\"async\" class=\"alignnone size-medium wp-image-611\" src=\"https:\/\/blogsaverroes.juntadeandalucia.es\/joaquinmartin\/files\/2025\/09\/Render_05-300x169.png\" alt=\"\" width=\"300\" height=\"169\" srcset=\"https:\/\/blogsaverroes.juntadeandalucia.es\/joaquinmartin\/files\/2025\/09\/Render_05-300x169.png 300w, https:\/\/blogsaverroes.juntadeandalucia.es\/joaquinmartin\/files\/2025\/09\/Render_05-1024x576.png 1024w, https:\/\/blogsaverroes.juntadeandalucia.es\/joaquinmartin\/files\/2025\/09\/Render_05-768x432.png 768w, https:\/\/blogsaverroes.juntadeandalucia.es\/joaquinmartin\/files\/2025\/09\/Render_05-1536x864.png 1536w, https:\/\/blogsaverroes.juntadeandalucia.es\/joaquinmartin\/files\/2025\/09\/Render_05.png 1920w\" sizes=\"(max-width: 300px) 100vw, 300px\" \/><\/a><\/p>\n<p style=\"text-align: center\"><a href=\"https:\/\/blogsaverroes.juntadeandalucia.es\/joaquinmartin\/files\/2025\/09\/Render_08.png\"><img loading=\"lazy\" decoding=\"async\" class=\"alignnone size-medium wp-image-613\" src=\"https:\/\/blogsaverroes.juntadeandalucia.es\/joaquinmartin\/files\/2025\/09\/Render_08-300x169.png\" alt=\"\" width=\"300\" height=\"169\" srcset=\"https:\/\/blogsaverroes.juntadeandalucia.es\/joaquinmartin\/files\/2025\/09\/Render_08-300x169.png 300w, https:\/\/blogsaverroes.juntadeandalucia.es\/joaquinmartin\/files\/2025\/09\/Render_08-1024x576.png 1024w, https:\/\/blogsaverroes.juntadeandalucia.es\/joaquinmartin\/files\/2025\/09\/Render_08-768x432.png 768w, https:\/\/blogsaverroes.juntadeandalucia.es\/joaquinmartin\/files\/2025\/09\/Render_08-1536x864.png 1536w, https:\/\/blogsaverroes.juntadeandalucia.es\/joaquinmartin\/files\/2025\/09\/Render_08.png 1920w\" sizes=\"(max-width: 300px) 100vw, 300px\" \/><\/a><\/p>\n<p>La originalidad del molino de eje horizontal radicaba en que todo el conjunto superior se pod\u00eda girar para aprovechar la direcci\u00f3n del viento. Lo veremos en un v\u00eddeo.<\/p>\n<p style=\"text-align: center\"><a href=\"https:\/\/blogsaverroes.juntadeandalucia.es\/joaquinmartin\/files\/2025\/09\/Render_06.png\"><img loading=\"lazy\" decoding=\"async\" class=\"alignnone size-medium wp-image-593\" src=\"https:\/\/blogsaverroes.juntadeandalucia.es\/joaquinmartin\/files\/2025\/09\/Render_06-300x169.png\" alt=\"\" width=\"300\" height=\"169\" srcset=\"https:\/\/blogsaverroes.juntadeandalucia.es\/joaquinmartin\/files\/2025\/09\/Render_06-300x169.png 300w, https:\/\/blogsaverroes.juntadeandalucia.es\/joaquinmartin\/files\/2025\/09\/Render_06-1024x576.png 1024w, https:\/\/blogsaverroes.juntadeandalucia.es\/joaquinmartin\/files\/2025\/09\/Render_06-768x432.png 768w, https:\/\/blogsaverroes.juntadeandalucia.es\/joaquinmartin\/files\/2025\/09\/Render_06-1536x864.png 1536w, https:\/\/blogsaverroes.juntadeandalucia.es\/joaquinmartin\/files\/2025\/09\/Render_06.png 1600w\" sizes=\"(max-width: 300px) 100vw, 300px\" \/><\/a><\/p>\n<p>Para ver su eficacia, se han copiado los dise\u00f1os de las aspas del molino de eje vertical y se ha podido comprobar su buen funcionamiento (Ver v\u00eddeo en la secci\u00f3n \u00abPara saber m\u00e1s\u00bb)<\/p>\n<p style=\"text-align: center\"><a href=\"https:\/\/blogsaverroes.juntadeandalucia.es\/joaquinmartin\/files\/2025\/09\/Render_07.png\"><img loading=\"lazy\" decoding=\"async\" class=\"alignnone size-medium wp-image-594\" src=\"https:\/\/blogsaverroes.juntadeandalucia.es\/joaquinmartin\/files\/2025\/09\/Render_07-300x169.png\" alt=\"\" width=\"300\" height=\"169\" srcset=\"https:\/\/blogsaverroes.juntadeandalucia.es\/joaquinmartin\/files\/2025\/09\/Render_07-300x169.png 300w, https:\/\/blogsaverroes.juntadeandalucia.es\/joaquinmartin\/files\/2025\/09\/Render_07-1024x576.png 1024w, https:\/\/blogsaverroes.juntadeandalucia.es\/joaquinmartin\/files\/2025\/09\/Render_07-768x432.png 768w, https:\/\/blogsaverroes.juntadeandalucia.es\/joaquinmartin\/files\/2025\/09\/Render_07-1536x864.png 1536w, https:\/\/blogsaverroes.juntadeandalucia.es\/joaquinmartin\/files\/2025\/09\/Render_07.png 1600w\" sizes=\"(max-width: 300px) 100vw, 300px\" \/><\/a><\/p>\n<p>Veamos un poco su funcionamiento:<\/p>\n<p style=\"text-align: center\"><iframe loading=\"lazy\" src=\"\/\/www.youtube.com\/embed\/wMpabUZJOho?si=50oKhO_wsMU74VdT\" width=\"560\" height=\"315\" frameborder=\"0\"><\/iframe><\/p>\n<p>&nbsp;<\/p>\n<h4>Veamos la malla:<\/h4>\nngg_shortcode_0_placeholder\n<h4>Para saber m\u00e1s:<\/h4>\n<ul>\n<li><a href=\"https:\/\/spainillustrated.blogspot.com\/2011\/10\/inventos-mecanicos-jeronimo-ayanz-beaumont.html\" target=\"_blank\" rel=\"noopener\">Inventos mec\u00e1nicos de Jer\u00f3nimo de Ayanz<\/a><\/li>\n<li><a href=\"https:\/\/yorokobu.es\/jeronimo-de-ayanz\/\" target=\"_blank\" rel=\"noopener\">Jer\u00f3nimo de Ayanz: el espa\u00f1ol que invent\u00f3 la m\u00e1quina de vapor un siglo antes de la Revoluci\u00f3n Industrial<\/a><\/li>\n<li><a href=\"https:\/\/www.xataka.com\/historia-tecnologica\/jeronimo-ayanz-da-vinci-olvidado-que-diseno-submarino-sistemas-aire-acondicionado-espana-austrias\" target=\"_blank\" rel=\"noopener\">Jer\u00f3nimo de Ayanz, el da Vinci olvidado<\/a><\/li>\n<li><a href=\"https:\/\/www.youtube.com\/watch?v=66XL4bhF99k\" target=\"_blank\" rel=\"noopener\">La primera m\u00e1quina de vapor fue espa\u00f1ola<\/a><\/li>\n<li><a href=\"https:\/\/youtu.be\/rBFCRjG7TVU?si=J0IYI41PYCdT_di2\" target=\"_blank\" rel=\"noopener\">Adaptaci\u00f3n del molino de viento Ayanz de aspas en tornillo (V\u00eddeo)<\/a><\/li>\n<li><a href=\"https:\/\/es.wikipedia.org\/wiki\/Molino_de_viento_Ayanz_de_aspas_en_tornillo\" target=\"_blank\" rel=\"noopener\">Molino de aspas helicoidales de Ayanz (Wikipedia)<\/a><\/li>\n<li><a href=\"https:\/\/www.youtube.com\/watch?v=dHwYaqHlbI0\" target=\"_blank\" rel=\"noopener\">Fabricaci\u00f3n de un molino de viento Ayanz de eje vertical \u201cbajo coste\u201d para fines acad\u00e9micos (V\u00eddeo)<\/a><\/li>\n<li class=\"style-scope ytd-watch-metadata\"><a href=\"https:\/\/www.youtube.com\/watch?v=pwQUD278k0E\" target=\"_blank\" rel=\"noopener\">Molinos de viento patentados por Jero\u0301nimo de Ayanz y Beaumont en el an\u0303o 1606 (V\u00eddeo)<\/a><\/li>\n<\/ul>\n<p>_________________________________________________________________________________________<\/p>\n<p><a href=\"https:\/\/blogsaverroes.juntadeandalucia.es\/joaquinmartin\/files\/2025\/07\/Logo-blender.png\"><img loading=\"lazy\" decoding=\"async\" class=\"wp-image-563 alignnone\" src=\"https:\/\/blogsaverroes.juntadeandalucia.es\/joaquinmartin\/files\/2025\/07\/Logo-blender-300x245.png\" alt=\"\" width=\"147\" height=\"120\" srcset=\"https:\/\/blogsaverroes.juntadeandalucia.es\/joaquinmartin\/files\/2025\/07\/Logo-blender-300x245.png 300w, https:\/\/blogsaverroes.juntadeandalucia.es\/joaquinmartin\/files\/2025\/07\/Logo-blender-1024x837.png 1024w, https:\/\/blogsaverroes.juntadeandalucia.es\/joaquinmartin\/files\/2025\/07\/Logo-blender-768x628.png 768w, https:\/\/blogsaverroes.juntadeandalucia.es\/joaquinmartin\/files\/2025\/07\/Logo-blender.png 1200w\" sizes=\"(max-width: 147px) 100vw, 147px\" \/><\/a><a href=\"https:\/\/blogsaverroes.juntadeandalucia.es\/joaquinmartin\/files\/2025\/07\/ea7589be93caf435068d194d09930080a0dd4b61.png\"><img loading=\"lazy\" decoding=\"async\" class=\"wp-image-565 alignnone\" src=\"https:\/\/blogsaverroes.juntadeandalucia.es\/joaquinmartin\/files\/2025\/07\/ea7589be93caf435068d194d09930080a0dd4b61-300x300.png\" alt=\"\" width=\"117\" height=\"117\" srcset=\"https:\/\/blogsaverroes.juntadeandalucia.es\/joaquinmartin\/files\/2025\/07\/ea7589be93caf435068d194d09930080a0dd4b61-300x300.png 300w, https:\/\/blogsaverroes.juntadeandalucia.es\/joaquinmartin\/files\/2025\/07\/ea7589be93caf435068d194d09930080a0dd4b61-150x150.png 150w, https:\/\/blogsaverroes.juntadeandalucia.es\/joaquinmartin\/files\/2025\/07\/ea7589be93caf435068d194d09930080a0dd4b61-768x768.png 768w, https:\/\/blogsaverroes.juntadeandalucia.es\/joaquinmartin\/files\/2025\/07\/ea7589be93caf435068d194d09930080a0dd4b61.png 1024w\" sizes=\"(max-width: 117px) 100vw, 117px\" \/><\/a><\/p>\n<p><a href=\"https:\/\/blogsaverroes.juntadeandalucia.es\/joaquinmartin\/files\/2025\/07\/ea7589be93caf435068d194d09930080a0dd4b61.png\"><strong>T<\/strong><\/a><strong>ra<\/strong><strong>bajo realizado con Blender e Instamat<\/strong><\/p>\n<p>&nbsp;<\/p>\n","protected":false},"excerpt":{"rendered":"<p>Jer\u00f3nimo de Ayanz y Beaumont (1553-1613) fue un hombre con mucho talento y sus inventos fueron muy variados: una m\u00e1quina de vapor para sacar agua&hellip;<\/p>\n","protected":false},"author":2144,"featured_media":0,"parent":163,"menu_order":0,"comment_status":"closed","ping_status":"closed","template":"","meta":{"ngg_post_thumbnail":0,"footnotes":""},"aioseo_notices":[],"_links":{"self":[{"href":"https:\/\/blogsaverroes.juntadeandalucia.es\/joaquinmartin\/wp-json\/wp\/v2\/pages\/584"}],"collection":[{"href":"https:\/\/blogsaverroes.juntadeandalucia.es\/joaquinmartin\/wp-json\/wp\/v2\/pages"}],"about":[{"href":"https:\/\/blogsaverroes.juntadeandalucia.es\/joaquinmartin\/wp-json\/wp\/v2\/types\/page"}],"author":[{"embeddable":true,"href":"https:\/\/blogsaverroes.juntadeandalucia.es\/joaquinmartin\/wp-json\/wp\/v2\/users\/2144"}],"replies":[{"embeddable":true,"href":"https:\/\/blogsaverroes.juntadeandalucia.es\/joaquinmartin\/wp-json\/wp\/v2\/comments?post=584"}],"version-history":[{"count":30,"href":"https:\/\/blogsaverroes.juntadeandalucia.es\/joaquinmartin\/wp-json\/wp\/v2\/pages\/584\/revisions"}],"predecessor-version":[{"id":648,"href":"https:\/\/blogsaverroes.juntadeandalucia.es\/joaquinmartin\/wp-json\/wp\/v2\/pages\/584\/revisions\/648"}],"up":[{"embeddable":true,"href":"https:\/\/blogsaverroes.juntadeandalucia.es\/joaquinmartin\/wp-json\/wp\/v2\/pages\/163"}],"wp:attachment":[{"href":"https:\/\/blogsaverroes.juntadeandalucia.es\/joaquinmartin\/wp-json\/wp\/v2\/media?parent=584"}],"curies":[{"name":"wp","href":"https:\/\/api.w.org\/{rel}","templated":true}]}}