{"id":656,"date":"2025-09-29T20:47:16","date_gmt":"2025-09-29T18:47:16","guid":{"rendered":"https:\/\/blogsaverroes.juntadeandalucia.es\/joaquinmartin\/?page_id=656"},"modified":"2025-09-29T21:11:48","modified_gmt":"2025-09-29T19:11:48","slug":"sextante","status":"publish","type":"page","link":"https:\/\/blogsaverroes.juntadeandalucia.es\/joaquinmartin\/modelos-3d\/sextante\/","title":{"rendered":"Sextante"},"content":{"rendered":"<h3>Sextante<\/h3>\n<p>Siempre me han llamado la atenci\u00f3n los sextantes. Son instrumentos precisos que supusieron un avance enorme en la navegaci\u00f3n del siglo XVIII. Hab\u00eda modelado este hace tiempo, pero quer\u00eda texturizarlo de nuevo. He usado el addon de Blender MatPlus de B3FX Estudios. Este es el resultado:<\/p>\n<p>&nbsp;<\/p>\n<p><a href=\"https:\/\/blogsaverroes.juntadeandalucia.es\/joaquinmartin\/files\/2025\/09\/Render_01-1.png\"><img loading=\"lazy\" decoding=\"async\" class=\"size-medium wp-image-657 aligncenter\" src=\"https:\/\/blogsaverroes.juntadeandalucia.es\/joaquinmartin\/files\/2025\/09\/Render_01-1-300x169.png\" alt=\"\" width=\"300\" height=\"169\" srcset=\"https:\/\/blogsaverroes.juntadeandalucia.es\/joaquinmartin\/files\/2025\/09\/Render_01-1-300x169.png 300w, https:\/\/blogsaverroes.juntadeandalucia.es\/joaquinmartin\/files\/2025\/09\/Render_01-1-1024x576.png 1024w, https:\/\/blogsaverroes.juntadeandalucia.es\/joaquinmartin\/files\/2025\/09\/Render_01-1-768x432.png 768w, https:\/\/blogsaverroes.juntadeandalucia.es\/joaquinmartin\/files\/2025\/09\/Render_01-1-1536x864.png 1536w, https:\/\/blogsaverroes.juntadeandalucia.es\/joaquinmartin\/files\/2025\/09\/Render_01-1.png 1600w\" sizes=\"(max-width: 300px) 100vw, 300px\" \/><\/a><\/p>\n<p style=\"text-align: center\"><a href=\"https:\/\/blogsaverroes.juntadeandalucia.es\/joaquinmartin\/files\/2025\/09\/Render_02-1.png\"><img loading=\"lazy\" decoding=\"async\" class=\"alignnone size-medium wp-image-658\" src=\"https:\/\/blogsaverroes.juntadeandalucia.es\/joaquinmartin\/files\/2025\/09\/Render_02-1-300x169.png\" alt=\"\" width=\"300\" height=\"169\" srcset=\"https:\/\/blogsaverroes.juntadeandalucia.es\/joaquinmartin\/files\/2025\/09\/Render_02-1-300x169.png 300w, https:\/\/blogsaverroes.juntadeandalucia.es\/joaquinmartin\/files\/2025\/09\/Render_02-1-1024x576.png 1024w, https:\/\/blogsaverroes.juntadeandalucia.es\/joaquinmartin\/files\/2025\/09\/Render_02-1-768x432.png 768w, https:\/\/blogsaverroes.juntadeandalucia.es\/joaquinmartin\/files\/2025\/09\/Render_02-1-1536x864.png 1536w, https:\/\/blogsaverroes.juntadeandalucia.es\/joaquinmartin\/files\/2025\/09\/Render_02-1.png 1920w\" sizes=\"(max-width: 300px) 100vw, 300px\" \/><\/a><\/p>\n<p style=\"text-align: center\"><a href=\"https:\/\/blogsaverroes.juntadeandalucia.es\/joaquinmartin\/files\/2025\/09\/Render_03-1.png\"><img loading=\"lazy\" decoding=\"async\" class=\"alignnone size-medium wp-image-659\" src=\"https:\/\/blogsaverroes.juntadeandalucia.es\/joaquinmartin\/files\/2025\/09\/Render_03-1-300x169.png\" alt=\"\" width=\"300\" height=\"169\" srcset=\"https:\/\/blogsaverroes.juntadeandalucia.es\/joaquinmartin\/files\/2025\/09\/Render_03-1-300x169.png 300w, https:\/\/blogsaverroes.juntadeandalucia.es\/joaquinmartin\/files\/2025\/09\/Render_03-1-1024x576.png 1024w, https:\/\/blogsaverroes.juntadeandalucia.es\/joaquinmartin\/files\/2025\/09\/Render_03-1-768x432.png 768w, https:\/\/blogsaverroes.juntadeandalucia.es\/joaquinmartin\/files\/2025\/09\/Render_03-1-1536x864.png 1536w, https:\/\/blogsaverroes.juntadeandalucia.es\/joaquinmartin\/files\/2025\/09\/Render_03-1.png 1600w\" sizes=\"(max-width: 300px) 100vw, 300px\" \/><\/a><\/p>\n<p style=\"text-align: center\"><a href=\"https:\/\/blogsaverroes.juntadeandalucia.es\/joaquinmartin\/files\/2025\/09\/Render_04-1.png\"><img loading=\"lazy\" decoding=\"async\" class=\"alignnone size-medium wp-image-660\" src=\"https:\/\/blogsaverroes.juntadeandalucia.es\/joaquinmartin\/files\/2025\/09\/Render_04-1-300x169.png\" alt=\"\" width=\"300\" height=\"169\" srcset=\"https:\/\/blogsaverroes.juntadeandalucia.es\/joaquinmartin\/files\/2025\/09\/Render_04-1-300x169.png 300w, https:\/\/blogsaverroes.juntadeandalucia.es\/joaquinmartin\/files\/2025\/09\/Render_04-1-1024x576.png 1024w, https:\/\/blogsaverroes.juntadeandalucia.es\/joaquinmartin\/files\/2025\/09\/Render_04-1-768x432.png 768w, https:\/\/blogsaverroes.juntadeandalucia.es\/joaquinmartin\/files\/2025\/09\/Render_04-1-1536x864.png 1536w, https:\/\/blogsaverroes.juntadeandalucia.es\/joaquinmartin\/files\/2025\/09\/Render_04-1.png 1600w\" sizes=\"(max-width: 300px) 100vw, 300px\" \/><\/a><\/p>\n<p style=\"text-align: center\"><a href=\"https:\/\/blogsaverroes.juntadeandalucia.es\/joaquinmartin\/files\/2025\/09\/Render_05-1.png\"><img loading=\"lazy\" decoding=\"async\" class=\"alignnone size-medium wp-image-661\" src=\"https:\/\/blogsaverroes.juntadeandalucia.es\/joaquinmartin\/files\/2025\/09\/Render_05-1-300x169.png\" alt=\"\" width=\"300\" height=\"169\" srcset=\"https:\/\/blogsaverroes.juntadeandalucia.es\/joaquinmartin\/files\/2025\/09\/Render_05-1-300x169.png 300w, https:\/\/blogsaverroes.juntadeandalucia.es\/joaquinmartin\/files\/2025\/09\/Render_05-1-1024x576.png 1024w, https:\/\/blogsaverroes.juntadeandalucia.es\/joaquinmartin\/files\/2025\/09\/Render_05-1-768x432.png 768w, https:\/\/blogsaverroes.juntadeandalucia.es\/joaquinmartin\/files\/2025\/09\/Render_05-1-1536x864.png 1536w, https:\/\/blogsaverroes.juntadeandalucia.es\/joaquinmartin\/files\/2025\/09\/Render_05-1.png 1920w\" sizes=\"(max-width: 300px) 100vw, 300px\" \/><\/a><\/p>\n<p style=\"text-align: center\"><a href=\"https:\/\/blogsaverroes.juntadeandalucia.es\/joaquinmartin\/files\/2025\/09\/Render_06-1.png\"><img loading=\"lazy\" decoding=\"async\" class=\"alignnone size-medium wp-image-662\" src=\"https:\/\/blogsaverroes.juntadeandalucia.es\/joaquinmartin\/files\/2025\/09\/Render_06-1-300x169.png\" alt=\"\" width=\"300\" height=\"169\" srcset=\"https:\/\/blogsaverroes.juntadeandalucia.es\/joaquinmartin\/files\/2025\/09\/Render_06-1-300x169.png 300w, https:\/\/blogsaverroes.juntadeandalucia.es\/joaquinmartin\/files\/2025\/09\/Render_06-1-1024x576.png 1024w, https:\/\/blogsaverroes.juntadeandalucia.es\/joaquinmartin\/files\/2025\/09\/Render_06-1-768x432.png 768w, https:\/\/blogsaverroes.juntadeandalucia.es\/joaquinmartin\/files\/2025\/09\/Render_06-1-1536x864.png 1536w, https:\/\/blogsaverroes.juntadeandalucia.es\/joaquinmartin\/files\/2025\/09\/Render_06-1.png 1600w\" sizes=\"(max-width: 300px) 100vw, 300px\" \/><\/a><\/p>\n<p>Un poco de la malla:<\/p>\nngg_shortcode_0_placeholder\n<p style=\"text-align: center\">Aqu\u00ed se puede ver desde diferentes \u00e1ngulos:<\/p>\n<div class=\"sketchfab-embed-wrapper\">\n<p style=\"text-align: center\"><iframe src=\"https:\/\/sketchfab.com\/models\/fd1a819685784ab09a46bd8535262612\/embed\" frameborder=\"0\"> <\/iframe><\/p>\n<p>&nbsp;<\/p>\n<p style=\"font-size: 13px;font-weight: normal;margin: 5px;color: #4a4a4a\">&nbsp;<\/p>\n<\/div>\n<p>&nbsp;<\/p>\n","protected":false},"excerpt":{"rendered":"<p>Sextante Siempre me han llamado la atenci\u00f3n los sextantes. Son instrumentos precisos que supusieron un avance enorme en la navegaci\u00f3n del siglo XVIII. Hab\u00eda modelado&hellip;<\/p>\n","protected":false},"author":2144,"featured_media":0,"parent":248,"menu_order":0,"comment_status":"closed","ping_status":"closed","template":"","meta":{"ngg_post_thumbnail":0,"footnotes":""},"aioseo_notices":[],"_links":{"self":[{"href":"https:\/\/blogsaverroes.juntadeandalucia.es\/joaquinmartin\/wp-json\/wp\/v2\/pages\/656"}],"collection":[{"href":"https:\/\/blogsaverroes.juntadeandalucia.es\/joaquinmartin\/wp-json\/wp\/v2\/pages"}],"about":[{"href":"https:\/\/blogsaverroes.juntadeandalucia.es\/joaquinmartin\/wp-json\/wp\/v2\/types\/page"}],"author":[{"embeddable":true,"href":"https:\/\/blogsaverroes.juntadeandalucia.es\/joaquinmartin\/wp-json\/wp\/v2\/users\/2144"}],"replies":[{"embeddable":true,"href":"https:\/\/blogsaverroes.juntadeandalucia.es\/joaquinmartin\/wp-json\/wp\/v2\/comments?post=656"}],"version-history":[{"count":4,"href":"https:\/\/blogsaverroes.juntadeandalucia.es\/joaquinmartin\/wp-json\/wp\/v2\/pages\/656\/revisions"}],"predecessor-version":[{"id":671,"href":"https:\/\/blogsaverroes.juntadeandalucia.es\/joaquinmartin\/wp-json\/wp\/v2\/pages\/656\/revisions\/671"}],"up":[{"embeddable":true,"href":"https:\/\/blogsaverroes.juntadeandalucia.es\/joaquinmartin\/wp-json\/wp\/v2\/pages\/248"}],"wp:attachment":[{"href":"https:\/\/blogsaverroes.juntadeandalucia.es\/joaquinmartin\/wp-json\/wp\/v2\/media?parent=656"}],"curies":[{"name":"wp","href":"https:\/\/api.w.org\/{rel}","templated":true}]}}