{"id":42,"date":"2015-03-13T08:40:47","date_gmt":"2015-03-13T08:40:47","guid":{"rendered":"http:\/\/blogsaverroes.juntadeandalucia.es\/pre\/ceip\/?page_id=42"},"modified":"2024-09-18T17:30:55","modified_gmt":"2024-09-18T17:30:55","slug":"equipo-directivo","status":"publish","type":"page","link":"https:\/\/blogsaverroes.juntadeandalucia.es\/josefinabarosoler\/equipo-directivo\/","title":{"rendered":"Equipo directivo"},"content":{"rendered":"<p><strong>Direcci\u00f3n: <\/strong>Fernando Camacho Rodr\u00edguez.<\/p>\n<p><strong>Jefatura de estudios: <\/strong>Silvia Blanco Contreras.<\/p>\n<p><strong>Secretar\u00eda: <\/strong>Carmina&nbsp;Fern\u00e1ndez Gonz\u00e1lez.<\/p>\n","protected":false},"excerpt":{"rendered":"<p>Direcci\u00f3n: Fernando Camacho Rodr\u00edguez. Jefatura de estudios: Silvia Blanco Contreras. Secretar\u00eda: Carmina&nbsp;Fern\u00e1ndez Gonz\u00e1lez.<\/p>\n","protected":false},"author":1,"featured_media":0,"parent":0,"menu_order":0,"comment_status":"closed","ping_status":"open","template":"","meta":{"ngg_post_thumbnail":0,"footnotes":"","_mc_calendar":[]},"aioseo_notices":[],"_links":{"self":[{"href":"https:\/\/blogsaverroes.juntadeandalucia.es\/josefinabarosoler\/wp-json\/wp\/v2\/pages\/42"}],"collection":[{"href":"https:\/\/blogsaverroes.juntadeandalucia.es\/josefinabarosoler\/wp-json\/wp\/v2\/pages"}],"about":[{"href":"https:\/\/blogsaverroes.juntadeandalucia.es\/josefinabarosoler\/wp-json\/wp\/v2\/types\/page"}],"author":[{"embeddable":true,"href":"https:\/\/blogsaverroes.juntadeandalucia.es\/josefinabarosoler\/wp-json\/wp\/v2\/users\/1"}],"replies":[{"embeddable":true,"href":"https:\/\/blogsaverroes.juntadeandalucia.es\/josefinabarosoler\/wp-json\/wp\/v2\/comments?post=42"}],"version-history":[{"count":8,"href":"https:\/\/blogsaverroes.juntadeandalucia.es\/josefinabarosoler\/wp-json\/wp\/v2\/pages\/42\/revisions"}],"predecessor-version":[{"id":4890,"href":"https:\/\/blogsaverroes.juntadeandalucia.es\/josefinabarosoler\/wp-json\/wp\/v2\/pages\/42\/revisions\/4890"}],"wp:attachment":[{"href":"https:\/\/blogsaverroes.juntadeandalucia.es\/josefinabarosoler\/wp-json\/wp\/v2\/media?parent=42"}],"curies":[{"name":"wp","href":"https:\/\/api.w.org\/{rel}","templated":true}]}}