{"id":44,"date":"2015-03-13T08:42:15","date_gmt":"2015-03-13T08:42:15","guid":{"rendered":"http:\/\/blogsaverroes.juntadeandalucia.es\/pre\/ceip\/?page_id=44"},"modified":"2025-11-20T15:56:38","modified_gmt":"2025-11-20T15:56:38","slug":"planes-y-proyectos","status":"publish","type":"page","link":"https:\/\/blogsaverroes.juntadeandalucia.es\/josefinabarosoler\/planes-y-proyectos\/","title":{"rendered":"Planes y Programas"},"content":{"rendered":"<p>En el curso 2025\/26 tenemos previsto contar con los siguientes planes y programas:<\/p>\n<p><span style=\"color: #0000ff\"><strong>PARTICIPACI\u00d3N DE OFICIO<\/strong><\/span><\/p>\n<ul>\n<li><strong>Biblioteca escolar.&nbsp;<\/strong><\/li>\n<li><strong>Bienestar emocional.&nbsp;<\/strong><\/li>\n<li><strong>Plan de Igualdad de genero en educaci\u00f3n en Andaluc\u00eda.<\/strong><\/li>\n<li><strong>Plan de Compensaci\u00f3n Educativa.&nbsp;<\/strong><\/li>\n<li><strong>TDE (Plan de Actuaci\u00f3n Digital &#8211; C\u00f3digo Escuela 4.0).<\/strong><\/li>\n<li><strong>Plan de salud laboral y P.R.L. -Prevenci\u00f3n de Riesgos Laborales.<\/strong><\/li>\n<\/ul>\n<p>&nbsp;<\/p>\n<p>&nbsp;<\/p>\n<p><span style=\"color: #0000ff\"><strong>CONVOCATORIA GENERAL<\/strong><\/span><\/p>\n<ul>\n<li><strong>Practicum grado maestro.<\/strong><\/li>\n<li><strong>H\u00e1bitos de vida saludable.<\/strong><\/li>\n<li><strong>Red Andaluza. Escuela espacio de Paz.<\/strong><\/li>\n<\/ul>\n<p><span style=\"color: #0000ff\"><strong>CONVOCATORIA ESPEC\u00cdFICA<\/strong><\/span><\/p>\n<ul>\n<li><strong>\u00abM\u00e1s Deporte\u00bb (1\u00ba, 2\u00ba, 3\u00ba, 4\u00ba, 5\u00ba y 6\u00ba de Primaria).&nbsp;<\/strong><\/li>\n<li><strong>Prevenci\u00f3n de la violencia dom\u00e9stica (Pacto de Estado).&nbsp;<\/strong><\/li>\n<li><strong>M\u00e1s Equidad.&nbsp;<\/strong><\/li>\n<li><strong>PREX (2\u00ba, 3\u00ba y 4\u00ba de Primaria) <\/strong>(lunes y mi\u00e9rcoles)<\/li>\n<li><strong>PROA (4\u00ba, 5\u00ba y 6\u00ba de Primaria). <\/strong>(martes y jueves)<\/li>\n<\/ul>\n<p>&nbsp;<\/p>\n<p><strong><a href=\"https:\/\/blogsaverroes.juntadeandalucia.es\/josefinabarosoler\/files\/2024\/05\/proa.png\"><img loading=\"lazy\" decoding=\"async\" class=\"size-medium wp-image-4734 alignleft\" src=\"https:\/\/blogsaverroes.juntadeandalucia.es\/josefinabarosoler\/files\/2024\/05\/proa-212x300.png\" alt=\"\" width=\"212\" height=\"300\" srcset=\"https:\/\/blogsaverroes.juntadeandalucia.es\/josefinabarosoler\/files\/2024\/05\/proa-212x300.png 212w, https:\/\/blogsaverroes.juntadeandalucia.es\/josefinabarosoler\/files\/2024\/05\/proa-724x1024.png 724w, https:\/\/blogsaverroes.juntadeandalucia.es\/josefinabarosoler\/files\/2024\/05\/proa-768x1086.png 768w, https:\/\/blogsaverroes.juntadeandalucia.es\/josefinabarosoler\/files\/2024\/05\/proa-1086x1536.png 1086w, https:\/\/blogsaverroes.juntadeandalucia.es\/josefinabarosoler\/files\/2024\/05\/proa-1448x2048.png 1448w, https:\/\/blogsaverroes.juntadeandalucia.es\/josefinabarosoler\/files\/2024\/05\/proa.png 1131w\" sizes=\"(max-width: 212px) 100vw, 212px\" \/><\/a><\/strong><\/p>\n<p>&nbsp;<\/p>\n<p>&nbsp;<\/p>\n","protected":false},"excerpt":{"rendered":"<p>En el curso 2025\/26 tenemos previsto contar con los siguientes planes y programas: PARTICIPACI\u00d3N DE OFICIO Biblioteca escolar.&nbsp; Bienestar emocional.&nbsp; Plan de Igualdad de genero en educaci\u00f3n en Andaluc\u00eda. Plan de Compensaci\u00f3n Educativa.&nbsp; TDE&#46;&#46;&#46;<\/p>\n","protected":false},"author":1,"featured_media":0,"parent":0,"menu_order":0,"comment_status":"closed","ping_status":"closed","template":"","meta":{"ngg_post_thumbnail":0,"footnotes":"","_mc_calendar":[]},"aioseo_notices":[],"_links":{"self":[{"href":"https:\/\/blogsaverroes.juntadeandalucia.es\/josefinabarosoler\/wp-json\/wp\/v2\/pages\/44"}],"collection":[{"href":"https:\/\/blogsaverroes.juntadeandalucia.es\/josefinabarosoler\/wp-json\/wp\/v2\/pages"}],"about":[{"href":"https:\/\/blogsaverroes.juntadeandalucia.es\/josefinabarosoler\/wp-json\/wp\/v2\/types\/page"}],"author":[{"embeddable":true,"href":"https:\/\/blogsaverroes.juntadeandalucia.es\/josefinabarosoler\/wp-json\/wp\/v2\/users\/1"}],"replies":[{"embeddable":true,"href":"https:\/\/blogsaverroes.juntadeandalucia.es\/josefinabarosoler\/wp-json\/wp\/v2\/comments?post=44"}],"version-history":[{"count":20,"href":"https:\/\/blogsaverroes.juntadeandalucia.es\/josefinabarosoler\/wp-json\/wp\/v2\/pages\/44\/revisions"}],"predecessor-version":[{"id":5485,"href":"https:\/\/blogsaverroes.juntadeandalucia.es\/josefinabarosoler\/wp-json\/wp\/v2\/pages\/44\/revisions\/5485"}],"wp:attachment":[{"href":"https:\/\/blogsaverroes.juntadeandalucia.es\/josefinabarosoler\/wp-json\/wp\/v2\/media?parent=44"}],"curies":[{"name":"wp","href":"https:\/\/api.w.org\/{rel}","templated":true}]}}