{"id":99,"date":"2015-03-16T07:22:54","date_gmt":"2015-03-16T07:22:54","guid":{"rendered":"http:\/\/blogsaverroes.juntadeandalucia.es\/pre\/ceip\/?page_id=99"},"modified":"2026-04-08T15:23:03","modified_gmt":"2026-04-08T15:23:03","slug":"comedor-escolar","status":"publish","type":"page","link":"https:\/\/blogsaverroes.juntadeandalucia.es\/josefinabarosoler\/comedor-escolar\/","title":{"rendered":"Comedor escolar"},"content":{"rendered":"<h4 style=\"text-align: center\"><strong>Curso escolar 2025\/26:<\/strong>&nbsp; <span style=\"color: #ff0000\">Del 1 de octubre al 22 de junio<\/span><\/h4>\n<h4>&nbsp;<\/h4>\n<h4>Men\u00fa del mes: <a href=\"https:\/\/blogsaverroes.juntadeandalucia.es\/josefinabarosoler\/files\/2026\/04\/abril.pdf\">abril<\/a> de 2026.<\/h4>\n<p>&nbsp;<\/p>\n<p>El comedor escolar es un servicio complementario que resulta de gran utilidad a las familias para ayudarles a conciliar la vida laboral. Disponemos de cocina propia.<\/p>\n<p>Es adem\u00e1s un recurso importante en todas las medidas dirigidas a mejorar los h\u00e1bitos alimenticios de los ni\u00f1os\/as y prevenir problemas de salud como la obesidad, la desnutrici\u00f3n&#8230;<\/p>\n<p>Nuestro comedor escolar promueve una alimentaci\u00f3n saludable que est\u00e1 supervisada por nutricionistas y que, entre otros aspectos, se caracteriza por:<\/p>\n<p>Una mayor proporci\u00f3n de verdura en los men\u00fas,<\/p>\n<p>Fruta fresca como postre cuatro d\u00edas a la semana, y un postre l\u00e1cteo una vez a la semana.<\/p>\n<p>Uso de aceite de oliva virgen,<\/p>\n<p>M\u00e1s pescado que carne, y<\/p>\n<p>pocos alimentos precocinados y limitaci\u00f3n de fritura.<\/p>\n","protected":false},"excerpt":{"rendered":"<p>Curso escolar 2025\/26:&nbsp; Del 1 de octubre al 22 de junio &nbsp; Men\u00fa del mes: abril de 2026. &nbsp; El comedor escolar es un servicio complementario que resulta de gran utilidad a las familias&#46;&#46;&#46;<\/p>\n","protected":false},"author":1,"featured_media":0,"parent":0,"menu_order":0,"comment_status":"closed","ping_status":"open","template":"","meta":{"ngg_post_thumbnail":0,"footnotes":"","_mc_calendar":[]},"aioseo_notices":[],"_links":{"self":[{"href":"https:\/\/blogsaverroes.juntadeandalucia.es\/josefinabarosoler\/wp-json\/wp\/v2\/pages\/99"}],"collection":[{"href":"https:\/\/blogsaverroes.juntadeandalucia.es\/josefinabarosoler\/wp-json\/wp\/v2\/pages"}],"about":[{"href":"https:\/\/blogsaverroes.juntadeandalucia.es\/josefinabarosoler\/wp-json\/wp\/v2\/types\/page"}],"author":[{"embeddable":true,"href":"https:\/\/blogsaverroes.juntadeandalucia.es\/josefinabarosoler\/wp-json\/wp\/v2\/users\/1"}],"replies":[{"embeddable":true,"href":"https:\/\/blogsaverroes.juntadeandalucia.es\/josefinabarosoler\/wp-json\/wp\/v2\/comments?post=99"}],"version-history":[{"count":53,"href":"https:\/\/blogsaverroes.juntadeandalucia.es\/josefinabarosoler\/wp-json\/wp\/v2\/pages\/99\/revisions"}],"predecessor-version":[{"id":5759,"href":"https:\/\/blogsaverroes.juntadeandalucia.es\/josefinabarosoler\/wp-json\/wp\/v2\/pages\/99\/revisions\/5759"}],"wp:attachment":[{"href":"https:\/\/blogsaverroes.juntadeandalucia.es\/josefinabarosoler\/wp-json\/wp\/v2\/media?parent=99"}],"curies":[{"name":"wp","href":"https:\/\/api.w.org\/{rel}","templated":true}]}}