{"id":1019,"date":"2022-11-01T13:53:20","date_gmt":"2022-11-01T12:53:20","guid":{"rendered":"https:\/\/blogsaverroes.juntadeandalucia.es\/juan23puertoreal\/?page_id=1019"},"modified":"2026-01-26T19:25:05","modified_gmt":"2026-01-26T18:25:05","slug":"biblioteca-de-centro","status":"publish","type":"page","link":"https:\/\/blogsaverroes.juntadeandalucia.es\/juan23puertoreal\/biblioteca-de-centro\/","title":{"rendered":"Biblioteca Juan XXIII"},"content":{"rendered":"<p>[et_pb_section admin_label=&#8221;section&#8221;]<br \/>\n\t\t\t[et_pb_row admin_label=&#8221;row&#8221;]<br \/>\n\t\t\t\t[et_pb_column type=&#8221;4_4&#8243;][et_pb_text admin_label=&#8221;Text&#8221;]<img loading=\"lazy\" decoding=\"async\" class=\"aligncenter size-medium wp-image-1317\" src=\"https:\/\/blogsaverroes.juntadeandalucia.es\/juan23puertoreal\/files\/2024\/03\/biblioteca1-300x224.jpeg\" alt=\"\" width=\"300\" height=\"224\"><\/p>\n<p><img loading=\"lazy\" decoding=\"async\" class=\"aligncenter size-medium wp-image-1318\" src=\"https:\/\/blogsaverroes.juntadeandalucia.es\/juan23puertoreal\/files\/2024\/03\/biblioteca2-300x224.jpeg\" alt=\"\" width=\"300\" height=\"224\"><\/p>\n<p><img loading=\"lazy\" decoding=\"async\" class=\"aligncenter size-medium wp-image-1319\" src=\"https:\/\/blogsaverroes.juntadeandalucia.es\/juan23puertoreal\/files\/2024\/03\/biblioteca3-300x224.jpeg\" alt=\"\" width=\"300\" height=\"224\"><\/p>\n<p>En esta secci\u00f3n, iremos cont\u00e1ndoos todas las actividades que se realicen en nuestra Biblioteca del cole.<\/p>\n<p>Este curso 2023\/2024, la biblioteca estar\u00e1 disponible en horario de recreo para el sistema de pr\u00e9stamos, leer o realizar cualquier consulta bibliogr\u00e1fica. Los viernes realizaremos juegos de mesa, bajo la supervisi\u00f3n de las maestras Mathilde y Teacher.<\/p>\n<p>La biblioteca dispone de un armario con equipos inform\u00e1ticos para que el alumnado pueda conectarse y acceder a informaci\u00f3n, hacer trabajos&#8230;<\/p>\n<p>&nbsp;[\/et_pb_text][\/et_pb_column]<br \/>\n\t\t\t[\/et_pb_row]<br \/>\n\t\t[\/et_pb_section]<\/p>\n","protected":false},"excerpt":{"rendered":"<p>En esta secci\u00f3n, iremos cont\u00e1ndoos todas las actividades que se realicen en nuestra Biblioteca del cole. Este curso 2023\/2024, la biblioteca estar\u00e1 disponible en horario de recreo para el sistema de pr\u00e9stamos, leer o realizar cualquier consulta bibliogr\u00e1fica. Los viernes realizaremos juegos de mesa, bajo la supervisi\u00f3n de las maestras Mathilde y Teacher. La biblioteca [&hellip;]<\/p>\n","protected":false},"author":15570,"featured_media":0,"parent":0,"menu_order":0,"comment_status":"closed","ping_status":"closed","template":"","meta":{"_et_pb_use_builder":"on","_et_pb_old_content":"<img class=\"aligncenter size-medium wp-image-1317\" src=\"https:\/\/blogsaverroes.juntadeandalucia.es\/juan23puertoreal\/files\/2024\/03\/biblioteca1-300x224.jpeg\" alt=\"\" width=\"300\" height=\"224\">\r\n\r\n<img class=\"aligncenter size-medium wp-image-1318\" src=\"https:\/\/blogsaverroes.juntadeandalucia.es\/juan23puertoreal\/files\/2024\/03\/biblioteca2-300x224.jpeg\" alt=\"\" width=\"300\" height=\"224\">\r\n\r\n<img class=\"aligncenter size-medium wp-image-1319\" src=\"https:\/\/blogsaverroes.juntadeandalucia.es\/juan23puertoreal\/files\/2024\/03\/biblioteca3-300x224.jpeg\" alt=\"\" width=\"300\" height=\"224\">\r\n\r\nEn esta secci\u00f3n, iremos cont\u00e1ndoos todas las actividades que se realicen en nuestra Biblioteca del cole.\r\n\r\nEste curso 2023\/2024, la biblioteca estar\u00e1 disponible en horario de recreo para el sistema de pr\u00e9stamos, leer o realizar cualquier consulta bibliogr\u00e1fica. Los viernes realizaremos juegos de mesa, bajo la supervisi\u00f3n de las maestras Mathilde y Teacher.\r\n\r\nLa biblioteca dispone de un armario con equipos inform\u00e1ticos para que el alumnado pueda conectarse y acceder a informaci\u00f3n, hacer trabajos...\r\n\r\n&nbsp;","_et_gb_content_width":"","ngg_post_thumbnail":0,"footnotes":""},"aioseo_notices":[],"_links":{"self":[{"href":"https:\/\/blogsaverroes.juntadeandalucia.es\/juan23puertoreal\/wp-json\/wp\/v2\/pages\/1019"}],"collection":[{"href":"https:\/\/blogsaverroes.juntadeandalucia.es\/juan23puertoreal\/wp-json\/wp\/v2\/pages"}],"about":[{"href":"https:\/\/blogsaverroes.juntadeandalucia.es\/juan23puertoreal\/wp-json\/wp\/v2\/types\/page"}],"author":[{"embeddable":true,"href":"https:\/\/blogsaverroes.juntadeandalucia.es\/juan23puertoreal\/wp-json\/wp\/v2\/users\/15570"}],"replies":[{"embeddable":true,"href":"https:\/\/blogsaverroes.juntadeandalucia.es\/juan23puertoreal\/wp-json\/wp\/v2\/comments?post=1019"}],"version-history":[{"count":5,"href":"https:\/\/blogsaverroes.juntadeandalucia.es\/juan23puertoreal\/wp-json\/wp\/v2\/pages\/1019\/revisions"}],"predecessor-version":[{"id":1550,"href":"https:\/\/blogsaverroes.juntadeandalucia.es\/juan23puertoreal\/wp-json\/wp\/v2\/pages\/1019\/revisions\/1550"}],"wp:attachment":[{"href":"https:\/\/blogsaverroes.juntadeandalucia.es\/juan23puertoreal\/wp-json\/wp\/v2\/media?parent=1019"}],"curies":[{"name":"wp","href":"https:\/\/api.w.org\/{rel}","templated":true}]}}