{"id":139,"date":"2020-10-20T17:55:57","date_gmt":"2020-10-20T15:55:57","guid":{"rendered":"https:\/\/blogsaverroes.juntadeandalucia.es\/juancaef\/?page_id=139"},"modified":"2022-01-10T16:58:40","modified_gmt":"2022-01-10T15:58:40","slug":"primer-ciclo","status":"publish","type":"page","link":"https:\/\/blogsaverroes.juntadeandalucia.es\/juancaef\/primer-ciclo\/","title":{"rendered":"6\u00ba Primaria"},"content":{"rendered":"<p>&nbsp; &nbsp; &nbsp; Buenas tardes,&nbsp; a lo largo de este curso ir\u00e9&nbsp; publicando en este p\u00e1gina aquellas actividades que van a complementar vuestro trabajo en el patio.<\/p>\n<p>En esta primera entrada os quiero presentar el atletismo desde su historia como de las pruebas que forman parte de este deporte y saber practicar algunas de las modalidades.&nbsp;<\/p>\n<p><a href=\"https:\/\/view.genial.ly\/5ca72f9fe092196c0eb19b4a\/interactive-content-atletismo\"><img loading=\"lazy\" decoding=\"async\" class=\"alignleft size-medium wp-image-366\" src=\"https:\/\/blogsaverroes.juntadeandalucia.es\/juancaef\/files\/2021\/09\/B3322321-1DC7-4E84-8D22-DF5938177C9F-300x162.jpeg\" alt=\"\" width=\"300\" height=\"162\" srcset=\"https:\/\/blogsaverroes.juntadeandalucia.es\/juancaef\/files\/2021\/09\/B3322321-1DC7-4E84-8D22-DF5938177C9F-300x162.jpeg 300w, https:\/\/blogsaverroes.juntadeandalucia.es\/juancaef\/files\/2021\/09\/B3322321-1DC7-4E84-8D22-DF5938177C9F-1024x551.jpeg 1024w, https:\/\/blogsaverroes.juntadeandalucia.es\/juancaef\/files\/2021\/09\/B3322321-1DC7-4E84-8D22-DF5938177C9F-768x414.jpeg 768w, https:\/\/blogsaverroes.juntadeandalucia.es\/juancaef\/files\/2021\/09\/B3322321-1DC7-4E84-8D22-DF5938177C9F-1536x827.jpeg 1536w, https:\/\/blogsaverroes.juntadeandalucia.es\/juancaef\/files\/2021\/09\/B3322321-1DC7-4E84-8D22-DF5938177C9F-2048x1103.jpeg 2048w\" sizes=\"(max-width: 300px) 100vw, 300px\" \/><\/a><\/p>\n<p>&nbsp;<\/p>\n<p>&nbsp;<\/p>\n<p>&nbsp;<\/p>\n<p>&nbsp;<\/p>\n<p>En esta segunda entrada os describo a trav\u00e9s de un v\u00eddeo c\u00f3mo se realiza el salto de altura seg\u00fan su reglamento. (Haz click en la imagen ).<\/p>\n<p><a href=\"https:\/\/drive.google.com\/file\/d\/1Cg_nu1XGXxZkBdvGG28n46dcAUZ7nhMG\/view?usp=drivesdk\"><img loading=\"lazy\" decoding=\"async\" class=\"alignnone wp-image-362 size-medium\" src=\"https:\/\/blogsaverroes.juntadeandalucia.es\/juancaef\/files\/2021\/09\/ED973423-7DB0-4380-A5E4-21457E52155C-260x300.jpeg\" alt=\"\" width=\"260\" height=\"300\" srcset=\"https:\/\/blogsaverroes.juntadeandalucia.es\/juancaef\/files\/2021\/09\/ED973423-7DB0-4380-A5E4-21457E52155C-260x300.jpeg 260w, https:\/\/blogsaverroes.juntadeandalucia.es\/juancaef\/files\/2021\/09\/ED973423-7DB0-4380-A5E4-21457E52155C.jpeg 424w\" sizes=\"(max-width: 260px) 100vw, 260px\" \/><\/a><\/p>\n<p>&nbsp;<\/p>\n<p><span style=\"color: #800080\"><strong><span style=\"font-size: 18pt\">\u21d2<\/span><\/strong><\/span>En esta nueva entrada,<strong> <span style=\"color: #003366\">\u00bb Comba Colectiva\u00bb<\/span>,<\/strong> la intenci\u00f3n de esta propuesta a desarrollar durante este primer trimestre en un primer lugar, mejorar vuestra creatividad motriz, cualidades f\u00edsicas y coordinativas y las relaciones entre vosotros. A continuaci\u00f3n os dejo dos enlaces y espero que os ayude en conseguir ideas&#8230; <strong><span style=\"text-decoration: underline\">( Haz clic en las im\u00e1genes para ver los v\u00eddeos)<\/span><\/strong><\/p>\n<p>&nbsp;<\/p>\n<p><a href=\"https:\/\/drive.google.com\/file\/d\/1fGGhjLplUJ4yKk-4l1XGjx9Es2j1I2bC\/view?usp=sharing\"><img loading=\"lazy\" decoding=\"async\" class=\"alignleft wp-image-379 size-full\" src=\"https:\/\/blogsaverroes.juntadeandalucia.es\/juancaef\/files\/2021\/10\/Comba-colectiva1.jpg\" alt=\"Combacolectiva2\" width=\"267\" height=\"189\"><\/a><\/p>\n<p><a href=\"https:\/\/drive.google.com\/file\/d\/1GRHL0fHL6GSBvDebI9hlSJIVt3vm5E_t\/view?usp=sharing\"><img loading=\"lazy\" decoding=\"async\" class=\"wp-image-380 size-full alignnone\" src=\"https:\/\/blogsaverroes.juntadeandalucia.es\/juancaef\/files\/2021\/10\/Combacolectiva2.jpg\" alt=\"Combacolectiva1\" width=\"262\" height=\"192\">&nbsp;<\/a><\/p>\n<p><span style=\"font-size: 14pt\"><strong>\u00a1 FELIZ A\u00d1O 2022!!!<\/strong><\/span> Comenzamos un nuevo trimestre y con ello nuevas ideas que sean de vuestro disfrute e inter\u00e9s.. Lo hago presentando a trav\u00e9s de la aplicaci\u00f3n Genially una descripci\u00f3n interactiva de reglas y an\u00e9cdotas del f\u00fatbol sala. Espero que os resulte interesante&#8230;<\/p>\n<p>&nbsp;<\/p>\n<div><iframe loading=\"lazy\" src=\"https:\/\/view.genial.ly\/5df9f6bb341e5a0f843dd19d\" width=\"1200px\" height=\"675px\" frameborder=\"0\" scrolling=\"yes\"><\/iframe><\/div>\n<div>&nbsp;<\/div>\n","protected":false},"excerpt":{"rendered":"<p>&nbsp; &nbsp; &nbsp; Buenas tardes,&nbsp; a lo largo de este curso ir\u00e9&nbsp; publicando en este p\u00e1gina aquellas actividades que van a complementar vuestro trabajo en el patio. En esta primera entrada os quiero presentar&#46;&#46;&#46;<\/p>\n","protected":false},"author":10103,"featured_media":0,"parent":0,"menu_order":0,"comment_status":"closed","ping_status":"closed","template":"","meta":{"ngg_post_thumbnail":0,"footnotes":""},"aioseo_notices":[],"_links":{"self":[{"href":"https:\/\/blogsaverroes.juntadeandalucia.es\/juancaef\/wp-json\/wp\/v2\/pages\/139"}],"collection":[{"href":"https:\/\/blogsaverroes.juntadeandalucia.es\/juancaef\/wp-json\/wp\/v2\/pages"}],"about":[{"href":"https:\/\/blogsaverroes.juntadeandalucia.es\/juancaef\/wp-json\/wp\/v2\/types\/page"}],"author":[{"embeddable":true,"href":"https:\/\/blogsaverroes.juntadeandalucia.es\/juancaef\/wp-json\/wp\/v2\/users\/10103"}],"replies":[{"embeddable":true,"href":"https:\/\/blogsaverroes.juntadeandalucia.es\/juancaef\/wp-json\/wp\/v2\/comments?post=139"}],"version-history":[{"count":17,"href":"https:\/\/blogsaverroes.juntadeandalucia.es\/juancaef\/wp-json\/wp\/v2\/pages\/139\/revisions"}],"predecessor-version":[{"id":416,"href":"https:\/\/blogsaverroes.juntadeandalucia.es\/juancaef\/wp-json\/wp\/v2\/pages\/139\/revisions\/416"}],"wp:attachment":[{"href":"https:\/\/blogsaverroes.juntadeandalucia.es\/juancaef\/wp-json\/wp\/v2\/media?parent=139"}],"curies":[{"name":"wp","href":"https:\/\/api.w.org\/{rel}","templated":true}]}}