{"id":157,"date":"2020-10-20T18:27:46","date_gmt":"2020-10-20T16:27:46","guid":{"rendered":"https:\/\/blogsaverroes.juntadeandalucia.es\/juancaef\/?page_id=157"},"modified":"2022-10-19T17:55:40","modified_gmt":"2022-10-19T15:55:40","slug":"bienvenidos","status":"publish","type":"page","link":"https:\/\/blogsaverroes.juntadeandalucia.es\/juancaef\/","title":{"rendered":"BIENVENIDOS"},"content":{"rendered":"<p>\u00a1BIENVENIDOS!<\/p>\n<p>________________________________________________________<\/p>\n<p>Bienvenidos al blog de Educaci\u00f3n F\u00edsica del Ceip Ciudad de Baza. Espero que el uso de esta web os resulte pr\u00e1ctica y os ayude a disfrutar m\u00e1s del juego y el deporte.<\/p>\n<p><a href=\"https:\/\/es-es.facebook.com\/pages\/category\/Education-Website\/Colegio-Ciudad-de-Baza-255841658412668\/\"><img loading=\"lazy\" decoding=\"async\" class=\"alignleft wp-image-165 size-thumbnail\" src=\"https:\/\/blogsaverroes.juntadeandalucia.es\/juancaef\/files\/2020\/10\/4A5AFEFE-A89F-4D21-BC3A-E327DEBB996B-150x150.jpeg\" alt=\"\" width=\"150\" height=\"150\" srcset=\"https:\/\/blogsaverroes.juntadeandalucia.es\/juancaef\/files\/2020\/10\/4A5AFEFE-A89F-4D21-BC3A-E327DEBB996B-150x150.jpeg 150w, https:\/\/blogsaverroes.juntadeandalucia.es\/juancaef\/files\/2020\/10\/4A5AFEFE-A89F-4D21-BC3A-E327DEBB996B-300x300.jpeg 300w, https:\/\/blogsaverroes.juntadeandalucia.es\/juancaef\/files\/2020\/10\/4A5AFEFE-A89F-4D21-BC3A-E327DEBB996B-100x100.jpeg 100w, https:\/\/blogsaverroes.juntadeandalucia.es\/juancaef\/files\/2020\/10\/4A5AFEFE-A89F-4D21-BC3A-E327DEBB996B-24x24.jpeg 24w, https:\/\/blogsaverroes.juntadeandalucia.es\/juancaef\/files\/2020\/10\/4A5AFEFE-A89F-4D21-BC3A-E327DEBB996B-36x36.jpeg 36w, https:\/\/blogsaverroes.juntadeandalucia.es\/juancaef\/files\/2020\/10\/4A5AFEFE-A89F-4D21-BC3A-E327DEBB996B-48x48.jpeg 48w, https:\/\/blogsaverroes.juntadeandalucia.es\/juancaef\/files\/2020\/10\/4A5AFEFE-A89F-4D21-BC3A-E327DEBB996B.jpeg 640w\" sizes=\"(max-width: 150px) 100vw, 150px\" \/><\/a>\u00a1 Qu\u00e9 teng\u00e1is buen d\u00eda!<\/p>\n<p>&nbsp;<\/p>\n<p>&nbsp;<\/p>\n<p>&nbsp;<\/p>\n<p>&nbsp;<\/p>\n<p>Durante este <strong>curso escolar 2022-2023<\/strong> estas van a ser nuestras normas que nos acompa\u00f1en cada d\u00eda de Educaci\u00f3n F\u00edsica aunque no olvides que pueden ser llevadas a cualquier otro momento durante el tiempo que est\u00e9is en el cole.<\/p>\n<p><img loading=\"lazy\" decoding=\"async\" class=\"aligncenter size-large wp-image-441\" src=\"https:\/\/blogsaverroes.juntadeandalucia.es\/juancaef\/files\/2022\/09\/normas-de-e.f.-2-1024x724.png\" alt=\"\" width=\"1024\" height=\"724\" srcset=\"https:\/\/blogsaverroes.juntadeandalucia.es\/juancaef\/files\/2022\/09\/normas-de-e.f.-2-1024x724.png 1024w, https:\/\/blogsaverroes.juntadeandalucia.es\/juancaef\/files\/2022\/09\/normas-de-e.f.-2-300x212.png 300w, https:\/\/blogsaverroes.juntadeandalucia.es\/juancaef\/files\/2022\/09\/normas-de-e.f.-2-768x543.png 768w, https:\/\/blogsaverroes.juntadeandalucia.es\/juancaef\/files\/2022\/09\/normas-de-e.f.-2-1536x1086.png 1536w, https:\/\/blogsaverroes.juntadeandalucia.es\/juancaef\/files\/2022\/09\/normas-de-e.f.-2.png 2000w\" sizes=\"(max-width: 1024px) 100vw, 1024px\" \/><\/p>\n","protected":false},"excerpt":{"rendered":"<p>\u00a1BIENVENIDOS! ________________________________________________________ Bienvenidos al blog de Educaci\u00f3n F\u00edsica del Ceip Ciudad de Baza. Espero que el uso de esta web os resulte pr\u00e1ctica y os ayude a disfrutar m\u00e1s del juego y el deporte.&#46;&#46;&#46;<\/p>\n","protected":false},"author":10103,"featured_media":0,"parent":0,"menu_order":0,"comment_status":"closed","ping_status":"closed","template":"","meta":{"ngg_post_thumbnail":0,"footnotes":""},"aioseo_notices":[],"_links":{"self":[{"href":"https:\/\/blogsaverroes.juntadeandalucia.es\/juancaef\/wp-json\/wp\/v2\/pages\/157"}],"collection":[{"href":"https:\/\/blogsaverroes.juntadeandalucia.es\/juancaef\/wp-json\/wp\/v2\/pages"}],"about":[{"href":"https:\/\/blogsaverroes.juntadeandalucia.es\/juancaef\/wp-json\/wp\/v2\/types\/page"}],"author":[{"embeddable":true,"href":"https:\/\/blogsaverroes.juntadeandalucia.es\/juancaef\/wp-json\/wp\/v2\/users\/10103"}],"replies":[{"embeddable":true,"href":"https:\/\/blogsaverroes.juntadeandalucia.es\/juancaef\/wp-json\/wp\/v2\/comments?post=157"}],"version-history":[{"count":7,"href":"https:\/\/blogsaverroes.juntadeandalucia.es\/juancaef\/wp-json\/wp\/v2\/pages\/157\/revisions"}],"predecessor-version":[{"id":442,"href":"https:\/\/blogsaverroes.juntadeandalucia.es\/juancaef\/wp-json\/wp\/v2\/pages\/157\/revisions\/442"}],"wp:attachment":[{"href":"https:\/\/blogsaverroes.juntadeandalucia.es\/juancaef\/wp-json\/wp\/v2\/media?parent=157"}],"curies":[{"name":"wp","href":"https:\/\/api.w.org\/{rel}","templated":true}]}}