{"id":168,"date":"2020-10-21T10:52:08","date_gmt":"2020-10-21T08:52:08","guid":{"rendered":"https:\/\/blogsaverroes.juntadeandalucia.es\/juancaef\/?page_id=168"},"modified":"2020-10-21T18:31:26","modified_gmt":"2020-10-21T16:31:26","slug":"ediflecturas","status":"publish","type":"page","link":"https:\/\/blogsaverroes.juntadeandalucia.es\/juancaef\/ediflecturas\/","title":{"rendered":"EDIFLECTURAS"},"content":{"rendered":"<p>&nbsp; &nbsp; &nbsp;En este espacio, y espero que os guste, ir\u00e9 colgando lecturas relacionadas con la Educaci\u00f3n F\u00edsica y adem\u00e1s con la intenci\u00f3n de fomentar el h\u00e1bito lector en vosotros. Espero que disfrut\u00e9is.<\/p>\n<p><span style=\"font-size: 14pt\"><strong>LECTURAS PARA ALUMNOS DE 1\u00ba Y 2\u00ba DE PRIMARIA.<\/strong><\/span><\/p>\n<p>&nbsp; &nbsp; &nbsp;-Mario y su bicicleta<\/p>\n<div id=\"attachment_174\" style=\"width: 83px\" class=\"wp-caption alignleft\"><a href=\"https:\/\/drive.google.com\/file\/d\/1cEvU7Uy3TyjBGZpFU5FT3t0wtPBfmwvV\/view?usp=sharing\" target=\"_blank\" rel=\"noopener noreferrer\"><img loading=\"lazy\" decoding=\"async\" aria-describedby=\"caption-attachment-174\" class=\"wp-image-174\" src=\"https:\/\/blogsaverroes.juntadeandalucia.es\/juancaef\/files\/2020\/10\/Mariobike-250x300.jpg\" alt=\"Mario y su bicicleta\" width=\"73\" height=\"88\" srcset=\"https:\/\/blogsaverroes.juntadeandalucia.es\/juancaef\/files\/2020\/10\/Mariobike-250x300.jpg 250w, https:\/\/blogsaverroes.juntadeandalucia.es\/juancaef\/files\/2020\/10\/Mariobike-20x24.jpg 20w, https:\/\/blogsaverroes.juntadeandalucia.es\/juancaef\/files\/2020\/10\/Mariobike-30x36.jpg 30w, https:\/\/blogsaverroes.juntadeandalucia.es\/juancaef\/files\/2020\/10\/Mariobike-40x48.jpg 40w, https:\/\/blogsaverroes.juntadeandalucia.es\/juancaef\/files\/2020\/10\/Mariobike.jpg 416w\" sizes=\"(max-width: 73px) 100vw, 73px\" \/><\/a><p id=\"caption-attachment-174\" class=\"wp-caption-text\">&nbsp;<\/p><\/div>\n","protected":false},"excerpt":{"rendered":"<p>&nbsp; &nbsp; &nbsp;En este espacio, y espero que os guste, ir\u00e9 colgando lecturas relacionadas con la Educaci\u00f3n F\u00edsica y adem\u00e1s con la intenci\u00f3n de fomentar el h\u00e1bito lector en vosotros. Espero que disfrut\u00e9is. LECTURAS&#46;&#46;&#46;<\/p>\n","protected":false},"author":10103,"featured_media":0,"parent":0,"menu_order":0,"comment_status":"closed","ping_status":"closed","template":"","meta":{"ngg_post_thumbnail":0,"footnotes":""},"aioseo_notices":[],"_links":{"self":[{"href":"https:\/\/blogsaverroes.juntadeandalucia.es\/juancaef\/wp-json\/wp\/v2\/pages\/168"}],"collection":[{"href":"https:\/\/blogsaverroes.juntadeandalucia.es\/juancaef\/wp-json\/wp\/v2\/pages"}],"about":[{"href":"https:\/\/blogsaverroes.juntadeandalucia.es\/juancaef\/wp-json\/wp\/v2\/types\/page"}],"author":[{"embeddable":true,"href":"https:\/\/blogsaverroes.juntadeandalucia.es\/juancaef\/wp-json\/wp\/v2\/users\/10103"}],"replies":[{"embeddable":true,"href":"https:\/\/blogsaverroes.juntadeandalucia.es\/juancaef\/wp-json\/wp\/v2\/comments?post=168"}],"version-history":[{"count":4,"href":"https:\/\/blogsaverroes.juntadeandalucia.es\/juancaef\/wp-json\/wp\/v2\/pages\/168\/revisions"}],"predecessor-version":[{"id":176,"href":"https:\/\/blogsaverroes.juntadeandalucia.es\/juancaef\/wp-json\/wp\/v2\/pages\/168\/revisions\/176"}],"wp:attachment":[{"href":"https:\/\/blogsaverroes.juntadeandalucia.es\/juancaef\/wp-json\/wp\/v2\/media?parent=168"}],"curies":[{"name":"wp","href":"https:\/\/api.w.org\/{rel}","templated":true}]}}