{"id":302,"date":"2022-10-19T17:28:45","date_gmt":"2022-10-19T15:28:45","guid":{"rendered":"https:\/\/blogsaverroes.juntadeandalucia.es\/juancaef\/?page_id=302"},"modified":"2023-04-11T19:35:58","modified_gmt":"2023-04-11T17:35:58","slug":"auladjaque-6o","status":"publish","type":"page","link":"https:\/\/blogsaverroes.juntadeandalucia.es\/juancaef\/auladjaque-6o\/","title":{"rendered":"AulaDjaque 6\u00ba"},"content":{"rendered":"<p>&nbsp; &nbsp; &nbsp;Buenas&nbsp; ajedrecistas, a continuaci\u00f3n os dejo el enlace de vuestro primer reto de ajedrez en este primer trimestre. Espero que disfrut\u00e9is con la b\u00fasqueda de las soluci\u00f3n. Suerte!!!<\/p>\n<p><img loading=\"lazy\" decoding=\"async\" class=\"size-full wp-image-444 alignleft\" src=\"https:\/\/blogsaverroes.juntadeandalucia.es\/juancaef\/files\/2022\/10\/Desafio-Octubre.png\" alt=\"\" width=\"257\" height=\"257\" srcset=\"https:\/\/blogsaverroes.juntadeandalucia.es\/juancaef\/files\/2022\/10\/Desafio-Octubre.png 257w, https:\/\/blogsaverroes.juntadeandalucia.es\/juancaef\/files\/2022\/10\/Desafio-Octubre-150x150.png 150w, https:\/\/blogsaverroes.juntadeandalucia.es\/juancaef\/files\/2022\/10\/Desafio-Octubre-80x80.png 80w\" sizes=\"(max-width: 257px) 100vw, 257px\" \/><\/p>\n<p>&nbsp;<\/p>\n<table style=\"width: 0%;height: 54px\" width=\"102%\">\n<tbody>\n<tr style=\"height: 54px\">\n<td style=\"height: 54px;width: 850%\" rowspan=\"4\" width=\"331\">&nbsp;<\/td>\n<td style=\"height: 54px;width: 62.5%\" width=\"0\">&nbsp;<\/td>\n<\/tr>\n<\/tbody>\n<\/table>\n<p>Mueven Blancas y deber\u00edamos hacer mate en tan s\u00f3lo dos movimientos.<\/p>\n<p>\u00bfPodr\u00edas decir cu\u00e1les son?<\/p>\n<p>Enviar respuestas a jcarlossanchezagudo@ciudaddebaza.com<\/p>\n<p>&nbsp;<\/p>\n<p>&nbsp; &nbsp; &nbsp; &nbsp; &nbsp; &nbsp;<span style=\"text-decoration: underline\">Os a\u00f1ado reglas y normas de las diferentes piezas de ajedrez por si alg\u00fan momento ten\u00e9is dudas sobre las mismas&#8230;<\/span> <span style=\"text-decoration: underline;color: #339966\"><a style=\"color: #339966;text-decoration: underline\" href=\"https:\/\/drive.google.com\/file\/d\/1lj_lnVMzvnuDDjEOa32l1sVJB1u1CXN1\/view?usp=sharing\">Colocaci\u00f3n y movimiento de piezas .<\/a><\/span><\/p>\n<p><span style=\"color: #339966;font-family: 'comic sans ms', sans-serif;font-size: 18pt\">RETO DE NOVIEMBRE\u00b42022<\/span><\/p>\n<p><img loading=\"lazy\" decoding=\"async\" class=\"alignleft\" src=\"https:\/\/i0.wp.com\/ajedrezalaescuela.eu\/wp-content\/uploads\/2019\/03\/MULTIMATES.png?resize=556%2C557&amp;ssl=1\" alt=\"MULTIMATES\" width=\"214\" height=\"214\"><\/p>\n<p>En este nuevo reto que te presento s\u00f3lo falta una pieza y es la m\u00e1s esencial: <strong>el rey negro &nbsp;<\/strong>y te propongo que pongas el rey en las siguientes casillas:<\/p>\n<p>1. h7; 2.g5; 3.f7; 4.d8; 5.b7<\/p>\n<p>En todas las casillas hay un mate y nos olvides que mover\u00edan primero las blancas \u00bf Me pondr\u00edas decir los movimientos de mate en cada casilla?<\/p>\n<p>Enviar respuestas a jcarlossanchezagudo@ciudaddebaza.com<\/p>\n<p><span style=\"font-size: 14pt\"><strong><span style=\"text-decoration: underline\">Os a\u00f1ado reglas y normas de las diferentes piezas de ajedrez por si alg\u00fan momento ten\u00e9is dudas sobre las mismas&#8230;<\/span><\/strong><\/span> <span style=\"text-decoration: underline;color: #339966\"><a style=\"color: #339966;text-decoration: underline\" href=\"https:\/\/drive.google.com\/file\/d\/1lj_lnVMzvnuDDjEOa32l1sVJB1u1CXN1\/view?usp=sharing\">Colocaci\u00f3n y movimiento de piezas .<\/a><\/span><\/p>\n<p>&nbsp;<\/p>\n<p><span style=\"color: #339966;font-family: 'comic sans ms', sans-serif;font-size: 18pt\">RETO DE ENERO\u00b42023<\/span><\/p>\n<p><img loading=\"lazy\" decoding=\"async\" class=\"size-full wp-image-478 alignleft\" src=\"https:\/\/blogsaverroes.juntadeandalucia.es\/juancaef\/files\/2023\/01\/eNERO2023.png\" alt=\"\" width=\"248\" height=\"282\"><\/p>\n<p>En este nuevo reto que os presento dos jugadores se encuentran cerca del final de la partida. Le tocar\u00eda mover a negras y mi pregunta es: \u00bfpodr\u00edan ganar la partida?<\/p>\n<p>Enviar respuestas a jcarlossanchezagudo@ciudaddebaza.com<\/p>\n<p><span style=\"font-size: 14pt\"><strong><span style=\"text-decoration: underline\">Os a\u00f1ado reglas y normas de las diferentes piezas de ajedrez por si alg\u00fan momento ten\u00e9is dudas sobre las mismas&#8230;<\/span><\/strong><\/span> <span style=\"text-decoration: underline;color: #339966\"><a style=\"color: #339966;text-decoration: underline\" href=\"https:\/\/drive.google.com\/file\/d\/1lj_lnVMzvnuDDjEOa32l1sVJB1u1CXN1\/view?usp=sharing\">Colocaci\u00f3n y movimiento de piezas .<\/a><\/span><\/p>\n<p>&nbsp;<\/p>\n<p>&nbsp;<\/p>\n<p>&nbsp;<\/p>\n<p>&nbsp;<\/p>\n<p><span style=\"color: #339966;font-family: 'comic sans ms', sans-serif;font-size: 18pt\">RETO DE FEBRERO \u00ab2023\u00bb<\/span><\/p>\n<p>Hola amigos. Para este mes he elegido un reto diferente aunque seguimos aprendiendo y divirti\u00e9ndonos de este gran juego y deporte que es el ajedrez. El problema que os planteo es el siguiente:<\/p>\n<p>&nbsp;Tenemos que ayudar al caballo que est\u00e1 en la casilla \u00abf1\u00bb para dar jaque al rey negro que se encuentra en la casilla \u00abe8\u00bb. Y para ello s\u00f3lo puedes mover el caballo en aquellas casillas que sean divisibles entre 3.<\/p>\n<p><img loading=\"lazy\" decoding=\"async\" class=\"wp-image-485 alignleft\" src=\"https:\/\/blogsaverroes.juntadeandalucia.es\/juancaef\/files\/2023\/02\/Reto-febrero-6\u00ba-1019x1024.jpg\" alt=\"\" width=\"232\" height=\"233\" srcset=\"https:\/\/blogsaverroes.juntadeandalucia.es\/juancaef\/files\/2023\/02\/Reto-febrero-6\u00ba-1019x1024.jpg 1019w, https:\/\/blogsaverroes.juntadeandalucia.es\/juancaef\/files\/2023\/02\/Reto-febrero-6\u00ba-300x300.jpg 300w, https:\/\/blogsaverroes.juntadeandalucia.es\/juancaef\/files\/2023\/02\/Reto-febrero-6\u00ba-150x150.jpg 150w, https:\/\/blogsaverroes.juntadeandalucia.es\/juancaef\/files\/2023\/02\/Reto-febrero-6\u00ba-768x772.jpg 768w, https:\/\/blogsaverroes.juntadeandalucia.es\/juancaef\/files\/2023\/02\/Reto-febrero-6\u00ba-80x80.jpg 80w, https:\/\/blogsaverroes.juntadeandalucia.es\/juancaef\/files\/2023\/02\/Reto-febrero-6\u00ba-320x320.jpg 320w, https:\/\/blogsaverroes.juntadeandalucia.es\/juancaef\/files\/2023\/02\/Reto-febrero-6\u00ba.jpg 1302w\" sizes=\"(max-width: 232px) 100vw, 232px\" \/><\/p>\n<p>Enviar respuestas a jcarlossanchezagudo@ciudaddebaza.com<\/p>\n<p><span style=\"font-size: 14pt\"><strong><span style=\"text-decoration: underline\">Os a\u00f1ado reglas y normas de las diferentes piezas de ajedrez por si alg\u00fan momento ten\u00e9is dudas sobre las mismas&#8230;<\/span><\/strong><\/span> <span style=\"text-decoration: underline;color: #339966\"><a style=\"color: #339966;text-decoration: underline\" href=\"https:\/\/drive.google.com\/file\/d\/1lj_lnVMzvnuDDjEOa32l1sVJB1u1CXN1\/view?usp=sharing\">Colocaci\u00f3n y movimiento de piezas .<\/a><\/span><\/p>\n<p>Ten\u00e9is de plazo para enviar respuestas hasta el d\u00eda 17 de marzo del 2023.<\/p>\n<p>&nbsp;<\/p>\n<p>&nbsp;<\/p>\n<p>&nbsp;<\/p>\n<p>&nbsp;<\/p>\n<p style=\"text-align: center\"><span style=\"font-size: 18pt;color: #99ccff\"><span style=\"font-family: 'comic sans ms', sans-serif\"><span style=\"color: #99ccff;font-size: 18pt;font-family: comic sans ms, sans-serif\"><b>DESAF\u00cdO DE ABRIL<br \/>\n&nbsp;<\/b><\/span><\/span><\/span><\/p>\n<p>&nbsp; &nbsp; &nbsp; &nbsp; <img loading=\"lazy\" decoding=\"async\" class=\"alignleft size-full wp-image-491\" src=\"https:\/\/blogsaverroes.juntadeandalucia.es\/juancaef\/files\/2023\/04\/Reto-abril-5\u00ba.jpg\" alt=\"\" width=\"433\" height=\"430\" srcset=\"https:\/\/blogsaverroes.juntadeandalucia.es\/juancaef\/files\/2023\/04\/Reto-abril-5\u00ba.jpg 433w, https:\/\/blogsaverroes.juntadeandalucia.es\/juancaef\/files\/2023\/04\/Reto-abril-5\u00ba-300x298.jpg 300w, https:\/\/blogsaverroes.juntadeandalucia.es\/juancaef\/files\/2023\/04\/Reto-abril-5\u00ba-150x150.jpg 150w, https:\/\/blogsaverroes.juntadeandalucia.es\/juancaef\/files\/2023\/04\/Reto-abril-5\u00ba-80x80.jpg 80w\" sizes=\"(max-width: 433px) 100vw, 433px\" \/> &nbsp; Hola amigos. Os presento este nuevo reto para el mes de abril y para este problema de ajedrez ten\u00e9is que saber que para esta ocasi\u00f3n le toca mover a negras: \u00bfCu\u00e1l es su mejor jugada? \u00bfPor qu\u00e9?<\/p>\n<p>Os pedimos que anot\u00e9is las jugadas necesarias que har\u00e9is y expliqu\u00e9is vuestro objetivo a trav\u00e9s de un v\u00eddeo donde se vea los movimientos necesarios para dar respuesta a esta partida.&nbsp;<\/p>\n<p>*Ten\u00e9is de plazo para entregar respuestas hasta el d\u00eda 28 de abril del 2023.&nbsp; &nbsp; &nbsp; &nbsp; &nbsp; &nbsp; &nbsp; &nbsp; &nbsp; &nbsp; &nbsp; &nbsp; &nbsp; &nbsp; &nbsp; &nbsp; &nbsp; &nbsp; &nbsp; &nbsp; &nbsp; &nbsp; &nbsp; &nbsp; &nbsp; &nbsp; &nbsp; &nbsp; &nbsp; &nbsp; &nbsp; &nbsp;<\/p>\n<p>*&nbsp; <span style=\"text-decoration: underline\">Os a\u00f1ado reglas y normas de las diferentes piezas de ajedrez por si alg\u00fan momento ten\u00e9is dudas sobre las mismas&#8230;<\/span> <span style=\"text-decoration: underline;color: #339966\"><a style=\"color: #339966;text-decoration: underline\" href=\"https:\/\/drive.google.com\/file\/d\/1lj_lnVMzvnuDDjEOa32l1sVJB1u1CXN1\/view?usp=sharing\">Colocaci\u00f3n y movimiento de piezas .<\/a><\/span><\/p>\n<ul>\n<li>El v\u00eddeo-respuesta lo tendr\u00e9is que enviar a la siguiente direcci\u00f3n:<strong> jcarlossanchezagudo@ciudaddebaza.com<\/strong><\/li>\n<\/ul>\n<p>&nbsp;<\/p>\n","protected":false},"excerpt":{"rendered":"<p>&nbsp; &nbsp; &nbsp;Buenas&nbsp; ajedrecistas, a continuaci\u00f3n os dejo el enlace de vuestro primer reto de ajedrez en este primer trimestre. Espero que disfrut\u00e9is con la b\u00fasqueda de las soluci\u00f3n. Suerte!!! &nbsp; &nbsp; &nbsp; Mueven&#46;&#46;&#46;<\/p>\n","protected":false},"author":10103,"featured_media":0,"parent":0,"menu_order":0,"comment_status":"closed","ping_status":"closed","template":"","meta":{"ngg_post_thumbnail":0,"footnotes":""},"aioseo_notices":[],"_links":{"self":[{"href":"https:\/\/blogsaverroes.juntadeandalucia.es\/juancaef\/wp-json\/wp\/v2\/pages\/302"}],"collection":[{"href":"https:\/\/blogsaverroes.juntadeandalucia.es\/juancaef\/wp-json\/wp\/v2\/pages"}],"about":[{"href":"https:\/\/blogsaverroes.juntadeandalucia.es\/juancaef\/wp-json\/wp\/v2\/types\/page"}],"author":[{"embeddable":true,"href":"https:\/\/blogsaverroes.juntadeandalucia.es\/juancaef\/wp-json\/wp\/v2\/users\/10103"}],"replies":[{"embeddable":true,"href":"https:\/\/blogsaverroes.juntadeandalucia.es\/juancaef\/wp-json\/wp\/v2\/comments?post=302"}],"version-history":[{"count":11,"href":"https:\/\/blogsaverroes.juntadeandalucia.es\/juancaef\/wp-json\/wp\/v2\/pages\/302\/revisions"}],"predecessor-version":[{"id":494,"href":"https:\/\/blogsaverroes.juntadeandalucia.es\/juancaef\/wp-json\/wp\/v2\/pages\/302\/revisions\/494"}],"wp:attachment":[{"href":"https:\/\/blogsaverroes.juntadeandalucia.es\/juancaef\/wp-json\/wp\/v2\/media?parent=302"}],"curies":[{"name":"wp","href":"https:\/\/api.w.org\/{rel}","templated":true}]}}