{"id":343,"date":"2021-09-20T19:04:19","date_gmt":"2021-09-20T17:04:19","guid":{"rendered":"https:\/\/blogsaverroes.juntadeandalucia.es\/juancaef\/?page_id=343"},"modified":"2023-05-29T19:14:46","modified_gmt":"2023-05-29T17:14:46","slug":"5o-de-primaria","status":"publish","type":"page","link":"https:\/\/blogsaverroes.juntadeandalucia.es\/juancaef\/5o-de-primaria\/","title":{"rendered":"5\u00ba de primaria"},"content":{"rendered":"<p>Buenas tardes,&nbsp; a lo largo de este curso ir\u00e9&nbsp; publicando en este p\u00e1gina aquellas actividades que van a complementar vuestro trabajo en el patio.<\/p>\n<p>En esta primera entrada os quiero presentar el atletismo desde su historia como de las pruebas que forman parte de este deporte y saber practicar algunas de las modalidades.<strong>&nbsp;<a href=\"https:\/\/view.genial.ly\/5ca72f9fe092196c0eb19b4a\/interactive-content-atletismo\">Historia del atletismo<\/a><\/strong><\/p>\n<p style=\"text-align: left\">En esta segunda actividad os presento un video descriptivo (haz <a href=\"https:\/\/drive.google.com\/file\/d\/1ffxNM4CuMSfQ51Mn8OgemLubhl2_cdJ6\/view?usp=drivesdk\">click en la imagen de los corredores<\/a>) de c\u00f3mo se realiza la entrega del testigo siguiendo cada uno de los puntos de su reglamento. &nbsp;&nbsp; &nbsp;&nbsp; &nbsp;&nbsp; &nbsp;&nbsp; &nbsp;&nbsp; &nbsp;&nbsp; &nbsp;&nbsp; &nbsp;&nbsp; &nbsp;&nbsp; &nbsp;&nbsp; &nbsp;&nbsp; &nbsp;<\/p>\n<p style=\"text-align: left\"><a href=\"https:\/\/drive.google.com\/file\/d\/1ffxNM4CuMSfQ51Mn8OgemLubhl2_cdJ6\/view?usp=drivesdk\"><img loading=\"lazy\" decoding=\"async\" class=\"size-medium wp-image-359 alignleft\" src=\"https:\/\/blogsaverroes.juntadeandalucia.es\/juancaef\/files\/2021\/09\/4882CC7E-7F1E-4C9F-8146-2D7CA93C3F6E-e1632318542951-300x205.png\" alt=\"\" width=\"300\" height=\"205\" srcset=\"https:\/\/blogsaverroes.juntadeandalucia.es\/juancaef\/files\/2021\/09\/4882CC7E-7F1E-4C9F-8146-2D7CA93C3F6E-e1632318542951-300x205.png 300w, https:\/\/blogsaverroes.juntadeandalucia.es\/juancaef\/files\/2021\/09\/4882CC7E-7F1E-4C9F-8146-2D7CA93C3F6E-e1632318542951-768x526.png 768w, https:\/\/blogsaverroes.juntadeandalucia.es\/juancaef\/files\/2021\/09\/4882CC7E-7F1E-4C9F-8146-2D7CA93C3F6E-e1632318542951.png 860w\" sizes=\"(max-width: 300px) 100vw, 300px\" \/><\/a><\/p>\n<p>&nbsp;<\/p>\n<p>&nbsp;<\/p>\n<p>&nbsp;<\/p>\n<p>&nbsp;<\/p>\n<p>&nbsp;<\/p>\n<p><span style=\"font-size: 14pt\"><strong>\u00a1 FELIZ A\u00d1O 2023!!!<\/strong><\/span> Comenzamos un nuevo trimestre y con ello nuevas ideas que sean de vuestro disfrute e inter\u00e9s.. Lo hago presentando a trav\u00e9s de la aplicaci\u00f3n Genially una descripci\u00f3n interactiva de reglas y an\u00e9cdotas del voleibol. Espero que os resulte interesante&#8230;<\/p>\n<div>&nbsp; &nbsp;<\/div>\n<div style=\"text-align: center\"><span style=\"font-size: 18pt\"><strong><span style=\"color: #ff0000\">TERCER TRIMESTRE CURSO 2022.2023<\/span>&nbsp;<\/strong><\/span> &nbsp;<\/div>\n<div style=\"text-align: center\">&nbsp; &nbsp;<\/div>\n<div style=\"text-align: left\">&nbsp; en el siguiente enlace os acerco a que conozc\u00e1is el smashball, gestos a aprender para su juego, su origen y por \u00faltimo como lo hab\u00e9is conseguido aprender a lo largo e vuestros trabajos en las clases de Educaci\u00f3n F\u00edsica. Espero que os guste.<\/div>\n<div style=\"text-align: left\"><a href=\"https:\/\/view.genial.ly\/6468e7282af9b500174845ed\/interactive-content-juegos-sobre-red-5o-ceip-ciudad-de-baza\"><img loading=\"lazy\" decoding=\"async\" class=\"alignleft size-large wp-image-498\" src=\"https:\/\/blogsaverroes.juntadeandalucia.es\/juancaef\/files\/2023\/05\/Juegos-sobre-red-1024x512.jpg\" alt=\"\" width=\"1024\" height=\"512\" srcset=\"https:\/\/blogsaverroes.juntadeandalucia.es\/juancaef\/files\/2023\/05\/Juegos-sobre-red-1024x512.jpg 1024w, https:\/\/blogsaverroes.juntadeandalucia.es\/juancaef\/files\/2023\/05\/Juegos-sobre-red-300x150.jpg 300w, https:\/\/blogsaverroes.juntadeandalucia.es\/juancaef\/files\/2023\/05\/Juegos-sobre-red-768x384.jpg 768w, https:\/\/blogsaverroes.juntadeandalucia.es\/juancaef\/files\/2023\/05\/Juegos-sobre-red-1536x768.jpg 1536w, https:\/\/blogsaverroes.juntadeandalucia.es\/juancaef\/files\/2023\/05\/Juegos-sobre-red-2048x1024.jpg 2048w\" sizes=\"(max-width: 1024px) 100vw, 1024px\" \/><\/a> &nbsp; &nbsp; &nbsp; &nbsp;<\/div>\n<div>&nbsp;<\/div>\n","protected":false},"excerpt":{"rendered":"<p>Buenas tardes,&nbsp; a lo largo de este curso ir\u00e9&nbsp; publicando en este p\u00e1gina aquellas actividades que van a complementar vuestro trabajo en el patio. En esta primera entrada os quiero presentar el atletismo desde&#46;&#46;&#46;<\/p>\n","protected":false},"author":10103,"featured_media":0,"parent":0,"menu_order":0,"comment_status":"closed","ping_status":"closed","template":"","meta":{"ngg_post_thumbnail":0,"footnotes":""},"aioseo_notices":[],"_links":{"self":[{"href":"https:\/\/blogsaverroes.juntadeandalucia.es\/juancaef\/wp-json\/wp\/v2\/pages\/343"}],"collection":[{"href":"https:\/\/blogsaverroes.juntadeandalucia.es\/juancaef\/wp-json\/wp\/v2\/pages"}],"about":[{"href":"https:\/\/blogsaverroes.juntadeandalucia.es\/juancaef\/wp-json\/wp\/v2\/types\/page"}],"author":[{"embeddable":true,"href":"https:\/\/blogsaverroes.juntadeandalucia.es\/juancaef\/wp-json\/wp\/v2\/users\/10103"}],"replies":[{"embeddable":true,"href":"https:\/\/blogsaverroes.juntadeandalucia.es\/juancaef\/wp-json\/wp\/v2\/comments?post=343"}],"version-history":[{"count":22,"href":"https:\/\/blogsaverroes.juntadeandalucia.es\/juancaef\/wp-json\/wp\/v2\/pages\/343\/revisions"}],"predecessor-version":[{"id":499,"href":"https:\/\/blogsaverroes.juntadeandalucia.es\/juancaef\/wp-json\/wp\/v2\/pages\/343\/revisions\/499"}],"wp:attachment":[{"href":"https:\/\/blogsaverroes.juntadeandalucia.es\/juancaef\/wp-json\/wp\/v2\/media?parent=343"}],"curies":[{"name":"wp","href":"https:\/\/api.w.org\/{rel}","templated":true}]}}