{"id":450,"date":"2022-10-19T17:35:14","date_gmt":"2022-10-19T15:35:14","guid":{"rendered":"https:\/\/blogsaverroes.juntadeandalucia.es\/juancaef\/?page_id=450"},"modified":"2023-04-11T19:31:59","modified_gmt":"2023-04-11T17:31:59","slug":"auladjaque5o","status":"publish","type":"page","link":"https:\/\/blogsaverroes.juntadeandalucia.es\/juancaef\/auladjaque5o\/","title":{"rendered":"AulaDjaque5\u00ba"},"content":{"rendered":"<p>&nbsp;Buenas&nbsp; ajedrecistas, a continuaci\u00f3n os dejo el enlace de vuestro primer reto de ajedrez en este primer trimestre. Espero que disfrut\u00e9is con la b\u00fasqueda de las soluci\u00f3n. Suerte!!!<\/p>\n<p><span style=\"font-size: 18pt;color: #99ccff\"><strong><span style=\"font-family: 'comic sans ms', sans-serif\">DESAF\u00cdO DE OCTUBRE.<\/span><\/strong><\/span><\/p>\n<p>&nbsp;<\/p>\n<p><img loading=\"lazy\" decoding=\"async\" class=\" wp-image-456 alignleft\" src=\"https:\/\/blogsaverroes.juntadeandalucia.es\/juancaef\/files\/2022\/10\/Evitar-coronaci\u00f3n.png\" alt=\"\" width=\"336\" height=\"336\" srcset=\"https:\/\/blogsaverroes.juntadeandalucia.es\/juancaef\/files\/2022\/10\/Evitar-coronaci\u00f3n.png 416w, https:\/\/blogsaverroes.juntadeandalucia.es\/juancaef\/files\/2022\/10\/Evitar-coronaci\u00f3n-300x300.png 300w, https:\/\/blogsaverroes.juntadeandalucia.es\/juancaef\/files\/2022\/10\/Evitar-coronaci\u00f3n-150x150.png 150w, https:\/\/blogsaverroes.juntadeandalucia.es\/juancaef\/files\/2022\/10\/Evitar-coronaci\u00f3n-80x80.png 80w, https:\/\/blogsaverroes.juntadeandalucia.es\/juancaef\/files\/2022\/10\/Evitar-coronaci\u00f3n-320x320.png 320w\" sizes=\"(max-width: 336px) 100vw, 336px\" \/><\/p>\n<p>*El pe\u00f3n negro va a coronar en a 1. S\u00f3lo le faltan dos movimientos\u2026 \u00bfPuede el blanco frenar esa jugada y conseguir las tablas?<\/p>\n<p>*Enviar respuestas a jcarlossanchezagudo@ciudaddebaza.com<\/p>\n<p>&nbsp;<\/p>\n<p>&nbsp; &nbsp; &nbsp; &nbsp; &nbsp;<\/p>\n<p>*&nbsp; <span style=\"text-decoration: underline\">Os a\u00f1ado reglas y normas de las diferentes piezas de ajedrez por si alg\u00fan momento ten\u00e9is dudas sobre las mismas&#8230;<\/span> <span style=\"text-decoration: underline;color: #339966\"><a style=\"color: #339966;text-decoration: underline\" href=\"https:\/\/drive.google.com\/file\/d\/1lj_lnVMzvnuDDjEOa32l1sVJB1u1CXN1\/view?usp=sharing\">Colocaci\u00f3n y movimiento de piezas .<\/a><\/span><\/p>\n<p>&nbsp;<\/p>\n<p>&nbsp;<\/p>\n<p>&nbsp;<\/p>\n<p style=\"text-align: left\">&nbsp;<\/p>\n<p><span style=\"font-size: 18pt;color: #99ccff\"><span style=\"font-family: 'comic sans ms', sans-serif\"><span style=\"color: #99ccff;font-size: 18pt;font-family: comic sans ms, sans-serif\"><b>DESAF\u00cdO DE NOVIEMBRE ( fecha de entrega de la respuesta hasta 9 de <\/b><\/span><span style=\"color: #99ccff;font-family: comic sans ms, sans-serif\"><span style=\"font-size: 24px\"><b>diciembre<\/b><\/span><\/span><span style=\"color: #99ccff;font-size: 18pt;font-family: comic sans ms, sans-serif\"><b> del 2022)<\/b><\/span><\/span><\/span><\/p>\n<p>&nbsp; &nbsp; &nbsp; &nbsp; &nbsp; &nbsp; &nbsp; &nbsp; &nbsp; &nbsp; &nbsp; &nbsp; &nbsp; &nbsp; &nbsp; &nbsp; &nbsp; &nbsp; &nbsp; &nbsp; &nbsp; &nbsp; &nbsp; &nbsp; &nbsp; &nbsp; &nbsp; &nbsp; &nbsp; &nbsp; &nbsp; &nbsp; &nbsp; &nbsp; &nbsp; &nbsp; &nbsp; &nbsp; &nbsp; &nbsp; &nbsp; &nbsp; &nbsp; &nbsp; &nbsp; &nbsp; &nbsp;<\/p>\n<p><img loading=\"lazy\" decoding=\"async\" class=\"alignleft wp-image-469\" src=\"https:\/\/blogsaverroes.juntadeandalucia.es\/juancaef\/files\/2022\/11\/Desafio-noviembre-e1668754398645-857x1024.jpg\" alt=\"\" width=\"248\" height=\"296\" srcset=\"https:\/\/blogsaverroes.juntadeandalucia.es\/juancaef\/files\/2022\/11\/Desafio-noviembre-e1668754398645-857x1024.jpg 857w, https:\/\/blogsaverroes.juntadeandalucia.es\/juancaef\/files\/2022\/11\/Desafio-noviembre-e1668754398645-251x300.jpg 251w, https:\/\/blogsaverroes.juntadeandalucia.es\/juancaef\/files\/2022\/11\/Desafio-noviembre-e1668754398645-768x918.jpg 768w, https:\/\/blogsaverroes.juntadeandalucia.es\/juancaef\/files\/2022\/11\/Desafio-noviembre-e1668754398645.jpg 990w\" sizes=\"(max-width: 248px) 100vw, 248px\" \/><\/p>\n<p>Mueven blancas y consigue hacer mate en un s\u00f3lo movimiento, \u00bf sabr\u00edas decirme cu\u00e1l es?<\/p>\n<p>*&nbsp; <span style=\"text-decoration: underline\">Os a\u00f1ado reglas y normas de las diferentes piezas de ajedrez por si alg\u00fan momento ten\u00e9is dudas sobre las mismas&#8230;<\/span> <span style=\"text-decoration: underline;color: #339966\"><a style=\"color: #339966;text-decoration: underline\" href=\"https:\/\/drive.google.com\/file\/d\/1lj_lnVMzvnuDDjEOa32l1sVJB1u1CXN1\/view?usp=sharing\">Colocaci\u00f3n y movimiento de piezas .<\/a><\/span><\/p>\n<p>*La respuesta la tienes que enviar a la siguiente direcci\u00f3n:<strong> jcarlossanchezagudo@ciudaddebaza.com<\/strong><\/p>\n<p><span style=\"font-size: 18pt;color: #99ccff\"><span style=\"font-family: 'comic sans ms', sans-serif\"><span style=\"color: #99ccff;font-size: 18pt;font-family: comic sans ms, sans-serif\"><b> ( fecha de entrega de la respuesta hasta 9 de <\/b><\/span><span style=\"color: #99ccff;font-family: comic sans ms, sans-serif\"><span style=\"font-size: 24px\"><b>diciembre<\/b><\/span><\/span><span style=\"color: #99ccff;font-size: 18pt;font-family: comic sans ms, sans-serif\"><b> del 2022)<\/b><\/span><\/span><\/span><\/p>\n<p>&nbsp; &nbsp; &nbsp; &nbsp; &nbsp; &nbsp; &nbsp; &nbsp; &nbsp; &nbsp; &nbsp; &nbsp; &nbsp; &nbsp; &nbsp; &nbsp; &nbsp; &nbsp; &nbsp; &nbsp; &nbsp; &nbsp; &nbsp; &nbsp; &nbsp; &nbsp; &nbsp; &nbsp; &nbsp; &nbsp; &nbsp; &nbsp; &nbsp; &nbsp; &nbsp; &nbsp; &nbsp; &nbsp; &nbsp; &nbsp; &nbsp; &nbsp; &nbsp; &nbsp; &nbsp; &nbsp; &nbsp;<\/p>\n<p>&nbsp;<\/p>\n<p>&nbsp;<\/p>\n<p>&nbsp;<\/p>\n<p style=\"text-align: center\"><span style=\"font-size: 18pt;color: #99ccff\"><span style=\"font-family: 'comic sans ms', sans-serif\"><span style=\"color: #99ccff;font-size: 18pt;font-family: comic sans ms, sans-serif\"><b>DESAF\u00cdO DE ENERO<br \/>\n<img loading=\"lazy\" decoding=\"async\" class=\"alignleft size-full wp-image-480\" src=\"https:\/\/blogsaverroes.juntadeandalucia.es\/juancaef\/files\/2023\/01\/Desafio-5\u00ba-enero-2023.png\" alt=\"\" width=\"336\" height=\"400\" srcset=\"https:\/\/blogsaverroes.juntadeandalucia.es\/juancaef\/files\/2023\/01\/Desafio-5\u00ba-enero-2023.png 336w, https:\/\/blogsaverroes.juntadeandalucia.es\/juancaef\/files\/2023\/01\/Desafio-5\u00ba-enero-2023-252x300.png 252w\" sizes=\"(max-width: 336px) 100vw, 336px\" \/>&nbsp;<\/b><\/span><\/span><\/span><\/p>\n<p>&nbsp; &nbsp; &nbsp; &nbsp; &nbsp; &nbsp; En este tablero que os presento, corresponde a una partida que finaliz\u00f3 ganando las blancas. \u00bfSabr\u00edas averiguar que movimientos de piezas con blancas hizo posible ese final?&nbsp; &nbsp; &nbsp; &nbsp; &nbsp; &nbsp; &nbsp; &nbsp; &nbsp;<\/p>\n<p>*Ten\u00e9is de plazo para entregar respuestas hasta el d\u00eda 17 de febrero del 2023.&nbsp; &nbsp; &nbsp; &nbsp; &nbsp; &nbsp; &nbsp; &nbsp; &nbsp; &nbsp; &nbsp; &nbsp; &nbsp; &nbsp; &nbsp; &nbsp; &nbsp; &nbsp; &nbsp; &nbsp; &nbsp; &nbsp; &nbsp; &nbsp; &nbsp; &nbsp; &nbsp; &nbsp; &nbsp; &nbsp; &nbsp; &nbsp;<\/p>\n<p>*&nbsp; <span style=\"text-decoration: underline\">Os a\u00f1ado reglas y normas de las diferentes piezas de ajedrez por si alg\u00fan momento ten\u00e9is dudas sobre las mismas&#8230;<\/span> <span style=\"text-decoration: underline;color: #339966\"><a style=\"color: #339966;text-decoration: underline\" href=\"https:\/\/drive.google.com\/file\/d\/1lj_lnVMzvnuDDjEOa32l1sVJB1u1CXN1\/view?usp=sharing\">Colocaci\u00f3n y movimiento de piezas .<\/a><\/span><\/p>\n<p>*La respuesta la tienes que enviar a la siguiente direcci\u00f3n:<strong> jcarlossanchezagudo@ciudaddebaza.com<\/strong><\/p>\n<p>&nbsp;<\/p>\n<p>&nbsp;<\/p>\n<p>&nbsp;<\/p>\n<p>&nbsp;<\/p>\n<p>&nbsp;<\/p>\n<p style=\"text-align: center\"><span style=\"font-size: 18pt;color: #99ccff\"><span style=\"font-family: 'comic sans ms', sans-serif\"><span style=\"color: #99ccff;font-size: 18pt;font-family: comic sans ms, sans-serif\"><b>DESAF\u00cdO DE FEBRERO<br \/>\n<img loading=\"lazy\" decoding=\"async\" class=\"alignleft wp-image-487\" src=\"https:\/\/blogsaverroes.juntadeandalucia.es\/juancaef\/files\/2023\/02\/Reto-febrero-2023-860x1024.jpg\" alt=\"\" width=\"301\" height=\"359\" srcset=\"https:\/\/blogsaverroes.juntadeandalucia.es\/juancaef\/files\/2023\/02\/Reto-febrero-2023-860x1024.jpg 860w, https:\/\/blogsaverroes.juntadeandalucia.es\/juancaef\/files\/2023\/02\/Reto-febrero-2023-252x300.jpg 252w, https:\/\/blogsaverroes.juntadeandalucia.es\/juancaef\/files\/2023\/02\/Reto-febrero-2023-768x915.jpg 768w, https:\/\/blogsaverroes.juntadeandalucia.es\/juancaef\/files\/2023\/02\/Reto-febrero-2023.jpg 1000w\" sizes=\"(max-width: 301px) 100vw, 301px\" \/>&nbsp;<\/b><\/span><\/span><\/span><\/p>\n<p>&nbsp; &nbsp; &nbsp; &nbsp; &nbsp; &nbsp; Hola amigos. Os presento este nuevo reto para el mes de febrero en el cual dos amigos deben decidir si prefieren jugar con blancas o con negras. Le tocar\u00eda mover a blancas pero&#8230;. \u00bf Y t\u00fa, vas con blancas o con negras? Explica por qu\u00e9 eliges un color u otro.<\/p>\n<p>*Ten\u00e9is de plazo para entregar respuestas hasta el d\u00eda 17 de marzo del 2023.&nbsp; &nbsp; &nbsp; &nbsp; &nbsp; &nbsp; &nbsp; &nbsp; &nbsp; &nbsp; &nbsp; &nbsp; &nbsp; &nbsp; &nbsp; &nbsp; &nbsp; &nbsp; &nbsp; &nbsp; &nbsp; &nbsp; &nbsp; &nbsp; &nbsp; &nbsp; &nbsp; &nbsp; &nbsp; &nbsp; &nbsp; &nbsp;<\/p>\n<p>*&nbsp; <span style=\"text-decoration: underline\">Os a\u00f1ado reglas y normas de las diferentes piezas de ajedrez por si alg\u00fan momento ten\u00e9is dudas sobre las mismas&#8230;<\/span> <span style=\"text-decoration: underline;color: #339966\"><a style=\"color: #339966;text-decoration: underline\" href=\"https:\/\/drive.google.com\/file\/d\/1lj_lnVMzvnuDDjEOa32l1sVJB1u1CXN1\/view?usp=sharing\">Colocaci\u00f3n y movimiento de piezas .<\/a><\/span><\/p>\n<p>*La respuesta la tienes que enviar a la siguiente direcci\u00f3n:<strong> jcarlossanchezagudo@ciudaddebaza.com<\/strong><\/p>\n<p>&nbsp;<\/p>\n<p>&nbsp;<\/p>\n<p>&nbsp;<\/p>\n<p>&nbsp;<\/p>\n<p style=\"text-align: center\"><span style=\"font-size: 18pt;color: #99ccff\"><span style=\"font-family: 'comic sans ms', sans-serif\"><span style=\"color: #99ccff;font-size: 18pt;font-family: comic sans ms, sans-serif\"><b>DESAF\u00cdO DE ABRIL<br \/>\n&nbsp;<\/b><\/span><\/span><\/span><\/p>\n<p>&nbsp; &nbsp; &nbsp; &nbsp; <img loading=\"lazy\" decoding=\"async\" class=\"alignleft size-full wp-image-491\" src=\"https:\/\/blogsaverroes.juntadeandalucia.es\/juancaef\/files\/2023\/04\/Reto-abril-5\u00ba.jpg\" alt=\"\" width=\"433\" height=\"430\" srcset=\"https:\/\/blogsaverroes.juntadeandalucia.es\/juancaef\/files\/2023\/04\/Reto-abril-5\u00ba.jpg 433w, https:\/\/blogsaverroes.juntadeandalucia.es\/juancaef\/files\/2023\/04\/Reto-abril-5\u00ba-300x298.jpg 300w, https:\/\/blogsaverroes.juntadeandalucia.es\/juancaef\/files\/2023\/04\/Reto-abril-5\u00ba-150x150.jpg 150w, https:\/\/blogsaverroes.juntadeandalucia.es\/juancaef\/files\/2023\/04\/Reto-abril-5\u00ba-80x80.jpg 80w\" sizes=\"(max-width: 433px) 100vw, 433px\" \/> &nbsp; Hola amigos. Os presento este nuevo reto para el mes de abril y para este problema de ajedrez ten\u00e9is que saber que para esta ocasi\u00f3n le toca mover a negras: \u00bfCu\u00e1l es su mejor jugada? \u00bfPor qu\u00e9?<\/p>\n<p>Os pedimos que anot\u00e9is las jugadas necesarias que har\u00e9is y expliqu\u00e9is vuestro objetivo a trav\u00e9s de un v\u00eddeo donde se vea los movimientos necesarios para dar respuesta a esta partida.&nbsp;<\/p>\n<p>*Ten\u00e9is de plazo para entregar respuestas hasta el d\u00eda 28 de abril del 2023.&nbsp; &nbsp; &nbsp; &nbsp; &nbsp; &nbsp; &nbsp; &nbsp; &nbsp; &nbsp; &nbsp; &nbsp; &nbsp; &nbsp; &nbsp; &nbsp; &nbsp; &nbsp; &nbsp; &nbsp; &nbsp; &nbsp; &nbsp; &nbsp; &nbsp; &nbsp; &nbsp; &nbsp; &nbsp; &nbsp; &nbsp; &nbsp;<\/p>\n<p>*&nbsp; <span style=\"text-decoration: underline\">Os a\u00f1ado reglas y normas de las diferentes piezas de ajedrez por si alg\u00fan momento ten\u00e9is dudas sobre las mismas&#8230;<\/span> <span style=\"text-decoration: underline;color: #339966\"><a style=\"color: #339966;text-decoration: underline\" href=\"https:\/\/drive.google.com\/file\/d\/1lj_lnVMzvnuDDjEOa32l1sVJB1u1CXN1\/view?usp=sharing\">Colocaci\u00f3n y movimiento de piezas .<\/a><\/span><\/p>\n<ul>\n<li>El v\u00eddeo-respuesta lo tendr\u00e9is que enviar a la siguiente direcci\u00f3n:<strong> jcarlossanchezagudo@ciudaddebaza.com<\/strong><\/li>\n<\/ul>\n<p>&nbsp;<\/p>\n","protected":false},"excerpt":{"rendered":"<p>&nbsp;Buenas&nbsp; ajedrecistas, a continuaci\u00f3n os dejo el enlace de vuestro primer reto de ajedrez en este primer trimestre. Espero que disfrut\u00e9is con la b\u00fasqueda de las soluci\u00f3n. Suerte!!! DESAF\u00cdO DE OCTUBRE. &nbsp; *El pe\u00f3n&#46;&#46;&#46;<\/p>\n","protected":false},"author":10103,"featured_media":0,"parent":0,"menu_order":0,"comment_status":"closed","ping_status":"closed","template":"","meta":{"ngg_post_thumbnail":0,"footnotes":""},"aioseo_notices":[],"_links":{"self":[{"href":"https:\/\/blogsaverroes.juntadeandalucia.es\/juancaef\/wp-json\/wp\/v2\/pages\/450"}],"collection":[{"href":"https:\/\/blogsaverroes.juntadeandalucia.es\/juancaef\/wp-json\/wp\/v2\/pages"}],"about":[{"href":"https:\/\/blogsaverroes.juntadeandalucia.es\/juancaef\/wp-json\/wp\/v2\/types\/page"}],"author":[{"embeddable":true,"href":"https:\/\/blogsaverroes.juntadeandalucia.es\/juancaef\/wp-json\/wp\/v2\/users\/10103"}],"replies":[{"embeddable":true,"href":"https:\/\/blogsaverroes.juntadeandalucia.es\/juancaef\/wp-json\/wp\/v2\/comments?post=450"}],"version-history":[{"count":10,"href":"https:\/\/blogsaverroes.juntadeandalucia.es\/juancaef\/wp-json\/wp\/v2\/pages\/450\/revisions"}],"predecessor-version":[{"id":493,"href":"https:\/\/blogsaverroes.juntadeandalucia.es\/juancaef\/wp-json\/wp\/v2\/pages\/450\/revisions\/493"}],"wp:attachment":[{"href":"https:\/\/blogsaverroes.juntadeandalucia.es\/juancaef\/wp-json\/wp\/v2\/media?parent=450"}],"curies":[{"name":"wp","href":"https:\/\/api.w.org\/{rel}","templated":true}]}}