{"id":198,"date":"2015-03-17T09:55:36","date_gmt":"2015-03-17T09:55:36","guid":{"rendered":"http:\/\/blogsaverroes.juntadeandalucia.es\/pre\/ceip\/?page_id=198"},"modified":"2025-11-12T08:58:23","modified_gmt":"2025-11-12T08:58:23","slug":"que-es-el-ampa","status":"publish","type":"page","link":"https:\/\/blogsaverroes.juntadeandalucia.es\/jugomacumbres\/que-es-el-ampa\/","title":{"rendered":"AMPA R\u00cdO FR\u00cdO"},"content":{"rendered":"<p><a href=\"https:\/\/blogsaverroes.juntadeandalucia.es\/jugomacumbres\/que-es-el-ampa\/ampa-riofrio\/\" rel=\"attachment wp-att-4073\"><img loading=\"lazy\" decoding=\"async\" class=\"size-medium wp-image-4073 aligncenter\" src=\"https:\/\/blogsaverroes.juntadeandalucia.es\/jugomacumbres\/files\/2025\/11\/ampa-riofrio-300x233.png\" alt=\"\" width=\"300\" height=\"233\" srcset=\"https:\/\/blogsaverroes.juntadeandalucia.es\/jugomacumbres\/files\/2025\/11\/ampa-riofrio-300x233.png 300w, https:\/\/blogsaverroes.juntadeandalucia.es\/jugomacumbres\/files\/2025\/11\/ampa-riofrio-768x596.png 768w, https:\/\/blogsaverroes.juntadeandalucia.es\/jugomacumbres\/files\/2025\/11\/ampa-riofrio.png 822w\" sizes=\"(max-width: 300px) 100vw, 300px\" \/><\/a><\/p>\n<p>&nbsp;<\/p>\n<p style=\"text-align: left\">AMPA&nbsp; &nbsp; R\u00cdO&nbsp; &nbsp;FR\u00cdO<\/p>\n<p style=\"text-align: left\">La <strong>AMPA<\/strong> es una asociaci\u00f3n sin \u00e1nimo de lucro que formada por los padres y madres de todo el alumnado del Colegio.<\/p>\n<p>Es un punto de encuentro y de trabajo independiente, abierto y plural.<\/p>\n<p>Desde el AMPA podemos contribuir a la mejora de la calidad de la educaci\u00f3n, la convivencia del centro y de las instalaciones.<\/p>\n<p>&nbsp;<\/p>\n","protected":false},"excerpt":{"rendered":"<p>&nbsp; AMPA&nbsp; &nbsp; R\u00cdO&nbsp; &nbsp;FR\u00cdO La AMPA es una asociaci\u00f3n sin \u00e1nimo de lucro que formada por los padres y madres de todo el alumnado del Colegio. Es un punto de encuentro y de trabajo independiente, abierto y plural. Desde el AMPA podemos contribuir a la mejora de la calidad de la educaci\u00f3n, la convivencia &hellip; <\/p>\n<p><a class=\"more-link btn\" href=\"https:\/\/blogsaverroes.juntadeandalucia.es\/jugomacumbres\/que-es-el-ampa\/\">Seguir leyendo<\/a><\/p>\n","protected":false},"author":1,"featured_media":0,"parent":0,"menu_order":0,"comment_status":"closed","ping_status":"open","template":"","meta":{"ngg_post_thumbnail":0,"footnotes":"","_mc_calendar":[]},"aioseo_notices":[],"_links":{"self":[{"href":"https:\/\/blogsaverroes.juntadeandalucia.es\/jugomacumbres\/wp-json\/wp\/v2\/pages\/198"}],"collection":[{"href":"https:\/\/blogsaverroes.juntadeandalucia.es\/jugomacumbres\/wp-json\/wp\/v2\/pages"}],"about":[{"href":"https:\/\/blogsaverroes.juntadeandalucia.es\/jugomacumbres\/wp-json\/wp\/v2\/types\/page"}],"author":[{"embeddable":true,"href":"https:\/\/blogsaverroes.juntadeandalucia.es\/jugomacumbres\/wp-json\/wp\/v2\/users\/1"}],"replies":[{"embeddable":true,"href":"https:\/\/blogsaverroes.juntadeandalucia.es\/jugomacumbres\/wp-json\/wp\/v2\/comments?post=198"}],"version-history":[{"count":6,"href":"https:\/\/blogsaverroes.juntadeandalucia.es\/jugomacumbres\/wp-json\/wp\/v2\/pages\/198\/revisions"}],"predecessor-version":[{"id":4074,"href":"https:\/\/blogsaverroes.juntadeandalucia.es\/jugomacumbres\/wp-json\/wp\/v2\/pages\/198\/revisions\/4074"}],"wp:attachment":[{"href":"https:\/\/blogsaverroes.juntadeandalucia.es\/jugomacumbres\/wp-json\/wp\/v2\/media?parent=198"}],"curies":[{"name":"wp","href":"https:\/\/api.w.org\/{rel}","templated":true}]}}