{"id":2381,"date":"2021-05-26T16:30:20","date_gmt":"2021-05-26T16:30:20","guid":{"rendered":"https:\/\/blogsaverroes.juntadeandalucia.es\/jugomacumbres\/?page_id=2381"},"modified":"2021-05-27T15:49:05","modified_gmt":"2021-05-27T15:49:05","slug":"nuestro-recuerdos","status":"publish","type":"page","link":"https:\/\/blogsaverroes.juntadeandalucia.es\/jugomacumbres\/nuestro-recuerdos\/","title":{"rendered":"Nuestros recuerdos"},"content":{"rendered":"<h1 style=\"text-align: center\"><span style=\"color: #003366\">D\u00cdA DE ANDALUC\u00cdA<\/span><\/h1>\n<p>&nbsp;<\/p>\n<p><video controls=\"controls\" width=\"893\" height=\"893\"><br \/>\n<\/video><\/p>\n<h1><span style=\"color: #003366\">3 DE DICIEMBRE: D\u00cdA DE LA DISCAPACIDAD<\/span><\/h1>\n<p><video controls=\"controls\" width=\"733\" height=\"733\"><br \/>\n<\/video><\/p>\n<p>&nbsp;<\/p>\n<p><img loading=\"lazy\" decoding=\"async\" class=\"alignnone size-medium wp-image-2415\" src=\"https:\/\/blogsaverroes.juntadeandalucia.es\/jugomacumbres\/files\/2021\/05\/WhatsApp-Image-2021-05-27-at-16.55.00-7-300x225.jpeg\" alt=\"\" width=\"300\" height=\"225\" srcset=\"https:\/\/blogsaverroes.juntadeandalucia.es\/jugomacumbres\/files\/2021\/05\/WhatsApp-Image-2021-05-27-at-16.55.00-7-300x225.jpeg 300w, https:\/\/blogsaverroes.juntadeandalucia.es\/jugomacumbres\/files\/2021\/05\/WhatsApp-Image-2021-05-27-at-16.55.00-7-768x576.jpeg 768w, https:\/\/blogsaverroes.juntadeandalucia.es\/jugomacumbres\/files\/2021\/05\/WhatsApp-Image-2021-05-27-at-16.55.00-7-700x525.jpeg 700w, https:\/\/blogsaverroes.juntadeandalucia.es\/jugomacumbres\/files\/2021\/05\/WhatsApp-Image-2021-05-27-at-16.55.00-7-332x249.jpeg 332w, https:\/\/blogsaverroes.juntadeandalucia.es\/jugomacumbres\/files\/2021\/05\/WhatsApp-Image-2021-05-27-at-16.55.00-7.jpeg 1024w\" sizes=\"(max-width: 300px) 100vw, 300px\" \/> <img loading=\"lazy\" decoding=\"async\" class=\"alignnone size-medium wp-image-2416\" src=\"https:\/\/blogsaverroes.juntadeandalucia.es\/jugomacumbres\/files\/2021\/05\/WhatsApp-Image-2021-05-27-at-16.55.00-6-300x225.jpeg\" alt=\"\" width=\"300\" height=\"225\" srcset=\"https:\/\/blogsaverroes.juntadeandalucia.es\/jugomacumbres\/files\/2021\/05\/WhatsApp-Image-2021-05-27-at-16.55.00-6-300x225.jpeg 300w, https:\/\/blogsaverroes.juntadeandalucia.es\/jugomacumbres\/files\/2021\/05\/WhatsApp-Image-2021-05-27-at-16.55.00-6-768x576.jpeg 768w, https:\/\/blogsaverroes.juntadeandalucia.es\/jugomacumbres\/files\/2021\/05\/WhatsApp-Image-2021-05-27-at-16.55.00-6-700x525.jpeg 700w, https:\/\/blogsaverroes.juntadeandalucia.es\/jugomacumbres\/files\/2021\/05\/WhatsApp-Image-2021-05-27-at-16.55.00-6-332x249.jpeg 332w, https:\/\/blogsaverroes.juntadeandalucia.es\/jugomacumbres\/files\/2021\/05\/WhatsApp-Image-2021-05-27-at-16.55.00-6.jpeg 1024w\" sizes=\"(max-width: 300px) 100vw, 300px\" \/> <img loading=\"lazy\" decoding=\"async\" class=\"alignnone size-medium wp-image-2417\" src=\"https:\/\/blogsaverroes.juntadeandalucia.es\/jugomacumbres\/files\/2021\/05\/WhatsApp-Image-2021-05-27-at-16.55.00-5-300x225.jpeg\" alt=\"\" width=\"300\" height=\"225\" srcset=\"https:\/\/blogsaverroes.juntadeandalucia.es\/jugomacumbres\/files\/2021\/05\/WhatsApp-Image-2021-05-27-at-16.55.00-5-300x225.jpeg 300w, https:\/\/blogsaverroes.juntadeandalucia.es\/jugomacumbres\/files\/2021\/05\/WhatsApp-Image-2021-05-27-at-16.55.00-5-768x576.jpeg 768w, https:\/\/blogsaverroes.juntadeandalucia.es\/jugomacumbres\/files\/2021\/05\/WhatsApp-Image-2021-05-27-at-16.55.00-5-700x525.jpeg 700w, https:\/\/blogsaverroes.juntadeandalucia.es\/jugomacumbres\/files\/2021\/05\/WhatsApp-Image-2021-05-27-at-16.55.00-5-332x249.jpeg 332w, https:\/\/blogsaverroes.juntadeandalucia.es\/jugomacumbres\/files\/2021\/05\/WhatsApp-Image-2021-05-27-at-16.55.00-5.jpeg 1024w\" sizes=\"(max-width: 300px) 100vw, 300px\" \/> <img loading=\"lazy\" decoding=\"async\" class=\"alignnone size-medium wp-image-2418\" src=\"https:\/\/blogsaverroes.juntadeandalucia.es\/jugomacumbres\/files\/2021\/05\/WhatsApp-Image-2021-05-27-at-16.55.00-4-225x300.jpeg\" alt=\"\" width=\"225\" height=\"300\" srcset=\"https:\/\/blogsaverroes.juntadeandalucia.es\/jugomacumbres\/files\/2021\/05\/WhatsApp-Image-2021-05-27-at-16.55.00-4-225x300.jpeg 225w, https:\/\/blogsaverroes.juntadeandalucia.es\/jugomacumbres\/files\/2021\/05\/WhatsApp-Image-2021-05-27-at-16.55.00-4-700x933.jpeg 700w, https:\/\/blogsaverroes.juntadeandalucia.es\/jugomacumbres\/files\/2021\/05\/WhatsApp-Image-2021-05-27-at-16.55.00-4-332x443.jpeg 332w, https:\/\/blogsaverroes.juntadeandalucia.es\/jugomacumbres\/files\/2021\/05\/WhatsApp-Image-2021-05-27-at-16.55.00-4.jpeg 768w\" sizes=\"(max-width: 225px) 100vw, 225px\" \/> <img loading=\"lazy\" decoding=\"async\" class=\"alignnone size-medium wp-image-2419\" src=\"https:\/\/blogsaverroes.juntadeandalucia.es\/jugomacumbres\/files\/2021\/05\/WhatsApp-Image-2021-05-27-at-16.55.00-3-225x300.jpeg\" alt=\"\" width=\"225\" height=\"300\" srcset=\"https:\/\/blogsaverroes.juntadeandalucia.es\/jugomacumbres\/files\/2021\/05\/WhatsApp-Image-2021-05-27-at-16.55.00-3-225x300.jpeg 225w, https:\/\/blogsaverroes.juntadeandalucia.es\/jugomacumbres\/files\/2021\/05\/WhatsApp-Image-2021-05-27-at-16.55.00-3-700x933.jpeg 700w, https:\/\/blogsaverroes.juntadeandalucia.es\/jugomacumbres\/files\/2021\/05\/WhatsApp-Image-2021-05-27-at-16.55.00-3-332x443.jpeg 332w, https:\/\/blogsaverroes.juntadeandalucia.es\/jugomacumbres\/files\/2021\/05\/WhatsApp-Image-2021-05-27-at-16.55.00-3.jpeg 768w\" sizes=\"(max-width: 225px) 100vw, 225px\" \/> <img loading=\"lazy\" decoding=\"async\" class=\"alignnone size-medium wp-image-2420\" src=\"https:\/\/blogsaverroes.juntadeandalucia.es\/jugomacumbres\/files\/2021\/05\/WhatsApp-Image-2021-05-27-at-16.55.00-2-225x300.jpeg\" alt=\"\" width=\"225\" height=\"300\" srcset=\"https:\/\/blogsaverroes.juntadeandalucia.es\/jugomacumbres\/files\/2021\/05\/WhatsApp-Image-2021-05-27-at-16.55.00-2-225x300.jpeg 225w, https:\/\/blogsaverroes.juntadeandalucia.es\/jugomacumbres\/files\/2021\/05\/WhatsApp-Image-2021-05-27-at-16.55.00-2-700x933.jpeg 700w, https:\/\/blogsaverroes.juntadeandalucia.es\/jugomacumbres\/files\/2021\/05\/WhatsApp-Image-2021-05-27-at-16.55.00-2-332x443.jpeg 332w, https:\/\/blogsaverroes.juntadeandalucia.es\/jugomacumbres\/files\/2021\/05\/WhatsApp-Image-2021-05-27-at-16.55.00-2.jpeg 768w\" sizes=\"(max-width: 225px) 100vw, 225px\" \/> <img loading=\"lazy\" decoding=\"async\" class=\"alignnone size-medium wp-image-2421\" src=\"https:\/\/blogsaverroes.juntadeandalucia.es\/jugomacumbres\/files\/2021\/05\/WhatsApp-Image-2021-05-27-at-16.55.00-1-300x225.jpeg\" alt=\"\" width=\"300\" height=\"225\" srcset=\"https:\/\/blogsaverroes.juntadeandalucia.es\/jugomacumbres\/files\/2021\/05\/WhatsApp-Image-2021-05-27-at-16.55.00-1-300x225.jpeg 300w, https:\/\/blogsaverroes.juntadeandalucia.es\/jugomacumbres\/files\/2021\/05\/WhatsApp-Image-2021-05-27-at-16.55.00-1-768x576.jpeg 768w, https:\/\/blogsaverroes.juntadeandalucia.es\/jugomacumbres\/files\/2021\/05\/WhatsApp-Image-2021-05-27-at-16.55.00-1-700x525.jpeg 700w, https:\/\/blogsaverroes.juntadeandalucia.es\/jugomacumbres\/files\/2021\/05\/WhatsApp-Image-2021-05-27-at-16.55.00-1-332x249.jpeg 332w, https:\/\/blogsaverroes.juntadeandalucia.es\/jugomacumbres\/files\/2021\/05\/WhatsApp-Image-2021-05-27-at-16.55.00-1.jpeg 1024w\" sizes=\"(max-width: 300px) 100vw, 300px\" \/> <img loading=\"lazy\" decoding=\"async\" class=\"alignnone size-medium wp-image-2422\" src=\"https:\/\/blogsaverroes.juntadeandalucia.es\/jugomacumbres\/files\/2021\/05\/WhatsApp-Image-2021-05-27-at-16.55.00-300x225.jpeg\" alt=\"\" width=\"300\" height=\"225\" srcset=\"https:\/\/blogsaverroes.juntadeandalucia.es\/jugomacumbres\/files\/2021\/05\/WhatsApp-Image-2021-05-27-at-16.55.00-300x225.jpeg 300w, https:\/\/blogsaverroes.juntadeandalucia.es\/jugomacumbres\/files\/2021\/05\/WhatsApp-Image-2021-05-27-at-16.55.00-768x576.jpeg 768w, https:\/\/blogsaverroes.juntadeandalucia.es\/jugomacumbres\/files\/2021\/05\/WhatsApp-Image-2021-05-27-at-16.55.00-700x525.jpeg 700w, https:\/\/blogsaverroes.juntadeandalucia.es\/jugomacumbres\/files\/2021\/05\/WhatsApp-Image-2021-05-27-at-16.55.00-332x249.jpeg 332w, https:\/\/blogsaverroes.juntadeandalucia.es\/jugomacumbres\/files\/2021\/05\/WhatsApp-Image-2021-05-27-at-16.55.00.jpeg 1024w\" sizes=\"(max-width: 300px) 100vw, 300px\" \/> <img loading=\"lazy\" decoding=\"async\" class=\"alignnone size-medium wp-image-2423\" src=\"https:\/\/blogsaverroes.juntadeandalucia.es\/jugomacumbres\/files\/2021\/05\/WhatsApp-Image-2021-05-27-at-16.52.13-225x300.jpeg\" alt=\"\" width=\"225\" height=\"300\" srcset=\"https:\/\/blogsaverroes.juntadeandalucia.es\/jugomacumbres\/files\/2021\/05\/WhatsApp-Image-2021-05-27-at-16.52.13-225x300.jpeg 225w, https:\/\/blogsaverroes.juntadeandalucia.es\/jugomacumbres\/files\/2021\/05\/WhatsApp-Image-2021-05-27-at-16.52.13-768x1024.jpeg 768w, https:\/\/blogsaverroes.juntadeandalucia.es\/jugomacumbres\/files\/2021\/05\/WhatsApp-Image-2021-05-27-at-16.52.13-1152x1536.jpeg 1152w, https:\/\/blogsaverroes.juntadeandalucia.es\/jugomacumbres\/files\/2021\/05\/WhatsApp-Image-2021-05-27-at-16.52.13-700x933.jpeg 700w, https:\/\/blogsaverroes.juntadeandalucia.es\/jugomacumbres\/files\/2021\/05\/WhatsApp-Image-2021-05-27-at-16.52.13-332x443.jpeg 332w, https:\/\/blogsaverroes.juntadeandalucia.es\/jugomacumbres\/files\/2021\/05\/WhatsApp-Image-2021-05-27-at-16.52.13.jpeg 1200w\" sizes=\"(max-width: 225px) 100vw, 225px\" \/><\/p>\n","protected":false},"excerpt":{"rendered":"<p>D\u00cdA DE ANDALUC\u00cdA &nbsp; 3 DE DICIEMBRE: D\u00cdA DE LA DISCAPACIDAD &nbsp;<\/p>\n","protected":false},"author":10762,"featured_media":0,"parent":0,"menu_order":0,"comment_status":"closed","ping_status":"closed","template":"","meta":{"ngg_post_thumbnail":0,"footnotes":"","_mc_calendar":[]},"aioseo_notices":[],"_links":{"self":[{"href":"https:\/\/blogsaverroes.juntadeandalucia.es\/jugomacumbres\/wp-json\/wp\/v2\/pages\/2381"}],"collection":[{"href":"https:\/\/blogsaverroes.juntadeandalucia.es\/jugomacumbres\/wp-json\/wp\/v2\/pages"}],"about":[{"href":"https:\/\/blogsaverroes.juntadeandalucia.es\/jugomacumbres\/wp-json\/wp\/v2\/types\/page"}],"author":[{"embeddable":true,"href":"https:\/\/blogsaverroes.juntadeandalucia.es\/jugomacumbres\/wp-json\/wp\/v2\/users\/10762"}],"replies":[{"embeddable":true,"href":"https:\/\/blogsaverroes.juntadeandalucia.es\/jugomacumbres\/wp-json\/wp\/v2\/comments?post=2381"}],"version-history":[{"count":5,"href":"https:\/\/blogsaverroes.juntadeandalucia.es\/jugomacumbres\/wp-json\/wp\/v2\/pages\/2381\/revisions"}],"predecessor-version":[{"id":2439,"href":"https:\/\/blogsaverroes.juntadeandalucia.es\/jugomacumbres\/wp-json\/wp\/v2\/pages\/2381\/revisions\/2439"}],"wp:attachment":[{"href":"https:\/\/blogsaverroes.juntadeandalucia.es\/jugomacumbres\/wp-json\/wp\/v2\/media?parent=2381"}],"curies":[{"name":"wp","href":"https:\/\/api.w.org\/{rel}","templated":true}]}}