{"id":2669,"date":"2022-09-26T14:50:54","date_gmt":"2022-09-26T14:50:54","guid":{"rendered":"https:\/\/blogsaverroes.juntadeandalucia.es\/jugomacumbres\/?page_id=2669"},"modified":"2022-11-11T17:56:53","modified_gmt":"2022-11-11T17:56:53","slug":"escuela-espacio-de-paz","status":"publish","type":"page","link":"https:\/\/blogsaverroes.juntadeandalucia.es\/jugomacumbres\/escuela-espacio-de-paz\/","title":{"rendered":"ESCUELA ESPACIO DE PAZ"},"content":{"rendered":"<p>\u00a1\u00a1\u00a1Hola!!! Soy la Se\u00f1o Espe coordinadora de Escuela Espacio de Paz desde el curso 2021-22.<\/p>\n<p>Mi objetivo junto con mis compa\u00f1eras de Igualdad y Biblioteca es educar en valores como la tolerancia, el Respeto, el Compa\u00f1erismo, la Amistad,&#8230;a trav\u00e9s de la participaci\u00f3n del alumnado, familias, AMPA,&#8230;&nbsp;<\/p>\n<p>Mi deseo es que la celebraci\u00f3n del d\u00eda de la Paz no se quede solamente en una fecha(30 de enero) sino que sea extensiva al d\u00eda&nbsp; a d\u00eda. Que la no Violencia se convierta en una rutina diaria en nuestras vidas y forme parte de ella de forma natural, enriqueciendo el desarrollo integral de cada persona de la comunidad educativa.<\/p>\n","protected":false},"excerpt":{"rendered":"<p>\u00a1\u00a1\u00a1Hola!!! Soy la Se\u00f1o Espe coordinadora de Escuela Espacio de Paz desde el curso 2021-22. Mi objetivo junto con mis compa\u00f1eras de Igualdad y Biblioteca es educar en valores como la tolerancia, el Respeto, el Compa\u00f1erismo, la Amistad,&#8230;a trav\u00e9s de la participaci\u00f3n del alumnado, familias, AMPA,&#8230;&nbsp; Mi deseo es que la celebraci\u00f3n del d\u00eda de &hellip; <\/p>\n<p><a class=\"more-link btn\" href=\"https:\/\/blogsaverroes.juntadeandalucia.es\/jugomacumbres\/escuela-espacio-de-paz\/\">Seguir leyendo<\/a><\/p>\n","protected":false},"author":10762,"featured_media":0,"parent":0,"menu_order":0,"comment_status":"closed","ping_status":"closed","template":"","meta":{"ngg_post_thumbnail":0,"footnotes":"","_mc_calendar":[]},"aioseo_notices":[],"_links":{"self":[{"href":"https:\/\/blogsaverroes.juntadeandalucia.es\/jugomacumbres\/wp-json\/wp\/v2\/pages\/2669"}],"collection":[{"href":"https:\/\/blogsaverroes.juntadeandalucia.es\/jugomacumbres\/wp-json\/wp\/v2\/pages"}],"about":[{"href":"https:\/\/blogsaverroes.juntadeandalucia.es\/jugomacumbres\/wp-json\/wp\/v2\/types\/page"}],"author":[{"embeddable":true,"href":"https:\/\/blogsaverroes.juntadeandalucia.es\/jugomacumbres\/wp-json\/wp\/v2\/users\/10762"}],"replies":[{"embeddable":true,"href":"https:\/\/blogsaverroes.juntadeandalucia.es\/jugomacumbres\/wp-json\/wp\/v2\/comments?post=2669"}],"version-history":[{"count":3,"href":"https:\/\/blogsaverroes.juntadeandalucia.es\/jugomacumbres\/wp-json\/wp\/v2\/pages\/2669\/revisions"}],"predecessor-version":[{"id":2695,"href":"https:\/\/blogsaverroes.juntadeandalucia.es\/jugomacumbres\/wp-json\/wp\/v2\/pages\/2669\/revisions\/2695"}],"wp:attachment":[{"href":"https:\/\/blogsaverroes.juntadeandalucia.es\/jugomacumbres\/wp-json\/wp\/v2\/media?parent=2669"}],"curies":[{"name":"wp","href":"https:\/\/api.w.org\/{rel}","templated":true}]}}