{"id":4126,"date":"2025-11-12T09:50:53","date_gmt":"2025-11-12T09:50:53","guid":{"rendered":"https:\/\/blogsaverroes.juntadeandalucia.es\/jugomacumbres\/?page_id=4126"},"modified":"2025-11-12T09:51:12","modified_gmt":"2025-11-12T09:51:12","slug":"programaciones-25-26","status":"publish","type":"page","link":"https:\/\/blogsaverroes.juntadeandalucia.es\/jugomacumbres\/programaciones-25-26\/","title":{"rendered":"Programaciones 25-26"},"content":{"rendered":"<p><a href=\"https:\/\/blogsaverroes.juntadeandalucia.es\/jugomacumbres\/programaciones-25-26\/propuesta-pedagogica-infantil-docx\/\" rel=\"attachment wp-att-4127\">PROPUESTA PEDAG\u00d3GICA INFANTIL.docx<\/a><\/p>\n<p><a href=\"https:\/\/blogsaverroes.juntadeandalucia.es\/jugomacumbres\/programaciones-25-26\/propuesta-pedagogica-religion-infantil\/\" rel=\"attachment wp-att-4128\">PROPUESTA PEDAG\u00d3GICA RELIGI\u00d3N INFANTIL<\/a><\/p>\n<p><a href=\"https:\/\/blogsaverroes.juntadeandalucia.es\/jugomacumbres\/programaciones-25-26\/2526-programacion-eduacion-fisica-primer-ciclo\/\" rel=\"attachment wp-att-4129\">2526 PROGRAMACI\u00d3N EDUACI\u00d3N F\u00cdSICA PRIMER CICLO<\/a><\/p>\n<p><a href=\"https:\/\/blogsaverroes.juntadeandalucia.es\/jugomacumbres\/programaciones-25-26\/programacion-de-conocimiento-del-medio-natural-social-y-cultural-primer-ciclo-curso-25-26\/\" rel=\"attachment wp-att-4130\">PROGRAMACI\u00d3N DE CONOCIMIENTO DEL MEDIO NATURAL, SOCIAL Y CULTURAL. PRIMER CICLO. CURSO 25-26<\/a><\/p>\n<p><a href=\"https:\/\/blogsaverroes.juntadeandalucia.es\/jugomacumbres\/programaciones-25-26\/programacion-de-matematicas-primer-ciclo-curso-25-26\/\" rel=\"attachment wp-att-4131\">PROGRAMACI\u00d3N DE MATEM\u00c1TICAS. PRIMER CICLO. CURSO 25-26<\/a><\/p>\n<p><a href=\"https:\/\/blogsaverroes.juntadeandalucia.es\/jugomacumbres\/programaciones-25-26\/programacion-e-a-plastica-1o-ciclo\/\" rel=\"attachment wp-att-4132\">PROGRAMACI\u00d3N E.A PL\u00c1STICA 1\u00ba CICLO<\/a><\/p>\n<p><a href=\"https:\/\/blogsaverroes.juntadeandalucia.es\/jugomacumbres\/programaciones-25-26\/programacion-ingles-primer-ciclo\/\" rel=\"attachment wp-att-4133\">PROGRAMACI\u00d3N INGL\u00c9S PRIMER CICLO<\/a><\/p>\n<p><a href=\"https:\/\/blogsaverroes.juntadeandalucia.es\/jugomacumbres\/programaciones-25-26\/programacion-musica-1o-ciclo-curso-2025-2026\/\" rel=\"attachment wp-att-4134\">Programaci\u00f3n M\u00fasica 1\u00ba CICLO Curso 2025-2026<\/a><\/p>\n<p><a href=\"https:\/\/blogsaverroes.juntadeandalucia.es\/jugomacumbres\/programaciones-25-26\/programacion-primer-ciclo-lengua-curso-25-26\/\" rel=\"attachment wp-att-4135\">PROGRAMACI\u00d3N PRIMER CICLO LENGUA CURSO 25-26<\/a><\/p>\n<p><a href=\"https:\/\/blogsaverroes.juntadeandalucia.es\/jugomacumbres\/programaciones-25-26\/programaciones-didacticas-religion-primer-ciclo\/\" rel=\"attachment wp-att-4136\">PROGRAMACIONES DID\u00c1CTICAS RELIGI\u00d3N PRIMER CICLO<\/a><\/p>\n<p><a href=\"https:\/\/blogsaverroes.juntadeandalucia.es\/jugomacumbres\/programaciones-25-26\/2526-programacion-educacion-fisica-segundo-ciclo\/\" rel=\"attachment wp-att-4137\">2526 PROGRAMACI\u00d3N EDUCACI\u00d3N F\u00cdSICA SEGUNDO CICLO<\/a><\/p>\n<p><a href=\"https:\/\/blogsaverroes.juntadeandalucia.es\/jugomacumbres\/programaciones-25-26\/programacion-art-2o-ciclo\/\" rel=\"attachment wp-att-4138\">Programaci\u00f3n ART 2\u00ba CICLO<\/a><\/p>\n<p><a href=\"https:\/\/blogsaverroes.juntadeandalucia.es\/jugomacumbres\/programaciones-25-26\/programacion-cm-2o-ciclo\/\" rel=\"attachment wp-att-4139\">Programaci\u00f3n CM 2\u00ba ciclo<\/a><\/p>\n<p><a href=\"https:\/\/blogsaverroes.juntadeandalucia.es\/jugomacumbres\/programaciones-25-26\/programacion-ingles-segundo-ciclo\/\" rel=\"attachment wp-att-4140\">PROGRAMACI\u00d3N INGL\u00c9S SEGUNDO CICLO<\/a><\/p>\n<p><a href=\"https:\/\/blogsaverroes.juntadeandalucia.es\/jugomacumbres\/programaciones-25-26\/programacion-lcl-2o-ciclo\/\" rel=\"attachment wp-att-4141\">Programaci\u00f3n LCL 2\u00ba CICLO<\/a><\/p>\n<p><a href=\"https:\/\/blogsaverroes.juntadeandalucia.es\/jugomacumbres\/programaciones-25-26\/programacion-mat-2o-ciclo\/\" rel=\"attachment wp-att-4142\">Programaci\u00f3n MAT 2\u00ba ciclo<\/a><\/p>\n<p><a href=\"https:\/\/blogsaverroes.juntadeandalucia.es\/jugomacumbres\/programaciones-25-26\/programacion-musica-2o-ciclo-curso-2025-2026\/\" rel=\"attachment wp-att-4143\">Programaci\u00f3n M\u00fasica 2\u00ba CICLO Curso 2025-2026<\/a><\/p>\n<p><a href=\"https:\/\/blogsaverroes.juntadeandalucia.es\/jugomacumbres\/programaciones-25-26\/programaciones-didacticas-religion-segundo-ciclo\/\" rel=\"attachment wp-att-4144\">PROGRAMACIONES DID\u00c1CTICAS RELIGI\u00d3N SEGUNDO CICLO<\/a><\/p>\n<p><a href=\"https:\/\/blogsaverroes.juntadeandalucia.es\/jugomacumbres\/programaciones-25-26\/2526-programacion-educacion-fisica-tercer-ciclo\/\" rel=\"attachment wp-att-4145\">2526 PROGRAMACI\u00d3N EDUCACI\u00d3N F\u00cdSICA TERCER CICLO<\/a><\/p>\n<p><a href=\"https:\/\/blogsaverroes.juntadeandalucia.es\/jugomacumbres\/programaciones-25-26\/programacion-conocimiento-del-medio-3o-ciclo-curso-2025-2026\/\" rel=\"attachment wp-att-4146\">Programaci\u00f3n Conocimiento del medio 3\u00ba CICLO Curso 2025-2026<\/a><\/p>\n<p><a href=\"https:\/\/blogsaverroes.juntadeandalucia.es\/jugomacumbres\/programaciones-25-26\/programacion-frances-tercer-ciclo-25-26\/\" rel=\"attachment wp-att-4147\">PROGRAMACI\u00d3N FRANC\u00c9S TERCER CICLO 25-26<\/a><\/p>\n<p><a href=\"https:\/\/blogsaverroes.juntadeandalucia.es\/jugomacumbres\/programaciones-25-26\/programacion-ingles-tercer-ciclo-25-26\/\" rel=\"attachment wp-att-4148\">PROGRAMACI\u00d3N INGL\u00c9S TERCER CICLO 25-26<\/a><\/p>\n<p><a href=\"https:\/\/blogsaverroes.juntadeandalucia.es\/jugomacumbres\/programaciones-25-26\/programacion-lengua-tercer-ciclo-25-26\/\" rel=\"attachment wp-att-4149\">PROGRAMACI\u00d3N LENGUA TERCER CICLO 25-26<\/a><\/p>\n<p><a href=\"https:\/\/blogsaverroes.juntadeandalucia.es\/jugomacumbres\/programaciones-25-26\/programacion-matematicas-tercer-ciclo-25-26\/\" rel=\"attachment wp-att-4150\">PROGRAMACI\u00d3N MATEM\u00c1TICAS TERCER CICLO 25-26<\/a><\/p>\n<p><a href=\"https:\/\/blogsaverroes.juntadeandalucia.es\/jugomacumbres\/programaciones-25-26\/programacion-musica-3o-ciclo-curso-2025-2026\/\" rel=\"attachment wp-att-4151\">Programaci\u00f3n M\u00fasica 3\u00ba CICLO Curso 2025-2026<\/a><\/p>\n<p><a href=\"https:\/\/blogsaverroes.juntadeandalucia.es\/jugomacumbres\/programaciones-25-26\/programacion-plastica-3o-ciclo-curso-2025-2026\/\" rel=\"attachment wp-att-4152\">Programaci\u00f3n Pl\u00e1stica 3\u00ba CICLO Curso 2025-2026<\/a><\/p>\n<p><a href=\"https:\/\/blogsaverroes.juntadeandalucia.es\/jugomacumbres\/programaciones-25-26\/programacion-valores-3o-ciclo-curso-2025-2026\/\" rel=\"attachment wp-att-4153\">Programaci\u00f3n Valores 3\u00ba CICLO Curso 2025-2026<\/a><\/p>\n<p><a href=\"https:\/\/blogsaverroes.juntadeandalucia.es\/jugomacumbres\/programaciones-25-26\/programaciones-didacticas-religion-tercer-ciclo\/\" rel=\"attachment wp-att-4154\">PROGRAMACIONES DID\u00c1CTICAS RELIGI\u00d3N TERCER CICLO<\/a><\/p>\n","protected":false},"excerpt":{"rendered":"<p>PROPUESTA PEDAG\u00d3GICA INFANTIL.docx PROPUESTA PEDAG\u00d3GICA RELIGI\u00d3N INFANTIL 2526 PROGRAMACI\u00d3N EDUACI\u00d3N F\u00cdSICA PRIMER CICLO PROGRAMACI\u00d3N DE CONOCIMIENTO DEL MEDIO NATURAL, SOCIAL Y CULTURAL. PRIMER CICLO. CURSO 25-26 PROGRAMACI\u00d3N DE MATEM\u00c1TICAS. PRIMER CICLO. CURSO 25-26 PROGRAMACI\u00d3N E.A PL\u00c1STICA 1\u00ba CICLO PROGRAMACI\u00d3N INGL\u00c9S PRIMER CICLO Programaci\u00f3n M\u00fasica 1\u00ba CICLO Curso 2025-2026 PROGRAMACI\u00d3N PRIMER CICLO LENGUA CURSO 25-26 PROGRAMACIONES &hellip; <\/p>\n<p><a class=\"more-link btn\" href=\"https:\/\/blogsaverroes.juntadeandalucia.es\/jugomacumbres\/programaciones-25-26\/\">Seguir leyendo<\/a><\/p>\n","protected":false},"author":10762,"featured_media":0,"parent":0,"menu_order":0,"comment_status":"closed","ping_status":"closed","template":"","meta":{"ngg_post_thumbnail":0,"footnotes":"","_mc_calendar":[]},"aioseo_notices":[],"_links":{"self":[{"href":"https:\/\/blogsaverroes.juntadeandalucia.es\/jugomacumbres\/wp-json\/wp\/v2\/pages\/4126"}],"collection":[{"href":"https:\/\/blogsaverroes.juntadeandalucia.es\/jugomacumbres\/wp-json\/wp\/v2\/pages"}],"about":[{"href":"https:\/\/blogsaverroes.juntadeandalucia.es\/jugomacumbres\/wp-json\/wp\/v2\/types\/page"}],"author":[{"embeddable":true,"href":"https:\/\/blogsaverroes.juntadeandalucia.es\/jugomacumbres\/wp-json\/wp\/v2\/users\/10762"}],"replies":[{"embeddable":true,"href":"https:\/\/blogsaverroes.juntadeandalucia.es\/jugomacumbres\/wp-json\/wp\/v2\/comments?post=4126"}],"version-history":[{"count":3,"href":"https:\/\/blogsaverroes.juntadeandalucia.es\/jugomacumbres\/wp-json\/wp\/v2\/pages\/4126\/revisions"}],"predecessor-version":[{"id":4158,"href":"https:\/\/blogsaverroes.juntadeandalucia.es\/jugomacumbres\/wp-json\/wp\/v2\/pages\/4126\/revisions\/4158"}],"wp:attachment":[{"href":"https:\/\/blogsaverroes.juntadeandalucia.es\/jugomacumbres\/wp-json\/wp\/v2\/media?parent=4126"}],"curies":[{"name":"wp","href":"https:\/\/api.w.org\/{rel}","templated":true}]}}