{"id":49,"date":"2015-03-13T08:47:05","date_gmt":"2015-03-13T08:47:05","guid":{"rendered":"http:\/\/blogsaverroes.juntadeandalucia.es\/pre\/ceip\/?page_id=49"},"modified":"2026-03-20T09:52:44","modified_gmt":"2026-03-20T08:52:44","slug":"plandecentro","status":"publish","type":"page","link":"https:\/\/blogsaverroes.juntadeandalucia.es\/jugomacumbres\/el-centro-2\/plandecentro\/","title":{"rendered":"Plan  de Centro"},"content":{"rendered":"<p><img loading=\"lazy\" decoding=\"async\" class=\"alignnone size-medium wp-image-1662\" src=\"https:\/\/blogsaverroes.juntadeandalucia.es\/jugomacumbres\/files\/2015\/03\/proyecto-300x266.png\" alt=\"proyecto\" width=\"300\" height=\"266\" srcset=\"https:\/\/blogsaverroes.juntadeandalucia.es\/jugomacumbres\/files\/2015\/03\/proyecto-300x266.png 300w, https:\/\/blogsaverroes.juntadeandalucia.es\/jugomacumbres\/files\/2015\/03\/proyecto.png 640w\" sizes=\"(max-width: 300px) 100vw, 300px\" \/><\/p>\n<p>El Plan de Centro es el documento base de la vida del centro. En \u00e9l, se engloban el Proyecto Educativo, el Proyecto de Gesti\u00f3n y el Rof, adem\u00e1s de determinados planes estrat\u00e9gicos puntuales que no se pueden englobar en los anteriores aunque tambi\u00e9n forman parte de los documentos del centro.<\/p>\n<p>Un centro se define en gran medida por su <strong>Proyecto Educativo<\/strong>. En \u00e9l se plasma el modelo educativo y la concreci\u00f3n de la normativa que un centro realiza respecto a las ense\u00f1anzas que imparte. Aspectos tales como las finales educativas, objetivos, atenci\u00f3n a la diversidad, etc.<\/p>\n<p>Aqu\u00ed os mostramos todos los documentos que conforman la identidad de nuestro centro.<\/p>\n<p>Aqu\u00ed ten\u00e9is la \u00faltima versi\u00f3n de nuestro Plan de Centro<\/p>\n<p><a href=\"https:\/\/blogsaverroes.juntadeandalucia.es\/jugomacumbres\/el-centro-2\/plandecentro\/plan-de-trabajo-del-eoe-25-26\/\" rel=\"attachment wp-att-4077\">PLAN DE TRABAJO DEL EOE 25-26<\/a><\/p>\n<p><a href=\"https:\/\/blogsaverroes.juntadeandalucia.es\/jugomacumbres\/el-centro-2\/plandecentro\/concrecion-proyecto-de-direccion-25-26\/\" rel=\"attachment wp-att-4076\">CONCRECI\u00d3N PROYECTO DE DIRECCI\u00d3N 25-26<\/a><\/p>\n<p><a href=\"https:\/\/blogsaverroes.juntadeandalucia.es\/jugomacumbres\/el-centro-2\/plandecentro\/programa-de-transito-final-3\/\" rel=\"attachment wp-att-4078\">PROGRAMA DE TRANSITO FINAL<\/a><\/p>\n<p><a href=\"https:\/\/blogsaverroes.juntadeandalucia.es\/jugomacumbres\/el-centro-2\/plandecentro\/protocolo-covid-21-22-3\/\" rel=\"attachment wp-att-4079\">PROTOCOLO COVID 21-22<\/a><\/p>\n<p><a href=\"https:\/\/blogsaverroes.juntadeandalucia.es\/jugomacumbres\/el-centro-2\/plandecentro\/protocolo-olas-de-calor-22-23-2\/\" rel=\"attachment wp-att-4080\">PROTOCOLO OLAS DE CALOR 22-23<\/a><\/p>\n<p><a href=\"https:\/\/blogsaverroes.juntadeandalucia.es\/jugomacumbres\/el-centro-2\/plandecentro\/proyecto-de-gestion-6\/\" rel=\"attachment wp-att-4081\">PROYECTO DE GESTI\u00d3N<\/a><\/p>\n<p><a href=\"https:\/\/blogsaverroes.juntadeandalucia.es\/jugomacumbres\/el-centro-2\/plandecentro\/pe-a-objetivos-prioritarios-lomloe\/\" rel=\"attachment wp-att-4082\">PE A. OBJETIVOS PRIORITARIOS LOMLOE<\/a>&nbsp;<\/p>\n<p><a href=\"https:\/\/blogsaverroes.juntadeandalucia.es\/jugomacumbres\/el-centro-2\/plandecentro\/pe-b-lineas-de-actuacion-pedagogica\/\" rel=\"attachment wp-att-4083\">PE B. L\u00cdNEAS DE ACTUACI\u00d3N PEDAG\u00d3GICA<\/a>&nbsp;<\/p>\n<p>Los documentos que correspondes con las programaciones se encuentran alojadas en otro apartado de esta p\u00e1gina web<\/p>\n<p><a href=\"https:\/\/blogsaverroes.juntadeandalucia.es\/jugomacumbres\/el-centro-2\/plandecentro\/pe-d-criterios-pedagogicos-2\/\" rel=\"attachment wp-att-4084\">PE D. CRITERIOS PEDAG\u00d3GICOS&#8230;<\/a>&nbsp;<\/p>\n<p><a href=\"https:\/\/blogsaverroes.juntadeandalucia.es\/jugomacumbres\/el-centro-2\/plandecentro\/pe-e-evaluacion-y-promocion\/\" rel=\"attachment wp-att-4085\">PE E. EVALUACI\u00d3N Y PROMOCI\u00d3N<\/a>&nbsp;<\/p>\n<p><a href=\"https:\/\/blogsaverroes.juntadeandalucia.es\/jugomacumbres\/el-centro-2\/plandecentro\/pe-f-plan-de-atencion-a-la-diversidad\/\" rel=\"attachment wp-att-4086\">PE F. PLAN DE ATENCI\u00d3N A LA DIVERSIDAD<\/a>&nbsp;<\/p>\n<p><a href=\"https:\/\/blogsaverroes.juntadeandalucia.es\/jugomacumbres\/el-centro-2\/plandecentro\/pe-g-la-organizacion-de-las-actividades-de-refuerzo-y-ampliacion\/\" rel=\"attachment wp-att-4087\">PE G. LA ORGANIZACI\u00d3N DE LAS ACTIVIDADES DE REFUERZO Y AMPLIACI\u00d3N<\/a>&nbsp;<\/p>\n<p><a href=\"https:\/\/blogsaverroes.juntadeandalucia.es\/jugomacumbres\/el-centro-2\/plandecentro\/pe-h-poat\/\" rel=\"attachment wp-att-4088\">PE H.POAT<\/a>&nbsp;<\/p>\n<p><a href=\"https:\/\/blogsaverroes.juntadeandalucia.es\/jugomacumbres\/el-centro-2\/plandecentro\/pe-i-procedimiento-para-suscribir-compromisos-educativos-y-de-convivencia-con-las-famililas\/\" rel=\"attachment wp-att-4089\">PE i. PROCEDIMIENTO PARA SUSCRIBIR COMPROMISOS EDUCATIVOS Y DE CONVIVENCIA CON LAS FAMILILAS<\/a><\/p>\n<p><a href=\"https:\/\/blogsaverroes.juntadeandalucia.es\/jugomacumbres\/el-centro-2\/plandecentro\/pe-j-plan-de-convivencia\/\" rel=\"attachment wp-att-4090\">PE J. PLAN DE CONVIVENCIA<\/a>&nbsp;<\/p>\n<p><a href=\"https:\/\/blogsaverroes.juntadeandalucia.es\/jugomacumbres\/el-centro-2\/plandecentro\/pe-k-plan-de-formacion-25-26\/\" rel=\"attachment wp-att-4091\">PE K.PLAN DE FORMACI\u00d3N 25-26<\/a><\/p>\n<p>&nbsp;<a href=\"https:\/\/blogsaverroes.juntadeandalucia.es\/jugomacumbres\/el-centro-2\/plandecentro\/pe-l-criterios-para-organizar-y-distribuir-el-tiempo-escolar\/\" rel=\"attachment wp-att-4092\">PE L. CRITERIOS PARA ORGANIZAR Y DISTRIBUIR EL TIEMPO ESCOLAR<\/a>&nbsp;<\/p>\n<p><a href=\"https:\/\/blogsaverroes.juntadeandalucia.es\/jugomacumbres\/el-centro-2\/plandecentro\/pe-m-procesos-de-evaluacion-interna\/\" rel=\"attachment wp-att-4093\">PE M. PROCESOS DE EVALUACI\u00d3N INTERNA<\/a>&nbsp;<\/p>\n<p><a href=\"https:\/\/blogsaverroes.juntadeandalucia.es\/jugomacumbres\/el-centro-2\/plandecentro\/pe-n-los-criterios-pedagogicos-para-la-determinacion-del-horario-de-dedicacion-de-las-personas-responsables\/\" rel=\"attachment wp-att-4094\">PE N. LOS CRITERIOS PEDAG\u00d3GICOS PARA LA DETERMINACI\u00d3N DEL HORARIO DE DEDICACI\u00d3N DE LAS PERSONAS RESPONSABLES &#8230;<\/a><\/p>\n<p>&nbsp;<a href=\"https:\/\/blogsaverroes.juntadeandalucia.es\/jugomacumbres\/el-centro-2\/plandecentro\/pe-n-criterios-generales-para-la-elaboracion-de-las-ppdd-pppp\/\" rel=\"attachment wp-att-4095\">PE \u00d1. CRITERIOS GENERALES PARA LA ELABORACI\u00d3N DE LAS PPDD-PPPP<\/a>&nbsp;<\/p>\n<p><a href=\"https:\/\/blogsaverroes.juntadeandalucia.es\/jugomacumbres\/el-centro-2\/plandecentro\/pe-o-criterios-de-carga-horaria-en-caso-de-confinamiento\/\" rel=\"attachment wp-att-4096\">PE O. CRITERIOS DE CARGA HORARIA EN CASO DE CONFINAMIENTO<\/a>&nbsp;<\/p>\n<p><a href=\"https:\/\/blogsaverroes.juntadeandalucia.es\/jugomacumbres\/el-centro-2\/plandecentro\/pe-p-plan-general-de-reuniones\/\" rel=\"attachment wp-att-4097\">PE P PLAN GENERAL DE REUNIONES<\/a>&nbsp;<\/p>\n<p><a href=\"https:\/\/blogsaverroes.juntadeandalucia.es\/jugomacumbres\/el-centro-2\/plandecentro\/pe-q-programa-de-proa-25-26\/\" rel=\"attachment wp-att-4098\">PE Q. PROGRAMA DE PROA 25-26<\/a>&nbsp;<\/p>\n<p><a href=\"https:\/\/blogsaverroes.juntadeandalucia.es\/jugomacumbres\/el-centro-2\/plandecentro\/pe-r-razonamiento-matematico\/\" rel=\"attachment wp-att-4099\">PE R. RAZONAMIENTO MATEM\u00c1TICO<\/a>&nbsp;<\/p>\n<p><a href=\"https:\/\/blogsaverroes.juntadeandalucia.es\/jugomacumbres\/el-centro-2\/plandecentro\/pe-s-plan-lector-25-26\/\" rel=\"attachment wp-att-4100\">PE S. PLAN LECTOR 25-26<\/a><\/p>\n<p><a href=\"https:\/\/blogsaverroes.juntadeandalucia.es\/jugomacumbres\/el-centro-2\/plandecentro\/pe-t-plan-de-actuacion-digital-25-26\/\" rel=\"attachment wp-att-4101\">PE T. PLAN DE ACTUACI\u00d3N DIGITAL 25-26<\/a>&nbsp;<\/p>\n<p><a href=\"https:\/\/blogsaverroes.juntadeandalucia.es\/jugomacumbres\/el-centro-2\/plandecentro\/pe-u-plan-de-igualdad-25-26\/\" rel=\"attachment wp-att-4102\">PE U. PLAN DE IGUALDAD 25-26<\/a>&nbsp;<\/p>\n<p><a href=\"https:\/\/blogsaverroes.juntadeandalucia.es\/jugomacumbres\/el-centro-2\/plandecentro\/pe-w-plan-de-mejora-25-26\/\" rel=\"attachment wp-att-4104\">PE W. PLAN DE MEJORA 25-26<\/a>&nbsp;<\/p>\n<p><a href=\"https:\/\/blogsaverroes.juntadeandalucia.es\/jugomacumbres\/el-centro-2\/plandecentro\/pe-v-efemerides-actividades-y-criterios-25-26\/\" rel=\"attachment wp-att-4103\">PE V. EFEM\u00c9RIDES, ACTIVIDADES Y CRITERIOS 25-26<\/a>&nbsp;<\/p>\n<p><a href=\"https:\/\/blogsaverroes.juntadeandalucia.es\/jugomacumbres\/el-centro-2\/plandecentro\/pe-calendario-escolar-25-26\/\" rel=\"attachment wp-att-4105\">PE. CALENDARIO ESCOLAR 25-26<\/a><\/p>\n<p><a href=\"https:\/\/blogsaverroes.juntadeandalucia.es\/jugomacumbres\/el-centro-2\/plandecentro\/rof-a-cauces-de-participacion-2\/\" rel=\"attachment wp-att-4107\">ROF A. CAUCES DE PARTICIPACI\u00d3N&#8230;<\/a><\/p>\n<p><a href=\"https:\/\/blogsaverroes.juntadeandalucia.es\/jugomacumbres\/el-centro-2\/plandecentro\/rof-b-criterios-y-procedimientos-que-garanticen-el-rigor-y-la-transparencia-en-la-toma-de-decisiones-en-los-procesos-relacionados-con-la-escolarizacion-y-la-evaluacion-del-alumnado-2\/\" rel=\"attachment wp-att-4108\">ROF B. CRITERIOS Y PROCEDIMIENTOS QUE GARANTICEN EL RIGOR Y LA TRANSPARENCIA EN LA TOMA DE DECISIONES EN LOS PROCESOS RELACIONADOS CON LA ESCOLARIZACI\u00d3N Y LA EVALUACI\u00d3N DEL ALUMNADO<\/a><\/p>\n<p><a href=\"https:\/\/blogsaverroes.juntadeandalucia.es\/jugomacumbres\/el-centro-2\/plandecentro\/rof-c-organizacion-de-los-espacios-instalaciones-y-recursos-materiales-del-centro-con-especial-referencia-al-uso-de-la-biblioteca-escolar-asi-como-las-normas-para-su-us\/\" rel=\"attachment wp-att-4109\">ROF C. ORGANIZACI\u00d3N DE LOS ESPACIOS, INSTALACIONES Y RECURSOS MATERIALES DEL CENTRO, CON ESPECIAL REFERENCIA AL USO DE LA BIBLIOTECA ESCOLAR ASI COMO LAS NORMAS PARA SU US<\/a><\/p>\n<p><a href=\"https:\/\/blogsaverroes.juntadeandalucia.es\/jugomacumbres\/el-centro-2\/plandecentro\/rof-d-organizacion-de-la-vigilancia-de-los-tiempos-de-recreo-y-de-los-periodos-de-entrada-y-salida-de-clase-2\/\" rel=\"attachment wp-att-4110\">ROF D. ORGANIZACI\u00d3N DE LA VIGILANCIA DE LOS TIEMPOS DE RECREO Y DE LOS PER\u00cdODOS DE ENTRADA Y SALIDA DE CLASE<\/a><\/p>\n<p><a href=\"https:\/\/blogsaverroes.juntadeandalucia.es\/jugomacumbres\/el-centro-2\/plandecentro\/rof-e-forma-de-colaboracion-de-los-tutores-y-tutoras-en-la-gestion-del-programa-de-gratuidad-de-libros-de-texto-2\/\" rel=\"attachment wp-att-4111\">ROF E. FORMA DE COLABORACI\u00d3N DE LOS TUTORES Y TUTORAS EN LA GESTI\u00d3N DEL PROGRAMA DE GRATUIDAD DE LIBROS DE TEXTO<\/a><\/p>\n<p><a href=\"https:\/\/blogsaverroes.juntadeandalucia.es\/jugomacumbres\/el-centro-2\/plandecentro\/rof-f-plan-de-autoproteccion\/\" rel=\"attachment wp-att-4112\">ROF F. PLAN DE AUTOPROTECCI\u00d3N<\/a><\/p>\n<p><a href=\"https:\/\/blogsaverroes.juntadeandalucia.es\/jugomacumbres\/el-centro-2\/plandecentro\/rof-g-procedimiento-para-la-designacion-de-los-miembros-de-los-equipos-de-evaluacion-2\/\" rel=\"attachment wp-att-4113\">ROF G. PROCEDIMIENTO PARA LA DESIGNACI\u00d3N DE LOS MIEMBROS DE LOS EQUIPOS DE EVALUACI\u00d3N..<\/a><\/p>\n<p><a href=\"https:\/\/blogsaverroes.juntadeandalucia.es\/jugomacumbres\/el-centro-2\/plandecentro\/rof-h-las-normas-sobre-la-utilizacion-en-el-centro-de-telefonos-moviles-y-otros-aparatos-electronicos-2\/\" rel=\"attachment wp-att-4114\">ROF H. LAS NORMAS SOBRE LA UTILIZACI\u00d3N EN EL CENTRO DE TEL\u00c9FONOS M\u00d3VILES Y OTROS APARATOS ELECTR\u00d3NICOS<\/a><\/p>\n<p><a href=\"https:\/\/blogsaverroes.juntadeandalucia.es\/jugomacumbres\/el-centro-2\/plandecentro\/rof-i-actividades-extraescolares-y-complementarias-docx-1-2\/\" rel=\"attachment wp-att-4115\">ROF I. ACTIVIDADES EXTRAESCOLARES Y COMPLEMENTARIAS.docx (1)<\/a><\/p>\n<p><a href=\"https:\/\/blogsaverroes.juntadeandalucia.es\/jugomacumbres\/el-centro-2\/plandecentro\/rof-j-normas-de-funcionamiento-de-educacion-infantil-2\/\" rel=\"attachment wp-att-4116\">ROF J. NORMAS DE FUNCIONAMIENTO DE EDUCACI\u00d3N INFANTIL<\/a><\/p>\n<p><a href=\"https:\/\/blogsaverroes.juntadeandalucia.es\/jugomacumbres\/el-centro-2\/plandecentro\/rof-k-pediculosis-en-el-centro-2\/\" rel=\"attachment wp-att-4117\">ROF K. PEDICULOSIS EN EL CENTRO<\/a><\/p>\n<p><a href=\"https:\/\/drive.google.com\/file\/d\/1-P_VJyWHicrAvQ9km62cM8pxT3ORlgtL\/view?usp=drive_link\">ROF L. PROCEDIMIENTO DE ACTUACI\u00d3N ANTE ENFERMEDADES CR\u00d3NICAS<\/a><\/p>\n<p>&nbsp;<\/p>\n<p>&nbsp;<\/p>\n<p>&nbsp;<\/p>\n<p>&nbsp;<\/p>\n<p>&nbsp;<\/p>\n<p>&nbsp;<\/p>\n<p>&nbsp;<\/p>\n<p>&nbsp;<\/p>\n","protected":false},"excerpt":{"rendered":"<p>El Plan de Centro es el documento base de la vida del centro. En \u00e9l, se engloban el Proyecto Educativo, el Proyecto de Gesti\u00f3n y el Rof, adem\u00e1s de determinados planes estrat\u00e9gicos puntuales que no se pueden englobar en los anteriores aunque tambi\u00e9n forman parte de los documentos del centro. Un centro se define en &hellip; <\/p>\n<p><a class=\"more-link btn\" href=\"https:\/\/blogsaverroes.juntadeandalucia.es\/jugomacumbres\/el-centro-2\/plandecentro\/\">Seguir leyendo<\/a><\/p>\n","protected":false},"author":1,"featured_media":0,"parent":35,"menu_order":0,"comment_status":"closed","ping_status":"open","template":"","meta":{"ngg_post_thumbnail":0,"footnotes":"","_mc_calendar":[]},"aioseo_notices":[],"_links":{"self":[{"href":"https:\/\/blogsaverroes.juntadeandalucia.es\/jugomacumbres\/wp-json\/wp\/v2\/pages\/49"}],"collection":[{"href":"https:\/\/blogsaverroes.juntadeandalucia.es\/jugomacumbres\/wp-json\/wp\/v2\/pages"}],"about":[{"href":"https:\/\/blogsaverroes.juntadeandalucia.es\/jugomacumbres\/wp-json\/wp\/v2\/types\/page"}],"author":[{"embeddable":true,"href":"https:\/\/blogsaverroes.juntadeandalucia.es\/jugomacumbres\/wp-json\/wp\/v2\/users\/1"}],"replies":[{"embeddable":true,"href":"https:\/\/blogsaverroes.juntadeandalucia.es\/jugomacumbres\/wp-json\/wp\/v2\/comments?post=49"}],"version-history":[{"count":24,"href":"https:\/\/blogsaverroes.juntadeandalucia.es\/jugomacumbres\/wp-json\/wp\/v2\/pages\/49\/revisions"}],"predecessor-version":[{"id":4440,"href":"https:\/\/blogsaverroes.juntadeandalucia.es\/jugomacumbres\/wp-json\/wp\/v2\/pages\/49\/revisions\/4440"}],"up":[{"embeddable":true,"href":"https:\/\/blogsaverroes.juntadeandalucia.es\/jugomacumbres\/wp-json\/wp\/v2\/pages\/35"}],"wp:attachment":[{"href":"https:\/\/blogsaverroes.juntadeandalucia.es\/jugomacumbres\/wp-json\/wp\/v2\/media?parent=49"}],"curies":[{"name":"wp","href":"https:\/\/api.w.org\/{rel}","templated":true}]}}