{"id":99,"date":"2015-03-16T07:22:54","date_gmt":"2015-03-16T07:22:54","guid":{"rendered":"http:\/\/blogsaverroes.juntadeandalucia.es\/pre\/ceip\/?page_id=99"},"modified":"2025-11-12T09:31:04","modified_gmt":"2025-11-12T09:31:04","slug":"comedor-escolar","status":"publish","type":"page","link":"https:\/\/blogsaverroes.juntadeandalucia.es\/jugomacumbres\/comedor-escolar\/","title":{"rendered":"Comedor escolar"},"content":{"rendered":"<p>Este curso, tras la actualizaci\u00f3n de nuestros men\u00fas realizados por una nutricionista, tenemos tres planillas base, a partir de ellas se concretan los men\u00fas mes a mes que se env\u00edan a las familias usuarias del servicio.<\/p>\n<p>&nbsp;<\/p>\n<p><a href=\"https:\/\/blogsaverroes.juntadeandalucia.es\/jugomacumbres\/comedor-escolar\/menu-planilla-1\/\" rel=\"attachment wp-att-3831\">MEN\u00da PLANILLA 1<\/a><\/p>\n<p><a style=\"color: #d54e21;font-family: 'Open Sans', sans-serif;font-size: 15px;font-style: normal;font-weight: 400\" href=\"https:\/\/blogsaverroes.juntadeandalucia.es\/jugomacumbres\/comedor-escolar\/menu-planilla-2\/\" rel=\"attachment wp-att-3832\">MEN\u00da PLANILLA 2<\/a><\/p>\n<p><a href=\"https:\/\/blogsaverroes.juntadeandalucia.es\/jugomacumbres\/comedor-escolar\/menu-planilla-3\/\" rel=\"attachment wp-att-3833\">MEN\u00da PLANILLA 3<\/a><\/p>\n","protected":false},"excerpt":{"rendered":"<p>Este curso, tras la actualizaci\u00f3n de nuestros men\u00fas realizados por una nutricionista, tenemos tres planillas base, a partir de ellas se concretan los men\u00fas mes a mes que se env\u00edan a las familias usuarias del servicio. &nbsp; MEN\u00da PLANILLA 1 MEN\u00da PLANILLA 2 MEN\u00da PLANILLA 3<\/p>\n","protected":false},"author":1,"featured_media":0,"parent":0,"menu_order":0,"comment_status":"closed","ping_status":"open","template":"","meta":{"ngg_post_thumbnail":0,"footnotes":"","_mc_calendar":[]},"aioseo_notices":[],"_links":{"self":[{"href":"https:\/\/blogsaverroes.juntadeandalucia.es\/jugomacumbres\/wp-json\/wp\/v2\/pages\/99"}],"collection":[{"href":"https:\/\/blogsaverroes.juntadeandalucia.es\/jugomacumbres\/wp-json\/wp\/v2\/pages"}],"about":[{"href":"https:\/\/blogsaverroes.juntadeandalucia.es\/jugomacumbres\/wp-json\/wp\/v2\/types\/page"}],"author":[{"embeddable":true,"href":"https:\/\/blogsaverroes.juntadeandalucia.es\/jugomacumbres\/wp-json\/wp\/v2\/users\/1"}],"replies":[{"embeddable":true,"href":"https:\/\/blogsaverroes.juntadeandalucia.es\/jugomacumbres\/wp-json\/wp\/v2\/comments?post=99"}],"version-history":[{"count":12,"href":"https:\/\/blogsaverroes.juntadeandalucia.es\/jugomacumbres\/wp-json\/wp\/v2\/pages\/99\/revisions"}],"predecessor-version":[{"id":4124,"href":"https:\/\/blogsaverroes.juntadeandalucia.es\/jugomacumbres\/wp-json\/wp\/v2\/pages\/99\/revisions\/4124"}],"wp:attachment":[{"href":"https:\/\/blogsaverroes.juntadeandalucia.es\/jugomacumbres\/wp-json\/wp\/v2\/media?parent=99"}],"curies":[{"name":"wp","href":"https:\/\/api.w.org\/{rel}","templated":true}]}}