{"id":152,"date":"2020-05-15T17:06:17","date_gmt":"2020-05-15T15:06:17","guid":{"rendered":"https:\/\/blogsaverroes.juntadeandalucia.es\/julianaznar\/?page_id=152"},"modified":"2021-06-13T21:21:45","modified_gmt":"2021-06-13T19:21:45","slug":"lengua","status":"publish","type":"page","link":"https:\/\/blogsaverroes.juntadeandalucia.es\/julianaznar\/lengua\/","title":{"rendered":"LENGUA"},"content":{"rendered":"<p><img loading=\"lazy\" decoding=\"async\" class=\"alignnone size-medium wp-image-189 aligncenter\" src=\"https:\/\/blogsaverroes.juntadeandalucia.es\/julianaznar\/files\/2020\/05\/Captura-de-pantalla-2020-05-15-a-las-17.19.41-300x167.png\" alt=\"\" width=\"300\" height=\"167\" srcset=\"https:\/\/blogsaverroes.juntadeandalucia.es\/julianaznar\/files\/2020\/05\/Captura-de-pantalla-2020-05-15-a-las-17.19.41-300x167.png 300w, https:\/\/blogsaverroes.juntadeandalucia.es\/julianaznar\/files\/2020\/05\/Captura-de-pantalla-2020-05-15-a-las-17.19.41-768x427.png 768w, https:\/\/blogsaverroes.juntadeandalucia.es\/julianaznar\/files\/2020\/05\/Captura-de-pantalla-2020-05-15-a-las-17.19.41-1024x570.png 1024w, https:\/\/blogsaverroes.juntadeandalucia.es\/julianaznar\/files\/2020\/05\/Captura-de-pantalla-2020-05-15-a-las-17.19.41-700x393.png 700w, https:\/\/blogsaverroes.juntadeandalucia.es\/julianaznar\/files\/2020\/05\/Captura-de-pantalla-2020-05-15-a-las-17.19.41-332x185.png 332w, https:\/\/blogsaverroes.juntadeandalucia.es\/julianaznar\/files\/2020\/05\/Captura-de-pantalla-2020-05-15-a-las-17.19.41-24x13.png 24w, https:\/\/blogsaverroes.juntadeandalucia.es\/julianaznar\/files\/2020\/05\/Captura-de-pantalla-2020-05-15-a-las-17.19.41-36x20.png 36w, https:\/\/blogsaverroes.juntadeandalucia.es\/julianaznar\/files\/2020\/05\/Captura-de-pantalla-2020-05-15-a-las-17.19.41-48x27.png 48w, https:\/\/blogsaverroes.juntadeandalucia.es\/julianaznar\/files\/2020\/05\/Captura-de-pantalla-2020-05-15-a-las-17.19.41.png 1050w\" sizes=\"(max-width: 300px) 100vw, 300px\" \/><\/p>\n<p>&nbsp;<\/p>\n<p><strong><a title=\"Uso de la &quot;b&quot; y la &quot;v&quot;\" href=\"https:\/\/www.liveworksheets.com\/c?a=s&amp;s=LENGUA&amp;t=ga6nju60t7&amp;sr=n&amp;l=vc&amp;i=udsoosn&amp;r=px&amp;db=0&amp;f=dzduzxut&amp;cd=pbd1lqx12z3lykxnpjjplhm2ngnxgmxz\" target=\"_blank\" rel=\"noopener noreferrer\">Uso de la \u00abb\u00bb y la \u00abv\u00bb<\/a><\/strong><\/p>\n<p><strong><a title=\"Comprensi\u00f3n Lectora: &quot;Lluvia de sombreros&quot;\" href=\"https:\/\/www.liveworksheets.com\/c?a=s&amp;s=LENGUA&amp;t=ga6nju60t7&amp;sr=n&amp;l=nk&amp;i=fofntn&amp;r=mn&amp;db=0&amp;f=dzduzxut&amp;cd=pbd1lqx12z3llcejelzlvl2ngnxgmxz\" target=\"_blank\" rel=\"noopener noreferrer\">Comprensi\u00f3n Lectora: \u00abLluvia de sombreros\u00bb<\/a><\/strong><\/p>\n<p><strong><a title=\"Comprensi\u00f3n Oral: Los Juegos Ol\u00edmpicos\" href=\"https:\/\/www.liveworksheets.com\/c?a=s&amp;s=LENGUA&amp;t=ga6nju60t7&amp;sr=n&amp;l=gn&amp;i=utnndoc&amp;r=nl&amp;db=0&amp;f=dzduzxut&amp;cd=pbd1lqx12z3lblxzllnjkla2ngnxgmxz\" target=\"_blank\" rel=\"noopener noreferrer\">Comprensi\u00f3n Oral: Los Juegos Ol\u00edmpicos<\/a><\/strong><\/p>\n<p><strong><a title=\"Categor\u00edas Gramaticales\" href=\"https:\/\/www.liveworksheets.com\/c?a=s&amp;s=LENGUA&amp;t=ga6nju60t7&amp;sr=n&amp;l=mk&amp;i=uxtczu&amp;r=cl&amp;db=0&amp;f=dzduzxut&amp;cd=pbd1lqx12z3lvcxmzkgxka2ngnxgmxz\" target=\"_blank\" rel=\"noopener noreferrer\">Categor\u00edas Gramaticales<\/a><\/strong><\/p>\n","protected":false},"excerpt":{"rendered":"<p>&nbsp; Uso de la \u00abb\u00bb y la \u00abv\u00bb Comprensi\u00f3n Lectora: \u00abLluvia de sombreros\u00bb Comprensi\u00f3n Oral: Los Juegos Ol\u00edmpicos Categor\u00edas Gramaticales<\/p>\n","protected":false},"author":1169,"featured_media":0,"parent":0,"menu_order":0,"comment_status":"closed","ping_status":"closed","template":"page-templates\/child-menu.php","meta":{"ngg_post_thumbnail":0,"footnotes":""},"aioseo_notices":[],"_links":{"self":[{"href":"https:\/\/blogsaverroes.juntadeandalucia.es\/julianaznar\/wp-json\/wp\/v2\/pages\/152"}],"collection":[{"href":"https:\/\/blogsaverroes.juntadeandalucia.es\/julianaznar\/wp-json\/wp\/v2\/pages"}],"about":[{"href":"https:\/\/blogsaverroes.juntadeandalucia.es\/julianaznar\/wp-json\/wp\/v2\/types\/page"}],"author":[{"embeddable":true,"href":"https:\/\/blogsaverroes.juntadeandalucia.es\/julianaznar\/wp-json\/wp\/v2\/users\/1169"}],"replies":[{"embeddable":true,"href":"https:\/\/blogsaverroes.juntadeandalucia.es\/julianaznar\/wp-json\/wp\/v2\/comments?post=152"}],"version-history":[{"count":6,"href":"https:\/\/blogsaverroes.juntadeandalucia.es\/julianaznar\/wp-json\/wp\/v2\/pages\/152\/revisions"}],"predecessor-version":[{"id":652,"href":"https:\/\/blogsaverroes.juntadeandalucia.es\/julianaznar\/wp-json\/wp\/v2\/pages\/152\/revisions\/652"}],"wp:attachment":[{"href":"https:\/\/blogsaverroes.juntadeandalucia.es\/julianaznar\/wp-json\/wp\/v2\/media?parent=152"}],"curies":[{"name":"wp","href":"https:\/\/api.w.org\/{rel}","templated":true}]}}