{"id":289,"date":"2020-06-11T14:24:44","date_gmt":"2020-06-11T12:24:44","guid":{"rendered":"https:\/\/blogsaverroes.juntadeandalucia.es\/julianaznar\/?page_id=289"},"modified":"2021-06-13T21:08:19","modified_gmt":"2021-06-13T19:08:19","slug":"resolocion_de_problemas","status":"publish","type":"page","link":"https:\/\/blogsaverroes.juntadeandalucia.es\/julianaznar\/resolocion_de_problemas\/","title":{"rendered":"C\u00e1lculo y Operaciones"},"content":{"rendered":"<p><strong><a title=\"Operaciones Combinadas\" href=\"https:\/\/www.liveworksheets.com\/c?a=s&amp;s=MATEM%C3%81TICAS&amp;t=ga6nju60t7&amp;sr=n&amp;l=ey&amp;i=utssofc&amp;r=tg&amp;db=0&amp;f=dzduzxut&amp;cd=pbd1lqx12z3lrixzppjekzb2ngnxgmxz\" target=\"_blank\" rel=\"noopener noreferrer\">Operaciones Combinadas<\/a><\/strong><\/p>\n<p><strong><a title=\"Fracci\u00f3n de un N\u00famero\" href=\"https:\/\/www.liveworksheets.com\/c?a=s&amp;s=MATEM%C3%81TICAS&amp;t=ga6nju60t7&amp;sr=n&amp;l=hm&amp;i=uxoxdz&amp;r=ic&amp;db=0&amp;f=dzduzxut&amp;cd=pbd1lqx12z3lwvxmjmngok2ngnxgmxz\" target=\"_blank\" rel=\"noopener noreferrer\">&nbsp;Fracci\u00f3n de un N\u00famero<\/a><\/strong><\/p>\n<p><strong><a title=\"\u00c1rea Pol\u00edgonos Regulares\" href=\"https:\/\/www.liveworksheets.com\/c?a=s&amp;s=MATEM%C3%81TICAS&amp;t=ga6nju60t7&amp;sr=n&amp;l=vt&amp;i=ctconu&amp;r=yd&amp;db=0&amp;f=dzduzxut&amp;cd=pbd1lqx12z3lyzkzkjlxin2ngnxgmxz\" target=\"_blank\" rel=\"noopener noreferrer\">\u00c1rea Pol\u00edgonos Regulares<\/a><\/strong><\/p>\n<p><strong><a title=\"Repaso: n\u00ba naturales, operaciones, potencias\" href=\"https:\/\/www.liveworksheets.com\/c?a=s&amp;s=MATEM%C3%81TICAS&amp;t=ga6nju60t7&amp;sr=n&amp;l=op&amp;i=utznsxf&amp;r=hf&amp;db=0&amp;f=dzduzxut&amp;cd=pbd1lqx12z3ljhxzglpmewe2ngnxgmxz\" target=\"_blank\" rel=\"noopener noreferrer\">Repaso: n\u00ba naturales, operaciones, potencias<\/a><\/strong><\/p>\n","protected":false},"excerpt":{"rendered":"<p>Operaciones Combinadas &nbsp;Fracci\u00f3n de un N\u00famero \u00c1rea Pol\u00edgonos Regulares Repaso: n\u00ba naturales, operaciones, potencias<\/p>\n","protected":false},"author":1169,"featured_media":0,"parent":0,"menu_order":0,"comment_status":"closed","ping_status":"closed","template":"","meta":{"ngg_post_thumbnail":0,"footnotes":""},"aioseo_notices":[],"_links":{"self":[{"href":"https:\/\/blogsaverroes.juntadeandalucia.es\/julianaznar\/wp-json\/wp\/v2\/pages\/289"}],"collection":[{"href":"https:\/\/blogsaverroes.juntadeandalucia.es\/julianaznar\/wp-json\/wp\/v2\/pages"}],"about":[{"href":"https:\/\/blogsaverroes.juntadeandalucia.es\/julianaznar\/wp-json\/wp\/v2\/types\/page"}],"author":[{"embeddable":true,"href":"https:\/\/blogsaverroes.juntadeandalucia.es\/julianaznar\/wp-json\/wp\/v2\/users\/1169"}],"replies":[{"embeddable":true,"href":"https:\/\/blogsaverroes.juntadeandalucia.es\/julianaznar\/wp-json\/wp\/v2\/comments?post=289"}],"version-history":[{"count":9,"href":"https:\/\/blogsaverroes.juntadeandalucia.es\/julianaznar\/wp-json\/wp\/v2\/pages\/289\/revisions"}],"predecessor-version":[{"id":648,"href":"https:\/\/blogsaverroes.juntadeandalucia.es\/julianaznar\/wp-json\/wp\/v2\/pages\/289\/revisions\/648"}],"wp:attachment":[{"href":"https:\/\/blogsaverroes.juntadeandalucia.es\/julianaznar\/wp-json\/wp\/v2\/media?parent=289"}],"curies":[{"name":"wp","href":"https:\/\/api.w.org\/{rel}","templated":true}]}}