{"id":389,"date":"2020-06-11T18:55:20","date_gmt":"2020-06-11T16:55:20","guid":{"rendered":"https:\/\/blogsaverroes.juntadeandalucia.es\/julianaznar\/?page_id=389"},"modified":"2020-06-11T18:55:33","modified_gmt":"2020-06-11T16:55:33","slug":"resources","status":"publish","type":"page","link":"https:\/\/blogsaverroes.juntadeandalucia.es\/julianaznar\/resources\/","title":{"rendered":"Resources"},"content":{"rendered":"<div class=\"separator\" style=\"clear: both;text-align: center\"><a href=\"http:\/\/www.learningchocolate.com\/category\/school\" target=\"_blank\" rel=\"noopener noreferrer\"><img loading=\"lazy\" decoding=\"async\" src=\"https:\/\/1.bp.blogspot.com\/-jQpWvut_HVw\/UJwvkE5aMRI\/AAAAAAAAALQ\/PCL8BBSgVtk\/s320\/bilinguismo+learn.jpg\" width=\"320\" height=\"107\" border=\"0\"><\/a><\/div>\n<p style=\"text-align: center\">Pulsa en la imagen o sobre&nbsp;los enlace siguientes <a href=\"http:\/\/www.learningchocolate.com\/category\/school\">http:\/\/www.learningchocolate.com\/category\/school<\/a><br \/>\npara aprender y revisar vocabulario. Podr\u00e1s cambiar el idioma e incluso escuchar como se pronuncian las palabras.&nbsp; Juega y aprende. <a href=\"http:\/\/www.bbc.co.uk\/cbeebies\/\">http:\/\/www.bbc.co.uk\/cbeebies\/<\/a><\/p>\n<div class=\"separator\" style=\"clear: both;text-align: center\"><a href=\"http:\/\/www.bbc.co.uk\/cbeebies\/\" target=\"_blank\" rel=\"noopener noreferrer\"><img decoding=\"async\" src=\"https:\/\/1.bp.blogspot.com\/-wCWILomSnYg\/UJwzKvC5h8I\/AAAAAAAAALg\/kJoDgfecsYo\/s1600\/somos+biling%25C3%25BCes.jpg\" border=\"0\"><\/a><\/div>\n<div class=\"separator\" style=\"clear: both;text-align: center\"><a href=\"http:\/\/www.educa.jcyl.es\/educacyl\/cm\/zonaalumnos\/tkPopUp?pgseed=1190528754386&amp;idContent=8300&amp;locale=es_ES&amp;textOnly=false\" target=\"_blank\" rel=\"noopener noreferrer\"><img loading=\"lazy\" decoding=\"async\" class=\"CSS_LIGHTBOX_SCALED_IMAGE_IMG\" style=\"height: 400px;width: 400px\" src=\"https:\/\/3.bp.blogspot.com\/-MyC85W4PUYs\/Ta3FvLu7EwI\/AAAAAAAAACA\/m-U6cPFJ6_k\/s1600\/Sin%2Bt%25C3%25ADtulo.jpg\" width=\"400\" height=\"462\"><\/a><\/div>\n<div class=\"separator\" style=\"clear: both;text-align: center\">&nbsp;<\/div>\n<div class=\"separator\" style=\"clear: both;text-align: center\">&nbsp;<\/div>\n<div class=\"separator\" style=\"clear: both;text-align: center\"><a href=\"http:\/\/www.ceip-diputacio.com\/portada%20idioma.htm\" target=\"_blank\" rel=\"noopener noreferrer\"><img loading=\"lazy\" decoding=\"async\" src=\"https:\/\/2.bp.blogspot.com\/-B8QwjKpf_uA\/UJw9A_vfEWI\/AAAAAAAAALw\/yNm814v-soY\/s400\/mochila+digital+Barcelona.PNG\" width=\"400\" height=\"232\" border=\"0\"><\/a><\/div>\n<p><a style=\"margin-left: 1em;margin-right: 1em\" href=\"http:\/\/www.cuentosparachicos.com\/BIL\/cuentosclasicos\/index.htm\" target=\"_blank\" rel=\"noopener noreferrer\"><img loading=\"lazy\" decoding=\"async\" src=\"https:\/\/3.bp.blogspot.com\/-Os8O5P-7H7c\/VghIoGHeHfI\/AAAAAAAAMUE\/sc7zu__Nd0o\/s320\/cuentos%2Bbiling%25C3%25BCes.png\" alt=\"http:\/\/www.cuentosparachicos.com\/BIL\/cuentosclasicos\/index.htm\" width=\"320\" height=\"88\" border=\"0\"><\/a><\/p>\n<div style=\"text-align: center\">\n<p>Pulsa las im\u00e1genes y descubrir\u00e1s cuentos en ingl\u00e9s. <span style=\"color: red\"><strong>\u00a1 Aprende y disfruta !<\/strong><\/span><\/p>\n<div class=\"separator\" style=\"clear: both;text-align: center\"><a href=\"http:\/\/www.childrenslibrary.org\/icdl\/SimpleSearchCategory?ilang=English\" target=\"_blank\" rel=\"noopener noreferrer\"><img decoding=\"async\" src=\"https:\/\/3.bp.blogspot.com\/-rrHTZwJvrz0\/VghLF0rpfGI\/AAAAAAAAMUQ\/V2i10JMxpbI\/s1600\/children%2Blibrary.jpg\" alt=\"http:\/\/www.childrenslibrary.org\/icdl\/SimpleSearchCategory?ilang=English\" border=\"0\"><\/a><\/div>\n<\/div>\n","protected":false},"excerpt":{"rendered":"<p>Pulsa en la imagen o sobre&nbsp;los enlace siguientes http:\/\/www.learningchocolate.com\/category\/school para aprender y revisar vocabulario. Podr\u00e1s cambiar el idioma e incluso escuchar como se pronuncian las palabras.&nbsp; Juega y aprende. http:\/\/www.bbc.co.uk\/cbeebies\/ &nbsp; &nbsp; Pulsa las&#46;&#46;&#46;<\/p>\n","protected":false},"author":1169,"featured_media":0,"parent":0,"menu_order":0,"comment_status":"closed","ping_status":"closed","template":"","meta":{"ngg_post_thumbnail":0,"footnotes":""},"aioseo_notices":[],"_links":{"self":[{"href":"https:\/\/blogsaverroes.juntadeandalucia.es\/julianaznar\/wp-json\/wp\/v2\/pages\/389"}],"collection":[{"href":"https:\/\/blogsaverroes.juntadeandalucia.es\/julianaznar\/wp-json\/wp\/v2\/pages"}],"about":[{"href":"https:\/\/blogsaverroes.juntadeandalucia.es\/julianaznar\/wp-json\/wp\/v2\/types\/page"}],"author":[{"embeddable":true,"href":"https:\/\/blogsaverroes.juntadeandalucia.es\/julianaznar\/wp-json\/wp\/v2\/users\/1169"}],"replies":[{"embeddable":true,"href":"https:\/\/blogsaverroes.juntadeandalucia.es\/julianaznar\/wp-json\/wp\/v2\/comments?post=389"}],"version-history":[{"count":2,"href":"https:\/\/blogsaverroes.juntadeandalucia.es\/julianaznar\/wp-json\/wp\/v2\/pages\/389\/revisions"}],"predecessor-version":[{"id":392,"href":"https:\/\/blogsaverroes.juntadeandalucia.es\/julianaznar\/wp-json\/wp\/v2\/pages\/389\/revisions\/392"}],"wp:attachment":[{"href":"https:\/\/blogsaverroes.juntadeandalucia.es\/julianaznar\/wp-json\/wp\/v2\/media?parent=389"}],"curies":[{"name":"wp","href":"https:\/\/api.w.org\/{rel}","templated":true}]}}