{"id":1090,"date":"2019-11-24T19:46:35","date_gmt":"2019-11-24T19:46:35","guid":{"rendered":"http:\/\/iesalmadraba.org\/dibujo\/?page_id=1090"},"modified":"2021-12-12T20:18:59","modified_gmt":"2021-12-12T20:18:59","slug":"angulos","status":"publish","type":"page","link":"https:\/\/blogsaverroes.juntadeandalucia.es\/jvaraujo\/dt2\/geometria-descriptiva\/diedrico\/angulos\/","title":{"rendered":"\u00c1ngulos"},"content":{"rendered":"<p>Consulta los siguientes recursos:<\/p>\n<ul>\n<li><a href=\"https:\/\/www.10endibujo.com\/angulos-sistema-diedrico-casos-basicos\/\">\u00c1ngulos en sistema di\u00e9drico: los 6 casos b\u00e1sicos<\/a> (10 en dibujo)<\/li>\n<li><a href=\"https:\/\/dibujotecni.com\/sistema-diedrico\/sistema-diedrico-angulos\/\">Sistema di\u00e9drico. \u00c1ngulos<\/a> (Dibujotecni.com)<\/li>\n<\/ul>\n","protected":false},"excerpt":{"rendered":"<p>Consulta los siguientes recursos: \u00c1ngulos en sistema di\u00e9drico: los 6 casos b\u00e1sicos (10 en dibujo) Sistema di\u00e9drico. \u00c1ngulos (Dibujotecni.com)<\/p>\n","protected":false},"author":10581,"featured_media":0,"parent":112,"menu_order":60,"comment_status":"closed","ping_status":"closed","template":"","meta":{"ngg_post_thumbnail":0,"footnotes":""},"aioseo_notices":[],"_links":{"self":[{"href":"https:\/\/blogsaverroes.juntadeandalucia.es\/jvaraujo\/wp-json\/wp\/v2\/pages\/1090"}],"collection":[{"href":"https:\/\/blogsaverroes.juntadeandalucia.es\/jvaraujo\/wp-json\/wp\/v2\/pages"}],"about":[{"href":"https:\/\/blogsaverroes.juntadeandalucia.es\/jvaraujo\/wp-json\/wp\/v2\/types\/page"}],"author":[{"embeddable":true,"href":"https:\/\/blogsaverroes.juntadeandalucia.es\/jvaraujo\/wp-json\/wp\/v2\/users\/10581"}],"replies":[{"embeddable":true,"href":"https:\/\/blogsaverroes.juntadeandalucia.es\/jvaraujo\/wp-json\/wp\/v2\/comments?post=1090"}],"version-history":[{"count":2,"href":"https:\/\/blogsaverroes.juntadeandalucia.es\/jvaraujo\/wp-json\/wp\/v2\/pages\/1090\/revisions"}],"predecessor-version":[{"id":1697,"href":"https:\/\/blogsaverroes.juntadeandalucia.es\/jvaraujo\/wp-json\/wp\/v2\/pages\/1090\/revisions\/1697"}],"up":[{"embeddable":true,"href":"https:\/\/blogsaverroes.juntadeandalucia.es\/jvaraujo\/wp-json\/wp\/v2\/pages\/112"}],"wp:attachment":[{"href":"https:\/\/blogsaverroes.juntadeandalucia.es\/jvaraujo\/wp-json\/wp\/v2\/media?parent=1090"}],"curies":[{"name":"wp","href":"https:\/\/api.w.org\/{rel}","templated":true}]}}