{"id":1223,"date":"2014-12-09T21:58:36","date_gmt":"2014-12-09T21:58:36","guid":{"rendered":"http:\/\/iesalmadraba.org\/dibujo\/?page_id=7"},"modified":"2021-09-26T15:01:28","modified_gmt":"2021-09-26T15:01:28","slug":"epv2","status":"publish","type":"page","link":"https:\/\/blogsaverroes.juntadeandalucia.es\/jvaraujo\/epv2\/","title":{"rendered":"EPV2"},"content":{"rendered":"<table style=\"border-collapse: collapse;width: 100%\">\n<tbody>\n<tr>\n<td style=\"width: 100%\">Este curso (2021-22) no imparto clases en este nivel. Puede que estos materiales te resulten \u00fatiles, pero conf\u00eda en los que te sugiera tu profesor<\/td>\n<\/tr>\n<\/tbody>\n<\/table>\n<p>Materiales did\u00e1cticos para EPVA de 2\u00ba ESO<\/p>\n<ul class=\"children\">\n<li><strong>Primer trimestre<\/strong><\/li>\n<li class=\"page_item page-item-62 page_item_has_children\"><a href=\"https:\/\/blogsaverroes.juntadeandalucia.es\/jvaraujo\/epv2\/lenguaje-plastico-y-visual\/\">Lenguaje pl\u00e1stico y visual<\/a>\n<ul class=\"children\">\n<li class=\"page_item page-item-1202\"><a href=\"https:\/\/blogsaverroes.juntadeandalucia.es\/jvaraujo\/epv2\/lenguaje-plastico-y-visual\/el-lenguaje-audiovisual-transmite-valores\/\">El lenguaje audiovisual transmite valores<\/a><\/li>\n<\/ul>\n<\/li>\n<li class=\"page_item page-item-64\"><a href=\"https:\/\/blogsaverroes.juntadeandalucia.es\/jvaraujo\/epv2\/linea-y-textura\/\">L\u00ednea y textura<\/a><\/li>\n<li><strong>Segundo trimestre<\/strong><\/li>\n<li class=\"page_item page-item-66\"><a href=\"https:\/\/blogsaverroes.juntadeandalucia.es\/jvaraujo\/epv2\/el-color\/\">El color<\/a><\/li>\n<li class=\"page_item page-item-56\"><a href=\"https:\/\/blogsaverroes.juntadeandalucia.es\/jvaraujo\/epv2\/la-forma-2\/\">La forma<\/a><\/li>\n<li><strong>Tercer trimestre<\/strong><\/li>\n<li class=\"page_item page-item-58\"><a href=\"https:\/\/blogsaverroes.juntadeandalucia.es\/jvaraujo\/epv2\/espacio-y-volumen\/\">Espacio y volumen<\/a><\/li>\n<li class=\"page_item page-item-1054\"><a href=\"https:\/\/blogsaverroes.juntadeandalucia.es\/jvaraujo\/epv2\/pendientes\/\">PENDIENTES<\/a><\/li>\n<\/ul>\n","protected":false},"excerpt":{"rendered":"<p>Este curso (2021-22) no imparto clases en este nivel. Puede que estos materiales te resulten \u00fatiles, pero conf\u00eda en los que te sugiera tu profesor Materiales did\u00e1cticos para EPVA de 2\u00ba ESO Primer trimestre&#46;&#46;&#46;<\/p>\n","protected":false},"author":10581,"featured_media":0,"parent":0,"menu_order":2,"comment_status":"open","ping_status":"open","template":"","meta":{"ngg_post_thumbnail":0,"footnotes":""},"aioseo_notices":[],"_links":{"self":[{"href":"https:\/\/blogsaverroes.juntadeandalucia.es\/jvaraujo\/wp-json\/wp\/v2\/pages\/1223"}],"collection":[{"href":"https:\/\/blogsaverroes.juntadeandalucia.es\/jvaraujo\/wp-json\/wp\/v2\/pages"}],"about":[{"href":"https:\/\/blogsaverroes.juntadeandalucia.es\/jvaraujo\/wp-json\/wp\/v2\/types\/page"}],"author":[{"embeddable":true,"href":"https:\/\/blogsaverroes.juntadeandalucia.es\/jvaraujo\/wp-json\/wp\/v2\/users\/10581"}],"replies":[{"embeddable":true,"href":"https:\/\/blogsaverroes.juntadeandalucia.es\/jvaraujo\/wp-json\/wp\/v2\/comments?post=1223"}],"version-history":[{"count":5,"href":"https:\/\/blogsaverroes.juntadeandalucia.es\/jvaraujo\/wp-json\/wp\/v2\/pages\/1223\/revisions"}],"predecessor-version":[{"id":1613,"href":"https:\/\/blogsaverroes.juntadeandalucia.es\/jvaraujo\/wp-json\/wp\/v2\/pages\/1223\/revisions\/1613"}],"wp:attachment":[{"href":"https:\/\/blogsaverroes.juntadeandalucia.es\/jvaraujo\/wp-json\/wp\/v2\/media?parent=1223"}],"curies":[{"name":"wp","href":"https:\/\/api.w.org\/{rel}","templated":true}]}}